

{"id":380,"date":"2018-09-18T22:45:51","date_gmt":"2018-09-18T22:45:51","guid":{"rendered":"http:\/\/www.uajms.edu.bo\/oferta-academica\/?page_id=380"},"modified":"2018-10-15T20:35:33","modified_gmt":"2018-10-15T20:35:33","slug":"carrera-de-enfermeria","status":"publish","type":"page","link":"https:\/\/www.uajms.edu.bo\/oferta-academica\/carrera-de-enfermeria\/","title":{"rendered":"Carrera de Enfermer\u00eda"},"content":{"rendered":"<p><iframe width=\"1280\" height=\"720\" src=\"https:\/\/www.youtube.com\/embed\/m_SmSmKhfxA\" frameborder=\"0\" allow=\"autoplay; encrypted-media\" allowfullscreen><\/iframe><br \/>\n<strong>Nivel:<\/strong> Licenciatura.<br \/>\n<strong>Duraci\u00f3n:<\/strong> 10 semestres.<br \/>\n<strong>Grado Acad\u00e9mico<\/strong>: Licenciado(a) en Enfermer\u00eda.<br \/>\n<strong>T\u00edtulo en Provisi\u00f3n Nacional:<\/strong> Licenciado(a) en Enfermer\u00eda.<\/p>\n<h1>Perfil Profesional<\/h1>\n<p>La\/el licenciada\/o en enfermer\u00eda egresada\/o de la universidad aut\u00f3noma juan misael saracho, desarrolla las acciones propias de la profesi\u00f3n bajo principios de calidad, eficiencia, eficacia, equidad respeto al ser humano y haciendo uso de los valores \u00e9tico morales en todo los actos profesionales, <strong>contribuyendo de esta manera al mejoramiento de la salud y calidad de vida de la poblaci\u00f3n boliviana.<\/strong><\/p>\n<p>Bajo estos principios se determinan los siguientes objetivos profesionales en relaci\u00f3n a la funci\u00f3n b\u00e1sica:<\/p>\n<ol>\n<li>Realizar acciones de promoci\u00f3n y fomento de la salud, prevenci\u00f3n de las enfermedades, recuperaci\u00f3n de la salud del individuo, familia y comunidad, basada en el perfil epidemiol\u00f3gico y el reconocimiento de los determinantes del proceso salud-enfermedad., recuperaci\u00f3n y rehabilitaci\u00f3n.<\/li>\n<li>proporcionar cuidados de enfermer\u00eda individuo, familia y comunidad.<\/li>\n<li>Aplica el <strong>proceso administrativo en la gesti\u00f3n de los servicios de salud<\/strong>, desarrolla proceso de investigaci\u00f3n y capacitaci\u00f3n.<\/li>\n<li>Elaborar e implementar <strong>programas y estrategias de car\u00e1cter educativo<\/strong><\/li>\n<\/ol>\n<p>Realizar <strong>investigaciones <\/strong>con equipos multi, intra interdisciplinarios.<\/p>\n<h1>Plan de Estudios<\/h1>\n<blockquote><p><a href=\"http:\/\/www.uajms.edu.bo\/oferta-academica\/plan-de-estudios-carrera-de-enfermeria\/\">http:\/\/www.uajms.edu.bo\/oferta-academica\/plan-de-estudios-carrera-de-enfermeria\/<\/a><\/p><\/blockquote>\n","protected":false},"excerpt":{"rendered":"<p>Nivel: Licenciatura. Duraci\u00f3n: 10 semestres. Grado Acad\u00e9mico: Licenciado(a) en Enfermer\u00eda. T\u00edtulo en Provisi\u00f3n Nacional: Licenciado(a) en Enfermer\u00eda. Perfil Profesional La\/el licenciada\/o en enfermer\u00eda egresada\/o de la universidad aut\u00f3noma juan misael [&hellip;]<\/p>\n","protected":false},"author":1,"featured_media":0,"parent":0,"menu_order":0,"comment_status":"closed","ping_status":"closed","template":"","meta":{"_joinchat":[],"footnotes":""},"class_list":["post-380","page","type-page","status-publish","hentry"],"jetpack_sharing_enabled":true,"publishpress_future_action":{"enabled":false,"date":"2026-05-05 00:46:22","action":"change-status","newStatus":"draft","terms":[],"taxonomy":"","extraData":[]},"publishpress_future_workflow_manual_trigger":{"enabledWorkflows":[]},"_links":{"self":[{"href":"https:\/\/www.uajms.edu.bo\/oferta-academica\/wp-json\/wp\/v2\/pages\/380","targetHints":{"allow":["GET"]}}],"collection":[{"href":"https:\/\/www.uajms.edu.bo\/oferta-academica\/wp-json\/wp\/v2\/pages"}],"about":[{"href":"https:\/\/www.uajms.edu.bo\/oferta-academica\/wp-json\/wp\/v2\/types\/page"}],"author":[{"embeddable":true,"href":"https:\/\/www.uajms.edu.bo\/oferta-academica\/wp-json\/wp\/v2\/users\/1"}],"replies":[{"embeddable":true,"href":"https:\/\/www.uajms.edu.bo\/oferta-academica\/wp-json\/wp\/v2\/comments?post=380"}],"version-history":[{"count":6,"href":"https:\/\/www.uajms.edu.bo\/oferta-academica\/wp-json\/wp\/v2\/pages\/380\/revisions"}],"predecessor-version":[{"id":399,"href":"https:\/\/www.uajms.edu.bo\/oferta-academica\/wp-json\/wp\/v2\/pages\/380\/revisions\/399"}],"wp:attachment":[{"href":"https:\/\/www.uajms.edu.bo\/oferta-academica\/wp-json\/wp\/v2\/media?parent=380"}],"curies":[{"name":"wp","href":"https:\/\/api.w.org\/{rel}","templated":true}]}}