

{"id":370,"date":"2018-09-18T12:34:13","date_gmt":"2018-09-18T12:34:13","guid":{"rendered":"http:\/\/www.uajms.edu.bo\/oferta-academica\/?page_id=370"},"modified":"2021-01-11T18:34:10","modified_gmt":"2021-01-11T18:34:10","slug":"carrera-de-contaduria-publica","status":"publish","type":"page","link":"https:\/\/www.uajms.edu.bo\/oferta-academica\/carrera-de-contaduria-publica\/","title":{"rendered":"Carrera de Contadur\u00eda P\u00fablica"},"content":{"rendered":"<p><strong>Nivel:<\/strong> Licenciatura<br \/>\n<strong>Duraci\u00f3n:<\/strong> 10 semestres<br \/>\n<strong>Grado Acad\u00e9mico:<\/strong> Licenciado en Contadur\u00eda P\u00fablica<br \/>\n<strong>T\u00edtulo en provisi\u00f3n Nacional:<\/strong> Contador(a) P\u00fablico(a) Autorizado(a)<\/p>\n<h1>Actividades B\u00e1sicas de la Profesi\u00f3n<\/h1>\n<ul>\n<li>Realizaci\u00f3n de auditor\u00edas internas, externas, especiales e integrales en el \u00e1rea financiera, operativa, impositiva, etc., emitiendo su informe y dictamen correspondiente.<\/li>\n<li>Evaluaci\u00f3n del Sistema de Control Interno y Asesoramiento.<\/li>\n<\/ul>\n<h1>Campo Ocupacional<\/h1>\n<ul>\n<li>En empresas p\u00fablicas y privadas, realizando auditorias financieras, operativas, tributarias, integrales y especializadas.<\/li>\n<li>En empresas p\u00fablicas y privadas, como auditor interno en calidad de evaluador, asesor, revisor analista financiero y otras afines.<\/li>\n<\/ul>\n<h1>Objetivos del Perfil<\/h1>\n<ul>\n<li>Organizar, dise\u00f1ar e implementar sistemas de informaci\u00f3n econ\u00f3mica financiera, en instituciones p\u00fablicas y unidades empresariales privadas: de servicios, comerciales y productivas.<\/li>\n<li>Analizar y dise\u00f1ar e implementar sistemas de informaci\u00f3n econ\u00f3mica financiera en entidades p\u00fablicas y privadas, para la toma de decisiones, la misma que coadyuve a la eficiencia y eficacia de las unidades implicadas.<\/li>\n<li>Dise\u00f1ar, evaluar e implementar sistemas de control interno en las diferentes organizaciones.<\/li>\n<li>Contextualizar, las normas legales, reglamentos, con el fin de coadyuvar en el cumplimiento de dichos preceptos en las organizaciones empresariales e institucionales.<\/li>\n<\/ul>\n<h1><strong>Plan de Estudios<\/strong><\/h1>\n<p><a href=\"http:\/\/www.uajms.edu.bo\/oferta-academica\/plan-de-estudios-carrera-de-contaduria-publica\/\">http:\/\/www.uajms.edu.bo\/oferta-academica\/plan-de-estudios-carrera-de-contaduria-publica\/<\/a><\/p>\n","protected":false},"excerpt":{"rendered":"<p>Nivel: Licenciatura Duraci\u00f3n: 10 semestres Grado Acad\u00e9mico: Licenciado en Contadur\u00eda P\u00fablica T\u00edtulo en provisi\u00f3n Nacional: Contador(a) P\u00fablico(a) Autorizado(a) Actividades B\u00e1sicas de la Profesi\u00f3n Realizaci\u00f3n de auditor\u00edas internas, externas, especiales e [&hellip;]<\/p>\n","protected":false},"author":1,"featured_media":0,"parent":0,"menu_order":0,"comment_status":"closed","ping_status":"closed","template":"","meta":{"_joinchat":[],"footnotes":""},"class_list":["post-370","page","type-page","status-publish","hentry"],"jetpack_sharing_enabled":true,"publishpress_future_action":{"enabled":false,"date":"2026-04-23 22:57:29","action":"change-status","newStatus":"draft","terms":[],"taxonomy":"","extraData":[]},"publishpress_future_workflow_manual_trigger":{"enabledWorkflows":[]},"_links":{"self":[{"href":"https:\/\/www.uajms.edu.bo\/oferta-academica\/wp-json\/wp\/v2\/pages\/370","targetHints":{"allow":["GET"]}}],"collection":[{"href":"https:\/\/www.uajms.edu.bo\/oferta-academica\/wp-json\/wp\/v2\/pages"}],"about":[{"href":"https:\/\/www.uajms.edu.bo\/oferta-academica\/wp-json\/wp\/v2\/types\/page"}],"author":[{"embeddable":true,"href":"https:\/\/www.uajms.edu.bo\/oferta-academica\/wp-json\/wp\/v2\/users\/1"}],"replies":[{"embeddable":true,"href":"https:\/\/www.uajms.edu.bo\/oferta-academica\/wp-json\/wp\/v2\/comments?post=370"}],"version-history":[{"count":5,"href":"https:\/\/www.uajms.edu.bo\/oferta-academica\/wp-json\/wp\/v2\/pages\/370\/revisions"}],"predecessor-version":[{"id":886,"href":"https:\/\/www.uajms.edu.bo\/oferta-academica\/wp-json\/wp\/v2\/pages\/370\/revisions\/886"}],"wp:attachment":[{"href":"https:\/\/www.uajms.edu.bo\/oferta-academica\/wp-json\/wp\/v2\/media?parent=370"}],"curies":[{"name":"wp","href":"https:\/\/api.w.org\/{rel}","templated":true}]}}