

{"id":359,"date":"2018-09-17T21:05:27","date_gmt":"2018-09-17T21:05:27","guid":{"rendered":"http:\/\/www.uajms.edu.bo\/oferta-academica\/?page_id=359"},"modified":"2021-01-11T17:06:05","modified_gmt":"2021-01-11T17:06:05","slug":"carrera-de-administracion-de-empresas","status":"publish","type":"page","link":"https:\/\/www.uajms.edu.bo\/oferta-academica\/carrera-de-administracion-de-empresas\/","title":{"rendered":"Carrera de Administraci\u00f3n de Empresas"},"content":{"rendered":"<p><strong>Nivel:<\/strong> Licenciatura<br \/>\n<strong>Duraci\u00f3n:<\/strong> 10 Semestres<br \/>\n<strong>Grado Acad\u00e9mico<\/strong>: Licenciado(a) en Administraci\u00f3n<br \/>\n<strong>T\u00edtulo en Provisi\u00f3n Nacional:<\/strong>\u00a0Administrador(a)<\/p>\n<h1>Actividades B\u00e1sicas y Campos Ocupacionales de la Profesi\u00f3n<\/h1>\n<p>El Programa de Administraci\u00f3n, bajo el sistema semestral, espera de quien curse la totalidad de asignaturas previstas en el plan de estudios y logre obtener el grado acad\u00e9mico de Licenciado en Administraci\u00f3n, pueda ejercer en cuatro campos ocupacionales las siguientes actividades b\u00e1sicas de la profesi\u00f3n:<\/p>\n<h1>\u00c1rea de Marketing<\/h1>\n<ul>\n<li>Identificaci\u00f3n, recolecci\u00f3n y an\u00e1lisis de informaci\u00f3n para la realizaci\u00f3n de investigaci\u00f3n de mercados<\/li>\n<li>Realizaci\u00f3n de planes operativos de mercadotecnia, en cuanto a variables, precio, producto, plaza y promoci\u00f3n.<\/li>\n<li>Realizaci\u00f3n de planes estrat\u00e9gicos de mercadotecnia, en relaci\u00f3n a las variables del macro y micro entorno.<\/li>\n<\/ul>\n<h1>\u00c1rea de Producci\u00f3n<\/h1>\n<ul>\n<li>Realizaci\u00f3n de programas de administraci\u00f3n de inventarios.<\/li>\n<li>Dise\u00f1o de estudios referidos a localizaci\u00f3n, tama\u00f1o y capacidad de los sistemas de operaci\u00f3n.<\/li>\n<li>Dise\u00f1o de estudios referidos a la distribuci\u00f3n de planta, orientado al proceso productivo.<\/li>\n<li>Dise\u00f1o de estudios referidos a la planeaci\u00f3n de producci\u00f3n de bienes y servicios.<\/li>\n<\/ul>\n<h1>\u00c1rea de Finanzas<\/h1>\n<ul>\n<li>Dise\u00f1o de estudios referidos a la planeaci\u00f3n financiera a corto plazo(Capital Neto de Trabajo, Presupuesto de capital, Punto de Equilibrio, estados financieros, an\u00e1lisis de ratios, etc.)<\/li>\n<li>Dise\u00f1o de estudios referidos a la planeaci\u00f3n financiera a largo plazo (Evaluaci\u00f3n de inversiones de capital y financiamiento).<\/li>\n<\/ul>\n<h1>\u00c1rea de Recursos Humanos<\/h1>\n<ul>\n<li>Realizaci\u00f3n de programas de identificaci\u00f3n y asignaci\u00f3n de Recursos Humanos<\/li>\n<li>Dise\u00f1o de estructuras salariales.<\/li>\n<li>Dise\u00f1o de programas de mantenimiento y desarrollo de Recursos Humanos.<\/li>\n<\/ul>\n<h1>Objetivos del Perfil<\/h1>\n<ul>\n<li>Administrar o gerentar organizaciones en los diferentes niveles jer\u00e1rquicos, impulsando el mejoramiento, la innovaci\u00f3n y creaci\u00f3n de nuevos productos o servicios.<\/li>\n<li>Desarrollar estrategias coordinando los recursos humanos, t\u00e9cnicos y financieros de una organizaci\u00f3n para solucionar problemas complejos y aprovechar oportunidades de desarrollo.<\/li>\n<li>Diagnosticar, dise\u00f1ar y aplicar sistemas administrativos que contribuyan al mejoramiento de la productividad y calidad de las operaciones de producci\u00f3n de bienes y\/o de servicios.<\/li>\n<li>Optimizar la asignaci\u00f3n y administraci\u00f3n de recursos organizacionales (materiales, humanos, tecnol\u00f3gicos y financieros para incrementar el valor de mercado de la empresa)<\/li>\n<li>Elaborar proyectos de inversi\u00f3n social y privado.<\/li>\n<li>Efectuar auditorias administrativas y formular recomendaciones t\u00e9cnicas de gesti\u00f3n empresarial.<\/li>\n<li>Diagnosticar la situaci\u00f3n de una organizaci\u00f3n y aplicar los elementos adecuados en procesos organizacionales de conflicto, incertidumbre y resistencia al cambio.<\/li>\n<\/ul>\n<h1>Plan de Estudios<\/h1>\n<p><a href=\"http:\/\/www.uajms.edu.bo\/oferta-academica\/plan-de-estudios-carrera-de-administracion-de-empresas\/\">http:\/\/www.uajms.edu.bo\/oferta-academica\/plan-de-estudios-carrera-de-administracion-de-empresas\/<\/a><\/p>\n","protected":false},"excerpt":{"rendered":"<p>Nivel: Licenciatura Duraci\u00f3n: 10 Semestres Grado Acad\u00e9mico: Licenciado(a) en Administraci\u00f3n T\u00edtulo en Provisi\u00f3n Nacional:\u00a0Administrador(a) Actividades B\u00e1sicas y Campos Ocupacionales de la Profesi\u00f3n El Programa de Administraci\u00f3n, bajo el sistema semestral, [&hellip;]<\/p>\n","protected":false},"author":1,"featured_media":0,"parent":0,"menu_order":0,"comment_status":"closed","ping_status":"closed","template":"","meta":{"_joinchat":[],"footnotes":""},"class_list":["post-359","page","type-page","status-publish","hentry"],"jetpack_sharing_enabled":true,"publishpress_future_action":{"enabled":false,"date":"2026-05-23 01:15:06","action":"change-status","newStatus":"draft","terms":[],"taxonomy":"","extraData":[]},"publishpress_future_workflow_manual_trigger":{"enabledWorkflows":[]},"_links":{"self":[{"href":"https:\/\/www.uajms.edu.bo\/oferta-academica\/wp-json\/wp\/v2\/pages\/359","targetHints":{"allow":["GET"]}}],"collection":[{"href":"https:\/\/www.uajms.edu.bo\/oferta-academica\/wp-json\/wp\/v2\/pages"}],"about":[{"href":"https:\/\/www.uajms.edu.bo\/oferta-academica\/wp-json\/wp\/v2\/types\/page"}],"author":[{"embeddable":true,"href":"https:\/\/www.uajms.edu.bo\/oferta-academica\/wp-json\/wp\/v2\/users\/1"}],"replies":[{"embeddable":true,"href":"https:\/\/www.uajms.edu.bo\/oferta-academica\/wp-json\/wp\/v2\/comments?post=359"}],"version-history":[{"count":6,"href":"https:\/\/www.uajms.edu.bo\/oferta-academica\/wp-json\/wp\/v2\/pages\/359\/revisions"}],"predecessor-version":[{"id":818,"href":"https:\/\/www.uajms.edu.bo\/oferta-academica\/wp-json\/wp\/v2\/pages\/359\/revisions\/818"}],"wp:attachment":[{"href":"https:\/\/www.uajms.edu.bo\/oferta-academica\/wp-json\/wp\/v2\/media?parent=359"}],"curies":[{"name":"wp","href":"https:\/\/api.w.org\/{rel}","templated":true}]}}