

{"id":336,"date":"2018-09-13T22:15:40","date_gmt":"2018-09-13T22:15:40","guid":{"rendered":"http:\/\/www.uajms.edu.bo\/oferta-academica\/?page_id=336"},"modified":"2021-10-18T13:38:34","modified_gmt":"2021-10-18T13:38:34","slug":"carrera-de-derecho","status":"publish","type":"page","link":"https:\/\/www.uajms.edu.bo\/oferta-academica\/carrera-de-derecho\/","title":{"rendered":"Carrera de Derecho"},"content":{"rendered":"<p><iframe  id=\"_ytid_67306\"  width=\"800\" height=\"450\"  data-origwidth=\"800\" data-origheight=\"450\" src=\"https:\/\/www.youtube.com\/embed\/v_ksHzns4I0?enablejsapi=1&#038;autoplay=0&#038;cc_load_policy=0&#038;cc_lang_pref=&#038;iv_load_policy=1&#038;loop=0&#038;rel=1&#038;fs=1&#038;playsinline=0&#038;autohide=2&#038;theme=dark&#038;color=red&#038;controls=1&#038;disablekb=0&#038;\" class=\"__youtube_prefs__  epyt-is-override  no-lazyload\" title=\"YouTube player\"  allow=\"fullscreen; accelerometer; autoplay; clipboard-write; encrypted-media; gyroscope; picture-in-picture; web-share\" referrerpolicy=\"strict-origin-when-cross-origin\" allowfullscreen data-no-lazy=\"1\" data-skipgform_ajax_framebjll=\"\"><\/iframe><\/p>\n<p><strong>Nivel:<\/strong> Licenciatura<br \/>\n<strong>Duraci\u00f3n:<\/strong> 10 semestres<br \/>\n<strong>Grado Acad\u00e9mico:<\/strong> Licenciado(a) en Derecho<br \/>\n<strong>T\u00edtulo en Provisi\u00f3n Nacional:<\/strong> Abogado(a)<\/p>\n<h1><strong>PERFIL ACTITUDINAL<\/strong><\/h1>\n<p>El Abogado de la Universidad Juan Misael Saracho tiene una formaci\u00f3n integradora con menci\u00f3n en el \u00e1rea p\u00fablica o privada, basada en los siguientes valores y actitudes:<\/p>\n<ul>\n<li>Buscar la justicia y la equidad en todas las situaciones<\/li>\n<li>Actuar de manera leal, diligente y transparente<\/li>\n<li>Ser \u00e9tico, responsable solidario y pluralista<\/li>\n<li>Contar con un alto compromiso con los Derechos Humanos y de respeto por el Medio Ambiente<\/li>\n<li>Con Liderazgo<\/li>\n<li>Tener capacidad para interpretar los problemas sociales, pol\u00edticos y econ\u00f3micos del pa\u00eds con compromiso y responsabilidad social<\/li>\n<li>Tener capacidad de autoformaci\u00f3n en las disciplinas del derecho para mantenerse actualizado en su ejercicio profesional.<\/li>\n<li>Ser consciente de sus derechos y deberes ciudadanos<\/li>\n<\/ul>\n<h1><strong>PERFIL PROFESIONAL<\/strong><\/h1>\n<p>El Abogado de la Universidad Juan Misael Saracho debe conducirse en su ejercicio profesional conforme lo siguiente:<\/p>\n<ul>\n<li>Conocer, interpretar y aplicar el ordenamiento jur\u00eddico.<\/li>\n<li>Razonar, criticar, reflexionar, proponer y producir en el sistema jur\u00eddico.<\/li>\n<li>Relacionar y aplicar sus conocimientos te\u00f3ricos a la pr\u00e1ctica profesional.<\/li>\n<li>Asumir y aplicar competencias investigativas TICS en el \u00e1mbito jur\u00eddico.<\/li>\n<li>Escribir, redactar, expresar y argumentar h\u00e1bilmente sus an\u00e1lisis, posiciones, acuerdos y discrepancias jur\u00eddicas.<\/li>\n<li>Conciliar, mediar y arbitrar para la resoluci\u00f3n de los litigios.<\/li>\n<li>Trabajar y organizar equipos disciplinarios, interdisciplinarios y transdisciplinarios ante los nuevos desaf\u00edos cambiantes y complejos de las ciencias del derecho.<\/li>\n<li>Dignificar, honrar y moralizar el ejercicio de su actividad profesional.<\/li>\n<\/ul>\n<h1><strong>PERFIL LABORAL<\/strong><\/h1>\n<p>El abogado de la Universidad Juan Misael Saracho estar\u00e1 capacitado para desempe\u00f1arse\u00a0 profesionalmente como:<\/p>\n<ul>\n<li>Abogado defensor<\/li>\n<li>Legislador<\/li>\n<li>Magistrado<\/li>\n<li>Fiscal<\/li>\n<li>Defensor del pueblo<\/li>\n<li>Procurador P\u00fablico<\/li>\n<li>Notario P\u00fablico<\/li>\n<li>Funcionario P\u00fablico<\/li>\n<li>Asesor de Empresa<\/li>\n<li>Ejecutor coactivo<\/li>\n<li>Miembro de Directorio Empresarial<\/li>\n<li>Gerente de Empresa<\/li>\n<li>Administrador<\/li>\n<li>Docente Universitario<\/li>\n<li>Profesional\u00a0 Independiente<\/li>\n<li>Secretario Judicial<\/li>\n<li>Otros<\/li>\n<\/ul>\n<h1>Plan de Estudios<\/h1>\n<blockquote><p><a href=\"http:\/\/www.uajms.edu.bo\/oferta-academica\/plan-de-estudios-carrera-de-derecho\/\">http:\/\/www.uajms.edu.bo\/oferta-academica\/plan-de-estudios-carrera-de-derecho\/<\/a><\/p><\/blockquote>\n","protected":false},"excerpt":{"rendered":"<p>Nivel: Licenciatura Duraci\u00f3n: 10 semestres Grado Acad\u00e9mico: Licenciado(a) en Derecho T\u00edtulo en Provisi\u00f3n Nacional: Abogado(a) PERFIL ACTITUDINAL El Abogado de la Universidad Juan Misael Saracho tiene una formaci\u00f3n integradora con [&hellip;]<\/p>\n","protected":false},"author":1,"featured_media":0,"parent":0,"menu_order":0,"comment_status":"closed","ping_status":"closed","template":"","meta":{"_joinchat":[],"footnotes":""},"class_list":["post-336","page","type-page","status-publish","hentry"],"jetpack_sharing_enabled":true,"publishpress_future_action":{"enabled":false,"date":"2026-04-29 10:20:30","action":"change-status","newStatus":"draft","terms":[],"taxonomy":"","extraData":[]},"publishpress_future_workflow_manual_trigger":{"enabledWorkflows":[]},"_links":{"self":[{"href":"https:\/\/www.uajms.edu.bo\/oferta-academica\/wp-json\/wp\/v2\/pages\/336","targetHints":{"allow":["GET"]}}],"collection":[{"href":"https:\/\/www.uajms.edu.bo\/oferta-academica\/wp-json\/wp\/v2\/pages"}],"about":[{"href":"https:\/\/www.uajms.edu.bo\/oferta-academica\/wp-json\/wp\/v2\/types\/page"}],"author":[{"embeddable":true,"href":"https:\/\/www.uajms.edu.bo\/oferta-academica\/wp-json\/wp\/v2\/users\/1"}],"replies":[{"embeddable":true,"href":"https:\/\/www.uajms.edu.bo\/oferta-academica\/wp-json\/wp\/v2\/comments?post=336"}],"version-history":[{"count":5,"href":"https:\/\/www.uajms.edu.bo\/oferta-academica\/wp-json\/wp\/v2\/pages\/336\/revisions"}],"predecessor-version":[{"id":960,"href":"https:\/\/www.uajms.edu.bo\/oferta-academica\/wp-json\/wp\/v2\/pages\/336\/revisions\/960"}],"wp:attachment":[{"href":"https:\/\/www.uajms.edu.bo\/oferta-academica\/wp-json\/wp\/v2\/media?parent=336"}],"curies":[{"name":"wp","href":"https:\/\/api.w.org\/{rel}","templated":true}]}}