

{"id":330,"date":"2018-09-13T22:08:58","date_gmt":"2018-09-13T22:08:58","guid":{"rendered":"http:\/\/www.uajms.edu.bo\/oferta-academica\/?page_id=330"},"modified":"2021-10-21T15:50:50","modified_gmt":"2021-10-21T15:50:50","slug":"carrera-de-ingenieria-informatica","status":"publish","type":"page","link":"https:\/\/www.uajms.edu.bo\/oferta-academica\/carrera-de-ingenieria-informatica\/","title":{"rendered":"Carrera de Ingenier\u00eda Inform\u00e1tica"},"content":{"rendered":"<p><iframe src=\"https:\/\/www.youtube.com\/embed\/clKy-YuBawY\" width=\"560\" height=\"315\" frameborder=\"0\" allowfullscreen=\"allowfullscreen\"><\/iframe><\/p>\n<p><strong>Nivel:<\/strong>&nbsp;Licenciatura<br \/>\n<strong>Duraci\u00f3n:<\/strong>&nbsp;10 semestres<br \/>\n<strong>Grado Acad\u00e9mico:<\/strong>&nbsp;Licenciado(a) en Ingenier\u00eda Inform\u00e1tica<br \/>\n<strong>T\u00edtulo en Provisi\u00f3n Nacional:<\/strong>&nbsp;Ingeniero(a) Inform\u00e1tico(a)<\/p>\n<h1>Perfil Profesional<\/h1>\n<p>Los objetivos del <strong>Perfil Profesional Ingeniero Inform\u00e1tico<\/strong> son:<\/p>\n<ul>\n<li>Participar en el proceso de desarrollo de sistemas inform\u00e1ticos aplicando principios de la Ingenier\u00eda de Software, en roles de Programaci\u00f3n, An\u00e1lisis y Dise\u00f1o, Mantenimiento y Direcci\u00f3n de proyectos.<\/li>\n<li>Dirigir o Participar en equipos multidisciplinarios para el dise\u00f1o, elaboraci\u00f3n, seguimiento y evaluaci\u00f3n de proyectos en los que intervengan las TIC.<\/li>\n<li>Dise\u00f1ar, implementar y administrar redes de computadoras de \u00e1rea local<\/li>\n<li>Desarrollo e integraci\u00f3n de sistemas de Inteligencia artificial y nuevas tecnolog\u00edas<\/li>\n<li>Realizar auditor\u00edas inform\u00e1ticas en todo tipo de empresas<\/li>\n<li>Direcci\u00f3n, desarrollo y puesta en marcha de campa\u00f1as comercio electr\u00f3nico.<\/li>\n<\/ul>\n<p>Los objetivos del <strong>Perfil Profesional del T\u00e9cnico Superior Universitario en Inform\u00e1tica<\/strong> son:<\/p>\n<ul>\n<li>Instalar, mantener, configurar y administrar distintas plataformas tecnol\u00f3gicas relacionadas con el \u00e1rea de la Inform\u00e1tica<\/li>\n<li>Desarrollo e integraci\u00f3n de sistemas, aplicaci\u00f3n de tecnolog\u00edas web y nuevas tecnolog\u00edas<\/li>\n<li>An\u00e1lisis y dise\u00f1o de requerimientos, apoyando y orientando los procesos de toma de decisiones.<\/li>\n<li>Realizar diagn\u00f3sticos de necesidades de informaci\u00f3n, dise\u00f1ar nuevos sistemas y\/o modificar los existentes.<\/li>\n<li>Implementar y administrar Redes y servicios de c\u00f3mputo para que garanticen el \u00f3ptimo manejo de la informaci\u00f3n.<\/li>\n<\/ul>\n<h1>Plan de Estudios<\/h1>\n<figure style=\"width: 1800px\" class=\"wp-caption alignnone\"><a href=\"http:\/\/www.uajms.edu.bo\/fcyt\/wp-content\/uploads\/sites\/24\/2018\/11\/Plan-de-Estudios-Informatica-Tarija-web.jpg\"><img fetchpriority=\"high\" decoding=\"async\" src=\"http:\/\/www.uajms.edu.bo\/fcyt\/wp-content\/uploads\/sites\/24\/2018\/11\/Plan-de-Estudios-Informatica-Tarija-web.jpg\" alt=\"\" width=\"1800\" height=\"1093\"><\/a><figcaption class=\"wp-caption-text\">Plan de Estudios 2018 Carrera de Inform\u00e1tica SEDE TARIJA<\/figcaption><\/figure>\n<blockquote><p><a href=\"http:\/\/www.uajms.edu.bo\/oferta-academica\/plan-de-estudios-ingenieria-informatica\/\">http:\/\/www.uajms.edu.bo\/oferta-academica\/plan-de-estudios-ingenieria-informatica\/<\/a><\/p><\/blockquote>\n<p>&nbsp;<\/p>\n","protected":false},"excerpt":{"rendered":"<p>Nivel:&nbsp;Licenciatura Duraci\u00f3n:&nbsp;10 semestres Grado Acad\u00e9mico:&nbsp;Licenciado(a) en Ingenier\u00eda Inform\u00e1tica T\u00edtulo en Provisi\u00f3n Nacional:&nbsp;Ingeniero(a) Inform\u00e1tico(a) Perfil Profesional Los objetivos del Perfil Profesional Ingeniero Inform\u00e1tico son: Participar en el proceso de desarrollo de [&hellip;]<\/p>\n","protected":false},"author":1,"featured_media":0,"parent":0,"menu_order":0,"comment_status":"closed","ping_status":"closed","template":"","meta":{"_joinchat":[],"footnotes":""},"class_list":["post-330","page","type-page","status-publish","hentry"],"jetpack_sharing_enabled":true,"publishpress_future_action":{"enabled":false,"date":"2026-04-28 09:44:47","action":"change-status","newStatus":"draft","terms":[],"taxonomy":"","extraData":[]},"publishpress_future_workflow_manual_trigger":{"enabledWorkflows":[]},"_links":{"self":[{"href":"https:\/\/www.uajms.edu.bo\/oferta-academica\/wp-json\/wp\/v2\/pages\/330","targetHints":{"allow":["GET"]}}],"collection":[{"href":"https:\/\/www.uajms.edu.bo\/oferta-academica\/wp-json\/wp\/v2\/pages"}],"about":[{"href":"https:\/\/www.uajms.edu.bo\/oferta-academica\/wp-json\/wp\/v2\/types\/page"}],"author":[{"embeddable":true,"href":"https:\/\/www.uajms.edu.bo\/oferta-academica\/wp-json\/wp\/v2\/users\/1"}],"replies":[{"embeddable":true,"href":"https:\/\/www.uajms.edu.bo\/oferta-academica\/wp-json\/wp\/v2\/comments?post=330"}],"version-history":[{"count":6,"href":"https:\/\/www.uajms.edu.bo\/oferta-academica\/wp-json\/wp\/v2\/pages\/330\/revisions"}],"predecessor-version":[{"id":992,"href":"https:\/\/www.uajms.edu.bo\/oferta-academica\/wp-json\/wp\/v2\/pages\/330\/revisions\/992"}],"wp:attachment":[{"href":"https:\/\/www.uajms.edu.bo\/oferta-academica\/wp-json\/wp\/v2\/media?parent=330"}],"curies":[{"name":"wp","href":"https:\/\/api.w.org\/{rel}","templated":true}]}}