

{"id":323,"date":"2018-09-13T22:02:39","date_gmt":"2018-09-13T22:02:39","guid":{"rendered":"http:\/\/www.uajms.edu.bo\/oferta-academica\/?page_id=323"},"modified":"2018-10-15T14:10:34","modified_gmt":"2018-10-15T14:10:34","slug":"carrera-de-ingenieria-industrial","status":"publish","type":"page","link":"https:\/\/www.uajms.edu.bo\/oferta-academica\/carrera-de-ingenieria-industrial\/","title":{"rendered":"Carrera de Ingenier\u00eda Industrial"},"content":{"rendered":"<p><iframe src=\"https:\/\/www.youtube.com\/embed\/9ht5HHfc_eM\" width=\"560\" height=\"315\" frameborder=\"0\" allowfullscreen=\"allowfullscreen\"><\/iframe><\/p>\n<p><strong>Nivel:<\/strong>\u00a0Licenciatura<br \/>\n<strong>Duraci\u00f3n:<\/strong>\u00a010 semestres<br \/>\n<strong>Grado Acad\u00e9mico:<\/strong>\u00a0Licenciado(a) en Ingenier\u00eda Industrial<br \/>\n<strong>T\u00edtulo en Provisi\u00f3n Nacional:<\/strong>\u00a0Ingeniero(a) Industrial<\/p>\n<h1><strong>Perfil Profesional<\/strong><\/h1>\n<p>El Perfil Profesional propuesto para la carrera de Ingenier\u00eda Industrial de la Universidad Aut\u00f3noma \u201cJuan Misael Saracho\u201d, tiene una formaci\u00f3n human\u00edstica, cient\u00edfica, t\u00e9cnica y emprendedora, con una consistente formaci\u00f3n en las ciencias b\u00e1sicas, aplicadas y tecnol\u00f3gicas, y est\u00e1 capacitado para:<\/p>\n<p>Dise\u00f1ar, planear, organizar, implementar, optimizar, dirigir y controlar sistemas productivos en grandes, medianas y peque\u00f1as industrias manufactureras y sistemas operativos en empresas de servicio e instituciones utilizando m\u00e9todos f\u00edsicos, qu\u00edmicos, matem\u00e1ticos y computacionales, as\u00ed como t\u00e9cnicas de ingenier\u00eda, principios de econom\u00eda y de direcci\u00f3n, para elevar su productividad y eficiencia, con la utilizaci\u00f3n \u00f3ptima de sus recursos y el desarrollo de los recursos humanos de la organizaci\u00f3n, cuyos objetivos son:<\/p>\n<ul>\n<li>Dise\u00f1ar e implementar sistemas de calidad, productividad y competitividad implicando en estos \u00faltimos, el estudio del trabajo.<\/li>\n<li>Aplicar los sistemas de Gesti\u00f3n de Calidad para el logro de los objetivos en las organizaciones, buscando la rentabilidad.<\/li>\n<li>Aplicar modelos matem\u00e1ticos y t\u00e9cnicas de optimizaci\u00f3n en procesos productivos y de servicios para una adecuada toma de decisiones<\/li>\n<li>Administrar y optimizar recursos humanos, materiales, contables y financieros en organizaciones de bienes y servicios, con profesionalismo, \u00e9tica y valores.<\/li>\n<li>Establecer relaciones interpersonales y relaciones humanas en las organizaciones donde se desarrolle.<\/li>\n<li>Desarrollar proyectos sustentables con el fin de conservar el medio ambiente.<\/li>\n<li>Dise\u00f1ar e implementar instalaciones industriales, automatizar procesos y maquinaria; as\u00ed como utilizar tecnolog\u00edas de vanguardia para el mejoramiento de los procesos industriales.<\/li>\n<li>Aplicar reingenier\u00eda en los procesos, donde requiera reestructurar los procesos de las organizaciones.<\/li>\n<li>Capacidad de trabajar en equipo y desarrollo de proyectos multidisciplinarios, para alcanzar objetivos comunes.<\/li>\n<li>Capacidad emprendedora, innovadora, de aprendizaje y de gesti\u00f3n, para crear y desarrollar empresas.<\/li>\n<li>Dise\u00f1ar, implementar y administrar sistemas de mantenimiento y sistemas TPM (Mantenimiento Total Productivo).<\/li>\n<li>Capacidad de Administrar el Mantenimiento en una empresa, para el uso eficiente de los equipos e instrumentos de control de las empresas.<\/li>\n<li>Aplicaci\u00f3n de las tecnolog\u00edas clase mundial, para la soluci\u00f3n de problemas que se le presenten en su vida profesional.<\/li>\n<li>Uso eficiente de las TICS (Tecnolog\u00edas de informaci\u00f3n) en su campo profesional.<\/li>\n<\/ul>\n<h1>Plan de Estudios<\/h1>\n<blockquote><p><a href=\"http:\/\/www.uajms.edu.bo\/oferta-academica\/plan-de-estudios-carrera-de-ingenieria-industrial\/\">http:\/\/www.uajms.edu.bo\/oferta-academica\/plan-de-estudios-carrera-de-ingenieria-industrial\/<\/a><\/p><\/blockquote>\n<h1><strong>Las modalidades de admisi\u00f3n vigentes son:<\/strong><\/h1>\n<ol>\n<li>Excelencia Acad\u00e9mica<\/li>\n<li>Prueba de Suficiencia Acad\u00e9mica (PSA)<\/li>\n<li>Curso Pre-Universitario (CPU)<\/li>\n<li>Admisi\u00f3n Especial<\/li>\n<\/ol>\n<p>Es requisito imprescindible, para iniciar un programa acad\u00e9mico, cumplir y\/o aprobar las exigencias establecidas en alguna de las modalidades de admisi\u00f3n se\u00f1aladas.<\/p>\n<p>La admisi\u00f3n, por Excelencia Acad\u00e9mica, se otorga a los bachilleres del departamento de Tarija con un promedio igual o superior a seis puntos en la escala del 1 al 7. La vigencia de dicho beneficio es de dos gestiones consecutivas, inmediatas a su bachillerato.<\/p>\n<p>La admisi\u00f3n mediante la Prueba de Suficiencia Acad\u00e9mica (PSA), se otorga a los bachilleres a partir de los resultados ponderados obtenidos en la Prueba de Conocimientos (PC) y el \u00edndice de Aprovechamiento Acad\u00e9mico (IA), de los estudiantes en el nivel secundario.<\/p>\n<p>Prueba de Conocimiento (PC) es aquella que permite evaluar los conocimientos apropiados por el estudiante en el nivel secundario vinculados al \u00e1rea del Programa al que postula.<\/p>\n<p>\u00cdndice de aprovechamiento Acad\u00e9mico (IA) es el promedio del rendimiento acad\u00e9mico obtenido por el postulante en el Nivel Secundario.<\/p>\n<p>Curso Pre-Universitario (CPU), es la modalidad de admisi\u00f3n que tiene como prop\u00f3sito reforzar los conocimientos b\u00e1sicos necesarios del nivel secundario relacionado a las tem\u00e1ticas principales requeridas para el inicio de un Programa Universitario, esta forma de acceso otorga el derecho de ingreso a la Universidad, cuando el estudiante aprueba el mismo.<\/p>\n<p>La Admisi\u00f3n Especial es el procedimiento acad\u00e9mico-administrativo, de ingreso a la UAJMS, para iniciar a continuar estudios universitarios, para las personas que poseen t\u00edtulos de Licenciatura, T\u00e9cnico Superior Universitario, Estudiante con certificado de aprobaci\u00f3n del Plan de Estudios, Graduados del Colegio Militar, Academia Nacional de Polic\u00edas, Normal Superior, y otros que son resultados de convenios especiales con las Universidades del Sistema.<\/p>\n","protected":false},"excerpt":{"rendered":"<p>Nivel:\u00a0Licenciatura Duraci\u00f3n:\u00a010 semestres Grado Acad\u00e9mico:\u00a0Licenciado(a) en Ingenier\u00eda Industrial T\u00edtulo en Provisi\u00f3n Nacional:\u00a0Ingeniero(a) Industrial Perfil Profesional El Perfil Profesional propuesto para la carrera de Ingenier\u00eda Industrial de la Universidad Aut\u00f3noma \u201cJuan [&hellip;]<\/p>\n","protected":false},"author":1,"featured_media":0,"parent":0,"menu_order":0,"comment_status":"closed","ping_status":"closed","template":"","meta":{"_joinchat":[],"footnotes":""},"class_list":["post-323","page","type-page","status-publish","hentry"],"jetpack_sharing_enabled":true,"publishpress_future_action":{"enabled":false,"date":"2026-04-27 19:58:22","action":"change-status","newStatus":"draft","terms":[],"taxonomy":"","extraData":[]},"publishpress_future_workflow_manual_trigger":{"enabledWorkflows":[]},"_links":{"self":[{"href":"https:\/\/www.uajms.edu.bo\/oferta-academica\/wp-json\/wp\/v2\/pages\/323","targetHints":{"allow":["GET"]}}],"collection":[{"href":"https:\/\/www.uajms.edu.bo\/oferta-academica\/wp-json\/wp\/v2\/pages"}],"about":[{"href":"https:\/\/www.uajms.edu.bo\/oferta-academica\/wp-json\/wp\/v2\/types\/page"}],"author":[{"embeddable":true,"href":"https:\/\/www.uajms.edu.bo\/oferta-academica\/wp-json\/wp\/v2\/users\/1"}],"replies":[{"embeddable":true,"href":"https:\/\/www.uajms.edu.bo\/oferta-academica\/wp-json\/wp\/v2\/comments?post=323"}],"version-history":[{"count":4,"href":"https:\/\/www.uajms.edu.bo\/oferta-academica\/wp-json\/wp\/v2\/pages\/323\/revisions"}],"predecessor-version":[{"id":612,"href":"https:\/\/www.uajms.edu.bo\/oferta-academica\/wp-json\/wp\/v2\/pages\/323\/revisions\/612"}],"wp:attachment":[{"href":"https:\/\/www.uajms.edu.bo\/oferta-academica\/wp-json\/wp\/v2\/media?parent=323"}],"curies":[{"name":"wp","href":"https:\/\/api.w.org\/{rel}","templated":true}]}}