

{"id":305,"date":"2018-09-13T20:38:23","date_gmt":"2018-09-13T20:38:23","guid":{"rendered":"http:\/\/www.uajms.edu.bo\/oferta-academica\/?page_id=305"},"modified":"2020-09-06T02:51:11","modified_gmt":"2020-09-06T02:51:11","slug":"carrera-de-arquitectura","status":"publish","type":"page","link":"https:\/\/www.uajms.edu.bo\/oferta-academica\/carrera-de-arquitectura\/","title":{"rendered":"Carrera de Arquitectura"},"content":{"rendered":"<p><iframe src=\"https:\/\/www.youtube.com\/embed\/R-3yFpIgDgo\" width=\"560\" height=\"315\" frameborder=\"0\" allowfullscreen=\"allowfullscreen\"><\/iframe><\/p>\n<p><strong>Nivel:<\/strong>\u00a0Licenciatura<br \/>\n<strong>Duraci\u00f3n:<\/strong>\u00a010 semestres<br \/>\n<strong>Grado Acad\u00e9mico:<\/strong>\u00a0Licenciado(a) en Arquictectura y Urbanismo<br \/>\n<strong>T\u00edtulo en Provisi\u00f3n Nacional:<\/strong>\u00a0Arquitecto(a) Urbanista<\/p>\n<h1><strong>Objetivos Perfil profesional.<\/strong><\/h1>\n<ul>\n<li>Nuestra finalidad es el formar profesionales aptos para resolver requerimientos en el campo de la Arquitectura y el Urbanismo que responda a las necesidades de la sociedad y de los individuos en los aspectos habitacionales, sociales, culturales, ambientales, \u00e9ticos y est\u00e9ticos.<\/li>\n<li>Profesionales aptos para comprender y traducir las necesidades de los individuos, grupos sociales, comunidades y sean actores importantes en la construcci\u00f3n de la ciudad.<\/li>\n<li>Llevar adelante el proceso de construcci\u00f3n de una identidad propia centrada en la afirmaci\u00f3n de solidaridad y compromiso con las demandas estructurales de la sociedad.<\/li>\n<\/ul>\n<h1><strong>Campo Ocupacional<\/strong><\/h1>\n<ul>\n<li>Elaboraci\u00f3n de proyectos de arquitectura y\/o urbanismo orientados a la concepci\u00f3n de proyectos con estructuras, instalaciones y servicios.<\/li>\n<li>Desempe\u00f1ar funciones t\u00e9cnico-administrativo dentro del campo profesional en los sectores p\u00fablicos y privados.<\/li>\n<li>Direcci\u00f3n, supervisi\u00f3n administraci\u00f3n y fiscalizaci\u00f3n de obras de arquitectura y urbanismo.<\/li>\n<li>Elaboraci\u00f3n de proyectos de planificaci\u00f3n urbana regional y su direcci\u00f3n, fiscalizaci\u00f3n y administraci\u00f3n.<\/li>\n<li>Elaboraci\u00f3n de aval\u00faos, peritajes dentro del campo de la actividad profesional.<\/li>\n<li>Funci\u00f3n p\u00fablica en el \u00e1rea de Arquitectura y urbanismo a nivel Nacional, Departamental, Municipal.<\/li>\n<li>Docencia Universitaria.<\/li>\n<\/ul>\n<p>&nbsp;<\/p>\n<h1><strong>Visi\u00f3n<\/strong><\/h1>\n<blockquote><p><em>\u201cUnidad Acad\u00e9mica l\u00edder en formaci\u00f3n e investigaci\u00f3n en el \u00e1rea de Arquitectura y Urbanismo, comprometida con el desarrollo f\u00edsico espacial sostenible que contribuya a la calidad de vida.\u201d<\/em><\/p><\/blockquote>\n<p><em>\u00a0<\/em><\/p>\n<h1><a name=\"_Toc183850249\"><\/a>Misi\u00f3n<\/h1>\n<blockquote><p><em>Formar profesionales Arquitectos Urbanistas id\u00f3neos, competitivos y \u00e9ticos, capaces de investigar cient\u00edficamente la realidad del H\u00e1bitat y el espacio urbano, que produzcan bienes y servicios con propuestas f\u00edsico espaciales que respondan a la demanda social del medio, con calidad, valores est\u00e9ticos, ambientales y de identidad cultural; orientado a todos los sectores sociales, contribuyendo a solucionar las demandas f\u00edsicas-espaciales de la sociedad del mundo globalizado.<\/em><\/p><\/blockquote>\n<h1><strong>Modalidades de Admisi\u00f3n.<\/strong><\/h1>\n<ul>\n<li>Curso pre-universitario.<\/li>\n<li>Prueba de suficiencia Acad\u00e9mica.<\/li>\n<li>Accesos especiales.<\/li>\n<\/ul>\n<p><iframe  id=\"_ytid_96815\"  width=\"800\" height=\"450\"  data-origwidth=\"800\" data-origheight=\"450\" src=\"https:\/\/www.youtube.com\/embed\/MtNDu6gqO0Y?enablejsapi=1&#038;autoplay=0&#038;cc_load_policy=0&#038;cc_lang_pref=&#038;iv_load_policy=1&#038;loop=0&#038;rel=1&#038;fs=1&#038;playsinline=0&#038;autohide=2&#038;theme=dark&#038;color=red&#038;controls=1&#038;disablekb=0&#038;\" class=\"__youtube_prefs__  epyt-is-override  no-lazyload\" title=\"YouTube player\"  allow=\"fullscreen; accelerometer; autoplay; clipboard-write; encrypted-media; gyroscope; picture-in-picture; web-share\" referrerpolicy=\"strict-origin-when-cross-origin\" allowfullscreen data-no-lazy=\"1\" data-skipgform_ajax_framebjll=\"\"><\/iframe><\/p>\n<h1>Plan de Estudios<\/h1>\n<blockquote><p><a href=\"http:\/\/www.uajms.edu.bo\/oferta-academica\/plan-de-estudios-carrera-de-arquitectura-2\/\">http:\/\/www.uajms.edu.bo\/oferta-academica\/plan-de-estudios-carrera-de-arquitectura\/<\/a><\/p><\/blockquote>\n","protected":false},"excerpt":{"rendered":"<p>Nivel:\u00a0Licenciatura Duraci\u00f3n:\u00a010 semestres Grado Acad\u00e9mico:\u00a0Licenciado(a) en Arquictectura y Urbanismo T\u00edtulo en Provisi\u00f3n Nacional:\u00a0Arquitecto(a) Urbanista Objetivos Perfil profesional. Nuestra finalidad es el formar profesionales aptos para resolver requerimientos en el campo [&hellip;]<\/p>\n","protected":false},"author":1,"featured_media":0,"parent":0,"menu_order":0,"comment_status":"closed","ping_status":"closed","template":"","meta":{"_joinchat":[],"footnotes":""},"class_list":["post-305","page","type-page","status-publish","hentry"],"jetpack_sharing_enabled":true,"publishpress_future_action":{"enabled":false,"date":"2026-05-07 16:05:39","action":"change-status","newStatus":"draft","terms":[],"taxonomy":"","extraData":[]},"publishpress_future_workflow_manual_trigger":{"enabledWorkflows":[]},"_links":{"self":[{"href":"https:\/\/www.uajms.edu.bo\/oferta-academica\/wp-json\/wp\/v2\/pages\/305","targetHints":{"allow":["GET"]}}],"collection":[{"href":"https:\/\/www.uajms.edu.bo\/oferta-academica\/wp-json\/wp\/v2\/pages"}],"about":[{"href":"https:\/\/www.uajms.edu.bo\/oferta-academica\/wp-json\/wp\/v2\/types\/page"}],"author":[{"embeddable":true,"href":"https:\/\/www.uajms.edu.bo\/oferta-academica\/wp-json\/wp\/v2\/users\/1"}],"replies":[{"embeddable":true,"href":"https:\/\/www.uajms.edu.bo\/oferta-academica\/wp-json\/wp\/v2\/comments?post=305"}],"version-history":[{"count":6,"href":"https:\/\/www.uajms.edu.bo\/oferta-academica\/wp-json\/wp\/v2\/pages\/305\/revisions"}],"predecessor-version":[{"id":777,"href":"https:\/\/www.uajms.edu.bo\/oferta-academica\/wp-json\/wp\/v2\/pages\/305\/revisions\/777"}],"wp:attachment":[{"href":"https:\/\/www.uajms.edu.bo\/oferta-academica\/wp-json\/wp\/v2\/media?parent=305"}],"curies":[{"name":"wp","href":"https:\/\/api.w.org\/{rel}","templated":true}]}}