

{"id":291,"date":"2018-09-13T19:38:46","date_gmt":"2018-09-13T19:38:46","guid":{"rendered":"http:\/\/www.uajms.edu.bo\/oferta-academica\/?page_id=291"},"modified":"2021-10-18T16:03:33","modified_gmt":"2021-10-18T16:03:33","slug":"carrera-de-idiomas","status":"publish","type":"page","link":"https:\/\/www.uajms.edu.bo\/oferta-academica\/carrera-de-idiomas\/","title":{"rendered":"Carrera de Idiomas"},"content":{"rendered":"<p><iframe src=\"https:\/\/www.youtube.com\/embed\/5GdAl05tDKk\" width=\"1280\" height=\"720\" frameborder=\"0\" allowfullscreen=\"allowfullscreen\"><span data-mce-type=\"bookmark\" style=\"display: inline-block; width: 0px; overflow: hidden; line-height: 0;\" class=\"mce_SELRES_start\">\ufeff<\/span><span data-mce-type=\"bookmark\" style=\"display: inline-block; width: 0px; overflow: hidden; line-height: 0;\" class=\"mce_SELRES_start\">\ufeff<\/span><span data-mce-type=\"bookmark\" style=\"display: inline-block; width: 0px; overflow: hidden; line-height: 0;\" class=\"mce_SELRES_start\">\ufeff<\/span><\/iframe><\/p>\n<p><strong>Nivel:<\/strong>\u00a0Licenciatura<br \/>\n<strong>Duraci\u00f3n:<\/strong>\u00a010 semestres<br \/>\n<strong>Grado Acad\u00e9mico:<\/strong>\u00a0Licenciado(a) en Ingl\u00e9s y Frances<br \/>\n<strong>T\u00edtulo en Provisi\u00f3n Nacional:<\/strong>\u00a0Licenciado(a) en Idiomas Ingl\u00e9s y Franc\u00e9s &#8211; Menci\u00f3n Turismo<\/p>\n<h1><strong>OBJETIVO DEL PERFIL PROFESIONAL<\/strong><\/h1>\n<p>El graduado de Licenciatura en Idiomas de la Universidad Aut\u00f3noma \u201cJuan Misael Saracho\u201d (U.A.J.M.S.), ser\u00e1 capaz de:<\/p>\n<ul>\n<li>Poseer conocimiento cient\u00edfico de los idiomas Ingl\u00e9s y Franc\u00e9s.<\/li>\n<li>Aplicaci\u00f3n con un alto nivel de profesionalidad de las cuatro habilidades de los idiomas ingl\u00e9s y franc\u00e9s: Habla, lectura, escucha y escritura.<\/li>\n<li>Comunicaci\u00f3n y relaciones p\u00fablicas con organismos nacionales e internacionales.<\/li>\n<\/ul>\n<p>A partir de los conocimientos cient\u00edficos de los idiomas ingl\u00e9s y franc\u00e9s, el profesional de esta carrera podr\u00e1 aplicarlos adem\u00e1s en las actividades b\u00e1sicas de las siguientes \u00e1reas:<\/p>\n<h2><strong>TURISMO:<\/strong><\/h2>\n<ul>\n<li>Ejercicio del guiaje tur\u00edstico local y nacional aplicando conocimientos te\u00f3rico &#8211; pr\u00e1ctico de la\u00a0 historia, geograf\u00eda y cultura transmiti\u00e9ndolas a \u00a0grupos tur\u00edsticos.<\/li>\n<li>Difusi\u00f3n y sensibilizaci\u00f3n del\u00a0 patrimonio cultural con fines tur\u00edsticos.<\/li>\n<li>Dise\u00f1o de programas, circuitos y rutas tur\u00edsticas.<\/li>\n<li>Planificaci\u00f3n, organizaci\u00f3n del sistema tur\u00edstico nacional y su promoci\u00f3n.<\/li>\n<li>Preservaci\u00f3n, conservaci\u00f3n y valorizaci\u00f3n de la riqueza \u00e9tnica, natural y cultural del pa\u00eds.<\/li>\n<li>Organizaci\u00f3n, gesti\u00f3n y promoci\u00f3n de proyectos tur\u00edsticos.<\/li>\n<li>Aplicaci\u00f3n de las habilidades de expresi\u00f3n oral, escrita y comprensi\u00f3n en los idiomas ingl\u00e9s y franc\u00e9s que le permitan desempe\u00f1arse adecuadamente en el \u00e1mbito profesional.<\/li>\n<\/ul>\n<h2><strong>TRADUCCI\u00d3N:<\/strong><\/h2>\n<ul>\n<li>Traducci\u00f3n de textos cient\u00edficos y human\u00edsticos aaplicando procesos, m\u00e9todos y t\u00e9cnicas de traducci\u00f3n en los idiomas Ingl\u00e9s y Franc\u00e9s.<\/li>\n<li>Traducci\u00f3n de textos de una Lengua Extranjera (L2) a una lengua materna (L1) o de la lengua materna (L1) a una lengua extranjera (L2) aplicando conocimientos te\u00f3rico-pr\u00e1cticos de la lengua fuente a la lengua meta.<\/li>\n<li>Uso y aplicaci\u00f3n t\u00e9cnica de los idiomas Ingl\u00e9s, Franc\u00e9s y Espa\u00f1ol.<\/li>\n<\/ul>\n<h2><strong>ENSE\u00d1ANZA DE LOS IDIOMAS: <\/strong><\/h2>\n<ul>\n<li>Facilitador del proceso de ense\u00f1anza-aprendizaje de los idiomas\u00a0 ingl\u00e9s y franc\u00e9s a partir de un correcto manejo de los componentes metodol\u00f3gicos de una segunda lengua.<\/li>\n<li>Aplicaci\u00f3n de m\u00e9todos, t\u00e9cnicas y estrategias de ense\u00f1anza en los diferentes niveles de educaci\u00f3n en los idiomas ingl\u00e9s, franc\u00e9s y espa\u00f1ol como segunda lengua.<\/li>\n<li>Adaptaci\u00f3n y elaboraci\u00f3n de material did\u00e1ctico para la ense\u00f1anza de los idiomas ingl\u00e9s y franc\u00e9s en los diferentes niveles de educaci\u00f3n.<\/li>\n<li>Evaluaci\u00f3n adecuada del proceso de ense\u00f1anza &#8211; aprendizaje de los idiomas ingl\u00e9s y franc\u00e9s.<\/li>\n<li>Interacci\u00f3n equitativa en equipos multidisciplinarios del \u00e1rea human\u00edstica, tecnol\u00f3gica y educativa, as\u00ed como con diferentes actores de la sociedad.<\/li>\n<\/ul>\n<h1>Autoevaluaci\u00f3n<\/h1>\n<p><iframe  id=\"_ytid_18760\"  width=\"800\" height=\"450\"  data-origwidth=\"800\" data-origheight=\"450\" src=\"https:\/\/www.youtube.com\/embed\/XfdBfBL5qwI?enablejsapi=1&#038;autoplay=0&#038;cc_load_policy=0&#038;cc_lang_pref=&#038;iv_load_policy=1&#038;loop=0&#038;rel=1&#038;fs=1&#038;playsinline=0&#038;autohide=2&#038;theme=dark&#038;color=red&#038;controls=1&#038;disablekb=0&#038;\" class=\"__youtube_prefs__  epyt-is-override  no-lazyload\" title=\"YouTube player\"  allow=\"fullscreen; accelerometer; autoplay; clipboard-write; encrypted-media; gyroscope; picture-in-picture; web-share\" referrerpolicy=\"strict-origin-when-cross-origin\" allowfullscreen data-no-lazy=\"1\" data-skipgform_ajax_framebjll=\"\"><\/iframe><\/p>\n<h1>PLAN DE ESTUDIOS<\/h1>\n<p><a href=\"http:\/\/www.uajms.edu.bo\/oferta-academica\/wp-content\/uploads\/sites\/51\/2018\/11\/Plan-de-Estudios-2011-Carrera-Idiomas-web.jpg\"><img fetchpriority=\"high\" decoding=\"async\" class=\"alignnone size-full wp-image-688\" src=\"http:\/\/www.uajms.edu.bo\/oferta-academica\/wp-content\/uploads\/sites\/51\/2018\/11\/Plan-de-Estudios-2011-Carrera-Idiomas-web.jpg\" alt=\"\" width=\"1800\" height=\"1093\" \/><\/a><\/p>\n<blockquote><p><a href=\"http:\/\/www.uajms.edu.bo\/oferta-academica\/plan-de-estudios-carrera-de-idiomas\/\">http:\/\/www.uajms.edu.bo\/oferta-academica\/plan-de-estudios-carrera-de-idiomas\/<\/a><\/p><\/blockquote>\n","protected":false},"excerpt":{"rendered":"<p>\ufeff\ufeff\ufeff Nivel:\u00a0Licenciatura Duraci\u00f3n:\u00a010 semestres Grado Acad\u00e9mico:\u00a0Licenciado(a) en Ingl\u00e9s y Frances T\u00edtulo en Provisi\u00f3n Nacional:\u00a0Licenciado(a) en Idiomas Ingl\u00e9s y Franc\u00e9s &#8211; Menci\u00f3n Turismo OBJETIVO DEL PERFIL PROFESIONAL El graduado de Licenciatura [&hellip;]<\/p>\n","protected":false},"author":1,"featured_media":0,"parent":0,"menu_order":0,"comment_status":"closed","ping_status":"closed","template":"","meta":{"_joinchat":[],"footnotes":""},"class_list":["post-291","page","type-page","status-publish","hentry"],"jetpack_sharing_enabled":true,"publishpress_future_action":{"enabled":false,"date":"2026-04-23 05:28:06","action":"change-status","newStatus":"draft","terms":[],"taxonomy":"","extraData":[]},"publishpress_future_workflow_manual_trigger":{"enabledWorkflows":[]},"_links":{"self":[{"href":"https:\/\/www.uajms.edu.bo\/oferta-academica\/wp-json\/wp\/v2\/pages\/291","targetHints":{"allow":["GET"]}}],"collection":[{"href":"https:\/\/www.uajms.edu.bo\/oferta-academica\/wp-json\/wp\/v2\/pages"}],"about":[{"href":"https:\/\/www.uajms.edu.bo\/oferta-academica\/wp-json\/wp\/v2\/types\/page"}],"author":[{"embeddable":true,"href":"https:\/\/www.uajms.edu.bo\/oferta-academica\/wp-json\/wp\/v2\/users\/1"}],"replies":[{"embeddable":true,"href":"https:\/\/www.uajms.edu.bo\/oferta-academica\/wp-json\/wp\/v2\/comments?post=291"}],"version-history":[{"count":5,"href":"https:\/\/www.uajms.edu.bo\/oferta-academica\/wp-json\/wp\/v2\/pages\/291\/revisions"}],"predecessor-version":[{"id":966,"href":"https:\/\/www.uajms.edu.bo\/oferta-academica\/wp-json\/wp\/v2\/pages\/291\/revisions\/966"}],"wp:attachment":[{"href":"https:\/\/www.uajms.edu.bo\/oferta-academica\/wp-json\/wp\/v2\/media?parent=291"}],"curies":[{"name":"wp","href":"https:\/\/api.w.org\/{rel}","templated":true}]}}