

{"id":283,"date":"2018-09-13T19:31:20","date_gmt":"2018-09-13T19:31:20","guid":{"rendered":"http:\/\/www.uajms.edu.bo\/oferta-academica\/?page_id=283"},"modified":"2020-09-06T02:34:56","modified_gmt":"2020-09-06T02:34:56","slug":"carrera-de-psicologia","status":"publish","type":"page","link":"https:\/\/www.uajms.edu.bo\/oferta-academica\/carrera-de-psicologia\/","title":{"rendered":"Carrera de Psicolog\u00eda"},"content":{"rendered":"<p><iframe src=\"https:\/\/www.youtube.com\/embed\/QPmgfUJZa08\" width=\"1280\" height=\"720\" frameborder=\"0\" allowfullscreen=\"allowfullscreen\"><\/iframe><\/p>\n<p><strong>Nivel:<\/strong>\u00a0Licenciatura<br \/>\n<strong>Duraci\u00f3n:<\/strong>\u00a010 semestres<br \/>\n<strong>Grado Acad\u00e9mico:<\/strong>\u00a0Licenciado(a) en Psicolog\u00eda<br \/>\n<strong>T\u00edtulo en Provisi\u00f3n Nacional:<\/strong> Psic\u00f3logo(a)<\/p>\n<h1><strong>OBJETIVOS DEL PERFIL PROFESIONAL<\/strong><\/h1>\n<p>El graduado de Licenciatura en Psicolog\u00eda de la Universidad Aut\u00f3noma \u201cJuan Misael Saracho\u201d (U.A.J.M.S.), ser\u00e1 capaz de:<\/p>\n<ul>\n<li>Evaluar, diagnosticar e intervenir en diferentes campos de la Psicolog\u00eda Educativa, Cl\u00ednica, Social, Comunitaria y Forense, entre otras, a trav\u00e9s de una formaci\u00f3n integral, \u00e9tica y de calidad.<\/li>\n<li>Elaborar, ejecutar y evaluar proyectos de investigaci\u00f3n en diferentes \u00e1reas de la psicolog\u00eda, con la finalidad de dar respuesta a las principales demandas de la sociedad.<\/li>\n<\/ul>\n<h3><strong>CONOCIMIENTOS EN LAS \u00c1REAS DE:<\/strong><\/h3>\n<ul>\n<li>Psicolog\u00eda<\/li>\n<li>Ciencias Sociales<\/li>\n<li>Filosof\u00eda<\/li>\n<li>Lenguaje y oratoria<\/li>\n<\/ul>\n<h3><strong>HABILIDADES PARA:<\/strong><\/h3>\n<ul>\n<li>El an\u00e1lisis cr\u00edtico y constructivo<\/li>\n<li>El manejo adecuado del lenguaje oral y escrito<\/li>\n<li>La organizaci\u00f3n en el trabajo acad\u00e9mico \u2013 profesional<\/li>\n<li>La adaptaci\u00f3n al trabajo grupal<\/li>\n<li>La realizaci\u00f3n de investigaci\u00f3n de campo.<\/li>\n<\/ul>\n<h3><strong>ACTITUDES POSITIVAS PARA:<\/strong><\/h3>\n<ul>\n<li>Establecer relaciones interpersonales adecuadas.<\/li>\n<li>Involucrarse en los procesos de la conducta humana.<\/li>\n<li>Buscar la soluci\u00f3n de problemas de la conducta humana.<\/li>\n<\/ul>\n<h1><strong>PERFIL DEL EGRESADO<\/strong><\/h1>\n<p>El profesional de la psicolog\u00eda tendr\u00e1 como tareas centrales desarrollar, aplicar cr\u00edtica y reflexivamente conocimientos y metodolog\u00edas suministrados por la psicolog\u00eda y sus diferentes aproximaciones te\u00f3ricas, as\u00ed como por ciencias afines, con un sentido elevado de responsabilidad profesional formulando soluciones en busca de reducir situaciones de riesgo personal y social.<\/p>\n<p>La aplicaci\u00f3n de dichos conocimientos y destrezas metodol\u00f3gicas se lograr\u00e1 en la medida que se generen las siguientes competencias por \u00e1rea:<\/p>\n<p><strong>a) Te\u00f3rico metodol\u00f3gico<\/strong><\/p>\n<ul>\n<li>Articular en su pr\u00e1ctica profesional, los conocimientos propios de la psicolog\u00eda, en sus diversas orientaciones te\u00f3rico-metodol\u00f3gicas de mayor actualidad.<\/li>\n<li>Analizar cr\u00edticamente de los conocimientos b\u00e1sicos de la disciplina.<\/li>\n<li>Comprender la interacci\u00f3n que se da entre los procesos psicol\u00f3gicos y los procesos biol\u00f3gicos, sociales y culturales.<\/li>\n<li>Recopilar, organizar, analizar e interpretar informaci\u00f3n bajo estrategias cuantitativa y cualitativa para el estudio de los procesos psicol\u00f3gicos.<\/li>\n<li>Aplicar instrumentos de medici\u00f3n bajo normas y criterios avalados cient\u00edficamente para evaluar procesos psicol\u00f3gicos.<\/li>\n<\/ul>\n<p><strong>b) Intervenci\u00f3n e inserci\u00f3n laboral<\/strong><\/p>\n<ul>\n<li>Integrar la teor\u00eda y la pr\u00e1ctica y por tanto, podr\u00e1 aplicar lo aprendido articulando los hechos, conceptos, principios y fundamentos psicol\u00f3gicos.<\/li>\n<li>Identificar la demanda social relativa al trabajo psicol\u00f3gico y valorar los alcances y l\u00edmites de su inserci\u00f3n.<\/li>\n<\/ul>\n<p><strong>c) Colaborativas<\/strong><\/p>\n<ul>\n<li>Desarrollar estrategias y perspectivas multi, \u00ednter y transdisciplinarias para abordar los problemas del campo profesional.<\/li>\n<li>Colaborar y vincular los distintos sectores: p\u00fablico, privado y social, desempe\u00f1ando sus funciones profesionales.<\/li>\n<\/ul>\n<p><strong>d) Pedag\u00f3gicas<\/strong><\/p>\n<ul>\n<li>Implementar estrategias pedag\u00f3gicas que empleen tecnolog\u00edas educativas, tales como los sistemas de educaci\u00f3n en l\u00ednea y a distancia, entre otros.<\/li>\n<li>Realizar investigaciones y programas educacionales que inciden en la din\u00e1mica del v\u00ednculo social en distintos escenarios.<\/li>\n<li>Transmitir conocimientos te\u00f3ricos, metodol\u00f3gicos y aplicados relativos a la psicolog\u00eda en distintos ambientes educativos.<\/li>\n<\/ul>\n<p><strong>e) Actitudinales<\/strong><\/p>\n<ul>\n<li>Desarrollarla sensibilidad, esp\u00edritu cr\u00edtico y disposici\u00f3n a participar, responsable y activamente en su proceso continuo de formaci\u00f3n.<\/li>\n<li>Dar respuesta a las demandas de la poblaci\u00f3n, de acuerdo a principios \u00e9ticos que ubican al ser humano como valor sustentable primordial.<\/li>\n<\/ul>\n<h1>Autoevaluaci\u00f3n<\/h1>\n<p><iframe  id=\"_ytid_88935\"  width=\"800\" height=\"450\"  data-origwidth=\"800\" data-origheight=\"450\" src=\"https:\/\/www.youtube.com\/embed\/NZTntF3P1vU?enablejsapi=1&#038;autoplay=0&#038;cc_load_policy=0&#038;cc_lang_pref=&#038;iv_load_policy=1&#038;loop=0&#038;rel=1&#038;fs=1&#038;playsinline=0&#038;autohide=2&#038;theme=dark&#038;color=red&#038;controls=1&#038;disablekb=0&#038;\" class=\"__youtube_prefs__  epyt-is-override  no-lazyload\" title=\"YouTube player\"  allow=\"fullscreen; accelerometer; autoplay; clipboard-write; encrypted-media; gyroscope; picture-in-picture; web-share\" referrerpolicy=\"strict-origin-when-cross-origin\" allowfullscreen data-no-lazy=\"1\" data-skipgform_ajax_framebjll=\"\"><\/iframe><\/p>\n<p>&nbsp;<\/p>\n<h1>Plan de Estudios<\/h1>\n<p><a href=\"http:\/\/www.uajms.edu.bo\/oferta-academica\/wp-content\/uploads\/sites\/51\/2018\/11\/Plan-de-Estudios-Psicologia-2017-web-1.jpg\"><img fetchpriority=\"high\" decoding=\"async\" class=\"alignnone size-full wp-image-696\" src=\"http:\/\/www.uajms.edu.bo\/oferta-academica\/wp-content\/uploads\/sites\/51\/2018\/11\/Plan-de-Estudios-Psicologia-2017-web-1.jpg\" alt=\"\" width=\"1800\" height=\"1093\" srcset=\"https:\/\/www.uajms.edu.bo\/oferta-academica\/wp-content\/uploads\/sites\/51\/2018\/11\/Plan-de-Estudios-Psicologia-2017-web-1.jpg 1800w, https:\/\/www.uajms.edu.bo\/oferta-academica\/wp-content\/uploads\/sites\/51\/2018\/11\/Plan-de-Estudios-Psicologia-2017-web-1-300x182.jpg 300w, https:\/\/www.uajms.edu.bo\/oferta-academica\/wp-content\/uploads\/sites\/51\/2018\/11\/Plan-de-Estudios-Psicologia-2017-web-1-768x466.jpg 768w, https:\/\/www.uajms.edu.bo\/oferta-academica\/wp-content\/uploads\/sites\/51\/2018\/11\/Plan-de-Estudios-Psicologia-2017-web-1-1024x622.jpg 1024w\" sizes=\"(max-width: 1800px) 100vw, 1800px\" \/><\/a><\/p>\n<blockquote><p><a href=\"http:\/\/www.uajms.edu.bo\/oferta-academica\/plan-de-estudios-carrera-de-psicologia\/\">http:\/\/www.uajms.edu.bo\/oferta-academica\/plan-de-estudios-carrera-de-psicologia\/<\/a><\/p><\/blockquote>\n","protected":false},"excerpt":{"rendered":"<p>Nivel:\u00a0Licenciatura Duraci\u00f3n:\u00a010 semestres Grado Acad\u00e9mico:\u00a0Licenciado(a) en Psicolog\u00eda T\u00edtulo en Provisi\u00f3n Nacional: Psic\u00f3logo(a) OBJETIVOS DEL PERFIL PROFESIONAL El graduado de Licenciatura en Psicolog\u00eda de la Universidad Aut\u00f3noma \u201cJuan Misael Saracho\u201d (U.A.J.M.S.), [&hellip;]<\/p>\n","protected":false},"author":1,"featured_media":0,"parent":0,"menu_order":0,"comment_status":"closed","ping_status":"closed","template":"","meta":{"_joinchat":[],"footnotes":""},"class_list":["post-283","page","type-page","status-publish","hentry"],"jetpack_sharing_enabled":true,"publishpress_future_action":{"enabled":false,"date":"2026-05-01 17:16:38","action":"change-status","newStatus":"draft","terms":[],"taxonomy":"","extraData":[]},"publishpress_future_workflow_manual_trigger":{"enabledWorkflows":[]},"_links":{"self":[{"href":"https:\/\/www.uajms.edu.bo\/oferta-academica\/wp-json\/wp\/v2\/pages\/283","targetHints":{"allow":["GET"]}}],"collection":[{"href":"https:\/\/www.uajms.edu.bo\/oferta-academica\/wp-json\/wp\/v2\/pages"}],"about":[{"href":"https:\/\/www.uajms.edu.bo\/oferta-academica\/wp-json\/wp\/v2\/types\/page"}],"author":[{"embeddable":true,"href":"https:\/\/www.uajms.edu.bo\/oferta-academica\/wp-json\/wp\/v2\/users\/1"}],"replies":[{"embeddable":true,"href":"https:\/\/www.uajms.edu.bo\/oferta-academica\/wp-json\/wp\/v2\/comments?post=283"}],"version-history":[{"count":5,"href":"https:\/\/www.uajms.edu.bo\/oferta-academica\/wp-json\/wp\/v2\/pages\/283\/revisions"}],"predecessor-version":[{"id":774,"href":"https:\/\/www.uajms.edu.bo\/oferta-academica\/wp-json\/wp\/v2\/pages\/283\/revisions\/774"}],"wp:attachment":[{"href":"https:\/\/www.uajms.edu.bo\/oferta-academica\/wp-json\/wp\/v2\/media?parent=283"}],"curies":[{"name":"wp","href":"https:\/\/api.w.org\/{rel}","templated":true}]}}