

{"id":264,"date":"2018-09-13T13:01:35","date_gmt":"2018-09-13T13:01:35","guid":{"rendered":"http:\/\/www.uajms.edu.bo\/oferta-academica\/?page_id=264"},"modified":"2020-09-03T00:03:57","modified_gmt":"2020-09-03T00:03:57","slug":"carrera-de-ingenieria-en-medio-ambiente","status":"publish","type":"page","link":"https:\/\/www.uajms.edu.bo\/oferta-academica\/carrera-de-ingenieria-en-medio-ambiente\/","title":{"rendered":"Carrera de Ingenier\u00eda en Medio Ambiente"},"content":{"rendered":"<p><iframe src=\"https:\/\/www.youtube.com\/embed\/vjDJwSC5lK0\" width=\"1280\" height=\"720\" frameborder=\"0\" allowfullscreen=\"allowfullscreen\"><span data-mce-type=\"bookmark\" style=\"display: inline-block; width: 0px; overflow: hidden; line-height: 0;\" class=\"mce_SELRES_start\">\ufeff<\/span><\/iframe><\/p>\n<p><strong>Nivel:<\/strong> Licenciatura<br \/>\n<strong>Duraci\u00f3n:<\/strong> 10 semestres<br \/>\n<strong>Grado Acad\u00e9mico:<\/strong> Licenciado(a) en Ing. en Medio Ambiente<br \/>\n<strong>T\u00edtulo en Provisi\u00f3n Nacional:\u00a0<\/strong>Ingeniero(a) en Medio Ambiente<\/p>\n<h1><strong>PERFIL PROFESIONAL<\/strong><\/h1>\n<p>El medio ambiente es un tema siempre verde porque es muy importante para nuestra vida cotidiana. Es donde vivimos, comemos, respiramos y criamos a nuestros hijos. Nuestros sistemas de soporte vital dependen enteramente del bienestar de cada organismo que vive en el planeta tierra. Por eso se ha escrito y hablado mucho sobre la protecci\u00f3n y conservaci\u00f3n del medio ambiente.<\/p>\n<p>Proporciona un enfoque integrado e interdisciplinario para el estudio de los problemas ambientales. La ingenier\u00eda en Medio Ambiente se centra en analizar y deducir los problemas del medio ambiente y el efecto de los programas creados por el hombre en el medio ambiente, y en encontrar soluciones para ayudar a proteger y preservar el medio ambiente mediante la eliminaci\u00f3n de la contaminaci\u00f3n en el aire, el agua y el suelo.<\/p>\n<h1><strong>MODALIDADES DE ACCESO<\/strong><\/h1>\n<ul>\n<li>Curso Preuniversitario<\/li>\n<li>Prueba de Suficiencia Acad\u00e9mica<\/li>\n<\/ul>\n<p>La Carrera de Ingenier\u00eda en Medio Ambiente de la \u201cUniversidad Aut\u00f3noma Juan Misael Saracho\u201d con sede ahora en Tarija, aspira a desarrollar en sus estudiantes y futuros profesionales las habilidades y destrezas necesarias para cumplir las tareas y funciones propias del quehacer ambiental, es decir desde la planificaci\u00f3n, gesti\u00f3n, manejo, administraci\u00f3n y monitoreo de las actividades, obras y proyectos. Se espera que los nuevos profesionales egresados de esta superior casa de estudios sean capaces de:<\/p>\n<ul>\n<li>Desarrollarse en el \u00e1rea de medio ambiente con valores \u00e9ticos, morales de respeto a la dignidad de la persona y de la vida humana, el medio ambiente, la naturaleza, la pluralidad y diversidad, con equidad, libertad, autonom\u00eda y democracia.<\/li>\n<li>Incorporar el m\u00e9todo cient\u00edfico al diagn\u00f3stico y soluci\u00f3n de problemas del medio ambiente, donde el ejercicio cotidiano de su profesi\u00f3n sea la base para la b\u00fasqueda y recolecci\u00f3n activa de la informaci\u00f3n para su an\u00e1lisis estad\u00edstico que lo oriente a una evaluaci\u00f3n y correcci\u00f3n de impactos ambientales, tendr\u00e1 la capacidad de utilizar la tecnolog\u00eda existente en nuestro medio, a la cual tenga que adaptarse y generar tecnolog\u00eda en base a los conocimientos de la tecnolog\u00eda de punta en medio ambiente.<\/li>\n<li>Identificar, evaluar y mitigar los impactos ambientales generados por actividades, obras y proyectos o modificaciones de proyectos de inversi\u00f3n.<\/li>\n<li>Seleccionar, dise\u00f1ar y proyectar sistemas de tratamiento de residuos s\u00f3lidos, l\u00edquidos y gaseosos.<\/li>\n<li>Dise\u00f1ar y aplicar planes de manejo de recursos naturales renovables y no renovables, en el campo ambiental.<\/li>\n<li>Realizar estudios de base de l\u00ednea ambiental.<\/li>\n<li>Componer equipos de trabajo multidisciplinario en medio ambiente.<\/li>\n<li>Realizar investigaci\u00f3n b\u00e1sica y aplicada ambiental.<\/li>\n<li>Gestionar la variable ambiental en empresas productivas y de servicio.<\/li>\n<li>Participar en proceso de certificaci\u00f3n.<\/li>\n<li>Asesorar a personas naturales o jur\u00eddicas en la resoluci\u00f3n de sus problemas ambientales.<\/li>\n<\/ul>\n<p>Los Ingenieros en Medio Ambiente son profesionales capaces de liderizar, gestionar, desarrollar y monitorear proyectos desde el punto de vista ambiental. Adem\u00e1s, adquieren una fuerte orientaci\u00f3n al trabajo en equipo, manejando adecuadamente las relaciones interpersonales, aportando propuestas, y cuando corresponde, ejerciendo apropiadamente el liderazgo.<\/p>\n<p>La Carrera de Ingenier\u00eda en Medio Ambiente procura formar profesionales altamente calificados, con una clara conciencia del sentido \u00e9tico de su actividad, de modo tal que la realicen con responsabilidad y honestidad.<\/p>\n<p>Proponemos que el profesional egresado de esta Carrera act\u00fae con rigurosidad cient\u00edfica, \u00e9tica profesional, responsabilidad y con convicci\u00f3n y firmeza en la afirmaci\u00f3n y defensa del medio ambiente y la calidad de vida de las personas.<\/p>\n<h1>MERCADO LABORAL<\/h1>\n<ul>\n<li>En Todo tipo de Industrias, empresa o actividades<\/li>\n<li>Tratamiento y depuraci\u00f3n de aguas residuales<\/li>\n<li>Control y tratamiento de emisiones hacia la atmosfera<\/li>\n<li>Gesti\u00f3n y manejo de residuos solidos<\/li>\n<li>Control de la calidad del aire<\/li>\n<li>Control y contaminaci\u00f3n de suelos<\/li>\n<li>Gesti\u00f3n y tratamiento de residuos peligrosos<\/li>\n<li>Elaboraci\u00f3n de evaluaci\u00f3n de impactos ambientales (EIAs) y control de calidad ambiental (CCAs)<\/li>\n<li>Gesti\u00f3n y manejo de \u00e1reas protegidas<\/li>\n<li>Gesti\u00f3n y conservaci\u00f3n de la biodiversidad<\/li>\n<li>Mejora de pr\u00e1cticas agropecuarias y forestales<\/li>\n<li>Investigaci\u00f3n, inventarios y cat\u00e1logos ambientales<\/li>\n<li>Auditor\u00edas ambientales<\/li>\n<li>Prevenci\u00f3n, control y mitigaci\u00f3n de la problem\u00e1tica ambiental<\/li>\n<li>Consultor\u00eda y asesor\u00eda ambiental<\/li>\n<li>Pol\u00edticas y estrategias ambientales<\/li>\n<li>Proyectos ambientales<\/li>\n<li>Docencia<\/li>\n<li>Planificaci\u00f3n y Gesti\u00f3n ambiental<\/li>\n<li>Educaci\u00f3n ambiental<\/li>\n<li>Toma de decisiones de manera integral en el campo laboral<\/li>\n<li>Dise\u00f1o e implementaci\u00f3n de proyectos ambientales<\/li>\n<li>Dise\u00f1o de estrategias para la prevenci\u00f3n, control y mitigaci\u00f3n de problemas ambientales<\/li>\n<\/ul>\n<h1>RAZONES PARA ESTUDIAR EN MEDIO AMBIENTE<\/h1>\n<ul>\n<li>Somos los profesionales que actuamos como MEDICOS del MEDIO AMBIENTE<\/li>\n<li>Afrontar y reducir los da\u00f1os al medio ambiente<\/li>\n<li>Velar porque las actividades, obras y proyectos a ejecutar sean amigables con el medio ambiente<\/li>\n<li>Evaluar y determinar sin una actividad, obra o proyecto hace da\u00f1o al medio ambiente<\/li>\n<li>Realizar evaluaciones y auditor\u00edas ambientales que puedan ocasionar da\u00f1os al medio ambiente.<\/li>\n<li>Evaluaci\u00f3n de da\u00f1os e impactos al medio ambiente<\/li>\n<li>Elaborar estudios y gesti\u00f3n de licencias ambientales<\/li>\n<li>Se relaciona con actividades gubernamentales y organismos internacionales<\/li>\n<li>Soluciona problemas ambientales<\/li>\n<li>Fomenta y orienta al uso y manejo adecuado de los recursos naturales<\/li>\n<li>Motiva evitar, reducir y mitigar impactos ambientales<\/li>\n<li>Salvar la contaminaci\u00f3n y degradaci\u00f3n del mundo<\/li>\n<li>Fomenta el uso y aprovechamiento racional de los recursos naturales<\/li>\n<li>Uso de energ\u00edas alternativas o naturales<\/li>\n<li>Planifica el uso sostenible del medio ambiente<\/li>\n<li>Proponer pol\u00edticas ambientales<\/li>\n<li>Gesti\u00f3n ambiental<\/li>\n<li>Medidas de control y mitigaci\u00f3n ambiental de procesos ambientales<\/li>\n<li>Diagnosticar y evaluar aspectos ambientales<\/li>\n<li>PROPONER SOUCIONES A PROBLEMAS AMBIENTALES EN GENERAL<\/li>\n<\/ul>\n<h1>PORQUE SER UN INGENIERO EN MEDIO AMBIENTE<\/h1>\n<ul>\n<li>La satisfacci\u00f3n de aprender y usar los recursos naturales de manera sostenible y cooperar con el cuidado y recuperaci\u00f3n del medio ambiente<\/li>\n<li>Contar con conocimientos muy profundos en materias transversales como: matem\u00e1ticas, f\u00edsica, qu\u00edmica, geolog\u00eda, sociales, biol\u00f3gicas y tecnol\u00f3gicas<\/li>\n<li>Trabajar de manera independiente como consultor y asesor o bajo relaci\u00f3n de dependencia.<\/li>\n<li>Porque somos los m\u00e9dicos del medio ambiente, diagnosticamos, y damos soluciones a cualquier problema ambiental<\/li>\n<li>Fomentamos y motivamos al uso de energ\u00edas alternativas y sostenibles, amigables con el medio ambiente.<\/li>\n<li>Motivamos a la implementaci\u00f3n de buenas pr\u00e1cticas agr\u00edcolas (BPA), buenas practicas mineras (BPM), manejo integral de suelos y agua (MISA), manejo sostenible del suelo (MSB), manejo integrado de plagas (MIP), manejo ecol\u00f3gico de cultivos (MEC), en cualquier actividad, obra o proyecto (AOP).<\/li>\n<li>Gracias a la globalizaci\u00f3n y sus conocimientos podr\u00eda trabajar en cualquier parte del mundo.<\/li>\n<\/ul>\n<h1>Plan de Estudios<\/h1>\n<blockquote><p><a href=\"http:\/\/www.uajms.edu.bo\/oferta-academica\/plan-de-estudios-ing-en-medio-ambiente\/\">http:\/\/www.uajms.edu.bo\/oferta-academica\/plan-de-estudios-ing-en-medio-ambiente\/<\/a><\/p><\/blockquote>\n","protected":false},"excerpt":{"rendered":"<p>\ufeff Nivel: Licenciatura Duraci\u00f3n: 10 semestres Grado Acad\u00e9mico: Licenciado(a) en Ing. en Medio Ambiente T\u00edtulo en Provisi\u00f3n Nacional:\u00a0Ingeniero(a) en Medio Ambiente PERFIL PROFESIONAL El medio ambiente es un tema siempre [&hellip;]<\/p>\n","protected":false},"author":1,"featured_media":0,"parent":0,"menu_order":0,"comment_status":"closed","ping_status":"closed","template":"","meta":{"_joinchat":[],"footnotes":""},"class_list":["post-264","page","type-page","status-publish","hentry"],"jetpack_sharing_enabled":true,"publishpress_future_action":{"enabled":false,"date":"2026-04-23 07:17:53","action":"change-status","newStatus":"draft","terms":[],"taxonomy":"","extraData":[]},"publishpress_future_workflow_manual_trigger":{"enabledWorkflows":[]},"_links":{"self":[{"href":"https:\/\/www.uajms.edu.bo\/oferta-academica\/wp-json\/wp\/v2\/pages\/264","targetHints":{"allow":["GET"]}}],"collection":[{"href":"https:\/\/www.uajms.edu.bo\/oferta-academica\/wp-json\/wp\/v2\/pages"}],"about":[{"href":"https:\/\/www.uajms.edu.bo\/oferta-academica\/wp-json\/wp\/v2\/types\/page"}],"author":[{"embeddable":true,"href":"https:\/\/www.uajms.edu.bo\/oferta-academica\/wp-json\/wp\/v2\/users\/1"}],"replies":[{"embeddable":true,"href":"https:\/\/www.uajms.edu.bo\/oferta-academica\/wp-json\/wp\/v2\/comments?post=264"}],"version-history":[{"count":4,"href":"https:\/\/www.uajms.edu.bo\/oferta-academica\/wp-json\/wp\/v2\/pages\/264\/revisions"}],"predecessor-version":[{"id":737,"href":"https:\/\/www.uajms.edu.bo\/oferta-academica\/wp-json\/wp\/v2\/pages\/264\/revisions\/737"}],"wp:attachment":[{"href":"https:\/\/www.uajms.edu.bo\/oferta-academica\/wp-json\/wp\/v2\/media?parent=264"}],"curies":[{"name":"wp","href":"https:\/\/api.w.org\/{rel}","templated":true}]}}