

{"id":255,"date":"2018-09-13T12:39:01","date_gmt":"2018-09-13T12:39:01","guid":{"rendered":"http:\/\/www.uajms.edu.bo\/oferta-academica\/?page_id=255"},"modified":"2018-10-15T19:32:55","modified_gmt":"2018-10-15T19:32:55","slug":"carrera-de-ingenieria-forestal","status":"publish","type":"page","link":"https:\/\/www.uajms.edu.bo\/oferta-academica\/carrera-de-ingenieria-forestal\/","title":{"rendered":"Carrera de Ingenier\u00eda Forestal"},"content":{"rendered":"<p><iframe src=\"https:\/\/www.youtube.com\/embed\/XcHeFaOyOms\" width=\"1280\" height=\"720\" frameborder=\"0\" allowfullscreen=\"allowfullscreen\"><\/iframe><\/p>\n<p><strong>Nivel:<\/strong>\u00a0Licenciatura<br \/>\n<strong>Duraci\u00f3n:<\/strong>\u00a010 semestres<br \/>\n<strong>Grado Acad\u00e9mico:<\/strong>\u00a0Licenciado(a) en Ing. Forestal<br \/>\n<strong>T\u00edtulo en Provisi\u00f3n Nacional:<\/strong>\u00a0Ingeniero(a) Forestal<\/p>\n<h1><strong>PERFIL PROFESIONAL<\/strong><\/h1>\n<p>El Ingeniero Forestal es un profesional capaz de desempe\u00f1arse en manejo integral del bosque y plantaciones forestales, gerenciar y administrar entidades p\u00fablicas y privadas en el \u00e1mbito forestal y ambiental, desempe\u00f1arse en la industria forestal de productos maderables y no maderables, restaurar y rehabilitar paisajes degradados, participar en el manejo integral de cuencas hidrogr\u00e1ficas y gesti\u00f3n territorial, para dar respuestas a las necesidades de la sociedad con valores de responsabilidad, \u00e9tica, sensibilidad, emprendimiento proactivo, adapt\u00e1ndose a cambios ecol\u00f3gicos, econ\u00f3micos y sociales.<\/p>\n<h1><strong>PERFIL DE INGRESO DEL POSTULANTE<\/strong><\/h1>\n<ul>\n<li>Tener bases en ciencias de la biolog\u00eda (bot\u00e1nica), qu\u00edmica y matem\u00e1ticas que le permitan comprender los conceptos durante su formaci\u00f3n.<\/li>\n<li>Tener habilidades computacionales a nivel de usuario en Word, Excel, navegaci\u00f3n por Internet, uso de las nuevas tecnolog\u00edas de la comunicaci\u00f3n.<\/li>\n<li>Tener condiciones de autoaprendizaje para el logro de sus tareas<\/li>\n<li>Estar en condiciones de ejecutar una lectura comprensiva de los textos para resolver problemas.<\/li>\n<li>Estar en condiciones de comunicarse eficazmente en un contexto de trabajo colaborativo con sus compa\u00f1eros.<\/li>\n<li>Poseer valores morales, \u00e9tica, respeto y tolerancia hacia las dem\u00e1s personas, adem\u00e1s tener sensibilidad ambiental para la conservaci\u00f3n de los recursos naturales en general y del bosque en particular.<\/li>\n<\/ul>\n<h1><strong>INFRAESTRUCTURA Y LABORATORIOS CON QUE CUENTA<\/strong><\/h1>\n<p>Para el desarrollo de pr\u00e1cticas, la Carrera de Ingenier\u00eda Forestal cuenta con la siguiente infraestructura:<\/p>\n<ul>\n<li>Laboratorio de Suelos.<\/li>\n<li>Laboratorio de Biolog\u00eda.<\/li>\n<li>Laboratorio de Semillas.<\/li>\n<li>Laboratorio de Tecnolog\u00eda de la Madera.<\/li>\n<li>Laboratorio de Trabajabilidad de la Madera<\/li>\n<li>Planta de Impregnaci\u00f3n de la Madera.<\/li>\n<li>Estaci\u00f3n Experimental en R\u00edo Conchas.<\/li>\n<li>Estaci\u00f3n Experimental en Puerto Margarita.<\/li>\n<li>Centro Experimental de Chocloca.<\/li>\n<li>Gabinete de computaci\u00f3n.<\/li>\n<li>Gabinete de SIG<\/li>\n<li>Gabinete de Fotointerpretaci\u00f3n.<\/li>\n<li>Gabinete de Topograf\u00eda.<\/li>\n<li>Biblioteca Especializada.<\/li>\n<li>Instituto de Investigaci\u00f3n de Ecolog\u00eda y Medio Ambiente.<\/li>\n<\/ul>\n<h1><strong>PLAN DE ESTUDIOS<\/strong><\/h1>\n<p>El plan de estudios, tiene una duraci\u00f3n de cinco a\u00f1os, constituido por 10 semestres, organizado en materias obligatorias, optativas, electivas y talleres que facilitan la interdisciplinariedad e integraci\u00f3n de contenidos, mismas que est\u00e1n debidamente identificadas por siglas (c\u00f3digos), carga horaria respectiva, n\u00famero de cr\u00e9ditos y cuenta con la malla curricular que indica la secuencia por prerrequisitos, con una carga horaria de 5340 horas acad\u00e9micas, distribuida en horas te\u00f3ricas y pr\u00e1cticas de la siguiente manera:<\/p>\n<blockquote><p><a href=\"http:\/\/www.uajms.edu.bo\/oferta-academica\/plan-de-estudios-carrera-de-ing-forestal\/\">http:\/\/www.uajms.edu.bo\/oferta-academica\/plan-de-estudios-carrera-de-ing-forestal\/<\/a><\/p><\/blockquote>\n<p>&nbsp;<\/p>\n","protected":false},"excerpt":{"rendered":"<p>Nivel:\u00a0Licenciatura Duraci\u00f3n:\u00a010 semestres Grado Acad\u00e9mico:\u00a0Licenciado(a) en Ing. Forestal T\u00edtulo en Provisi\u00f3n Nacional:\u00a0Ingeniero(a) Forestal PERFIL PROFESIONAL El Ingeniero Forestal es un profesional capaz de desempe\u00f1arse en manejo integral del bosque y [&hellip;]<\/p>\n","protected":false},"author":1,"featured_media":0,"parent":0,"menu_order":0,"comment_status":"closed","ping_status":"closed","template":"","meta":{"_joinchat":[],"footnotes":""},"class_list":["post-255","page","type-page","status-publish","hentry"],"jetpack_sharing_enabled":true,"publishpress_future_action":{"enabled":false,"date":"2026-05-11 09:44:36","action":"change-status","newStatus":"draft","terms":[],"taxonomy":"","extraData":[]},"publishpress_future_workflow_manual_trigger":{"enabledWorkflows":[]},"_links":{"self":[{"href":"https:\/\/www.uajms.edu.bo\/oferta-academica\/wp-json\/wp\/v2\/pages\/255","targetHints":{"allow":["GET"]}}],"collection":[{"href":"https:\/\/www.uajms.edu.bo\/oferta-academica\/wp-json\/wp\/v2\/pages"}],"about":[{"href":"https:\/\/www.uajms.edu.bo\/oferta-academica\/wp-json\/wp\/v2\/types\/page"}],"author":[{"embeddable":true,"href":"https:\/\/www.uajms.edu.bo\/oferta-academica\/wp-json\/wp\/v2\/users\/1"}],"replies":[{"embeddable":true,"href":"https:\/\/www.uajms.edu.bo\/oferta-academica\/wp-json\/wp\/v2\/comments?post=255"}],"version-history":[{"count":4,"href":"https:\/\/www.uajms.edu.bo\/oferta-academica\/wp-json\/wp\/v2\/pages\/255\/revisions"}],"predecessor-version":[{"id":645,"href":"https:\/\/www.uajms.edu.bo\/oferta-academica\/wp-json\/wp\/v2\/pages\/255\/revisions\/645"}],"wp:attachment":[{"href":"https:\/\/www.uajms.edu.bo\/oferta-academica\/wp-json\/wp\/v2\/media?parent=255"}],"curies":[{"name":"wp","href":"https:\/\/api.w.org\/{rel}","templated":true}]}}