

{"id":246,"date":"2018-09-12T20:44:03","date_gmt":"2018-09-12T20:44:03","guid":{"rendered":"http:\/\/www.uajms.edu.bo\/oferta-academica\/?page_id=246"},"modified":"2018-10-15T19:32:10","modified_gmt":"2018-10-15T19:32:10","slug":"carrera-de-ingenieria-agronomica","status":"publish","type":"page","link":"https:\/\/www.uajms.edu.bo\/oferta-academica\/carrera-de-ingenieria-agronomica\/","title":{"rendered":"Carrera de Ingenier\u00eda Agron\u00f3mica"},"content":{"rendered":"<p><iframe src=\"https:\/\/www.youtube.com\/embed\/dVxRz-AWrog\" width=\"1280\" height=\"720\" frameborder=\"0\" allowfullscreen=\"allowfullscreen\"><\/iframe><\/p>\n<p><strong>Nivel:<\/strong>\u00a0Licenciatura<br \/>\n<strong>Duraci\u00f3n:<\/strong>\u00a010 semestres<br \/>\n<strong>Grado Acad\u00e9mico:<\/strong>\u00a0Licenciado(a) en Ingenier\u00eda Agron\u00f3mica<br \/>\n<strong>T\u00edtulo en Provisi\u00f3n Nacional:<\/strong>\u00a0Ingeniero(a) Agr\u00f3nomo(a)<\/p>\n<h1><strong>Misi\u00f3n<\/strong><\/h1>\n<p>Formar profesionales integrales con sensibilidad social, competitivos, \u00e9ticos, morales, creativos e innovadores, con criterios de sostenibilidad, multiculturalidad y multidisciplinariedad, con pensamiento cr\u00edtico y reflexivo capaces de contribuir al desarrollo sostenible del sector agropecuario.<\/p>\n<h1><strong>Visi\u00f3n<\/strong><\/h1>\n<p>Somos una Carrera acreditada, formadora de profesionales competentes, creadora e innovadora de conocimientos agrarios cient\u00edficos y tecnol\u00f3gicos, con docentes id\u00f3neamente capacitados, con infraestructura adecuada, que promueve la investigaci\u00f3n aplicada en \u00e1reas prioritarias y estrat\u00e9gicas, respondiendo a las necesidades del desarrollo sostenible de la regi\u00f3n y del Pa\u00eds.<\/p>\n<h1><strong>Perfil Profesional<\/strong><\/h1>\n<p>El Perfil Profesional propuesto para la Carrera de Ingenier\u00eda Agron\u00f3mica responde a los requerimientos de la \u00e9poca actual del pa\u00eds y de la regi\u00f3n, existiendo un v\u00ednculo entre el proceso educativo y el entorno social, cuyos objetivos son compatibles con los establecidos por el MERCOSUR, estos son:<\/p>\n<ul>\n<li>Conocer y comprender cient\u00edficamente los factores de producci\u00f3n y combinarlos con eficiencia ecol\u00f3gica, t\u00e9cnica y socioecon\u00f3mica, con consideraciones t\u00e9cnicas, socioecon\u00f3micas y ambientales.<\/li>\n<li>Interpretar, difundir y aplicar conocimientos cient\u00edficos y tecnol\u00f3gicos.<\/li>\n<li>Conducir y\/o interpretar investigaciones y experimentaciones e interpretar y difundir sus resultados.<\/li>\n<li>Concebir, crear, proyectar analizar y evaluar sistemas, procesos y productos.<\/li>\n<li>Planificar, elaborar, coordinar, supervisar y evaluar proyectos y servicios.<\/li>\n<li>Identificar problemas y proponer soluciones en su \u00e1rea de competencia.<\/li>\n<li>Desarrollar, evaluar y utilizar nuevas tecnolog\u00edas.<\/li>\n<li>Gerenciar, operar y mantener sistemas y procesos.<\/li>\n<li>Conocer y desempe\u00f1arse en mercados de los sistemas agrocomerciales y complejos agroindustriales.<\/li>\n<li>Comprender y trabajar en la organizaci\u00f3n, gesti\u00f3n y autogesti\u00f3n empresarial y comunitaria.<\/li>\n<li>Gestar y administrar emprendimientos.<\/li>\n<li>Conocer, interactuar e influenciar en pol\u00edticas publicas en su \u00e1mbito de acci\u00f3n.<\/li>\n<\/ul>\n<h2><strong>Campo Ocupacional<\/strong><\/h2>\n<ul>\n<li>ONGs.<\/li>\n<li>Municipios.<\/li>\n<li>Empresas privadas.<\/li>\n<li>Generaci\u00f3n de empleo propio.<\/li>\n<\/ul>\n<h2><strong>Infraestructura y Laboratorios<\/strong><\/h2>\n<ul>\n<li>Laboratorio de Qu\u00edmica<\/li>\n<li>Laboratorio de Suelos<\/li>\n<li>Laboratorio de Biolog\u00eda<\/li>\n<li>Laboratorio de Semillas<\/li>\n<li>Laboratorio de Tecnolog\u00eda de la Madera<\/li>\n<li>Laboratorio de trabajabilidad de la Madera.<\/li>\n<li>Planta de impregnaci\u00f3n de la Madera.<\/li>\n<li>Estaci\u00f3n experimental en R\u00edo Conchas.<\/li>\n<li>Estaci\u00f3n experimental en Puerto Margarita.<\/li>\n<li>Fundo de Chocloca.<\/li>\n<li>Gabinete de Computaci\u00f3n.<\/li>\n<li>Gabinete de Fotointerpretaci\u00f3n.<\/li>\n<li>Gabinete de Sistema de Informaci\u00f3n Geogr\u00e1fica (S.I.G.)<\/li>\n<li>Bibliotecas Especialidas<\/li>\n<\/ul>\n<h2><strong>Estaciones Experimentales<\/strong><\/h2>\n<p><span style=\"font-weight: 400;\"> La carrera de ingenier\u00eda agron\u00f3mica cuenta con estaciones experimentales en diferentes zonas ecol\u00f3gicas, de acuerdo a la necesidad de formaci\u00f3n que se requiere para los futuros ingenieros agr\u00f3nomos, organizados en m\u00f3dulos productivos:<\/span><\/p>\n<ul>\n<li>M\u00f3dulo Lechero.<\/li>\n<li>M\u00f3dulo de Producci\u00f3n de Forrajes.<\/li>\n<li>M\u00f3dulo de Producci\u00f3n Ap\u00edcola.<\/li>\n<li>M\u00f3dulo de Producci\u00f3n de Frutales.<\/li>\n<li>M\u00f3dulo de Producci\u00f3n de Tub\u00e9rculos.<\/li>\n<li>M\u00f3dulo de Producci\u00f3n de Granos y Cereales.<\/li>\n<li>Centro de Producci\u00f3n Ganadera Puerto Margarita.<\/li>\n<li>M\u00f3dulo de Mejoramiento Gen\u00e9tico de Ganado Bovino Criollo.<\/li>\n<li>M\u00f3dulo de Engorde de Novillos.<\/li>\n<li>M\u00f3dulos de Unidades Vegetacionales.<\/li>\n<li>M\u00f3dulo de Producci\u00f3n de Pastos y Forrajes.<\/li>\n<\/ul>\n<h1><strong>Plan de Estudios:<\/strong><\/h1>\n<blockquote class=\"wp-embedded-content\" data-secret=\"e3KyP46ORr\"><p><a href=\"http:\/\/www.uajms.edu.bo\/oferta-academica\/plan-de-estudios-carrera-de-ing-agronomica\/\">Plan de Estudios Carrera de Ing. Agron\u00f3mica<\/a><\/p><\/blockquote>\n<p><iframe class=\"wp-embedded-content\" sandbox=\"allow-scripts\" security=\"restricted\" style=\"position: absolute; clip: rect(1px, 1px, 1px, 1px);\" src=\"http:\/\/www.uajms.edu.bo\/oferta-academica\/plan-de-estudios-carrera-de-ing-agronomica\/embed\/#?secret=e3KyP46ORr\" data-secret=\"e3KyP46ORr\" width=\"600\" height=\"338\" title=\"&#8220;Plan de Estudios Carrera de Ing. Agron\u00f3mica&#8221; &#8212; Oferta Acad\u00e9mica UAJMS\" frameborder=\"0\" marginwidth=\"0\" marginheight=\"0\" scrolling=\"no\"><\/iframe><\/p>\n","protected":false},"excerpt":{"rendered":"<p>Nivel:\u00a0Licenciatura Duraci\u00f3n:\u00a010 semestres Grado Acad\u00e9mico:\u00a0Licenciado(a) en Ingenier\u00eda Agron\u00f3mica T\u00edtulo en Provisi\u00f3n Nacional:\u00a0Ingeniero(a) Agr\u00f3nomo(a) Misi\u00f3n Formar profesionales integrales con sensibilidad social, competitivos, \u00e9ticos, morales, creativos e innovadores, con criterios de sostenibilidad, [&hellip;]<\/p>\n","protected":false},"author":1,"featured_media":0,"parent":0,"menu_order":0,"comment_status":"closed","ping_status":"closed","template":"","meta":{"_joinchat":[],"footnotes":""},"class_list":["post-246","page","type-page","status-publish","hentry"],"jetpack_sharing_enabled":true,"publishpress_future_action":{"enabled":false,"date":"2026-05-05 20:01:04","action":"change-status","newStatus":"draft","terms":[],"taxonomy":"","extraData":[]},"publishpress_future_workflow_manual_trigger":{"enabledWorkflows":[]},"_links":{"self":[{"href":"https:\/\/www.uajms.edu.bo\/oferta-academica\/wp-json\/wp\/v2\/pages\/246","targetHints":{"allow":["GET"]}}],"collection":[{"href":"https:\/\/www.uajms.edu.bo\/oferta-academica\/wp-json\/wp\/v2\/pages"}],"about":[{"href":"https:\/\/www.uajms.edu.bo\/oferta-academica\/wp-json\/wp\/v2\/types\/page"}],"author":[{"embeddable":true,"href":"https:\/\/www.uajms.edu.bo\/oferta-academica\/wp-json\/wp\/v2\/users\/1"}],"replies":[{"embeddable":true,"href":"https:\/\/www.uajms.edu.bo\/oferta-academica\/wp-json\/wp\/v2\/comments?post=246"}],"version-history":[{"count":5,"href":"https:\/\/www.uajms.edu.bo\/oferta-academica\/wp-json\/wp\/v2\/pages\/246\/revisions"}],"predecessor-version":[{"id":644,"href":"https:\/\/www.uajms.edu.bo\/oferta-academica\/wp-json\/wp\/v2\/pages\/246\/revisions\/644"}],"wp:attachment":[{"href":"https:\/\/www.uajms.edu.bo\/oferta-academica\/wp-json\/wp\/v2\/media?parent=246"}],"curies":[{"name":"wp","href":"https:\/\/api.w.org\/{rel}","templated":true}]}}