

{"id":8,"date":"2014-08-27T11:52:20","date_gmt":"2014-08-27T11:52:20","guid":{"rendered":"http:\/\/www.uajms.edu.bo\/fdo\/?page_id=8"},"modified":"2017-12-08T13:25:00","modified_gmt":"2017-12-08T13:25:00","slug":"historia","status":"publish","type":"page","link":"https:\/\/www.uajms.edu.bo\/fod\/?page_id=8","title":{"rendered":"Historia"},"content":{"rendered":"<h3>A\u00f1o 1956.-<\/h3>\n<p>Durante la gesti\u00f3n del <strong>Dr. Heriberto Trigo Paz<\/strong> como rector de la <strong>Universidad Autonoma \u00abJuan Misael Saracho\u00bb<\/strong>, se realizan los estudios concernientes para la creaci\u00f3n de una Facultad que llene las aspiraciones de la juventud en el campo de la salud.<\/p>\n<h3>A\u00f1o 1959.-<\/h3>\n<p>En base a estos estudios t\u00e9cnico acad\u00e9micos, el Consejo Universitario, reunido en fecha 10 de Abril de 1959, resuelve crear la <strong>Facultad de Odontolog\u00eda<\/strong> mediante ordenanza universitaria N\u00ba 206. Creada la <strong>Facultad de Odontolog\u00eda<\/strong> y llenado todos los requisitos reglamentarios, de acuerdo al plan aprobado por el H Consejo Universitario, el d\u00eda 9 de Mayo de 1959, la flamante Facultad inaugura labores con 53 alumnos inscritos y la siguiente planta docente:. <strong>Dr Macedonio Trigo V\u00e1squez; Dr. Anibal Perez M; Dr. Walter Fortun; Dr. Alfredo Casap; Dr. Lionel Darwich<\/strong>. Posteriormente el<strong> Dr. Jorge Uzqueda<\/strong> sustituye al Dr. Fortun, teniendo como inmediato colaborador al <strong>Dr. Oriel Ortiz<\/strong> en el cargo de prosector para pr\u00e1cticas y reparaciones en el anfiteatro del Hospital General.<\/p>\n<p>El 15 de Mayo del mismo a\u00f1o, se re\u00fane la Asamblea Electoral, donde se elige como Decano de esta Facultad al <strong>Dr. Macedonio Trigo V\u00e1squez<\/strong>.<br \/>\nLas labores Acad\u00e9micas se inician el 24 de Junio en el ex-chalet Municipal ubicado en la Av. Domingo Paz. De los alumnos inscritos en el primer curso, solo 14 aprueban los ex\u00e1menes finales.<\/p>\n<p>En el transcurso de los 42 a\u00f1os de su creaci\u00f3n, la Facultad de Odontolog\u00eda ha sufrido intervenciones de gobiernos de facto, ocasionando grandes transformaciones, tanto en su estructura acad\u00e9mica, as\u00ed como en su vida institucional, como reflejo de la pol\u00edtica del pa\u00eds.<\/p>\n<p><strong>A\u00f1o 1999.- \u00a0<\/strong><\/p>\n<p>En la gesti\u00f3n del Presentaci\u00f3n.- La Facultad de Odontolog\u00eda es un referente en la educaci\u00f3n odontol\u00f3gica en el sur nuestro pa\u00eds. Sus egresados cumplen un rol muy importante en la odontolog\u00eda departamental, nacional e internacional. La Instituci\u00f3n cuenta con profesionales que cumplen con todos los perfiles profesionales en las materias de nuestros planes de estudios, y a nivel nacional se destaca nuestra facultad por estar presente en casi todos los departamentos dando especialidades y maestr\u00edas. Todos los docentes cuentan con diplomado en teor\u00eda y pr\u00e1ctica pedag\u00f3gica requisito indispensable para acceder dentro de la Universidad. El 95 % cuentan con maestr\u00edas<\/p>\n<p>&nbsp;<\/p>\n<h3>A\u00f1o 1988.-<\/h3>\n<p>Dejando de lado la Estructura Verticalista, la carrera de Odontolog\u00eda recobro su rango de <strong>FACULTAD<\/strong>, mediante resoluci\u00f3n del H. Consejo Facultativo N\u00ba 090 del 18 de octubre de 1988, con las mismas prerrogativas de su creaci\u00f3n, reconquistando as\u00ed nuestro Status Acad\u00e9mico, Pedag\u00f3gico y Docente.<\/p>\n<p><strong>A\u00f1o 1999.-<\/strong><\/p>\n<p>En la gesti\u00f3n del Dr. Alverto Vargas Lira DECANO DE LA FACULTAD DE ODONTOLOG\u00cdA , se ve la necesidad de crear el pos grado de odontologia por lo que con gestiones \u00a0del decano se firma una carta de intenciones entre el Dr. Vargas y el Decano de la UBA maximo Giglio, en el mes de agosto y en el mes de septiembre es refrendado mediante el convenio entre la UAJMS el Lic. Carlos Cabrera y el Decano de la UBA Maximo Giglio. realizandose el primer curso de maestria en Ortodoncia dicato por Ricardo Guardo el 25 de Abril del 2001.<\/p>\n","protected":false},"excerpt":{"rendered":"<p>A\u00f1o 1956.- Durante la gesti\u00f3n del Dr. Heriberto Trigo Paz como rector de la Universidad Autonoma \u00abJuan Misael Saracho\u00bb, se realizan los [&hellip;]<\/p>\n","protected":false},"author":19,"featured_media":0,"parent":0,"menu_order":0,"comment_status":"closed","ping_status":"open","template":"","meta":{"_joinchat":[],"footnotes":""},"class_list":["post-8","page","type-page","status-publish","hentry"],"jetpack_sharing_enabled":true,"publishpress_future_action":{"enabled":false,"date":"2026-04-28 12:16:15","action":"change-status","newStatus":"draft","terms":[],"taxonomy":"","extraData":[]},"publishpress_future_workflow_manual_trigger":{"enabledWorkflows":[]},"_links":{"self":[{"href":"https:\/\/www.uajms.edu.bo\/fod\/index.php?rest_route=\/wp\/v2\/pages\/8","targetHints":{"allow":["GET"]}}],"collection":[{"href":"https:\/\/www.uajms.edu.bo\/fod\/index.php?rest_route=\/wp\/v2\/pages"}],"about":[{"href":"https:\/\/www.uajms.edu.bo\/fod\/index.php?rest_route=\/wp\/v2\/types\/page"}],"author":[{"embeddable":true,"href":"https:\/\/www.uajms.edu.bo\/fod\/index.php?rest_route=\/wp\/v2\/users\/19"}],"replies":[{"embeddable":true,"href":"https:\/\/www.uajms.edu.bo\/fod\/index.php?rest_route=%2Fwp%2Fv2%2Fcomments&post=8"}],"version-history":[{"count":7,"href":"https:\/\/www.uajms.edu.bo\/fod\/index.php?rest_route=\/wp\/v2\/pages\/8\/revisions"}],"predecessor-version":[{"id":138,"href":"https:\/\/www.uajms.edu.bo\/fod\/index.php?rest_route=\/wp\/v2\/pages\/8\/revisions\/138"}],"wp:attachment":[{"href":"https:\/\/www.uajms.edu.bo\/fod\/index.php?rest_route=%2Fwp%2Fv2%2Fmedia&parent=8"}],"curies":[{"name":"wp","href":"https:\/\/api.w.org\/{rel}","templated":true}]}}