

{"id":738,"date":"2018-10-25T20:34:12","date_gmt":"2018-10-25T20:34:12","guid":{"rendered":"http:\/\/www.uajms.edu.bo\/fod\/?page_id=738"},"modified":"2022-09-23T22:42:21","modified_gmt":"2022-09-23T22:42:21","slug":"perfil-profesional","status":"publish","type":"page","link":"https:\/\/www.uajms.edu.bo\/fod\/?page_id=738","title":{"rendered":"Perfil Profesional"},"content":{"rendered":"\n<p><em><strong>La carrera de Odontolog\u00eda formara profesionales capacitados para solucionar los problemas generales bucodentales de la poblaci\u00f3n y proporcionara estabilidad bio-psico-social a la comunidad de acuerdo a las caracter\u00edsticas del pueblo boliviano y su entorno socio econ\u00f3mico y cultural; con valores \u00e9ticos, morales, compromiso social y solida<\/strong>rio.<\/em><\/p>\n\n\n\n<ol class=\"wp-block-list\" type=\"1\"><li><em>Planificar y ejecutar pol\u00edticas de prevenci\u00f3n y educaci\u00f3n para la salud bucal, a trav\u00e9s de indicaciones escritas u orales, a sus pacientes o a la poblaci\u00f3n orientando el uso correcto de diferentes instrumentos de profilaxis odontol\u00f3gica y la aplicaci\u00f3n de fluoruros y sellantes,<\/em><\/li><li><em>Diagnosticar el estado de salud bucodentomaxilofacial, identificando las patolog\u00edas que pudieran presentarse en el paciente.<\/em><\/li><li><em>Pronosticar la evaluaci\u00f3n de las patolog\u00edas bucodentomaxilofaciales con el objeto de realizar un buen plan de tratamiento y no tener que modificar en gran medida el presupuesto de este.<\/em><\/li><li><em>Determinar el tratamiento adecuado de cualquier patolog\u00eda bucodentomaxilofacion a nivel nacional e internacional.<\/em><\/li><li><em>Ejecutar pol\u00edticas de extensi\u00f3n e interacci\u00f3n con el contexto social, contribuyendo a trav\u00e9s de su formaci\u00f3n integral a la soluci\u00f3n de los problemas de la comunidad en el campo de la salud bucal y del entorno que son de inter\u00e9s general.<\/em><\/li><li><em>Estar actualizado a trav\u00e9s de los diferentes medios de comunicaci\u00f3n contempor\u00e1neos, como ser internet, disco compacto, revistas, videos, etc.<\/em><\/li><li><em>Dise\u00f1ar y ejecutar ensayos de investigaci\u00f3n sobre casos estad\u00edsticos de malformaciones y patolog\u00edas dentomaxilofaciales que podr\u00edan presentar en la regi\u00f3n.<\/em><\/li><\/ol>\n","protected":false},"excerpt":{"rendered":"<p>La carrera de Odontolog\u00eda formara profesionales capacitados para solucionar los problemas generales bucodentales de la poblaci\u00f3n y proporcionara estabilidad bio-psico-social a la [&hellip;]<\/p>\n","protected":false},"author":19,"featured_media":0,"parent":0,"menu_order":0,"comment_status":"closed","ping_status":"closed","template":"","meta":{"_joinchat":[],"footnotes":""},"class_list":["post-738","page","type-page","status-publish","hentry"],"jetpack_sharing_enabled":true,"publishpress_future_action":{"enabled":false,"date":"2026-05-07 02:04:42","action":"change-status","newStatus":"draft","terms":[],"taxonomy":"","extraData":[]},"publishpress_future_workflow_manual_trigger":{"enabledWorkflows":[]},"_links":{"self":[{"href":"https:\/\/www.uajms.edu.bo\/fod\/index.php?rest_route=\/wp\/v2\/pages\/738","targetHints":{"allow":["GET"]}}],"collection":[{"href":"https:\/\/www.uajms.edu.bo\/fod\/index.php?rest_route=\/wp\/v2\/pages"}],"about":[{"href":"https:\/\/www.uajms.edu.bo\/fod\/index.php?rest_route=\/wp\/v2\/types\/page"}],"author":[{"embeddable":true,"href":"https:\/\/www.uajms.edu.bo\/fod\/index.php?rest_route=\/wp\/v2\/users\/19"}],"replies":[{"embeddable":true,"href":"https:\/\/www.uajms.edu.bo\/fod\/index.php?rest_route=%2Fwp%2Fv2%2Fcomments&post=738"}],"version-history":[{"count":5,"href":"https:\/\/www.uajms.edu.bo\/fod\/index.php?rest_route=\/wp\/v2\/pages\/738\/revisions"}],"predecessor-version":[{"id":2742,"href":"https:\/\/www.uajms.edu.bo\/fod\/index.php?rest_route=\/wp\/v2\/pages\/738\/revisions\/2742"}],"wp:attachment":[{"href":"https:\/\/www.uajms.edu.bo\/fod\/index.php?rest_route=%2Fwp%2Fv2%2Fmedia&parent=738"}],"curies":[{"name":"wp","href":"https:\/\/api.w.org\/{rel}","templated":true}]}}