

{"id":7,"date":"2020-12-15T12:02:00","date_gmt":"2020-12-15T12:02:00","guid":{"rendered":"http:\/\/www.uajms.edu.bo\/fdo\/?page_id=7"},"modified":"2022-09-26T14:43:59","modified_gmt":"2022-09-26T14:43:59","slug":"acerca-de-la-facultad","status":"publish","type":"page","link":"https:\/\/www.uajms.edu.bo\/fod\/?page_id=7","title":{"rendered":"Acerca de la Facultad"},"content":{"rendered":"[vc_row][vc_column width=\u00bb2\/3&#8243;][vc_custom_heading text=\u00bbPresentaci\u00f3n\u00bb google_fonts=\u00bbfont_family:Montserrat%3Aregular%2C700&#8243;][vc_column_text]\n<p><em>La Facultad de Odontolog\u00eda es un referente en la educaci\u00f3n odontol\u00f3gica en el sur nuestro pa\u00eds. Sus egresados cumplen un rol muy importante en la odontolog\u00eda departamental, nacional e internacional. La Instituci\u00f3n cuenta con profesionales que cumplen con todos los perfiles profesionales en las materias de nuestros planes de estudios, y a nivel nacional se destaca nuestra facultad por estar presente en casi todos los departamentos dando especialidades y maestr\u00edas. Todos los docentes cuentan con diplomado en teor\u00eda y pr\u00e1ctica pedag\u00f3gica requisito indispensable para acceder dentro de la Universidad. El 95 % cuentan con maestr\u00edas y constantes cursos de actualizaci\u00f3n.<\/em><\/p>\n[\/vc_column_text][\/vc_column][vc_column width=\u00bb1\/3&#8243;][vc_row_inner][vc_column_inner][vc_single_image image=\u00bb2684&#8243; alignment=\u00bbcenter\u00bb style=\u00bbvc_box_rounded\u00bb onclick=\u00bblink_image\u00bb][vc_single_image image=\u00bb2685&#8243; alignment=\u00bbcenter\u00bb style=\u00bbvc_box_rounded\u00bb onclick=\u00bblink_image\u00bb][\/vc_column_inner][\/vc_row_inner][vc_separator][\/vc_column][\/vc_row]\n","protected":false},"excerpt":{"rendered":"<p>[vc_row][vc_column width=\u00bb2\/3&#8243;][vc_custom_heading text=\u00bbPresentaci\u00f3n\u00bb google_fonts=\u00bbfont_family:Montserrat%3Aregular%2C700&#8243;][vc_column_text] La Facultad de Odontolog\u00eda es un referente en la educaci\u00f3n odontol\u00f3gica en el sur nuestro pa\u00eds. Sus egresados [&hellip;]<\/p>\n","protected":false},"author":19,"featured_media":1170,"parent":0,"menu_order":0,"comment_status":"closed","ping_status":"open","template":"","meta":{"_joinchat":[],"footnotes":""},"class_list":["post-7","page","type-page","status-publish","has-post-thumbnail","hentry"],"jetpack_sharing_enabled":true,"publishpress_future_action":{"enabled":false,"date":"2026-04-28 12:16:15","action":"change-status","newStatus":"draft","terms":[],"taxonomy":"","extraData":[]},"publishpress_future_workflow_manual_trigger":{"enabledWorkflows":[]},"_links":{"self":[{"href":"https:\/\/www.uajms.edu.bo\/fod\/index.php?rest_route=\/wp\/v2\/pages\/7","targetHints":{"allow":["GET"]}}],"collection":[{"href":"https:\/\/www.uajms.edu.bo\/fod\/index.php?rest_route=\/wp\/v2\/pages"}],"about":[{"href":"https:\/\/www.uajms.edu.bo\/fod\/index.php?rest_route=\/wp\/v2\/types\/page"}],"author":[{"embeddable":true,"href":"https:\/\/www.uajms.edu.bo\/fod\/index.php?rest_route=\/wp\/v2\/users\/19"}],"replies":[{"embeddable":true,"href":"https:\/\/www.uajms.edu.bo\/fod\/index.php?rest_route=%2Fwp%2Fv2%2Fcomments&post=7"}],"version-history":[{"count":5,"href":"https:\/\/www.uajms.edu.bo\/fod\/index.php?rest_route=\/wp\/v2\/pages\/7\/revisions"}],"predecessor-version":[{"id":2760,"href":"https:\/\/www.uajms.edu.bo\/fod\/index.php?rest_route=\/wp\/v2\/pages\/7\/revisions\/2760"}],"wp:featuredmedia":[{"embeddable":true,"href":"https:\/\/www.uajms.edu.bo\/fod\/index.php?rest_route=\/wp\/v2\/media\/1170"}],"wp:attachment":[{"href":"https:\/\/www.uajms.edu.bo\/fod\/index.php?rest_route=%2Fwp%2Fv2%2Fmedia&parent=7"}],"curies":[{"name":"wp","href":"https:\/\/api.w.org\/{rel}","templated":true}]}}