

{"id":4103,"date":"2025-05-11T00:13:04","date_gmt":"2025-05-11T04:13:04","guid":{"rendered":"https:\/\/www.uajms.edu.bo\/fod\/?page_id=4103"},"modified":"2025-05-11T00:15:10","modified_gmt":"2025-05-11T04:15:10","slug":"clinica-de-diagnostico-y-admision","status":"publish","type":"page","link":"https:\/\/www.uajms.edu.bo\/fod\/?page_id=4103","title":{"rendered":"Cl\u00ednica de Diagnostico y Admisi\u00f3n Gesti\u00f3n 2025"},"content":{"rendered":"[vc_row][vc_column][vc_gallery interval=\u00bb15&#8243; images=\u00bb4080&#8243;][\/vc_column][\/vc_row]\n","protected":false},"excerpt":{"rendered":"<p>[vc_row][vc_column][vc_gallery interval=\u00bb15&#8243; images=\u00bb4080&#8243;][\/vc_column][\/vc_row]<\/p>\n","protected":false},"author":158,"featured_media":0,"parent":0,"menu_order":0,"comment_status":"closed","ping_status":"closed","template":"","meta":{"_joinchat":[],"footnotes":""},"class_list":["post-4103","page","type-page","status-publish","hentry"],"jetpack_sharing_enabled":true,"publishpress_future_action":{"enabled":false,"date":"2026-05-14 13:28:17","action":"change-status","newStatus":"draft","terms":[],"taxonomy":"","extraData":[]},"publishpress_future_workflow_manual_trigger":{"enabledWorkflows":[]},"_links":{"self":[{"href":"https:\/\/www.uajms.edu.bo\/fod\/index.php?rest_route=\/wp\/v2\/pages\/4103","targetHints":{"allow":["GET"]}}],"collection":[{"href":"https:\/\/www.uajms.edu.bo\/fod\/index.php?rest_route=\/wp\/v2\/pages"}],"about":[{"href":"https:\/\/www.uajms.edu.bo\/fod\/index.php?rest_route=\/wp\/v2\/types\/page"}],"author":[{"embeddable":true,"href":"https:\/\/www.uajms.edu.bo\/fod\/index.php?rest_route=\/wp\/v2\/users\/158"}],"replies":[{"embeddable":true,"href":"https:\/\/www.uajms.edu.bo\/fod\/index.php?rest_route=%2Fwp%2Fv2%2Fcomments&post=4103"}],"version-history":[{"count":4,"href":"https:\/\/www.uajms.edu.bo\/fod\/index.php?rest_route=\/wp\/v2\/pages\/4103\/revisions"}],"predecessor-version":[{"id":4121,"href":"https:\/\/www.uajms.edu.bo\/fod\/index.php?rest_route=\/wp\/v2\/pages\/4103\/revisions\/4121"}],"wp:attachment":[{"href":"https:\/\/www.uajms.edu.bo\/fod\/index.php?rest_route=%2Fwp%2Fv2%2Fmedia&parent=4103"}],"curies":[{"name":"wp","href":"https:\/\/api.w.org\/{rel}","templated":true}]}}