

{"id":3555,"date":"2023-07-31T16:50:44","date_gmt":"2023-07-31T20:50:44","guid":{"rendered":"https:\/\/www.uajms.edu.bo\/fod\/?page_id=3555"},"modified":"2023-07-31T17:48:51","modified_gmt":"2023-07-31T21:48:51","slug":"doctorado-en-ciencias-odontologicas","status":"publish","type":"page","link":"https:\/\/www.uajms.edu.bo\/fod\/?page_id=3555","title":{"rendered":"Doctorado en Ciencias Odontol\u00f3gicas"},"content":{"rendered":"\n<ol id=\"indice_curso\" class=\"has-vivid-red-color has-text-color wp-block-list\">\n<li><a href=\"#ficha_tecnica\" data-type=\"post\" data-id=\"1\"><strong><mark class=\"has-inline-color has-vivid-red-color\">Ficha t\u00e9cnica<\/mark><\/strong><\/a><\/li>\n\n\n\n<li><a href=\"#requisitos\" data-type=\"post\" data-id=\"1\"><strong><mark class=\"has-inline-color has-vivid-red-color\">Requisitos<\/mark><\/strong><\/a><\/li>\n\n\n\n<li><a href=\"#costo\" data-type=\"post\" data-id=\"1\"><strong><mark class=\"has-inline-color has-vivid-red-color\">Costo y modalidad de pago<\/mark><\/strong><\/a><\/li>\n\n\n\n<li><strong><a href=\"#programa\" data-type=\"post\" data-id=\"1\"><mark class=\"has-inline-color has-vivid-red-color\">Programa Acad\u00e9mico<\/mark><\/a><\/strong><\/li>\n\n\n\n<li><strong><a href=\"#plantel\" data-type=\"post\" data-id=\"1\"><mark class=\"has-inline-color has-vivid-red-color\">Plantel Docente<\/mark><\/a><\/strong><\/li>\n\n\n\n<li><a href=\"#contacto\" data-type=\"post\" data-id=\"1\"><strong><mark class=\"has-inline-color has-vivid-red-color\">Contacto<\/mark><\/strong><\/a><\/li>\n<\/ol>\n\n\n\n<p><strong>Haga click en un titulo del indice para ir al contenido<\/strong><\/p>\n\n\n\n<p id=\"ficha_tecnica\"><strong>1. Ficha T\u00e9cnica<\/strong><\/p>\n\n\n\n<div class=\"wp-block-group is-vertical is-layout-flex wp-container-core-group-is-layout-fe9cc265 wp-block-group-is-layout-flex\">\n<p>Duraci\u00f3n del curso: 36 meses<\/p>\n\n\n\n<p>Tipo de t\u00edtulo: Maestria.<\/p>\n\n\n\n<p>Lugar: Presencial &#8211; Facultad de Odontolog\u00eda Tarija &#8211; Bolivia, En linea &#8211; Aula virtual.<\/p>\n\n\n\n<p>Instituciones Participantes:&nbsp; Universidad Aut\u00f3noma Juan Misael Saracho<\/p>\n<\/div>\n\n\n\n<p class=\"has-vivid-red-color has-text-color\"><a href=\"#indice_curso\">Volver<\/a><\/p>\n\n\n\n<p id=\"requisitos\"><strong>2. Requisitos<\/strong><\/p>\n\n\n\n<div class=\"wp-block-group is-layout-flow wp-block-group-is-layout-flow\">\n<ul class=\"wp-block-list\">\n<li>Formulario de registro.<\/li>\n\n\n\n<li>Hoja de Vida<\/li>\n\n\n\n<li>Fotocopia del grado acad\u00e9mico<\/li>\n\n\n\n<li>Fotocopia simple del t\u00edtulo de maestr\u00eda.<\/li>\n\n\n\n<li>Fotocopia de carnet de identidad del postulante.<\/li>\n\n\n\n<li>Fotocopia de carnet de identidad del garante (matriculaci\u00f3n al cr\u00e9dito *)<\/li>\n\n\n\n<li>Boleta de dep\u00f3sito de pago de matr\u00edcula de inscripci\u00f3n<\/li>\n\n\n\n<li>Contrato firmado<\/li>\n<\/ul>\n\n\n\n<p class=\"has-vivid-red-color has-text-color\"><a href=\"#indice_curso\">Volver<\/a><\/p>\n\n\n\n<p id=\"costo\"><strong>3. Costo y modalidad de pago<\/strong><\/p>\n\n\n\n<p>Costo al contado 34.452,00 Bs<\/p>\n\n\n\n<div class=\"wp-block-group is-layout-flow wp-block-group-is-layout-flow\">\n<p>Cuenta bancaria 1-6034982 Banco Uni\u00f3n.<\/p>\n\n\n\n<p>Modalidad de pago:<\/p>\n\n\n\n<p>Pago mediante transferencia bancaria o dep\u00f3sito.<\/p>\n\n\n\n<p>Costo al cr\u00e9dito: Opci\u00f3n de pago en\u00a0 35 cuotas de 994 Bs.<\/p>\n\n\n\n<p><\/p>\n\n\n\n<p class=\"has-vivid-red-color has-text-color\"><a href=\"#indice_curso\">Volver<\/a><\/p>\n\n\n\n<p id=\"programa\"><strong>4. Programa Acad\u00e9mico<\/strong><\/p>\n<\/div>\n\n\n\n<figure class=\"wp-block-table\"><table><tbody><tr><td>MODULO<\/td><td>TEMA<\/td><\/tr><tr><td>1<\/td><td>Morfo\ufb01siopatolog\u00eda del sistema estomaton\u00e1gtico<\/td><\/tr><tr><td>2<\/td><td>Salud p\u00fablica y bioestad\u00edstica en odontolog\u00eda.<\/td><\/tr><tr><td>3<\/td><td>Epidemiolog\u00eda y prevenci\u00f3n en odontolog\u00eda<\/td><\/tr><tr><td>4<\/td><td>Investigaci\u00f3n en odontolog\u00eda cl\u00ednica<\/td><\/tr><tr><td>5<\/td><td>Metodolog\u00eda de la investigaci\u00f3n cient\u00ed\ufb01ca y tecnol\u00f3gica.<\/td><\/tr><tr><td>6<\/td><td>Redacci\u00f3n de art\u00edculos cient\u00ed\ufb01cos.<\/td><\/tr><tr><td>7<\/td><td>Taller de Tesis<\/td><\/tr><\/tbody><\/table><\/figure>\n<\/div>\n\n\n\n<p class=\"has-vivid-red-color has-text-color\"><a href=\"#indice_curso\">Volver<\/a><\/p>\n\n\n\n<p id=\"plantel\"><strong>5. Plantel Docente<\/strong><\/p>\n\n\n<table style=\"border-style: hidden\">\n<tbody style=\"border-style: hidden\">\n<tr style=\"border-style: hidden\">\n<td style=\"border-style: hidden;text-align: right\">&nbsp;<\/td>\n<td style=\"border-style: hidden;text-align: left\">\n<p><strong>CARLOS GABRIEL ADORNO QUEVEDO<\/strong><br>Dr. PhD. <br>Doctor of Philosophy in Dental Science<\/p>\n<\/td>\n<td style=\"border-style: hidden;text-align: right\">&nbsp;<\/td>\n<td style=\"border-style: hidden;text-align: left\"><strong>JOS\u00c9 BURGOS PONCE<\/strong><br>Dr. PhD. <br>Doctorado en Patolog\u00eda Bucal. <br>Universidad de S\u00e4o Paulo &#8211; Brasil<\/td>\n<\/tr>\n<tr>\n<td style=\"border-style: hidden;text-align: right\">&nbsp;<\/td>\n<td style=\"border-style: hidden;text-align: left\"><strong>ERMELINDA ESCUDERO VEL\u00c1SQUEZ<\/strong><br>Dr. PhD. <br>Doctorado en Ciencias de la Educaci\u00f3n <br>Especialista en Endodoncia<\/td>\n<td style=\"border-style: hidden;text-align: right\">&nbsp;<\/td>\n<td style=\"border-style: hidden;text-align: left\"><strong>IVONNE FABIANA RAM\u00cdREZ MART\u00cdNEZ<\/strong><br>Dr. PhD. <br>Posdoctorado en Neurodesarrollo y AT. <br>Universidad de Salamanca &#8211; Espa\u00f1a<\/td>\n<\/tr>\n<tr>\n<td style=\"border-style: hidden;text-align: right\">&nbsp;<\/td>\n<td style=\"border-style: hidden;text-align: left\"><strong>FABIO DUARTE DA COSTA AZNAR<\/strong><br>Dr. PhD. <br>Doctorado en Ciencias Aplicadas a la <br>Odontolog\u00eda &#8211; Brasil<\/td>\n<td style=\"border-style: hidden;text-align: right\">&nbsp;<\/td>\n<td style=\"border-style: hidden;text-align: left\">&nbsp;<\/td>\n<\/tr>\n<tr>\n<td style=\"border-style: hidden;text-align: right\">&nbsp;<\/td>\n<td style=\"border-style: hidden;text-align: left\">&nbsp;<\/td>\n<\/tr>\n<\/tbody>\n<\/table>\n\n\n<p class=\"has-vivid-red-color has-text-color\" id=\"block-a65ea725-2fc9-4e04-b396-69731c0ec5bf\"><a href=\"#indice_curso\"><br>Volver<\/a><\/p>\n\n\n\n<p id=\"contacto\"><strong>6. Contacto<\/strong><\/p>\n\n\n\n<p id=\"block-b4096edc-93f6-463e-b1cd-7af8ef0b5ec3\">Telel\u00e9fono de contacto:<\/p>\n\n\n\n<p>+591 70216187<br>+591 60259559<\/p>\n\n\n\n<p id=\"block-b432fbf2-1d92-4d13-8495-c35e812ce44b\">cursos-odontologia@uajms.edu.bo<\/p>\n\n\n\n<p class=\"has-vivid-red-color has-text-color\" id=\"block-b2902c07-e7e0-4452-9fb0-44ca2818cc1e\"><a href=\"#indice_curso\">Volver<\/a><\/p>\n\n\n\n<p><\/p>\n","protected":false},"excerpt":{"rendered":"<p>Haga click en un titulo del indice para ir al contenido 1. Ficha T\u00e9cnica Duraci\u00f3n del curso: 36 meses Tipo de t\u00edtulo: [&hellip;]<\/p>\n","protected":false},"author":134,"featured_media":3489,"parent":0,"menu_order":0,"comment_status":"closed","ping_status":"closed","template":"","meta":{"_joinchat":[],"footnotes":""},"class_list":["post-3555","page","type-page","status-publish","has-post-thumbnail","hentry"],"jetpack_sharing_enabled":true,"publishpress_future_action":{"enabled":false,"date":"2026-05-14 20:06:48","action":"change-status","newStatus":"draft","terms":[],"taxonomy":"","extraData":[]},"publishpress_future_workflow_manual_trigger":{"enabledWorkflows":[]},"_links":{"self":[{"href":"https:\/\/www.uajms.edu.bo\/fod\/index.php?rest_route=\/wp\/v2\/pages\/3555","targetHints":{"allow":["GET"]}}],"collection":[{"href":"https:\/\/www.uajms.edu.bo\/fod\/index.php?rest_route=\/wp\/v2\/pages"}],"about":[{"href":"https:\/\/www.uajms.edu.bo\/fod\/index.php?rest_route=\/wp\/v2\/types\/page"}],"author":[{"embeddable":true,"href":"https:\/\/www.uajms.edu.bo\/fod\/index.php?rest_route=\/wp\/v2\/users\/134"}],"replies":[{"embeddable":true,"href":"https:\/\/www.uajms.edu.bo\/fod\/index.php?rest_route=%2Fwp%2Fv2%2Fcomments&post=3555"}],"version-history":[{"count":6,"href":"https:\/\/www.uajms.edu.bo\/fod\/index.php?rest_route=\/wp\/v2\/pages\/3555\/revisions"}],"predecessor-version":[{"id":3612,"href":"https:\/\/www.uajms.edu.bo\/fod\/index.php?rest_route=\/wp\/v2\/pages\/3555\/revisions\/3612"}],"wp:featuredmedia":[{"embeddable":true,"href":"https:\/\/www.uajms.edu.bo\/fod\/index.php?rest_route=\/wp\/v2\/media\/3489"}],"wp:attachment":[{"href":"https:\/\/www.uajms.edu.bo\/fod\/index.php?rest_route=%2Fwp%2Fv2%2Fmedia&parent=3555"}],"curies":[{"name":"wp","href":"https:\/\/api.w.org\/{rel}","templated":true}]}}