

{"id":3376,"date":"2023-05-25T08:01:52","date_gmt":"2023-05-25T12:01:52","guid":{"rendered":"https:\/\/www.uajms.edu.bo\/fod\/?page_id=3376"},"modified":"2023-06-20T18:16:34","modified_gmt":"2023-06-20T22:16:34","slug":"curso-avanzado-de-ortodoncia","status":"publish","type":"page","link":"https:\/\/www.uajms.edu.bo\/fod\/?page_id=3376","title":{"rendered":"Curso avanzado de Ortodoncia"},"content":{"rendered":"\n<ol id=\"indice_curso\" class=\"has-vivid-red-color has-text-color wp-block-list\"><li><a href=\"#presentacion\" data-type=\"post\" data-id=\"1\"><strong><mark class=\"has-inline-color has-vivid-red-color\">Presentaci\u00f3n<\/mark><\/strong><\/a><\/li><li><a href=\"#ficha_tecnica\" data-type=\"post\" data-id=\"1\"><strong><mark class=\"has-inline-color has-vivid-red-color\">Ficha t\u00e9cnica<\/mark><\/strong><\/a><\/li><li><a href=\"#requisitos\" data-type=\"post\" data-id=\"1\"><strong><mark class=\"has-inline-color has-vivid-red-color\">Requisitos<\/mark><\/strong><\/a><\/li><li><a href=\"#costo\" data-type=\"post\" data-id=\"1\"><strong><mark class=\"has-inline-color has-vivid-red-color\">Costo y modalidad de pago<\/mark><\/strong><\/a><\/li><li><strong><a href=\"#programa\" data-type=\"post\" data-id=\"1\"><mark class=\"has-inline-color has-vivid-red-color\">Programa Acad\u00e9mico<\/mark><\/a><\/strong><\/li><li><strong><a href=\"#plantel\" data-type=\"post\" data-id=\"1\"><mark class=\"has-inline-color has-vivid-red-color\">Plantel Docente<\/mark><\/a><\/strong><\/li><li><a href=\"#contacto\" data-type=\"post\" data-id=\"1\"><strong><mark class=\"has-inline-color has-vivid-red-color\">Contacto<\/mark><\/strong><\/a><\/li><\/ol>\n\n\n\n<p><strong>Haga click en un titulo del indice para ir al contenido<\/strong><\/p>\n\n\n\n<ol class=\"wp-block-list\"><li><strong id=\"presentacion\">Presentaci\u00f3n<\/strong><\/li><\/ol>\n\n\n\n<p>Les damos la bienvenida a este espacio de informaci\u00f3n y agradecemos su participaci\u00f3n, esperamos que les sea de utilidad y pueda disipar sus dudas.<\/p>\n\n\n\n<p>El prop\u00f3sito de este <strong><em>Curso Avanzado de Ortodoncia <\/em><\/strong>es de profundizar el conocimiento, ofreciendo una formaci\u00f3n actualizada acorde a las nuevas t\u00e9cnicas de abordaje al paciente, para ello es indispensable brindar una capacitaci\u00f3n en el \u00e1rea, que cuente con mayores instrumentos a su alcance, para tomar decisiones de una manera m\u00e1s segura y \u00e1gil.<\/p>\n\n\n\n<p>Esperamos que las clases, pr\u00e1cticas, materiales y herramientas que compartiremos constituyan, un instrumento m\u00e1s que facilite el quehacer diario de su pr\u00e1ctica profesional, al tiempo que d\u00e9 cumplimiento a nuestro prop\u00f3sito institucional: Profundizar el conocimiento.<\/p>\n\n\n\n<p><strong>Todo el plantel docente es internacional<\/strong> el mismo que cuenta con amplia experiencia en el \u00e1rea de Ortodoncia, por ello est\u00e1 dirigido a especialistas ortodoncistas.<\/p>\n\n\n\n<p>La idea es que se convierta en un espacio de construcci\u00f3n de saberes e intercambio de conocimientos y pr\u00e1cticas, donde pueda incluirse la experiencia personal. Abordaremos esta tem\u00e1tica a partir de materiales y propuestas de intervenci\u00f3n, esperando ayudarles a participar con pensamiento cr\u00edtico y reflexivo mediante los contenidos y actividades seleccionadas.<\/p>\n\n\n\n<p>En el aula virtual encontrar\u00e1n:<\/p>\n\n\n\n<ul class=\"wp-block-list\"><li>Un \u00e1rea de informaci\u00f3n donde se presentan los avisos del profesor, informaci\u00f3n del curso.<\/li><li>La cafeter\u00eda: es un espacio de encuentro entre colegas.<\/li><li>Un \u00e1rea de clases: es un espacio de interacci\u00f3n donde se publicar\u00e1n las clases semana a semana.<\/li><\/ul>\n\n\n\n<p>En esta secci\u00f3n tambi\u00e9n encontrar\u00e1n un espacio con las consignas para las actividades de la clase y un foro de consultas.<\/p>\n\n\n\n<p>Los enlaces o links tambi\u00e9n se enviar\u00e1n mediante un grupo de Whats App donde ser\u00e1n a\u00f1adidos despu\u00e9s de su inscripci\u00f3n.<\/p>\n\n\n\n<p>La evaluaci\u00f3n final es presencial y su aprobaci\u00f3n es requisito obligatorio para aprobar la capacitaci\u00f3n. En los d\u00edas previstos en el cronograma, van a encontrar las clases disponibles dentro del aula virtual, motivo por el cual les recomendamos ingresar a la plataforma con regularidad.<\/p>\n\n\n\n<p>Les invito a que puedan navegar por nuestro Portal para poder obtener mayor informaci\u00f3n.<\/p>\n\n\n\n<p>\u00a1Bienvenidos!<\/p>\n\n\n\n<p><strong>M.Sc. Lic. Cecilia Alessandra Vera Arce<br>VICEDECANO FAC. ODONTOLOG\u00cdA<\/strong><\/p>\n\n\n\n<p><a href=\"#indice_curso\" data-type=\"post\" data-id=\"1\">Volver<\/a><\/p>\n\n\n\n<p id=\"ficha_tecnica\"><strong>2. Ficha T\u00e9cnica<\/strong><\/p>\n\n\n\n<div class=\"wp-block-group is-vertical is-layout-flex wp-container-core-group-is-layout-fe9cc265 wp-block-group-is-layout-flex\">\n<p>Duraci\u00f3n del curso: 6 meses<\/p>\n\n\n\n<p>Tipo de t\u00edtulo: Certificado de aprobaci\u00f3n.<\/p>\n\n\n\n<p>Lugar: Presencial &#8211; Facultad de Odontolog\u00eda Tarija &#8211; Bolivia, En linea &#8211; Aula virtual.<\/p>\n\n\n\n<p>Instituciones Participantes:&nbsp; Universidad Aut\u00f3noma Juan Misael Saracho<\/p>\n<\/div>\n\n\n\n<p class=\"has-vivid-red-color has-text-color\"><a href=\"#indice_curso\">Volver<\/a><\/p>\n\n\n\n<p id=\"requisitos\"><strong>3. Requisitos<\/strong><\/p>\n\n\n\n<div class=\"wp-block-group is-layout-flow wp-block-group-is-layout-flow\">\n<p>1. Presentar una copia simple del diplomado, la especialidad o maestr\u00eda en Ortodoncia o constancia de matriculaci\u00f3n de un programa de posgrado de odontolog\u00eda de la UAJMS.<\/p>\n\n\n\n<p>2. Copia comprobante de pago.<\/p>\n\n\n\n<p>3. Llenar formulario de inscripci\u00f3n.<\/p>\n\n\n\n<p class=\"has-vivid-red-color has-text-color\"><a href=\"#indice_curso\">Volver<\/a><\/p>\n\n\n\n<p id=\"costo\"><strong>4. Costo y modalidad de pago<\/strong><\/p>\n\n\n\n<p>Costo: 1200 $us<\/p>\n\n\n\n<div class=\"wp-block-group is-layout-flow wp-block-group-is-layout-flow\">\n<p>Cuenta bancaria 1-6034924 Banco Uni\u00f3n.<\/p>\n\n\n\n<p>Modalidad de pago:<\/p>\n\n\n\n<p>Pago mediante transferencia bancaria o dep\u00f3sito.<\/p>\n\n\n\n<p>Opci\u00f3n de pago en&nbsp; tres (3) cuotas de 300 $us.<\/p>\n\n\n\n<p>Descuento a Docentes y Estudiantes de posgrado de Odontologia de la UAJMS<\/p>\n\n\n\n<p>Formulario de inscripci\u00f3n: <a href=\"https:\/\/forms.office.com\/r\/pPje35DuMS\" target=\"_blank\" rel=\"noreferrer noopener\">https:\/\/forms.office.com\/r\/pPje35DuMS<\/a><\/p>\n\n\n\n<figure class=\"wp-block-image size-large\"><a href=\"https:\/\/www.uajms.edu.bo\/fod\/wp-content\/uploads\/sites\/16\/2023\/05\/Codigo-QR-para-Inscripcion-al-curso-avanzado-en-Ortodoncia.png\"><img fetchpriority=\"high\" decoding=\"async\" width=\"1024\" height=\"1024\" src=\"https:\/\/www.uajms.edu.bo\/fod\/wp-content\/uploads\/sites\/16\/2023\/05\/Codigo-QR-para-Inscripcion-al-curso-avanzado-en-Ortodoncia-1024x1024.png\" alt=\"\" class=\"wp-image-3460\" srcset=\"https:\/\/www.uajms.edu.bo\/fod\/wp-content\/uploads\/sites\/16\/2023\/05\/Codigo-QR-para-Inscripcion-al-curso-avanzado-en-Ortodoncia-1024x1024.png 1024w, https:\/\/www.uajms.edu.bo\/fod\/wp-content\/uploads\/sites\/16\/2023\/05\/Codigo-QR-para-Inscripcion-al-curso-avanzado-en-Ortodoncia-300x300.png 300w, https:\/\/www.uajms.edu.bo\/fod\/wp-content\/uploads\/sites\/16\/2023\/05\/Codigo-QR-para-Inscripcion-al-curso-avanzado-en-Ortodoncia-150x150.png 150w, https:\/\/www.uajms.edu.bo\/fod\/wp-content\/uploads\/sites\/16\/2023\/05\/Codigo-QR-para-Inscripcion-al-curso-avanzado-en-Ortodoncia-768x768.png 768w, https:\/\/www.uajms.edu.bo\/fod\/wp-content\/uploads\/sites\/16\/2023\/05\/Codigo-QR-para-Inscripcion-al-curso-avanzado-en-Ortodoncia-1536x1536.png 1536w, https:\/\/www.uajms.edu.bo\/fod\/wp-content\/uploads\/sites\/16\/2023\/05\/Codigo-QR-para-Inscripcion-al-curso-avanzado-en-Ortodoncia-920x920.png 920w, https:\/\/www.uajms.edu.bo\/fod\/wp-content\/uploads\/sites\/16\/2023\/05\/Codigo-QR-para-Inscripcion-al-curso-avanzado-en-Ortodoncia-230x230.png 230w, https:\/\/www.uajms.edu.bo\/fod\/wp-content\/uploads\/sites\/16\/2023\/05\/Codigo-QR-para-Inscripcion-al-curso-avanzado-en-Ortodoncia-350x350.png 350w, https:\/\/www.uajms.edu.bo\/fod\/wp-content\/uploads\/sites\/16\/2023\/05\/Codigo-QR-para-Inscripcion-al-curso-avanzado-en-Ortodoncia-480x480.png 480w, https:\/\/www.uajms.edu.bo\/fod\/wp-content\/uploads\/sites\/16\/2023\/05\/Codigo-QR-para-Inscripcion-al-curso-avanzado-en-Ortodoncia.png 1890w\" sizes=\"(max-width: 1024px) 100vw, 1024px\" \/><\/a><\/figure>\n\n\n\n<p class=\"has-vivid-red-color has-text-color\"><a href=\"#indice_curso\">Volver<\/a><\/p>\n<\/div>\n\n\n\n<p id=\"programa\"><strong>5. Programa Acad\u00e9mico<\/strong><\/p>\n\n\n\n<figure class=\"wp-block-table\"><table><tbody><tr><td>MODULO<\/td><td>TEMA<\/td><td>PROFESOR<\/td><td>FECHA<\/td><td>MODALIDAD<\/td><\/tr><tr><td>1<\/td><td>Expansi\u00f3n maxilar r\u00e1pida y su relaci\u00f3n con la calidad de vida (respiraci\u00f3n bucal, ronquido y apnea).<\/td><td>Dr. Mario Cappellette Jr<\/td><td>17 julio<\/td><td>Presencial<\/td><\/tr><tr><td>2<\/td><td>Preparaci\u00f3n ortod\u00f3ncica en tratamiento con cirug\u00eda ortogn\u00e1tica.<\/td><td>Dr. Mario Cappellette Jr<\/td><td>19 julio<\/td><td>Presencial<\/td><\/tr><tr><td>3<\/td><td>Planificaci\u00f3n de casos cl\u00ednicos.<\/td><td>Dr. Mario Cappellette Jr<\/td><td>10 agosto<\/td><td>Virtual<\/td><\/tr><tr><td>4<\/td><td>Uso de mini-implantes para anclaje ortod\u00f3ncico.<\/td><td>Dr. Fauze Ramez Badreddine<\/td><td>24 agosto<\/td><td>Virtual<\/td><\/tr><tr><td>5<\/td><td>Mec\u00e1nica de deslizamiento para cierre de espacios.<\/td><td>Dr. Rodrigo Mendes Barreto<\/td><td>14 septiembre<\/td><td>Virtual<\/td><\/tr><tr><td>6<\/td><td>Tratamiento de ortodoncia con brackets convencionales y de autoligado.<\/td><td>Dr. Mario Cappellette Jr<\/td><td>28 septiembre<\/td><td>Virtual<\/td><\/tr><tr><td>7<\/td><td>Planificaci\u00f3n de casos cl\u00ednicos.<\/td><td>Dr. Mario Cappellette Jr<\/td><td>19 octubre<\/td><td>Virtual<\/td><\/tr><tr><td>8<\/td><td>Uso de tomograf\u00eda en ortodoncia (evaluaci\u00f3n de v\u00edas a\u00e9reas, dientes extra y supranumerarios, superposici\u00f3n y sus funciones).<\/td><td>Dra. Lucia Hatsue Yamamoto<\/td><td>26 octubre<\/td><td>Virtual<\/td><\/tr><tr><td>9<\/td><td>VTO\/ v\u00e9rtebras cervicales \u2013 determinaci\u00f3n edad .<\/td><td>Dra. Roberta Lopes Gomes Ces\u00e1rio<\/td><td>9 noviembre<\/td><td>Virtual<\/td><\/tr><tr><td>10<\/td><td>Uso de tipos de alambres en ortodoncia .<\/td><td>Dr. Mario Cappellette Jr\/ Dr Andr\u00e9 Besen<\/td><td>23 noviembre<\/td><td>Virtual<\/td><\/tr><tr><td>11<\/td><td>Uso de Stops en mec\u00e1nica de ortodoncia.<\/td><td>Dra. Katia Regina Prade<\/td><td>23 noviembre<\/td><td>Virtual<\/td><\/tr><tr><td>12<\/td><td>Tratamiento de ortodoncia para la correcci\u00f3n de la clase II esquel\u00e9tica y dental.<\/td><td>Dr Fauze Ramez Badreddine<\/td><td>30 noviembre<\/td><td>Virtual<\/td><\/tr><tr><td>13<\/td><td>Clase pr\u00e1ctica de como hacer interruptores maxilares Hyrax .<\/td><td>Dr. Mario Cappellette Jr<\/td><td>4 diciembre<\/td><td>Presencial<\/td><\/tr><tr><td>14<\/td><td>Planificaci\u00f3n de casos cl\u00ednicos.<\/td><td>Dr. Mario Cappellette Jr<\/td><td>4 diciembre<\/td><td>Presencial<\/td><\/tr><\/tbody><\/table><\/figure>\n<\/div>\n\n\n\n<p class=\"has-vivid-red-color has-text-color\"><a href=\"#indice_curso\">Volver<\/a><\/p>\n\n\n\n<p id=\"plantel\"><strong>6. Plantel Docente<\/strong><\/p>\n\n\n<table style=\"border-style: hidden\">\n<tbody style=\"border-style: hidden\">\n<tr style=\"border-style: hidden\">\n<td style=\"border-style: hidden;text-align: right\"><a href=\"http:\/\/www.uajms.edu.bo\/fod\/wp-content\/uploads\/sites\/16\/2023\/05\/curso_Mario.jpeg\"><img decoding=\"async\" class=\"alignnone wp-image-3407\" src=\"http:\/\/www.uajms.edu.bo\/fod\/wp-content\/uploads\/sites\/16\/2023\/05\/curso_Mario-203x300.jpeg\" alt=\"\" width=\"191\" height=\"282\" srcset=\"https:\/\/www.uajms.edu.bo\/fod\/wp-content\/uploads\/sites\/16\/2023\/05\/curso_Mario-203x300.jpeg 203w, https:\/\/www.uajms.edu.bo\/fod\/wp-content\/uploads\/sites\/16\/2023\/05\/curso_Mario-694x1024.jpeg 694w, https:\/\/www.uajms.edu.bo\/fod\/wp-content\/uploads\/sites\/16\/2023\/05\/curso_Mario-768x1133.jpeg 768w, https:\/\/www.uajms.edu.bo\/fod\/wp-content\/uploads\/sites\/16\/2023\/05\/curso_Mario-230x339.jpeg 230w, https:\/\/www.uajms.edu.bo\/fod\/wp-content\/uploads\/sites\/16\/2023\/05\/curso_Mario-350x516.jpeg 350w, https:\/\/www.uajms.edu.bo\/fod\/wp-content\/uploads\/sites\/16\/2023\/05\/curso_Mario-480x708.jpeg 480w, https:\/\/www.uajms.edu.bo\/fod\/wp-content\/uploads\/sites\/16\/2023\/05\/curso_Mario.jpeg 868w\" sizes=\"(max-width: 191px) 100vw, 191px\" \/><\/a><\/td>\n<td style=\"border-style: hidden;text-align: left\">Dr. Mario Cappellette Jr.<br>\nPa\u00eds: Brasil.<br>\nCurriculum: <a href=\"http:\/\/www.uajms.edu.bo\/fod\/wp-content\/uploads\/sites\/16\/2023\/05\/Curriculo-Mario-Cappellette-Junior.pdf\" target=\"_blank\" rel=\"noopener\"><span style=\"color: green\">Click para ver documento<\/span><\/a><\/td>\n<td style=\"border-style: hidden;text-align: right\"><a href=\"http:\/\/www.uajms.edu.bo\/fod\/wp-content\/uploads\/sites\/16\/2023\/05\/curso_Fauze.jpeg\"><img decoding=\"async\" class=\"alignnone wp-image-3404\" src=\"http:\/\/www.uajms.edu.bo\/fod\/wp-content\/uploads\/sites\/16\/2023\/05\/curso_Fauze-215x300.jpeg\" alt=\"\" width=\"187\" height=\"261\" srcset=\"https:\/\/www.uajms.edu.bo\/fod\/wp-content\/uploads\/sites\/16\/2023\/05\/curso_Fauze-215x300.jpeg 215w, https:\/\/www.uajms.edu.bo\/fod\/wp-content\/uploads\/sites\/16\/2023\/05\/curso_Fauze-736x1024.jpeg 736w, https:\/\/www.uajms.edu.bo\/fod\/wp-content\/uploads\/sites\/16\/2023\/05\/curso_Fauze-768x1069.jpeg 768w, https:\/\/www.uajms.edu.bo\/fod\/wp-content\/uploads\/sites\/16\/2023\/05\/curso_Fauze-920x1281.jpeg 920w, https:\/\/www.uajms.edu.bo\/fod\/wp-content\/uploads\/sites\/16\/2023\/05\/curso_Fauze-230x320.jpeg 230w, https:\/\/www.uajms.edu.bo\/fod\/wp-content\/uploads\/sites\/16\/2023\/05\/curso_Fauze-350x487.jpeg 350w, https:\/\/www.uajms.edu.bo\/fod\/wp-content\/uploads\/sites\/16\/2023\/05\/curso_Fauze-480x668.jpeg 480w, https:\/\/www.uajms.edu.bo\/fod\/wp-content\/uploads\/sites\/16\/2023\/05\/curso_Fauze.jpeg 946w\" sizes=\"(max-width: 187px) 100vw, 187px\" \/><\/a><\/td>\n<td style=\"border-style: hidden;text-align: left\">Dr. Fauze Ramez Badreddine<br>\nPa\u00eds: Brasil<\/td>\n<\/tr>\n<tr>\n<td style=\"border-style: hidden;text-align: right\"><a href=\"http:\/\/www.uajms.edu.bo\/fod\/wp-content\/uploads\/sites\/16\/2023\/05\/curso_Rodrigo.jpeg\"><img loading=\"lazy\" decoding=\"async\" class=\"alignnone wp-image-3409\" src=\"http:\/\/www.uajms.edu.bo\/fod\/wp-content\/uploads\/sites\/16\/2023\/05\/curso_Rodrigo-239x300.jpeg\" alt=\"\" width=\"194\" height=\"244\" srcset=\"https:\/\/www.uajms.edu.bo\/fod\/wp-content\/uploads\/sites\/16\/2023\/05\/curso_Rodrigo-239x300.jpeg 239w, https:\/\/www.uajms.edu.bo\/fod\/wp-content\/uploads\/sites\/16\/2023\/05\/curso_Rodrigo-814x1024.jpeg 814w, https:\/\/www.uajms.edu.bo\/fod\/wp-content\/uploads\/sites\/16\/2023\/05\/curso_Rodrigo-768x966.jpeg 768w, https:\/\/www.uajms.edu.bo\/fod\/wp-content\/uploads\/sites\/16\/2023\/05\/curso_Rodrigo-1222x1536.jpeg 1222w, https:\/\/www.uajms.edu.bo\/fod\/wp-content\/uploads\/sites\/16\/2023\/05\/curso_Rodrigo-920x1157.jpeg 920w, https:\/\/www.uajms.edu.bo\/fod\/wp-content\/uploads\/sites\/16\/2023\/05\/curso_Rodrigo-230x289.jpeg 230w, https:\/\/www.uajms.edu.bo\/fod\/wp-content\/uploads\/sites\/16\/2023\/05\/curso_Rodrigo-350x440.jpeg 350w, https:\/\/www.uajms.edu.bo\/fod\/wp-content\/uploads\/sites\/16\/2023\/05\/curso_Rodrigo-480x604.jpeg 480w, https:\/\/www.uajms.edu.bo\/fod\/wp-content\/uploads\/sites\/16\/2023\/05\/curso_Rodrigo.jpeg 1263w\" sizes=\"(max-width: 194px) 100vw, 194px\" \/><\/a><\/td>\n<td style=\"border-style: hidden;text-align: left\">Dr. Rodrigo Mendes Barreto<br>\nPa\u00eds: Brasil<\/td>\n<td style=\"border-style: hidden;text-align: right\"><a href=\"http:\/\/www.uajms.edu.bo\/fod\/wp-content\/uploads\/sites\/16\/2023\/05\/curso_Lucia.jpeg\"><img loading=\"lazy\" decoding=\"async\" class=\"alignnone wp-image-3406\" src=\"http:\/\/www.uajms.edu.bo\/fod\/wp-content\/uploads\/sites\/16\/2023\/05\/curso_Lucia-231x300.jpeg\" alt=\"\" width=\"188\" height=\"244\" srcset=\"https:\/\/www.uajms.edu.bo\/fod\/wp-content\/uploads\/sites\/16\/2023\/05\/curso_Lucia-231x300.jpeg 231w, https:\/\/www.uajms.edu.bo\/fod\/wp-content\/uploads\/sites\/16\/2023\/05\/curso_Lucia-790x1024.jpeg 790w, https:\/\/www.uajms.edu.bo\/fod\/wp-content\/uploads\/sites\/16\/2023\/05\/curso_Lucia-768x996.jpeg 768w, https:\/\/www.uajms.edu.bo\/fod\/wp-content\/uploads\/sites\/16\/2023\/05\/curso_Lucia-1184x1536.jpeg 1184w, https:\/\/www.uajms.edu.bo\/fod\/wp-content\/uploads\/sites\/16\/2023\/05\/curso_Lucia-920x1193.jpeg 920w, https:\/\/www.uajms.edu.bo\/fod\/wp-content\/uploads\/sites\/16\/2023\/05\/curso_Lucia-230x298.jpeg 230w, https:\/\/www.uajms.edu.bo\/fod\/wp-content\/uploads\/sites\/16\/2023\/05\/curso_Lucia-350x454.jpeg 350w, https:\/\/www.uajms.edu.bo\/fod\/wp-content\/uploads\/sites\/16\/2023\/05\/curso_Lucia-480x623.jpeg 480w, https:\/\/www.uajms.edu.bo\/fod\/wp-content\/uploads\/sites\/16\/2023\/05\/curso_Lucia.jpeg 1192w\" sizes=\"(max-width: 188px) 100vw, 188px\" \/><\/a><\/td>\n<td style=\"border-style: hidden;text-align: left\">Dra. Lucia Hatsue Yamamoto<br>\nPa\u00eds: Brasil<\/td>\n<\/tr>\n<tr>\n<td style=\"border-style: hidden;text-align: right\"><a href=\"http:\/\/www.uajms.edu.bo\/fod\/wp-content\/uploads\/sites\/16\/2023\/05\/curso_Roberta.jpeg\"><img loading=\"lazy\" decoding=\"async\" class=\"alignnone wp-image-3408\" src=\"http:\/\/www.uajms.edu.bo\/fod\/wp-content\/uploads\/sites\/16\/2023\/05\/curso_Roberta-231x300.jpeg\" alt=\"\" width=\"201\" height=\"261\" srcset=\"https:\/\/www.uajms.edu.bo\/fod\/wp-content\/uploads\/sites\/16\/2023\/05\/curso_Roberta-231x300.jpeg 231w, https:\/\/www.uajms.edu.bo\/fod\/wp-content\/uploads\/sites\/16\/2023\/05\/curso_Roberta-230x299.jpeg 230w, https:\/\/www.uajms.edu.bo\/fod\/wp-content\/uploads\/sites\/16\/2023\/05\/curso_Roberta-350x455.jpeg 350w, https:\/\/www.uajms.edu.bo\/fod\/wp-content\/uploads\/sites\/16\/2023\/05\/curso_Roberta.jpeg 398w\" sizes=\"(max-width: 201px) 100vw, 201px\" \/><\/a><\/td>\n<td style=\"border-style: hidden;text-align: left\">Dra. Roberta Lopes Gomes<br>\nPa\u00eds: Brasil<\/td>\n<td style=\"border-style: hidden;text-align: right\"><a href=\"http:\/\/www.uajms.edu.bo\/fod\/wp-content\/uploads\/sites\/16\/2023\/05\/curso_Andre.jpeg\"><img loading=\"lazy\" decoding=\"async\" class=\"alignnone wp-image-3403\" src=\"http:\/\/www.uajms.edu.bo\/fod\/wp-content\/uploads\/sites\/16\/2023\/05\/curso_Andre-210x300.jpeg\" alt=\"\" width=\"195\" height=\"278\" srcset=\"https:\/\/www.uajms.edu.bo\/fod\/wp-content\/uploads\/sites\/16\/2023\/05\/curso_Andre-210x300.jpeg 210w, https:\/\/www.uajms.edu.bo\/fod\/wp-content\/uploads\/sites\/16\/2023\/05\/curso_Andre-715x1024.jpeg 715w, https:\/\/www.uajms.edu.bo\/fod\/wp-content\/uploads\/sites\/16\/2023\/05\/curso_Andre-768x1099.jpeg 768w, https:\/\/www.uajms.edu.bo\/fod\/wp-content\/uploads\/sites\/16\/2023\/05\/curso_Andre-230x329.jpeg 230w, https:\/\/www.uajms.edu.bo\/fod\/wp-content\/uploads\/sites\/16\/2023\/05\/curso_Andre-350x501.jpeg 350w, https:\/\/www.uajms.edu.bo\/fod\/wp-content\/uploads\/sites\/16\/2023\/05\/curso_Andre-480x687.jpeg 480w, https:\/\/www.uajms.edu.bo\/fod\/wp-content\/uploads\/sites\/16\/2023\/05\/curso_Andre.jpeg 795w\" sizes=\"(max-width: 195px) 100vw, 195px\" \/><\/a><\/td>\n<td style=\"border-style: hidden;text-align: left\">Dr. Andr\u00e9 Besen<br>\nPa\u00eds: Brasil<\/td>\n<\/tr>\n<tr>\n<td style=\"border-style: hidden;text-align: right\"><a href=\"http:\/\/www.uajms.edu.bo\/fod\/wp-content\/uploads\/sites\/16\/2023\/05\/curso_Katia.jpeg\"><img loading=\"lazy\" decoding=\"async\" class=\"alignnone size-medium wp-image-3405\" src=\"http:\/\/www.uajms.edu.bo\/fod\/wp-content\/uploads\/sites\/16\/2023\/05\/curso_Katia-199x300.jpeg\" alt=\"\" width=\"199\" height=\"300\" srcset=\"https:\/\/www.uajms.edu.bo\/fod\/wp-content\/uploads\/sites\/16\/2023\/05\/curso_Katia-199x300.jpeg 199w, https:\/\/www.uajms.edu.bo\/fod\/wp-content\/uploads\/sites\/16\/2023\/05\/curso_Katia-230x347.jpeg 230w, https:\/\/www.uajms.edu.bo\/fod\/wp-content\/uploads\/sites\/16\/2023\/05\/curso_Katia-350x528.jpeg 350w, https:\/\/www.uajms.edu.bo\/fod\/wp-content\/uploads\/sites\/16\/2023\/05\/curso_Katia-480x724.jpeg 480w, https:\/\/www.uajms.edu.bo\/fod\/wp-content\/uploads\/sites\/16\/2023\/05\/curso_Katia.jpeg 679w\" sizes=\"(max-width: 199px) 100vw, 199px\" \/><\/a><\/td>\n<td style=\"border-style: hidden;text-align: left\">Dra. Katia Regina Prade<br>\nPa\u00eds: Brasil<\/td>\n<\/tr>\n<\/tbody>\n<\/table>\n\n\n<p class=\"has-vivid-red-color has-text-color\" id=\"block-a65ea725-2fc9-4e04-b396-69731c0ec5bf\"><a href=\"#indice_curso\"><br>Volver<\/a><\/p>\n\n\n\n<p id=\"contacto\"><strong>7. Contacto<\/strong><\/p>\n\n\n\n<p id=\"block-b4096edc-93f6-463e-b1cd-7af8ef0b5ec3\">Telel\u00e9fono de contacto:<\/p>\n\n\n\n<p id=\"block-5620790b-70a7-48ad-80bd-0d3a466f8389\">+591 70216187<\/p>\n\n\n\n<p id=\"block-29c701bd-65d3-4461-8929-6d1fb832678d\">+591 79250805<\/p>\n\n\n\n<p id=\"block-b432fbf2-1d92-4d13-8495-c35e812ce44b\">cursos-odontologia@uajms.edu.bo<\/p>\n\n\n\n<p class=\"has-vivid-red-color has-text-color\" id=\"block-b2902c07-e7e0-4452-9fb0-44ca2818cc1e\"><a href=\"#indice_curso\">Volver<\/a><\/p>\n\n\n\n<p>Telel\u00e9fono de contacto: +591 70216187  +591 79250805<\/p>\n","protected":false},"excerpt":{"rendered":"<p>Presentaci\u00f3n Ficha t\u00e9cnica Requisitos Costo y modalidad de pago Programa Acad\u00e9mico Plantel Docente Contacto Haga click en un titulo del indice para [&hellip;]<\/p>\n","protected":false},"author":134,"featured_media":3489,"parent":0,"menu_order":0,"comment_status":"closed","ping_status":"closed","template":"","meta":{"_joinchat":[],"footnotes":""},"class_list":["post-3376","page","type-page","status-publish","has-post-thumbnail","hentry"],"jetpack_sharing_enabled":true,"publishpress_future_action":{"enabled":false,"date":"2026-05-14 13:30:20","action":"change-status","newStatus":"draft","terms":[],"taxonomy":"","extraData":[]},"publishpress_future_workflow_manual_trigger":{"enabledWorkflows":[]},"_links":{"self":[{"href":"https:\/\/www.uajms.edu.bo\/fod\/index.php?rest_route=\/wp\/v2\/pages\/3376","targetHints":{"allow":["GET"]}}],"collection":[{"href":"https:\/\/www.uajms.edu.bo\/fod\/index.php?rest_route=\/wp\/v2\/pages"}],"about":[{"href":"https:\/\/www.uajms.edu.bo\/fod\/index.php?rest_route=\/wp\/v2\/types\/page"}],"author":[{"embeddable":true,"href":"https:\/\/www.uajms.edu.bo\/fod\/index.php?rest_route=\/wp\/v2\/users\/134"}],"replies":[{"embeddable":true,"href":"https:\/\/www.uajms.edu.bo\/fod\/index.php?rest_route=%2Fwp%2Fv2%2Fcomments&post=3376"}],"version-history":[{"count":5,"href":"https:\/\/www.uajms.edu.bo\/fod\/index.php?rest_route=\/wp\/v2\/pages\/3376\/revisions"}],"predecessor-version":[{"id":3549,"href":"https:\/\/www.uajms.edu.bo\/fod\/index.php?rest_route=\/wp\/v2\/pages\/3376\/revisions\/3549"}],"wp:featuredmedia":[{"embeddable":true,"href":"https:\/\/www.uajms.edu.bo\/fod\/index.php?rest_route=\/wp\/v2\/media\/3489"}],"wp:attachment":[{"href":"https:\/\/www.uajms.edu.bo\/fod\/index.php?rest_route=%2Fwp%2Fv2%2Fmedia&parent=3376"}],"curies":[{"name":"wp","href":"https:\/\/api.w.org\/{rel}","templated":true}]}}