

{"id":3193,"date":"2022-10-28T02:39:37","date_gmt":"2022-10-28T02:39:37","guid":{"rendered":"https:\/\/www.uajms.edu.bo\/fod\/?page_id=3193"},"modified":"2022-10-29T01:34:21","modified_gmt":"2022-10-29T01:34:21","slug":"ferias-educativas-prueba","status":"publish","type":"page","link":"https:\/\/www.uajms.edu.bo\/fod\/?page_id=3193","title":{"rendered":"Ferias Educativas 2022"},"content":{"rendered":"\n<h6 class=\"wp-block-heading\">Municipio Yunchar\u00e1<\/h6>\n\n\n\n<p><em>Actividades realizadas en el municipio de Yunchar\u00e1&nbsp; en fecha 6 de octubre de 2022 a cargo de la Dra. Sirley Kharla Caba Olgu\u00edn docente de la Materia Estomatolog\u00eda Social y Preventiva.<\/em> <em>Los beneficiarios fueron alrededor de 400 estudiantes de primaria de Yunchar\u00e1 y comunidades aleda\u00f1as, como ser Copacabana, Pasajes, Yuticancha, Rosario, Pujzara, Chorcoya M\u00e9ndez, que recibieron charlas de educaci\u00f3n, motivaci\u00f3n y prevenci\u00f3n que muy acertadamente dieron los estudiantes de la materia de Estomatolog\u00eda Social<\/em><\/p>\n\n\n\n<figure class=\"wp-block-table\"><table><tbody><tr><td class=\"has-text-align-center\" data-align=\"center\"><img fetchpriority=\"high\" decoding=\"async\" width=\"1600\" height=\"720\" class=\"wp-image-3180\" style=\"width: 300px\" src=\"http:\/\/www.uajms.edu.bo\/fod\/wp-content\/uploads\/sites\/16\/2022\/10\/1-1.jpeg\" alt=\"\" srcset=\"https:\/\/www.uajms.edu.bo\/fod\/wp-content\/uploads\/sites\/16\/2022\/10\/1-1.jpeg 1600w, https:\/\/www.uajms.edu.bo\/fod\/wp-content\/uploads\/sites\/16\/2022\/10\/1-1-300x135.jpeg 300w, https:\/\/www.uajms.edu.bo\/fod\/wp-content\/uploads\/sites\/16\/2022\/10\/1-1-1024x461.jpeg 1024w, https:\/\/www.uajms.edu.bo\/fod\/wp-content\/uploads\/sites\/16\/2022\/10\/1-1-768x346.jpeg 768w, https:\/\/www.uajms.edu.bo\/fod\/wp-content\/uploads\/sites\/16\/2022\/10\/1-1-1536x691.jpeg 1536w, https:\/\/www.uajms.edu.bo\/fod\/wp-content\/uploads\/sites\/16\/2022\/10\/1-1-920x414.jpeg 920w, https:\/\/www.uajms.edu.bo\/fod\/wp-content\/uploads\/sites\/16\/2022\/10\/1-1-230x104.jpeg 230w, https:\/\/www.uajms.edu.bo\/fod\/wp-content\/uploads\/sites\/16\/2022\/10\/1-1-350x158.jpeg 350w, https:\/\/www.uajms.edu.bo\/fod\/wp-content\/uploads\/sites\/16\/2022\/10\/1-1-480x216.jpeg 480w\" sizes=\"(max-width: 1600px) 100vw, 1600px\" \/><\/td><td class=\"has-text-align-center\" data-align=\"center\"><img decoding=\"async\" width=\"1280\" height=\"711\" class=\"wp-image-3182\" style=\"width: 250px\" src=\"http:\/\/www.uajms.edu.bo\/fod\/wp-content\/uploads\/sites\/16\/2022\/10\/21.jpeg\" alt=\"\" srcset=\"https:\/\/www.uajms.edu.bo\/fod\/wp-content\/uploads\/sites\/16\/2022\/10\/21.jpeg 1280w, https:\/\/www.uajms.edu.bo\/fod\/wp-content\/uploads\/sites\/16\/2022\/10\/21-300x167.jpeg 300w, https:\/\/www.uajms.edu.bo\/fod\/wp-content\/uploads\/sites\/16\/2022\/10\/21-1024x569.jpeg 1024w, https:\/\/www.uajms.edu.bo\/fod\/wp-content\/uploads\/sites\/16\/2022\/10\/21-768x427.jpeg 768w, https:\/\/www.uajms.edu.bo\/fod\/wp-content\/uploads\/sites\/16\/2022\/10\/21-920x511.jpeg 920w, https:\/\/www.uajms.edu.bo\/fod\/wp-content\/uploads\/sites\/16\/2022\/10\/21-230x128.jpeg 230w, https:\/\/www.uajms.edu.bo\/fod\/wp-content\/uploads\/sites\/16\/2022\/10\/21-350x194.jpeg 350w, https:\/\/www.uajms.edu.bo\/fod\/wp-content\/uploads\/sites\/16\/2022\/10\/21-480x267.jpeg 480w\" sizes=\"(max-width: 1280px) 100vw, 1280px\" \/><\/td><td class=\"has-text-align-center\" data-align=\"center\"><img decoding=\"async\" width=\"1600\" height=\"720\" class=\"wp-image-3183\" style=\"width: 300px\" src=\"http:\/\/www.uajms.edu.bo\/fod\/wp-content\/uploads\/sites\/16\/2022\/10\/111.jpeg\" alt=\"\" srcset=\"https:\/\/www.uajms.edu.bo\/fod\/wp-content\/uploads\/sites\/16\/2022\/10\/111.jpeg 1600w, https:\/\/www.uajms.edu.bo\/fod\/wp-content\/uploads\/sites\/16\/2022\/10\/111-300x135.jpeg 300w, https:\/\/www.uajms.edu.bo\/fod\/wp-content\/uploads\/sites\/16\/2022\/10\/111-1024x461.jpeg 1024w, https:\/\/www.uajms.edu.bo\/fod\/wp-content\/uploads\/sites\/16\/2022\/10\/111-768x346.jpeg 768w, https:\/\/www.uajms.edu.bo\/fod\/wp-content\/uploads\/sites\/16\/2022\/10\/111-1536x691.jpeg 1536w, https:\/\/www.uajms.edu.bo\/fod\/wp-content\/uploads\/sites\/16\/2022\/10\/111-920x414.jpeg 920w, https:\/\/www.uajms.edu.bo\/fod\/wp-content\/uploads\/sites\/16\/2022\/10\/111-230x104.jpeg 230w, https:\/\/www.uajms.edu.bo\/fod\/wp-content\/uploads\/sites\/16\/2022\/10\/111-350x158.jpeg 350w, https:\/\/www.uajms.edu.bo\/fod\/wp-content\/uploads\/sites\/16\/2022\/10\/111-480x216.jpeg 480w\" sizes=\"(max-width: 1600px) 100vw, 1600px\" \/><\/td><\/tr><\/tbody><\/table><figcaption>Charlas Educativas, Motivaci\u00f3n y Prevenci\u00f3n en la Comunidad de Yunchar\u00e1 (Se entrego 150 cepillos y pasta dental)<\/figcaption><\/figure>\n\n\n\n<h6 class=\"wp-block-heading\">Localidad Rio Negro<\/h6>\n\n\n\n<p>Extensi\u00f3n realizada en la Localidad de Rio Negro, con los estudiantes de la asignatura de Estomatolog\u00eda Social y Preventiva  III, Feria Educativa sobre salud oral, t\u00e9cnicas de cepillado y consejos sobre la cavidad oral, realizada en fecha 14 de octubre 2022 a cargo de la Dra. Claudia Marcela Majluf Kuncar.<\/p>\n\n\n\n<figure class=\"wp-block-table\"><table><tbody><tr><td class=\"has-text-align-center\" data-align=\"center\"><img loading=\"lazy\" decoding=\"async\" width=\"1024\" height=\"627\" class=\"wp-image-3203\" style=\"width: 390px\" src=\"http:\/\/www.uajms.edu.bo\/fod\/wp-content\/uploads\/sites\/16\/2022\/10\/WhatsApp-Image-2022-10-27-at-11.02.34-e1666927571648.jpeg\" alt=\"\" srcset=\"https:\/\/www.uajms.edu.bo\/fod\/wp-content\/uploads\/sites\/16\/2022\/10\/WhatsApp-Image-2022-10-27-at-11.02.34-e1666927571648.jpeg 1024w, https:\/\/www.uajms.edu.bo\/fod\/wp-content\/uploads\/sites\/16\/2022\/10\/WhatsApp-Image-2022-10-27-at-11.02.34-e1666927571648-300x184.jpeg 300w, https:\/\/www.uajms.edu.bo\/fod\/wp-content\/uploads\/sites\/16\/2022\/10\/WhatsApp-Image-2022-10-27-at-11.02.34-e1666927571648-768x470.jpeg 768w, https:\/\/www.uajms.edu.bo\/fod\/wp-content\/uploads\/sites\/16\/2022\/10\/WhatsApp-Image-2022-10-27-at-11.02.34-e1666927571648-920x563.jpeg 920w, https:\/\/www.uajms.edu.bo\/fod\/wp-content\/uploads\/sites\/16\/2022\/10\/WhatsApp-Image-2022-10-27-at-11.02.34-e1666927571648-230x141.jpeg 230w, https:\/\/www.uajms.edu.bo\/fod\/wp-content\/uploads\/sites\/16\/2022\/10\/WhatsApp-Image-2022-10-27-at-11.02.34-e1666927571648-350x214.jpeg 350w, https:\/\/www.uajms.edu.bo\/fod\/wp-content\/uploads\/sites\/16\/2022\/10\/WhatsApp-Image-2022-10-27-at-11.02.34-e1666927571648-480x294.jpeg 480w\" sizes=\"(max-width: 1024px) 100vw, 1024px\" \/><\/td><td class=\"has-text-align-center\" data-align=\"center\"><img loading=\"lazy\" decoding=\"async\" width=\"1024\" height=\"576\" class=\"wp-image-3201\" style=\"width: 420px\" src=\"http:\/\/www.uajms.edu.bo\/fod\/wp-content\/uploads\/sites\/16\/2022\/10\/3-1.jpeg\" alt=\"\" srcset=\"https:\/\/www.uajms.edu.bo\/fod\/wp-content\/uploads\/sites\/16\/2022\/10\/3-1.jpeg 1024w, https:\/\/www.uajms.edu.bo\/fod\/wp-content\/uploads\/sites\/16\/2022\/10\/3-1-300x169.jpeg 300w, https:\/\/www.uajms.edu.bo\/fod\/wp-content\/uploads\/sites\/16\/2022\/10\/3-1-768x432.jpeg 768w, https:\/\/www.uajms.edu.bo\/fod\/wp-content\/uploads\/sites\/16\/2022\/10\/3-1-920x518.jpeg 920w, https:\/\/www.uajms.edu.bo\/fod\/wp-content\/uploads\/sites\/16\/2022\/10\/3-1-230x129.jpeg 230w, https:\/\/www.uajms.edu.bo\/fod\/wp-content\/uploads\/sites\/16\/2022\/10\/3-1-350x197.jpeg 350w, https:\/\/www.uajms.edu.bo\/fod\/wp-content\/uploads\/sites\/16\/2022\/10\/3-1-480x270.jpeg 480w\" sizes=\"(max-width: 1024px) 100vw, 1024px\" \/><\/td><\/tr><\/tbody><\/table><figcaption>Charlas de Salud Oral, T\u00e9cnicas de Cepillado en la Localidad de Rio Negro<\/figcaption><\/figure>\n","protected":false},"excerpt":{"rendered":"<p>Municipio Yunchar\u00e1 Actividades realizadas en el municipio de Yunchar\u00e1&nbsp; en fecha 6 de octubre de 2022 a cargo de la Dra. Sirley [&hellip;]<\/p>\n","protected":false},"author":19,"featured_media":0,"parent":0,"menu_order":0,"comment_status":"closed","ping_status":"closed","template":"","meta":{"_joinchat":[],"footnotes":""},"class_list":["post-3193","page","type-page","status-publish","hentry"],"jetpack_sharing_enabled":true,"publishpress_future_action":{"enabled":false,"date":"2026-05-14 13:29:50","action":"change-status","newStatus":"draft","terms":[],"taxonomy":"","extraData":[]},"publishpress_future_workflow_manual_trigger":{"enabledWorkflows":[]},"_links":{"self":[{"href":"https:\/\/www.uajms.edu.bo\/fod\/index.php?rest_route=\/wp\/v2\/pages\/3193","targetHints":{"allow":["GET"]}}],"collection":[{"href":"https:\/\/www.uajms.edu.bo\/fod\/index.php?rest_route=\/wp\/v2\/pages"}],"about":[{"href":"https:\/\/www.uajms.edu.bo\/fod\/index.php?rest_route=\/wp\/v2\/types\/page"}],"author":[{"embeddable":true,"href":"https:\/\/www.uajms.edu.bo\/fod\/index.php?rest_route=\/wp\/v2\/users\/19"}],"replies":[{"embeddable":true,"href":"https:\/\/www.uajms.edu.bo\/fod\/index.php?rest_route=%2Fwp%2Fv2%2Fcomments&post=3193"}],"version-history":[{"count":6,"href":"https:\/\/www.uajms.edu.bo\/fod\/index.php?rest_route=\/wp\/v2\/pages\/3193\/revisions"}],"predecessor-version":[{"id":3249,"href":"https:\/\/www.uajms.edu.bo\/fod\/index.php?rest_route=\/wp\/v2\/pages\/3193\/revisions\/3249"}],"wp:attachment":[{"href":"https:\/\/www.uajms.edu.bo\/fod\/index.php?rest_route=%2Fwp%2Fv2%2Fmedia&parent=3193"}],"curies":[{"name":"wp","href":"https:\/\/api.w.org\/{rel}","templated":true}]}}