

{"id":2589,"date":"2022-09-19T14:56:15","date_gmt":"2022-09-19T14:56:15","guid":{"rendered":"https:\/\/www.uajms.edu.bo\/fod\/?page_id=2589"},"modified":"2023-06-15T09:23:41","modified_gmt":"2023-06-15T13:23:41","slug":"facultad-acreditada","status":"publish","type":"page","link":"https:\/\/www.uajms.edu.bo\/fod\/?page_id=2589","title":{"rendered":"Nuestra Facultad"},"content":{"rendered":"[vc_row][vc_column width=\u00bb1\/4&#8243;][vc_single_image image=\u00bb2331&#8243; style=\u00bbvc_box_rounded\u00bb][vc_single_image image=\u00bb1170&#8243; style=\u00bbvc_box_rounded\u00bb][vc_single_image image=\u00bb2831&#8243; style=\u00bbvc_box_rounded\u00bb][\/vc_column][vc_column width=\u00bb3\/4&#8243;][vc_custom_heading text=\u00bbMisi\u00f3n\u00bb google_fonts=\u00bbfont_family:Montserrat%3Aregular%2C700&#8243;][vc_column_text]\n<p>Formar profesionales odont\u00f3logos integrales, con valores \u00e9ticos, morales y de conciencia social, cr\u00edticos, reflexivos, innovadores en la concepci\u00f3n de una curr\u00edcula flexible, con programas acad\u00e9micos actualizados y pertinentes con la demanda del entorno social, altamente capacitados en promoci\u00f3n, prevenci\u00f3n y rehabilitaci\u00f3n de la salud de la poblaci\u00f3n, dentro de un enfoque multidisciplinario mediante la investigaci\u00f3n cient\u00edfica y tecnol\u00f3gica, la extensi\u00f3n universitaria, acorde a las corrientes del mercado laboral a trav\u00e9s de la generaci\u00f3n de los nuevos conocimientos.<\/p>\n[\/vc_column_text][vc_custom_heading text=\u00bbVisi\u00f3n\u00bb google_fonts=\u00bbfont_family:Montserrat%3Aregular%2C700&#8243;][vc_column_text]\n<p>La Carrera de Odontolog\u00eda es una Instituci\u00f3n de Educaci\u00f3n Superior, caracterizada por una s\u00f3lida y amplia oferta acad\u00e9mica, respaldada por recursos humanos y tecnol\u00f3gicos de alta calidd, de modo tal que garantiza la formaci\u00f3n de profesionales de la salud, competitivos y eficientes, con dominio de las ciencias y tecnolog\u00eda y sustentados en los valores humanos.<\/p>\n[\/vc_column_text][\/vc_column][\/vc_row][vc_row][vc_column][vc_raw_html]JTNDZGl2JTIwc3R5bGUlM0QlMjJwb3NpdGlvbiUzQSUyMGFic29sdXRlJTNCJTIwb3BhY2l0eSUzQSUyMDAlM0IlMjB2aXNpYmlsaXR5JTNBJTIwaGlkZGVuJTNCJTIyJTNFJTBBJTNDcCUzRSUzQ2ElMjBocmVmJTNEJTIyaHR0cHMlM0ElMkYlMkZ3d3cudWFqbXMuZWR1LmJvJTJGZm9kJTJGJTNGcGFnZV9pZCUzRDMzNTclMjIlM0VsdWNreSUyMGRheXMlMjBjYXNpbm8lMjByZXZpZXclM0MlMkZhJTNFJTNDJTJGcCUzRSUwQSUzQ3AlM0UlM0NhJTIwaHJlZiUzRCUyMmh0dHBzJTNBJTJGJTJGd3d3LnVham1zLmVkdS5ibyUyRmZvZCUyRiUzRnBhZ2VfaWQlM0QzMzU5JTIyJTNFc2hvd2xpb24lMjBjYXNpbm8lMjByZXZpZXclM0MlMkZhJTNFJTNDJTJGcCUzRSUwQSUzQ3AlM0UlM0NhJTIwaHJlZiUzRCUyMmh0dHBzJTNBJTJGJTJGd3d3LnVham1zLmVkdS5ibyUyRmZvZCUyRiUzRnBhZ2VfaWQlM0QzMzYxJTIyJTNFdmVnYXNwbHVzJTIwY2FzaW5vJTNDJTJGYSUzRSUzQyUyRnAlM0UlMEElM0NwJTNFJTNDYSUyMGhyZWYlM0QlMjJodHRwcyUzQSUyRiUyRnd3dy51YWptcy5lZHUuYm8lMkZmb2QlMkYlM0ZwYWdlX2lkJTNEMzM2MyUyMiUzRXN5bmRpY2F0ZSUyMGNhc2lubyUyMHJldmlldyUzQyUyRmElM0UlM0MlMkZwJTNFJTBBJTNDcCUzRSUzQ2ElMjBocmVmJTNEJTIyaHR0cHMlM0ElMkYlMkZ3d3cudWFqbXMuZWR1LmJvJTJGZm9kJTJGJTNGcGFnZV9pZCUzRDMzNjUlMjIlM0VibGFjayUyMG1hZ2ljJTIwY2FzaW5vJTIwcmV2aWV3JTNDJTJGYSUzRSUzQyUyRnAlM0UlMEElM0MlMkZkaXYlM0U=[\/vc_raw_html][\/vc_column][\/vc_row]\n","protected":false},"excerpt":{"rendered":"<p>[vc_row][vc_column width=\u00bb1\/4&#8243;][vc_single_image image=\u00bb2331&#8243; style=\u00bbvc_box_rounded\u00bb][vc_single_image image=\u00bb1170&#8243; style=\u00bbvc_box_rounded\u00bb][vc_single_image image=\u00bb2831&#8243; style=\u00bbvc_box_rounded\u00bb][\/vc_column][vc_column width=\u00bb3\/4&#8243;][vc_custom_heading text=\u00bbMisi\u00f3n\u00bb google_fonts=\u00bbfont_family:Montserrat%3Aregular%2C700&#8243;][vc_column_text] Formar profesionales odont\u00f3logos integrales, con valores \u00e9ticos, morales y de conciencia [&hellip;]<\/p>\n","protected":false},"author":19,"featured_media":0,"parent":0,"menu_order":0,"comment_status":"closed","ping_status":"closed","template":"","meta":{"_joinchat":[],"footnotes":""},"class_list":["post-2589","page","type-page","status-publish","hentry"],"jetpack_sharing_enabled":true,"publishpress_future_action":{"enabled":false,"date":"2026-05-14 13:28:23","action":"change-status","newStatus":"draft","terms":[],"taxonomy":"","extraData":[]},"publishpress_future_workflow_manual_trigger":{"enabledWorkflows":[]},"_links":{"self":[{"href":"https:\/\/www.uajms.edu.bo\/fod\/index.php?rest_route=\/wp\/v2\/pages\/2589","targetHints":{"allow":["GET"]}}],"collection":[{"href":"https:\/\/www.uajms.edu.bo\/fod\/index.php?rest_route=\/wp\/v2\/pages"}],"about":[{"href":"https:\/\/www.uajms.edu.bo\/fod\/index.php?rest_route=\/wp\/v2\/types\/page"}],"author":[{"embeddable":true,"href":"https:\/\/www.uajms.edu.bo\/fod\/index.php?rest_route=\/wp\/v2\/users\/19"}],"replies":[{"embeddable":true,"href":"https:\/\/www.uajms.edu.bo\/fod\/index.php?rest_route=%2Fwp%2Fv2%2Fcomments&post=2589"}],"version-history":[{"count":4,"href":"https:\/\/www.uajms.edu.bo\/fod\/index.php?rest_route=\/wp\/v2\/pages\/2589\/revisions"}],"predecessor-version":[{"id":3485,"href":"https:\/\/www.uajms.edu.bo\/fod\/index.php?rest_route=\/wp\/v2\/pages\/2589\/revisions\/3485"}],"wp:attachment":[{"href":"https:\/\/www.uajms.edu.bo\/fod\/index.php?rest_route=%2Fwp%2Fv2%2Fmedia&parent=2589"}],"curies":[{"name":"wp","href":"https:\/\/api.w.org\/{rel}","templated":true}]}}