

{"id":1980,"date":"2020-12-17T13:20:16","date_gmt":"2020-12-17T13:20:16","guid":{"rendered":"http:\/\/www.uajms.edu.bo\/fod\/?page_id=1980"},"modified":"2022-11-14T19:55:06","modified_gmt":"2022-11-14T19:55:06","slug":"acreditacion-mercosur","status":"publish","type":"page","link":"https:\/\/www.uajms.edu.bo\/fod\/?page_id=1980","title":{"rendered":"Acreditaci\u00f3n Mercosur"},"content":{"rendered":"[vc_row css=\u00bb.vc_custom_1453217339571{padding-top: 50px !important;padding-bottom: 50px !important;}\u00bb][vc_column width=\u00bb2\/3&#8243;][vc_gallery type=\u00bbflexslider_slide\u00bb interval=\u00bb3&#8243; images=\u00bb1983,1984,1985&#8243; img_size=\u00bbmedium\u00bb][\/vc_column][vc_column width=\u00bb1\/3&#8243;][vc_column_text]La Comisi\u00f3n Nacional de Acreditaci\u00f3n de carreras universitarias mediante Resoluci\u00f3n CNACU N\u00b0 024\/2019 resuelve acreditar a la CARRERA DE ODONTOLOG\u00cdA DE LA UNIVERSIDAD AUT\u00d3NOMA JUAN MISAEL SARACHO de la ciudad de Tarija por un periodo de seis (6) a\u00f1os, por haber cumplido con los criterios definidos para la Acreditaci\u00f3n del sistema ARCU-SUR del MERCOSUR Educativo y el Reglamento de la Comisi\u00f3n Nacional de Acreditaci\u00f3n de Carreras Universitarias \u2013 CNACU. Aprobado mediante Resoluci\u00f3n Ministerial N\u00b0 2615\/2017 de 21 de septiembre 2017.[\/vc_column_text][vc_row_inner][vc_column_inner][vc_column_text]\n[\/vc_column_text][vc_btn title=\u00bbVer V\u00eddeo Acreditaci\u00f3n\u00bb style=\u00bbflat\u00bb color=\u00bbjuicy-pink\u00bb align=\u00bbleft\u00bb link=\u00bburl:http%3A%2F%2Fwww.uajms.edu.bo%2Ffod%2F%3Fpage_id%3D1563||\u00bb][\/vc_column_inner][\/vc_row_inner][\/vc_column][\/vc_row]\n","protected":false},"excerpt":{"rendered":"<p>[vc_row css=\u00bb.vc_custom_1453217339571{padding-top: 50px !important;padding-bottom: 50px !important;}\u00bb][vc_column width=\u00bb2\/3&#8243;][vc_gallery type=\u00bbflexslider_slide\u00bb interval=\u00bb3&#8243; images=\u00bb1983,1984,1985&#8243; img_size=\u00bbmedium\u00bb][\/vc_column][vc_column width=\u00bb1\/3&#8243;][vc_column_text]La Comisi\u00f3n Nacional de Acreditaci\u00f3n de carreras universitarias mediante Resoluci\u00f3n CNACU [&hellip;]<\/p>\n","protected":false},"author":19,"featured_media":0,"parent":0,"menu_order":0,"comment_status":"closed","ping_status":"closed","template":"","meta":{"_joinchat":[],"footnotes":""},"class_list":["post-1980","page","type-page","status-publish","hentry"],"jetpack_sharing_enabled":true,"publishpress_future_action":{"enabled":false,"date":"2026-05-14 13:36:30","action":"change-status","newStatus":"draft","terms":[],"taxonomy":"","extraData":[]},"publishpress_future_workflow_manual_trigger":{"enabledWorkflows":[]},"_links":{"self":[{"href":"https:\/\/www.uajms.edu.bo\/fod\/index.php?rest_route=\/wp\/v2\/pages\/1980","targetHints":{"allow":["GET"]}}],"collection":[{"href":"https:\/\/www.uajms.edu.bo\/fod\/index.php?rest_route=\/wp\/v2\/pages"}],"about":[{"href":"https:\/\/www.uajms.edu.bo\/fod\/index.php?rest_route=\/wp\/v2\/types\/page"}],"author":[{"embeddable":true,"href":"https:\/\/www.uajms.edu.bo\/fod\/index.php?rest_route=\/wp\/v2\/users\/19"}],"replies":[{"embeddable":true,"href":"https:\/\/www.uajms.edu.bo\/fod\/index.php?rest_route=%2Fwp%2Fv2%2Fcomments&post=1980"}],"version-history":[{"count":4,"href":"https:\/\/www.uajms.edu.bo\/fod\/index.php?rest_route=\/wp\/v2\/pages\/1980\/revisions"}],"predecessor-version":[{"id":3280,"href":"https:\/\/www.uajms.edu.bo\/fod\/index.php?rest_route=\/wp\/v2\/pages\/1980\/revisions\/3280"}],"wp:attachment":[{"href":"https:\/\/www.uajms.edu.bo\/fod\/index.php?rest_route=%2Fwp%2Fv2%2Fmedia&parent=1980"}],"curies":[{"name":"wp","href":"https:\/\/api.w.org\/{rel}","templated":true}]}}