

{"id":959,"date":"2024-05-15T19:11:14","date_gmt":"2024-05-15T17:11:14","guid":{"rendered":"https:\/\/www.uajms.edu.bo\/firnt\/?page_id=959"},"modified":"2024-06-05T11:09:21","modified_gmt":"2024-06-05T15:09:21","slug":"resena-historica","status":"publish","type":"page","link":"https:\/\/www.uajms.edu.bo\/firnt\/resena-historica\/","title":{"rendered":"rese\u00f1a-hist\u00f3rica"},"content":{"rendered":"\t\t<div data-elementor-type=\"wp-page\" data-elementor-id=\"959\" class=\"elementor elementor-959\">\n\t\t\t\t\t\t<section class=\"elementor-section elementor-top-section elementor-element elementor-element-18a02e9 elementor-section-boxed elementor-section-height-default elementor-section-height-default\" data-id=\"18a02e9\" data-element_type=\"section\" data-e-type=\"section\">\n\t\t\t\t\t\t<div class=\"elementor-container elementor-column-gap-default\">\n\t\t\t\t\t<div class=\"elementor-column elementor-col-100 elementor-top-column elementor-element elementor-element-98accf0\" data-id=\"98accf0\" data-element_type=\"column\" data-e-type=\"column\">\n\t\t\t<div class=\"elementor-widget-wrap elementor-element-populated\">\n\t\t\t\t\t\t<div class=\"elementor-element elementor-element-178614b elementor-widget elementor-widget-image\" data-id=\"178614b\" data-element_type=\"widget\" data-e-type=\"widget\" data-widget_type=\"image.default\">\n\t\t\t\t<div class=\"elementor-widget-container\">\n\t\t\t\t\t\t\t\t\t\t\t\t\t\t\t<img fetchpriority=\"high\" decoding=\"async\" width=\"768\" height=\"302\" src=\"https:\/\/www.uajms.edu.bo\/firnt\/wp-content\/uploads\/sites\/84\/2024\/06\/resena.jpg\" class=\"attachment-medium_large size-medium_large wp-image-1630\" alt=\"\" \/>\t\t\t\t\t\t\t\t\t\t\t\t\t\t\t<\/div>\n\t\t\t\t<\/div>\n\t\t\t\t\t<\/div>\n\t\t<\/div>\n\t\t\t\t\t<\/div>\n\t\t<\/section>\n\t\t\t\t<section class=\"elementor-section elementor-top-section elementor-element elementor-element-27053b1 elementor-section-boxed elementor-section-height-default elementor-section-height-default\" data-id=\"27053b1\" data-element_type=\"section\" data-e-type=\"section\">\n\t\t\t\t\t\t<div class=\"elementor-container elementor-column-gap-default\">\n\t\t\t\t\t<div class=\"elementor-column elementor-col-100 elementor-top-column elementor-element elementor-element-3f6e11d\" data-id=\"3f6e11d\" data-element_type=\"column\" data-e-type=\"column\">\n\t\t\t<div class=\"elementor-widget-wrap elementor-element-populated\">\n\t\t\t\t\t\t<div class=\"elementor-element elementor-element-3677bc9 elementor-widget elementor-widget-heading\" data-id=\"3677bc9\" data-element_type=\"widget\" data-e-type=\"widget\" data-widget_type=\"heading.default\">\n\t\t\t\t<div class=\"elementor-widget-container\">\n\t\t\t\t\t<h2 class=\"elementor-heading-title elementor-size-default\">RESE\u00d1A HIST\u00d3RICA<\/h2>\t\t\t\t<\/div>\n\t\t\t\t<\/div>\n\t\t\t\t\t<\/div>\n\t\t<\/div>\n\t\t\t\t\t<\/div>\n\t\t<\/section>\n\t\t\t\t<section class=\"elementor-section elementor-top-section elementor-element elementor-element-b48451f elementor-section-boxed elementor-section-height-default elementor-section-height-default\" data-id=\"b48451f\" data-element_type=\"section\" data-e-type=\"section\">\n\t\t\t\t\t\t<div class=\"elementor-container elementor-column-gap-default\">\n\t\t\t\t\t<div class=\"elementor-column elementor-col-100 elementor-top-column elementor-element elementor-element-88bd792\" data-id=\"88bd792\" data-element_type=\"column\" data-e-type=\"column\">\n\t\t\t<div class=\"elementor-widget-wrap elementor-element-populated\">\n\t\t\t\t\t\t<div class=\"elementor-element elementor-element-18f91f9 elementor-widget elementor-widget-text-editor\" data-id=\"18f91f9\" data-element_type=\"widget\" data-e-type=\"widget\" data-widget_type=\"text-editor.default\">\n\t\t\t\t<div class=\"elementor-widget-container\">\n\t\t\t\t\t\t\t\t\t<p><span style=\"color: #000000\">El 6 de junio de 1946, un grupo de intelectuales tarije\u00f1os dirigidos por el Dr. Federico \u00c1vila y \u00c1vila suscriben el acta de Fundaci\u00f3n de la Universidad de Tarija \u201cJuan Misael Saracho\u201d obteniendo seguidamente en el a\u00f1o 1950 su correspondiente personer\u00eda jur\u00eddica por el Ministerio de Educaci\u00f3n, Bellas Artes y Asuntos Ind\u00edgenas de Bolivia.<\/span><\/p><p><span style=\"color: #000000\">La Universidad \u201cJuan Misael Saracho\u201d hace presencia en la ciudad de Yacuiba Provincia Gran Chaco el 20 de junio de 1984 con la creaci\u00f3n del Instituto Agropecuario a nivel T\u00e9cnico Medio teniendo entonces sus inicios la carrera de Agronom\u00eda a nivel T\u00e9cnico Medio que a\u00f1os anteriores depend\u00eda de la Facultad de Ciencias Agr\u00edcolas y Forestales de la Universidad de Tarija \u201cJuan Misael Saracho\u201d, posteriormente el a\u00f1o 1991 se crea el Instituto Superior de Contabilidad que inicia sus actividades acad\u00e9micas el 24 de marzo de 1993.<\/span><\/p><p><span style=\"color: #000000\">En el a\u00f1o 1997 esta unidad acad\u00e9mica se jerarquiza a la categor\u00eda de Sub Sede del Gran Chaco de la Facultad de Ciencias Econ\u00f3micas y Financieras de la Universidad \u201cJuan Misael Saracho\u201d Tarija, con la finalidad de responder a nuevas demandas del entorno regional.<\/span><\/p><p><span style=\"color: #000000\">Posteriormente las instituciones locales logran coordinar para que la Universidad tenga plena vigencia y presencia en el Chaco logrando jerarquizar la Sub Sede del Gran Chaco a nivel \u201cFACULTAD\u201d compuesta por la carrera de Auditor\u00eda, Ingenier\u00eda Comercial y a nivel T\u00e9cnico Superior en Agronom\u00eda e Inform\u00e1tica que fue aprobada su creaci\u00f3n en el a\u00f1o 2002, de esta manera se constituyeron como base de sustento para la creaci\u00f3n de la Facultad del Gran Chaco que inici\u00f3 sus actividades de manera legal el 13 de mayo de 2003.<\/span><\/p><p><span style=\"color: #000000\">Tres a\u00f1os despu\u00e9s de la creaci\u00f3n de la Facultad se consolida la jerarquizaci\u00f3n a nivel Licenciatura de la carrera de Ingenier\u00eda Agron\u00f3mica en el a\u00f1o 2006 y posteriormente tambi\u00e9n la consolidaci\u00f3n a nivel licenciatura de la carrera de Ingenier\u00eda Inform\u00e1tica.<\/span><\/p><p><span style=\"color: #000000\">Debido a la solicitud de distintas organizaciones sociales, c\u00edvicas e instituciones de la regi\u00f3n chaque\u00f1a en ampliar ofertas acad\u00e9micas, se crea el programa de Ingenier\u00eda Sanitaria y Ambiental en el a\u00f1o 2009 consolid\u00e1ndose a nivel Licenciatura en el a\u00f1o 2011.<\/span><\/p><p><span style=\"color: #000000\">En la gesti\u00f3n 2010 cambia de nombre la Facultad del Gran Chaco a Facultad de Ciencias Integradas del Gran Chaco que finalmente, a\u00f1os despu\u00e9s, logra consolidar siete carreras: Ingenier\u00eda Agron\u00f3mica, Contadur\u00eda P\u00fablica, Ingenier\u00eda Comercial, Ingenier\u00eda Inform\u00e1tica, Ingenier\u00eda Sanitaria y Ambiental, Ingenier\u00eda en Recursos H\u00eddricos con Sede en el Municipio de Carapar\u00ed que se consolida a nivel licenciatura en el a\u00f1o 2011 y Administraci\u00f3n y Gesti\u00f3n P\u00fablica.<\/span><\/p><p><span style=\"color: #000000\">En el a\u00f1o 2020 se presenta el proyecto para la creaci\u00f3n del la \u201cFacultad de Ingenier\u00eda de Recursos Naturales y Tecnolog\u00eda\u201d debido a que las carreras de la Facultad de Ciencias Integradas del Gran Chaco corresponden a diferentes \u00e1reas de las ciencias del conocimiento, por este motivo se propone la divisi\u00f3n de la misma en dos Facultades: La FACULTAD DE CIENCIAS EMPRESARIALES y la FACULTAD DE INGENIER\u00cdA DE RECURSOS NATURALES Y TECNOLOG\u00cdA.<\/span><\/p><p><span style=\"color: #000000\">Finalmente, en la gesti\u00f3n 2021 se aprueba la creaci\u00f3n de la Facultad de Ingenier\u00eda de Recursos Naturales y Tecnolog\u00eda con sus flamantes autoridades, el Sr. Decano Ing. Agr. Naval Illescas Gonzales y la Sra. Vice Decana Ing. Silvia Olivera Medina; de esta manera compuesta por las carreras de:<\/span><\/p><ul><li><span style=\"color: #000000\">Ingenier\u00eda Agron\u00f3mica<\/span><\/li><li><span style=\"color: #000000\">Ingenier\u00eda Inform\u00e1tica<\/span><\/li><li><span style=\"color: #000000\">Ingenier\u00eda Sanitaria y Ambiental<\/span><\/li><li><span style=\"color: #000000\">Ingenier\u00eda en Recursos H\u00eddricos<\/span><\/li><\/ul>\t\t\t\t\t\t\t\t<\/div>\n\t\t\t\t<\/div>\n\t\t\t\t\t<\/div>\n\t\t<\/div>\n\t\t\t\t\t<\/div>\n\t\t<\/section>\n\t\t\t\t<section class=\"elementor-section elementor-top-section elementor-element elementor-element-6b97f9d elementor-section-boxed elementor-section-height-default elementor-section-height-default\" data-id=\"6b97f9d\" data-element_type=\"section\" data-e-type=\"section\">\n\t\t\t\t\t\t<div class=\"elementor-container elementor-column-gap-default\">\n\t\t\t\t\t<div class=\"elementor-column elementor-col-100 elementor-top-column elementor-element elementor-element-918e310\" data-id=\"918e310\" data-element_type=\"column\" data-e-type=\"column\">\n\t\t\t<div class=\"elementor-widget-wrap elementor-element-populated\">\n\t\t\t\t\t\t<div class=\"elementor-element elementor-element-96b81c8 elementor-widget elementor-widget-text-editor\" data-id=\"96b81c8\" data-element_type=\"widget\" data-e-type=\"widget\" data-widget_type=\"text-editor.default\">\n\t\t\t\t<div class=\"elementor-widget-container\">\n\t\t\t\t\t\t\t\t\t<blockquote><p><a href=\"http:\/\/www.uajms.edu.bo\/firnt\/wp-content\/uploads\/sites\/84\/2024\/05\/RHCU20-2021-creacionFIRNyT.pdf\" target=\"_blank\" rel=\"noopener\">\u21d2Resoluci\u00f3n de creaci\u00f3n de la Facultad de Ingenier\u00eda de Recursos Naturales y Tecnolog\u00eda<\/a><\/p><\/blockquote>\t\t\t\t\t\t\t\t<\/div>\n\t\t\t\t<\/div>\n\t\t\t\t\t<\/div>\n\t\t<\/div>\n\t\t\t\t\t<\/div>\n\t\t<\/section>\n\t\t\t\t<\/div>\n\t\t","protected":false},"excerpt":{"rendered":"<p>\/*! elementor &#8211; v3.21.0 &#8211; 26-05-2024 *\/ .elementor-widget-image{text-align:center}.elementor-widget-image a{display:inline-block}.elementor-widget-image a img[src$=\u00bb.svg\u00bb]{width:48px}.elementor-widget-image img{vertical-align:middle;display:inline-block} \/*! elementor &#8211; v3.21.0 &#8211; 26-05-2024 *\/ .elementor-heading-title{padding:0;margin:0;line-height:1}.elementor-widget-heading .elementor-heading-title[class*=elementor-size-]&gt;a{color:inherit;font-size:inherit;line-height:inherit}.elementor-widget-heading .elementor-heading-title.elementor-size-small{font-size:15px}.elementor-widget-heading .elementor-heading-title.elementor-size-medium{font-size:19px}.elementor-widget-heading .elementor-heading-title.elementor-size-large{font-size:29px}.elementor-widget-heading .elementor-heading-title.elementor-size-xl{font-size:39px}.elementor-widget-heading .elementor-heading-title.elementor-size-xxl{font-size:59px} RESE\u00d1A HIST\u00d3RICA El 6&hellip;&nbsp;<a href=\"https:\/\/www.uajms.edu.bo\/firnt\/resena-historica\/\" rel=\"bookmark\">Leer m\u00e1s &raquo;<span class=\"screen-reader-text\">rese\u00f1a-hist\u00f3rica<\/span><\/a><\/p>\n","protected":false},"author":136,"featured_media":0,"parent":0,"menu_order":0,"comment_status":"closed","ping_status":"closed","template":"page-templates\/template-pagebuilder-full-width.php","meta":{"neve_meta_sidebar":"","neve_meta_container":"","neve_meta_enable_content_width":"","neve_meta_content_width":0,"neve_meta_title_alignment":"","neve_meta_author_avatar":"","neve_post_elements_order":"","neve_meta_disable_header":"","neve_meta_disable_footer":"","neve_meta_disable_title":"","_joinchat":[],"footnotes":""},"class_list":["post-959","page","type-page","status-publish","hentry"],"publishpress_future_action":{"enabled":false,"date":"2026-05-12 09:50:27","action":"change-status","newStatus":"draft","terms":[],"taxonomy":"","extraData":[]},"publishpress_future_workflow_manual_trigger":{"enabledWorkflows":[]},"_links":{"self":[{"href":"https:\/\/www.uajms.edu.bo\/firnt\/wp-json\/wp\/v2\/pages\/959","targetHints":{"allow":["GET"]}}],"collection":[{"href":"https:\/\/www.uajms.edu.bo\/firnt\/wp-json\/wp\/v2\/pages"}],"about":[{"href":"https:\/\/www.uajms.edu.bo\/firnt\/wp-json\/wp\/v2\/types\/page"}],"author":[{"embeddable":true,"href":"https:\/\/www.uajms.edu.bo\/firnt\/wp-json\/wp\/v2\/users\/136"}],"replies":[{"embeddable":true,"href":"https:\/\/www.uajms.edu.bo\/firnt\/wp-json\/wp\/v2\/comments?post=959"}],"version-history":[{"count":5,"href":"https:\/\/www.uajms.edu.bo\/firnt\/wp-json\/wp\/v2\/pages\/959\/revisions"}],"predecessor-version":[{"id":1633,"href":"https:\/\/www.uajms.edu.bo\/firnt\/wp-json\/wp\/v2\/pages\/959\/revisions\/1633"}],"wp:attachment":[{"href":"https:\/\/www.uajms.edu.bo\/firnt\/wp-json\/wp\/v2\/media?parent=959"}],"curies":[{"name":"wp","href":"https:\/\/api.w.org\/{rel}","templated":true}]}}