

{"id":660,"date":"2024-05-09T03:48:01","date_gmt":"2024-05-09T01:48:01","guid":{"rendered":"https:\/\/www.uajms.edu.bo\/firnt\/?page_id=660"},"modified":"2024-09-30T09:29:05","modified_gmt":"2024-09-30T13:29:05","slug":"mision","status":"publish","type":"page","link":"https:\/\/www.uajms.edu.bo\/firnt\/mision\/","title":{"rendered":"misi\u00f3n"},"content":{"rendered":"\t\t<div data-elementor-type=\"wp-page\" data-elementor-id=\"660\" class=\"elementor elementor-660\">\n\t\t\t\t\t\t<section class=\"elementor-section elementor-top-section elementor-element elementor-element-7c29ace elementor-section-boxed elementor-section-height-default elementor-section-height-default\" data-id=\"7c29ace\" data-element_type=\"section\" data-e-type=\"section\">\n\t\t\t\t\t\t<div class=\"elementor-container elementor-column-gap-default\">\n\t\t\t\t\t<div class=\"elementor-column elementor-col-100 elementor-top-column elementor-element elementor-element-d63bf5c\" data-id=\"d63bf5c\" data-element_type=\"column\" data-e-type=\"column\">\n\t\t\t<div class=\"elementor-widget-wrap elementor-element-populated\">\n\t\t\t\t\t\t<div class=\"elementor-element elementor-element-29b8758 elementor-widget elementor-widget-image\" data-id=\"29b8758\" data-element_type=\"widget\" data-e-type=\"widget\" data-widget_type=\"image.default\">\n\t\t\t\t<div class=\"elementor-widget-container\">\n\t\t\t\t\t\t\t\t\t\t\t\t\t\t\t<img decoding=\"async\" src=\"http:\/\/www.uajms.edu.bo\/firnt\/wp-content\/uploads\/sites\/84\/2024\/05\/vision-mision-valores.jpg\" title=\"\" alt=\"\" loading=\"lazy\" \/>\t\t\t\t\t\t\t\t\t\t\t\t\t\t\t<\/div>\n\t\t\t\t<\/div>\n\t\t\t\t\t<\/div>\n\t\t<\/div>\n\t\t\t\t\t<\/div>\n\t\t<\/section>\n\t\t\t\t<section class=\"elementor-section elementor-top-section elementor-element elementor-element-9e3c45a elementor-section-boxed elementor-section-height-default elementor-section-height-default\" data-id=\"9e3c45a\" data-element_type=\"section\" data-e-type=\"section\">\n\t\t\t\t\t\t<div class=\"elementor-container elementor-column-gap-default\">\n\t\t\t\t\t<div class=\"elementor-column elementor-col-100 elementor-top-column elementor-element elementor-element-3613f2c\" data-id=\"3613f2c\" data-element_type=\"column\" data-e-type=\"column\">\n\t\t\t<div class=\"elementor-widget-wrap elementor-element-populated\">\n\t\t\t\t\t\t<div class=\"elementor-element elementor-element-ecf4646 elementor-widget elementor-widget-heading\" data-id=\"ecf4646\" data-element_type=\"widget\" data-e-type=\"widget\" data-widget_type=\"heading.default\">\n\t\t\t\t<div class=\"elementor-widget-container\">\n\t\t\t\t\t<h2 class=\"elementor-heading-title elementor-size-default\">MISI\u00d3N<\/h2>\t\t\t\t<\/div>\n\t\t\t\t<\/div>\n\t\t\t\t\t<\/div>\n\t\t<\/div>\n\t\t\t\t\t<\/div>\n\t\t<\/section>\n\t\t\t\t<section class=\"elementor-section elementor-top-section elementor-element elementor-element-ead3a11 elementor-section-boxed elementor-section-height-default elementor-section-height-default\" data-id=\"ead3a11\" data-element_type=\"section\" data-e-type=\"section\">\n\t\t\t\t\t\t<div class=\"elementor-container elementor-column-gap-default\">\n\t\t\t\t\t<div class=\"elementor-column elementor-col-100 elementor-top-column elementor-element elementor-element-a0e0fdc\" data-id=\"a0e0fdc\" data-element_type=\"column\" data-e-type=\"column\">\n\t\t\t<div class=\"elementor-widget-wrap elementor-element-populated\">\n\t\t\t\t\t\t<div class=\"elementor-element elementor-element-1582875 elementor-widget elementor-widget-text-editor\" data-id=\"1582875\" data-element_type=\"widget\" data-e-type=\"widget\" data-widget_type=\"text-editor.default\">\n\t\t\t\t<div class=\"elementor-widget-container\">\n\t\t\t\t\t\t\t\t\t<blockquote><p>\u201cLa misi\u00f3n de nuestra facultad es formar profesionales altamente capacitados en las \u00e1reas de medio ambiente, recursos h\u00eddricos, agricultura y tecnolog\u00eda, mediante una educaci\u00f3n integral que promueva el conocimiento cient\u00edfico, la innovaci\u00f3n tecnol\u00f3gica y el emprendimiento. Nos comprometemos a fomentar valores de responsabilidad, \u00e9tica y compromiso social en nuestros estudiantes, prepar\u00e1ndolos para ser l\u00edderes y agentes de cambio que contribuyan al desarrollo sostenible y al bienestar de la sociedad\u201d.<\/p><\/blockquote>\t\t\t\t\t\t\t\t<\/div>\n\t\t\t\t<\/div>\n\t\t\t\t\t<\/div>\n\t\t<\/div>\n\t\t\t\t\t<\/div>\n\t\t<\/section>\n\t\t\t\t<\/div>\n\t\t","protected":false},"excerpt":{"rendered":"<p>MISI\u00d3N \u201cLa misi\u00f3n de nuestra facultad es formar profesionales altamente capacitados en las \u00e1reas de medio ambiente, recursos h\u00eddricos, agricultura y tecnolog\u00eda, mediante una educaci\u00f3n integral que promueva el conocimiento&hellip;&nbsp;<a href=\"https:\/\/www.uajms.edu.bo\/firnt\/mision\/\" rel=\"bookmark\">Leer m\u00e1s &raquo;<span class=\"screen-reader-text\">misi\u00f3n<\/span><\/a><\/p>\n","protected":false},"author":136,"featured_media":0,"parent":0,"menu_order":0,"comment_status":"closed","ping_status":"closed","template":"page-templates\/template-pagebuilder-full-width.php","meta":{"neve_meta_sidebar":"","neve_meta_container":"","neve_meta_enable_content_width":"","neve_meta_content_width":0,"neve_meta_title_alignment":"","neve_meta_author_avatar":"","neve_post_elements_order":"","neve_meta_disable_header":"","neve_meta_disable_footer":"","neve_meta_disable_title":"","_joinchat":[],"footnotes":""},"class_list":["post-660","page","type-page","status-publish","hentry"],"publishpress_future_action":{"enabled":false,"date":"2026-05-12 09:50:00","action":"change-status","newStatus":"draft","terms":[],"taxonomy":"","extraData":[]},"publishpress_future_workflow_manual_trigger":{"enabledWorkflows":[]},"_links":{"self":[{"href":"https:\/\/www.uajms.edu.bo\/firnt\/wp-json\/wp\/v2\/pages\/660","targetHints":{"allow":["GET"]}}],"collection":[{"href":"https:\/\/www.uajms.edu.bo\/firnt\/wp-json\/wp\/v2\/pages"}],"about":[{"href":"https:\/\/www.uajms.edu.bo\/firnt\/wp-json\/wp\/v2\/types\/page"}],"author":[{"embeddable":true,"href":"https:\/\/www.uajms.edu.bo\/firnt\/wp-json\/wp\/v2\/users\/136"}],"replies":[{"embeddable":true,"href":"https:\/\/www.uajms.edu.bo\/firnt\/wp-json\/wp\/v2\/comments?post=660"}],"version-history":[{"count":5,"href":"https:\/\/www.uajms.edu.bo\/firnt\/wp-json\/wp\/v2\/pages\/660\/revisions"}],"predecessor-version":[{"id":2115,"href":"https:\/\/www.uajms.edu.bo\/firnt\/wp-json\/wp\/v2\/pages\/660\/revisions\/2115"}],"wp:attachment":[{"href":"https:\/\/www.uajms.edu.bo\/firnt\/wp-json\/wp\/v2\/media?parent=660"}],"curies":[{"name":"wp","href":"https:\/\/api.w.org\/{rel}","templated":true}]}}