

{"id":528,"date":"2024-05-08T23:37:35","date_gmt":"2024-05-08T21:37:35","guid":{"rendered":"https:\/\/www.uajms.edu.bo\/firnt\/?page_id=528"},"modified":"2025-10-15T09:53:06","modified_gmt":"2025-10-15T13:53:06","slug":"ingenieria-sanitaria-y-ambiental","status":"publish","type":"page","link":"https:\/\/www.uajms.edu.bo\/firnt\/ingenieria-sanitaria-y-ambiental\/","title":{"rendered":"ingenier\u00eda-sanitaria-y-ambiental"},"content":{"rendered":"\t\t<div data-elementor-type=\"wp-page\" data-elementor-id=\"528\" class=\"elementor elementor-528\">\n\t\t\t\t\t\t<section class=\"elementor-section elementor-top-section elementor-element elementor-element-da70cf2 elementor-section-boxed elementor-section-height-default elementor-section-height-default\" data-id=\"da70cf2\" data-element_type=\"section\" data-e-type=\"section\">\n\t\t\t\t\t\t<div class=\"elementor-container elementor-column-gap-default\">\n\t\t\t\t\t<div class=\"elementor-column elementor-col-100 elementor-top-column elementor-element elementor-element-2d55316\" data-id=\"2d55316\" data-element_type=\"column\" data-e-type=\"column\">\n\t\t\t<div class=\"elementor-widget-wrap elementor-element-populated\">\n\t\t\t\t\t\t<div class=\"elementor-element elementor-element-a1c38e9 elementor-widget elementor-widget-image\" data-id=\"a1c38e9\" data-element_type=\"widget\" data-e-type=\"widget\" data-widget_type=\"image.default\">\n\t\t\t\t<div class=\"elementor-widget-container\">\n\t\t\t\t\t\t\t\t\t\t\t\t\t\t\t<img fetchpriority=\"high\" decoding=\"async\" width=\"1024\" height=\"403\" src=\"https:\/\/www.uajms.edu.bo\/firnt\/wp-content\/uploads\/sites\/84\/2024\/06\/ingisa3.jpg\" class=\"attachment-large size-large wp-image-1620\" alt=\"\" \/>\t\t\t\t\t\t\t\t\t\t\t\t\t\t\t<\/div>\n\t\t\t\t<\/div>\n\t\t\t\t\t<\/div>\n\t\t<\/div>\n\t\t\t\t\t<\/div>\n\t\t<\/section>\n\t\t\t\t<section class=\"elementor-section elementor-top-section elementor-element elementor-element-eb183f6 elementor-section-boxed elementor-section-height-default elementor-section-height-default\" data-id=\"eb183f6\" data-element_type=\"section\" data-e-type=\"section\">\n\t\t\t\t\t\t<div class=\"elementor-container elementor-column-gap-default\">\n\t\t\t\t\t<div class=\"elementor-column elementor-col-50 elementor-top-column elementor-element elementor-element-5be8282\" data-id=\"5be8282\" data-element_type=\"column\" data-e-type=\"column\">\n\t\t\t<div class=\"elementor-widget-wrap elementor-element-populated\">\n\t\t\t\t\t\t<div class=\"elementor-element elementor-element-752cb65 elementor-widget elementor-widget-heading\" data-id=\"752cb65\" data-element_type=\"widget\" data-e-type=\"widget\" data-widget_type=\"heading.default\">\n\t\t\t\t<div class=\"elementor-widget-container\">\n\t\t\t\t\t<h2 class=\"elementor-heading-title elementor-size-default\">Informaci\u00f3n general<\/h2>\t\t\t\t<\/div>\n\t\t\t\t<\/div>\n\t\t\t\t<div class=\"elementor-element elementor-element-30abff0 elementor-widget elementor-widget-text-editor\" data-id=\"30abff0\" data-element_type=\"widget\" data-e-type=\"widget\" data-widget_type=\"text-editor.default\">\n\t\t\t\t<div class=\"elementor-widget-container\">\n\t\t\t\t\t\t\t\t\t<p><strong>Nivel:<\/strong>\u00a0Licenciatura<br \/><strong>Duraci\u00f3n:<\/strong>\u00a09 semestres<br \/><strong>Grado Acad\u00e9mico:<\/strong>\u00a0Licenciado(a) en Ingenier\u00eda Sanitaria y Ambiental<br \/><strong>T\u00edtulo en Provisi\u00f3n Nacional:<\/strong>\u00a0Ingeniero(a) Sanitario y Ambiental<\/p><p><strong>Titulaci\u00f3n:<\/strong> V\u00eda Diplomado<\/p>\t\t\t\t\t\t\t\t<\/div>\n\t\t\t\t<\/div>\n\t\t\t\t<div class=\"elementor-element elementor-element-6d67f8c elementor-widget elementor-widget-heading\" data-id=\"6d67f8c\" data-element_type=\"widget\" data-e-type=\"widget\" data-widget_type=\"heading.default\">\n\t\t\t\t<div class=\"elementor-widget-container\">\n\t\t\t\t\t<h2 class=\"elementor-heading-title elementor-size-default\">\u00bfPor qu\u00e9 estudiar esta carrera?<\/h2>\t\t\t\t<\/div>\n\t\t\t\t<\/div>\n\t\t\t\t<div class=\"elementor-element elementor-element-966c701 elementor-widget elementor-widget-video\" data-id=\"966c701\" data-element_type=\"widget\" data-e-type=\"widget\" data-settings=\"{&quot;youtube_url&quot;:&quot;https:\\\/\\\/youtu.be\\\/dTNVAcibgu4&quot;,&quot;video_type&quot;:&quot;youtube&quot;,&quot;controls&quot;:&quot;yes&quot;}\" data-widget_type=\"video.default\">\n\t\t\t\t<div class=\"elementor-widget-container\">\n\t\t\t\t\t\t\t<div class=\"elementor-wrapper elementor-open-inline\">\n\t\t\t<div class=\"elementor-video\"><\/div>\t\t<\/div>\n\t\t\t\t\t\t<\/div>\n\t\t\t\t<\/div>\n\t\t\t\t<div class=\"elementor-element elementor-element-850f553 elementor-widget elementor-widget-heading\" data-id=\"850f553\" data-element_type=\"widget\" data-e-type=\"widget\" data-widget_type=\"heading.default\">\n\t\t\t\t<div class=\"elementor-widget-container\">\n\t\t\t\t\t<h2 class=\"elementor-heading-title elementor-size-default\">Perfil del graduado profesional<\/h2>\t\t\t\t<\/div>\n\t\t\t\t<\/div>\n\t\t\t\t<div class=\"elementor-element elementor-element-c53241c elementor-widget elementor-widget-text-editor\" data-id=\"c53241c\" data-element_type=\"widget\" data-e-type=\"widget\" data-widget_type=\"text-editor.default\">\n\t\t\t\t<div class=\"elementor-widget-container\">\n\t\t\t\t\t\t\t\t\t<p>El Ingeniero Sanitario y Ambiental de la Universidad Aut\u00f3noma Juan Misael Saracho, es un profesional \u00edntegro, con formaci\u00f3n human\u00edstica, anal\u00edtica, t\u00e9cnica, tecnol\u00f3gica, que se desempe\u00f1a en fuentes laborales de car\u00e1cter p\u00fablico o privado, con criterios de liderazgo, emprendedurismo e innovaci\u00f3n, capaz de adecuarse a los cambios de la ciencia y tecnolog\u00eda con \u00e9tica y responsabilidad social, que se desempe\u00f1a en las siguientes \u00e1reas:\u00a0<br \/>i) Abastecimiento y tratamiento de agua para consumo,\u00a0<br \/>ii) Alcantarillado sanitario-pluvial y tratamiento de aguas residuales,\u00a0<br \/>iii) Gesti\u00f3n integral de residuos s\u00f3lidos y <br \/>iv) Gesti\u00f3n ambiental.<\/p>\t\t\t\t\t\t\t\t<\/div>\n\t\t\t\t<\/div>\n\t\t\t\t\t<\/div>\n\t\t<\/div>\n\t\t\t\t<div class=\"elementor-column elementor-col-50 elementor-top-column elementor-element elementor-element-47ce88a\" data-id=\"47ce88a\" data-element_type=\"column\" data-e-type=\"column\">\n\t\t\t<div class=\"elementor-widget-wrap elementor-element-populated\">\n\t\t\t\t\t\t<div class=\"elementor-element elementor-element-97a8dc0 elementor-widget elementor-widget-heading\" data-id=\"97a8dc0\" data-element_type=\"widget\" data-e-type=\"widget\" data-widget_type=\"heading.default\">\n\t\t\t\t<div class=\"elementor-widget-container\">\n\t\t\t\t\t<h2 class=\"elementor-heading-title elementor-size-default\">Misi\u00f3n<\/h2>\t\t\t\t<\/div>\n\t\t\t\t<\/div>\n\t\t\t\t<div class=\"elementor-element elementor-element-8d84b5e elementor-widget elementor-widget-text-editor\" data-id=\"8d84b5e\" data-element_type=\"widget\" data-e-type=\"widget\" data-widget_type=\"text-editor.default\">\n\t\t\t\t<div class=\"elementor-widget-container\">\n\t\t\t\t\t\t\t\t\t<p>Formar profesionales con actitud cr\u00edtica, reflexiva, creativa, innovadora e investigativa, capacitados para afrontar problemas sanitarios y ambientales de la regi\u00f3n y el pa\u00eds, con base en una formaci\u00f3n socio &#8211; human\u00edstica, cient\u00edfica y tecnol\u00f3gica, que aporten al desarrollo sostenible e integral de la comunidad.<\/p>\t\t\t\t\t\t\t\t<\/div>\n\t\t\t\t<\/div>\n\t\t\t\t<div class=\"elementor-element elementor-element-c63ce85 elementor-widget elementor-widget-heading\" data-id=\"c63ce85\" data-element_type=\"widget\" data-e-type=\"widget\" data-widget_type=\"heading.default\">\n\t\t\t\t<div class=\"elementor-widget-container\">\n\t\t\t\t\t<h2 class=\"elementor-heading-title elementor-size-default\">Objetivo de la carrera<\/h2>\t\t\t\t<\/div>\n\t\t\t\t<\/div>\n\t\t\t\t<div class=\"elementor-element elementor-element-1df8b0f elementor-widget elementor-widget-text-editor\" data-id=\"1df8b0f\" data-element_type=\"widget\" data-e-type=\"widget\" data-widget_type=\"text-editor.default\">\n\t\t\t\t<div class=\"elementor-widget-container\">\n\t\t\t\t\t\t\t\t\t<p>Los objetivos principales de la carrera de Ingenier\u00eda Sanitaria y Ambiental, se redactan en funci\u00f3n del desempe\u00f1o del profesional:<\/p><p><strong>Gesti\u00f3n Integral del Agua y Residuos<\/strong>: Desarrollar competencias para gestionar eficientemente los recursos h\u00eddricos y los residuos s\u00f3lidos y l\u00edquidos, asegurando su tratamiento adecuado y su impacto m\u00ednimo en el medio ambiente.<\/p><p><strong>Dise\u00f1o e Implementaci\u00f3n de Tecnolog\u00edas Sostenibles<\/strong>: Adquirir habilidades para dise\u00f1ar, implementar y mantener tecnolog\u00edas innovadoras y sostenibles en el campo del saneamiento ambiental, incluyendo sistemas de tratamiento de aguas y tecnolog\u00edas de gesti\u00f3n de residuos.<\/p><p><strong>Evaluaci\u00f3n del Impacto Ambiental<\/strong>: Desarrollar la capacidad para evaluar el impacto ambiental de proyectos y actividades relacionadas con el agua y el saneamiento, identificando posibles riesgos y proponiendo medidas preventivas y correctivas.<\/p><p><strong>Comunicaci\u00f3n y Sensibilizaci\u00f3n Ambiental<\/strong>: Mejorar las habilidades de comunicaci\u00f3n para educar y sensibilizar a la comunidad sobre pr\u00e1cticas sostenibles de manejo del agua y residuos, promoviendo la participaci\u00f3n ciudadana y el cambio de comportamiento.<\/p><p><strong>Trabajo en Equipos Multidisciplinarios<\/strong>: Fomentar habilidades para trabajar de manera efectiva en equipos multidisciplinarios, colaborando con profesionales de diversas \u00e1reas para abordar problemas complejos y encontrar soluciones integrales.<\/p><p><strong>\u00c9tica y Responsabilidad Profesional<\/strong>: Inculcar valores \u00e9ticos y responsabilidad social en la pr\u00e1ctica profesional, asegurando que los ingenieros sanitarios y ambientales act\u00faen de manera \u00e9tica y responsable, considerando el impacto de sus decisiones en la sociedad y el medio ambiente.<\/p>\t\t\t\t\t\t\t\t<\/div>\n\t\t\t\t<\/div>\n\t\t\t\t<div class=\"elementor-element elementor-element-73d2898 elementor-widget elementor-widget-toggle\" data-id=\"73d2898\" data-element_type=\"widget\" data-e-type=\"widget\" data-widget_type=\"toggle.default\">\n\t\t\t\t<div class=\"elementor-widget-container\">\n\t\t\t\t\t\t\t<div class=\"elementor-toggle\">\n\t\t\t\t\t\t\t<div class=\"elementor-toggle-item\">\n\t\t\t\t\t<div id=\"elementor-tab-title-1211\" class=\"elementor-tab-title\" data-tab=\"1\" role=\"button\" aria-controls=\"elementor-tab-content-1211\" aria-expanded=\"false\">\n\t\t\t\t\t\t\t\t\t\t\t\t<span class=\"elementor-toggle-icon elementor-toggle-icon-left\" aria-hidden=\"true\">\n\t\t\t\t\t\t\t\t\t\t\t\t\t\t\t<span class=\"elementor-toggle-icon-closed\"><i class=\"fas fa-caret-right\"><\/i><\/span>\n\t\t\t\t\t\t\t\t<span class=\"elementor-toggle-icon-opened\"><i class=\"elementor-toggle-icon-opened fas fa-caret-up\"><\/i><\/span>\n\t\t\t\t\t\t\t\t\t\t\t\t\t<\/span>\n\t\t\t\t\t\t\t\t\t\t\t\t<a class=\"elementor-toggle-title\" tabindex=\"0\">Campo Ocupacional<\/a>\n\t\t\t\t\t<\/div>\n\n\t\t\t\t\t<div id=\"elementor-tab-content-1211\" class=\"elementor-tab-content elementor-clearfix\" data-tab=\"1\" role=\"region\" aria-labelledby=\"elementor-tab-title-1211\"><ul><li>&#8211; Gestor de proyectos.<\/li><li>&#8211; Dise\u00f1ador, constructor y administrador de sistemas de tratamiento h\u00eddricos.<\/li><li>&#8211; Dise\u00f1ador, constructor y administrador de sistemas de recolecci\u00f3n, transporte y tratamiento de residuos s\u00f3lidos.<\/li><li>&#8211; Operador y administrador de empresas de servicio p\u00fablico de acueducto, alcantarillado o aseo, as\u00ed como el sistema de proyectos sanitarios.<\/li><\/ul><\/div>\n\t\t\t\t<\/div>\n\t\t\t\t\t\t\t<div class=\"elementor-toggle-item\">\n\t\t\t\t\t<div id=\"elementor-tab-title-1212\" class=\"elementor-tab-title\" data-tab=\"2\" role=\"button\" aria-controls=\"elementor-tab-content-1212\" aria-expanded=\"false\">\n\t\t\t\t\t\t\t\t\t\t\t\t<span class=\"elementor-toggle-icon elementor-toggle-icon-left\" aria-hidden=\"true\">\n\t\t\t\t\t\t\t\t\t\t\t\t\t\t\t<span class=\"elementor-toggle-icon-closed\"><i class=\"fas fa-caret-right\"><\/i><\/span>\n\t\t\t\t\t\t\t\t<span class=\"elementor-toggle-icon-opened\"><i class=\"elementor-toggle-icon-opened fas fa-caret-up\"><\/i><\/span>\n\t\t\t\t\t\t\t\t\t\t\t\t\t<\/span>\n\t\t\t\t\t\t\t\t\t\t\t\t<a class=\"elementor-toggle-title\" tabindex=\"0\">Reglamento de la Carrera<\/a>\n\t\t\t\t\t<\/div>\n\n\t\t\t\t\t<div id=\"elementor-tab-content-1212\" class=\"elementor-tab-content elementor-clearfix\" data-tab=\"2\" role=\"region\" aria-labelledby=\"elementor-tab-title-1212\"><p>Contenido del conmutador<\/p><\/div>\n\t\t\t\t<\/div>\n\t\t\t\t\t\t\t<div class=\"elementor-toggle-item\">\n\t\t\t\t\t<div id=\"elementor-tab-title-1213\" class=\"elementor-tab-title\" data-tab=\"3\" role=\"button\" aria-controls=\"elementor-tab-content-1213\" aria-expanded=\"false\">\n\t\t\t\t\t\t\t\t\t\t\t\t<span class=\"elementor-toggle-icon elementor-toggle-icon-left\" aria-hidden=\"true\">\n\t\t\t\t\t\t\t\t\t\t\t\t\t\t\t<span class=\"elementor-toggle-icon-closed\"><i class=\"fas fa-caret-right\"><\/i><\/span>\n\t\t\t\t\t\t\t\t<span class=\"elementor-toggle-icon-opened\"><i class=\"elementor-toggle-icon-opened fas fa-caret-up\"><\/i><\/span>\n\t\t\t\t\t\t\t\t\t\t\t\t\t<\/span>\n\t\t\t\t\t\t\t\t\t\t\t\t<a class=\"elementor-toggle-title\" tabindex=\"0\">Duraci\u00f3n y Grado Acad\u00e9mico<\/a>\n\t\t\t\t\t<\/div>\n\n\t\t\t\t\t<div id=\"elementor-tab-content-1213\" class=\"elementor-tab-content elementor-clearfix\" data-tab=\"3\" role=\"region\" aria-labelledby=\"elementor-tab-title-1213\"><p>Duraci\u00f3n: 9 semestres.<\/p><p>Todos los estudiantes que se titulan en la carrera de Ingenier\u00eda Sanitaria y Ambiental, reciben dos t\u00edtulos mediante la modalidad de Titulaci\u00f3n Directa: el <strong>T\u00edtulo Acad\u00e9mico<\/strong>\u00a0y el\u00a0<strong>T\u00edtulo en Provisi\u00f3n Nacional<\/strong>, cuyas nominaciones son:<\/p><ol><li><strong>T\u00edtulo Acad\u00e9mico<\/strong><\/li><\/ol><p>Licenciado(a) en Ingenier\u00eda Sanitaria y Ambiental.<\/p><ol start=\"2\"><li><strong>T\u00edtulo en Provisi\u00f3n Nacional<\/strong><\/li><\/ol><p>Ingeniero(a) Sanitario Ambiental.<\/p><\/div>\n\t\t\t\t<\/div>\n\t\t\t\t\t\t\t<div class=\"elementor-toggle-item\">\n\t\t\t\t\t<div id=\"elementor-tab-title-1214\" class=\"elementor-tab-title\" data-tab=\"4\" role=\"button\" aria-controls=\"elementor-tab-content-1214\" aria-expanded=\"false\">\n\t\t\t\t\t\t\t\t\t\t\t\t<span class=\"elementor-toggle-icon elementor-toggle-icon-left\" aria-hidden=\"true\">\n\t\t\t\t\t\t\t\t\t\t\t\t\t\t\t<span class=\"elementor-toggle-icon-closed\"><i class=\"fas fa-caret-right\"><\/i><\/span>\n\t\t\t\t\t\t\t\t<span class=\"elementor-toggle-icon-opened\"><i class=\"elementor-toggle-icon-opened fas fa-caret-up\"><\/i><\/span>\n\t\t\t\t\t\t\t\t\t\t\t\t\t<\/span>\n\t\t\t\t\t\t\t\t\t\t\t\t<a class=\"elementor-toggle-title\" tabindex=\"0\">Informaci\u00f3n de Contacto<\/a>\n\t\t\t\t\t<\/div>\n\n\t\t\t\t\t<div id=\"elementor-tab-content-1214\" class=\"elementor-tab-content elementor-clearfix\" data-tab=\"4\" role=\"region\" aria-labelledby=\"elementor-tab-title-1214\"><p>Tel\u00e9fonos de consulta admisiones 2025.<\/p><\/div>\n\t\t\t\t<\/div>\n\t\t\t\t\t\t\t\t<\/div>\n\t\t\t\t\t\t<\/div>\n\t\t\t\t<\/div>\n\t\t\t\t\t<\/div>\n\t\t<\/div>\n\t\t\t\t\t<\/div>\n\t\t<\/section>\n\t\t\t\t<section class=\"elementor-section elementor-top-section elementor-element elementor-element-124f2f5 elementor-section-boxed elementor-section-height-default elementor-section-height-default\" data-id=\"124f2f5\" data-element_type=\"section\" data-e-type=\"section\">\n\t\t\t\t\t\t<div class=\"elementor-container elementor-column-gap-default\">\n\t\t\t\t\t<div class=\"elementor-column elementor-col-100 elementor-top-column elementor-element elementor-element-96e3f4e\" data-id=\"96e3f4e\" data-element_type=\"column\" data-e-type=\"column\">\n\t\t\t<div class=\"elementor-widget-wrap elementor-element-populated\">\n\t\t\t\t\t\t<div class=\"elementor-element elementor-element-5c257d3 elementor-widget elementor-widget-heading\" data-id=\"5c257d3\" data-element_type=\"widget\" data-e-type=\"widget\" data-widget_type=\"heading.default\">\n\t\t\t\t<div class=\"elementor-widget-container\">\n\t\t\t\t\t<h2 class=\"elementor-heading-title elementor-size-default\">Plan de Estudios de Ingenier\u00eda Sanitaria y Ambiental 2024<\/h2>\t\t\t\t<\/div>\n\t\t\t\t<\/div>\n\t\t\t\t\t<\/div>\n\t\t<\/div>\n\t\t\t\t\t<\/div>\n\t\t<\/section>\n\t\t\t\t<section class=\"elementor-section elementor-top-section elementor-element elementor-element-783da0a elementor-section-boxed elementor-section-height-default elementor-section-height-default\" data-id=\"783da0a\" data-element_type=\"section\" data-e-type=\"section\">\n\t\t\t\t\t\t<div class=\"elementor-container elementor-column-gap-default\">\n\t\t\t\t\t<div class=\"elementor-column elementor-col-100 elementor-top-column elementor-element elementor-element-f4235d5\" data-id=\"f4235d5\" data-element_type=\"column\" data-e-type=\"column\">\n\t\t\t<div class=\"elementor-widget-wrap elementor-element-populated\">\n\t\t\t\t\t\t<div class=\"elementor-element elementor-element-5f97850 elementor-widget elementor-widget-image\" data-id=\"5f97850\" data-element_type=\"widget\" data-e-type=\"widget\" data-widget_type=\"image.default\">\n\t\t\t\t<div class=\"elementor-widget-container\">\n\t\t\t\t\t\t\t\t\t\t\t\t\t\t\t<img decoding=\"async\" width=\"1024\" height=\"567\" src=\"https:\/\/www.uajms.edu.bo\/firnt\/wp-content\/uploads\/sites\/84\/2025\/10\/plan-estudio-isa-2024.jpeg\" class=\"attachment-large size-large wp-image-2999\" alt=\"\" \/>\t\t\t\t\t\t\t\t\t\t\t\t\t\t\t<\/div>\n\t\t\t\t<\/div>\n\t\t\t\t\t<\/div>\n\t\t<\/div>\n\t\t\t\t\t<\/div>\n\t\t<\/section>\n\t\t\t\t<\/div>\n\t\t","protected":false},"excerpt":{"rendered":"<p>Informaci\u00f3n general Nivel:\u00a0LicenciaturaDuraci\u00f3n:\u00a09 semestresGrado Acad\u00e9mico:\u00a0Licenciado(a) en Ingenier\u00eda Sanitaria y AmbientalT\u00edtulo en Provisi\u00f3n Nacional:\u00a0Ingeniero(a) Sanitario y Ambiental Titulaci\u00f3n: V\u00eda Diplomado \u00bfPor qu\u00e9 estudiar esta carrera? Perfil del graduado profesional El Ingeniero&hellip;&nbsp;<a href=\"https:\/\/www.uajms.edu.bo\/firnt\/ingenieria-sanitaria-y-ambiental\/\" rel=\"bookmark\">Leer m\u00e1s &raquo;<span class=\"screen-reader-text\">ingenier\u00eda-sanitaria-y-ambiental<\/span><\/a><\/p>\n","protected":false},"author":136,"featured_media":0,"parent":0,"menu_order":0,"comment_status":"closed","ping_status":"closed","template":"page-templates\/template-pagebuilder-full-width.php","meta":{"neve_meta_sidebar":"","neve_meta_container":"","neve_meta_enable_content_width":"","neve_meta_content_width":0,"neve_meta_title_alignment":"","neve_meta_author_avatar":"","neve_post_elements_order":"","neve_meta_disable_header":"","neve_meta_disable_footer":"","neve_meta_disable_title":"","_joinchat":[],"footnotes":""},"class_list":["post-528","page","type-page","status-publish","hentry"],"publishpress_future_action":{"enabled":false,"date":"2026-05-12 09:49:43","action":"change-status","newStatus":"draft","terms":[],"taxonomy":"","extraData":[]},"publishpress_future_workflow_manual_trigger":{"enabledWorkflows":[]},"_links":{"self":[{"href":"https:\/\/www.uajms.edu.bo\/firnt\/wp-json\/wp\/v2\/pages\/528","targetHints":{"allow":["GET"]}}],"collection":[{"href":"https:\/\/www.uajms.edu.bo\/firnt\/wp-json\/wp\/v2\/pages"}],"about":[{"href":"https:\/\/www.uajms.edu.bo\/firnt\/wp-json\/wp\/v2\/types\/page"}],"author":[{"embeddable":true,"href":"https:\/\/www.uajms.edu.bo\/firnt\/wp-json\/wp\/v2\/users\/136"}],"replies":[{"embeddable":true,"href":"https:\/\/www.uajms.edu.bo\/firnt\/wp-json\/wp\/v2\/comments?post=528"}],"version-history":[{"count":6,"href":"https:\/\/www.uajms.edu.bo\/firnt\/wp-json\/wp\/v2\/pages\/528\/revisions"}],"predecessor-version":[{"id":3094,"href":"https:\/\/www.uajms.edu.bo\/firnt\/wp-json\/wp\/v2\/pages\/528\/revisions\/3094"}],"wp:attachment":[{"href":"https:\/\/www.uajms.edu.bo\/firnt\/wp-json\/wp\/v2\/media?parent=528"}],"curies":[{"name":"wp","href":"https:\/\/api.w.org\/{rel}","templated":true}]}}