

{"id":2972,"date":"2025-10-10T11:17:41","date_gmt":"2025-10-10T15:17:41","guid":{"rendered":"https:\/\/www.uajms.edu.bo\/firnt\/?page_id=2972"},"modified":"2025-10-10T11:36:34","modified_gmt":"2025-10-10T15:36:34","slug":"politica-privacidad","status":"publish","type":"page","link":"https:\/\/www.uajms.edu.bo\/firnt\/politica-privacidad\/","title":{"rendered":"politica-privacidad"},"content":{"rendered":"\t\t<div data-elementor-type=\"wp-page\" data-elementor-id=\"2972\" class=\"elementor elementor-2972\">\n\t\t\t\t\t\t<section class=\"elementor-section elementor-top-section elementor-element elementor-element-e7b466c elementor-section-boxed elementor-section-height-default elementor-section-height-default\" data-id=\"e7b466c\" data-element_type=\"section\" data-e-type=\"section\">\n\t\t\t\t\t\t<div class=\"elementor-container elementor-column-gap-default\">\n\t\t\t\t\t<div class=\"elementor-column elementor-col-100 elementor-top-column elementor-element elementor-element-bc46277\" data-id=\"bc46277\" data-element_type=\"column\" data-e-type=\"column\">\n\t\t\t<div class=\"elementor-widget-wrap elementor-element-populated\">\n\t\t\t\t\t\t<div class=\"elementor-element elementor-element-976afe6 elementor-widget elementor-widget-heading\" data-id=\"976afe6\" data-element_type=\"widget\" data-e-type=\"widget\" data-widget_type=\"heading.default\">\n\t\t\t\t<div class=\"elementor-widget-container\">\n\t\t\t\t\t<h2 class=\"elementor-heading-title elementor-size-default\">Aviso de Privacidad<\/h2>\t\t\t\t<\/div>\n\t\t\t\t<\/div>\n\t\t\t\t\t<\/div>\n\t\t<\/div>\n\t\t\t\t\t<\/div>\n\t\t<\/section>\n\t\t\t\t<section class=\"elementor-section elementor-top-section elementor-element elementor-element-0e3f603 elementor-section-boxed elementor-section-height-default elementor-section-height-default\" data-id=\"0e3f603\" data-element_type=\"section\" data-e-type=\"section\">\n\t\t\t\t\t\t<div class=\"elementor-container elementor-column-gap-default\">\n\t\t\t\t\t<div class=\"elementor-column elementor-col-100 elementor-top-column elementor-element elementor-element-f542f1c\" data-id=\"f542f1c\" data-element_type=\"column\" data-e-type=\"column\">\n\t\t\t<div class=\"elementor-widget-wrap elementor-element-populated\">\n\t\t\t\t\t\t<div class=\"elementor-element elementor-element-cd6e2f3 elementor-widget elementor-widget-text-editor\" data-id=\"cd6e2f3\" data-element_type=\"widget\" data-e-type=\"widget\" data-widget_type=\"text-editor.default\">\n\t\t\t\t<div class=\"elementor-widget-container\">\n\t\t\t\t\t\t\t\t\t<p>\u00daltima actualizaci\u00f3n: 10\/10\/2025<\/p><p>Este aviso de privacidad de la Facultad de Ingenier\u00eda de Recursos Naturales y Tecnolog\u00eda\u00a0 que opera como FIRNT podemos\u00a0recopilar, almacenar, utilizar y\/o compartir su informaci\u00f3n cuando utiliza nuestros servicios, por ejemplo, cuando:<\/p><ul><li>Visite nuestro sitio web en https:\/\/www.uajms.edu.bo\/firnt o cualquier sitio web nuestro que enlace con este aviso de privacidad.<\/li><li>Utilizar nuestra(s) aplicaci\u00f3n(es), como nuestra aplicaci\u00f3n m\u00f3vil, o cualquier otra aplicaci\u00f3n nuestra que enlace a este aviso de privacidad.<\/li><li>Participar con nosotros en otras actividades relacionadas a eventos.<\/li><\/ul><p><strong>\u00bfPreguntas o dudas?<\/strong>\u00a0La lectura de este aviso de privacidad le ayudar\u00e1 a comprender sus derechos y opciones en materia de privacidad. Si no est\u00e1 de acuerdo con nuestras pol\u00edticas y pr\u00e1cticas, no utilice nuestros Servicios. Si a\u00fan as\u00ed tiene alguna pregunta o duda, p\u00f3ngase en contacto con nosotros en\u00a0[Direcci\u00f3n de correo electr\u00f3nico].<\/p><p>Todos los derechos reservados.<\/p>\t\t\t\t\t\t\t\t<\/div>\n\t\t\t\t<\/div>\n\t\t\t\t\t<\/div>\n\t\t<\/div>\n\t\t\t\t\t<\/div>\n\t\t<\/section>\n\t\t\t\t<\/div>\n\t\t","protected":false},"excerpt":{"rendered":"<p>Aviso de Privacidad \u00daltima actualizaci\u00f3n: 10\/10\/2025 Este aviso de privacidad de la Facultad de Ingenier\u00eda de Recursos Naturales y Tecnolog\u00eda\u00a0 que opera como FIRNT podemos\u00a0recopilar, almacenar, utilizar y\/o compartir su&hellip;&nbsp;<a href=\"https:\/\/www.uajms.edu.bo\/firnt\/politica-privacidad\/\" rel=\"bookmark\">Leer m\u00e1s &raquo;<span class=\"screen-reader-text\">politica-privacidad<\/span><\/a><\/p>\n","protected":false},"author":161,"featured_media":0,"parent":0,"menu_order":0,"comment_status":"closed","ping_status":"closed","template":"page-templates\/template-pagebuilder-full-width.php","meta":{"neve_meta_sidebar":"","neve_meta_container":"","neve_meta_enable_content_width":"","neve_meta_content_width":0,"neve_meta_title_alignment":"","neve_meta_author_avatar":"","neve_post_elements_order":"","neve_meta_disable_header":"","neve_meta_disable_footer":"","neve_meta_disable_title":"","_joinchat":[],"footnotes":""},"class_list":["post-2972","page","type-page","status-publish","hentry"],"publishpress_future_action":{"enabled":false,"date":"2026-05-12 09:50:31","action":"change-status","newStatus":"draft","terms":[],"taxonomy":"","extraData":[]},"publishpress_future_workflow_manual_trigger":{"enabledWorkflows":[]},"_links":{"self":[{"href":"https:\/\/www.uajms.edu.bo\/firnt\/wp-json\/wp\/v2\/pages\/2972","targetHints":{"allow":["GET"]}}],"collection":[{"href":"https:\/\/www.uajms.edu.bo\/firnt\/wp-json\/wp\/v2\/pages"}],"about":[{"href":"https:\/\/www.uajms.edu.bo\/firnt\/wp-json\/wp\/v2\/types\/page"}],"author":[{"embeddable":true,"href":"https:\/\/www.uajms.edu.bo\/firnt\/wp-json\/wp\/v2\/users\/161"}],"replies":[{"embeddable":true,"href":"https:\/\/www.uajms.edu.bo\/firnt\/wp-json\/wp\/v2\/comments?post=2972"}],"version-history":[{"count":5,"href":"https:\/\/www.uajms.edu.bo\/firnt\/wp-json\/wp\/v2\/pages\/2972\/revisions"}],"predecessor-version":[{"id":2997,"href":"https:\/\/www.uajms.edu.bo\/firnt\/wp-json\/wp\/v2\/pages\/2972\/revisions\/2997"}],"wp:attachment":[{"href":"https:\/\/www.uajms.edu.bo\/firnt\/wp-json\/wp\/v2\/media?parent=2972"}],"curies":[{"name":"wp","href":"https:\/\/api.w.org\/{rel}","templated":true}]}}