

{"id":1470,"date":"2024-06-04T11:58:48","date_gmt":"2024-06-04T15:58:48","guid":{"rendered":"https:\/\/www.uajms.edu.bo\/firnt\/?page_id=1470"},"modified":"2024-06-04T15:10:05","modified_gmt":"2024-06-04T19:10:05","slug":"socitiiy","status":"publish","type":"page","link":"https:\/\/www.uajms.edu.bo\/firnt\/socitiiy\/","title":{"rendered":"socitiiy"},"content":{"rendered":"\t\t<div data-elementor-type=\"wp-page\" data-elementor-id=\"1470\" class=\"elementor elementor-1470\">\n\t\t\t\t\t\t<section class=\"elementor-section elementor-top-section elementor-element elementor-element-53bae0e elementor-section-boxed elementor-section-height-default elementor-section-height-default\" data-id=\"53bae0e\" data-element_type=\"section\" data-e-type=\"section\">\n\t\t\t\t\t\t<div class=\"elementor-container elementor-column-gap-default\">\n\t\t\t\t\t<div class=\"elementor-column elementor-col-100 elementor-top-column elementor-element elementor-element-91a8b2d\" data-id=\"91a8b2d\" data-element_type=\"column\" data-e-type=\"column\">\n\t\t\t<div class=\"elementor-widget-wrap elementor-element-populated\">\n\t\t\t\t\t\t<div class=\"elementor-element elementor-element-d487f57 elementor-widget elementor-widget-heading\" data-id=\"d487f57\" data-element_type=\"widget\" data-e-type=\"widget\" data-widget_type=\"heading.default\">\n\t\t\t\t<div class=\"elementor-widget-container\">\n\t\t\t\t\t<h4 class=\"elementor-heading-title elementor-size-default\">SOCIEDAD CIENT\u00cdFICA TECNOL\u00d3GICA DE INGENIER\u00cdA INFORM\u00c1TICA YACUIBA<br>- SOCITIIY -<\/h4>\t\t\t\t<\/div>\n\t\t\t\t<\/div>\n\t\t\t\t\t<\/div>\n\t\t<\/div>\n\t\t\t\t\t<\/div>\n\t\t<\/section>\n\t\t\t\t<section class=\"elementor-section elementor-top-section elementor-element elementor-element-a7f759f elementor-section-boxed elementor-section-height-default elementor-section-height-default\" data-id=\"a7f759f\" data-element_type=\"section\" data-e-type=\"section\">\n\t\t\t\t\t\t<div class=\"elementor-container elementor-column-gap-default\">\n\t\t\t\t\t<div class=\"elementor-column elementor-col-50 elementor-top-column elementor-element elementor-element-2b5e129\" data-id=\"2b5e129\" data-element_type=\"column\" data-e-type=\"column\">\n\t\t\t<div class=\"elementor-widget-wrap elementor-element-populated\">\n\t\t\t\t\t\t<div class=\"elementor-element elementor-element-f4fae2b elementor-widget elementor-widget-text-editor\" data-id=\"f4fae2b\" data-element_type=\"widget\" data-e-type=\"widget\" data-widget_type=\"text-editor.default\">\n\t\t\t\t<div class=\"elementor-widget-container\">\n\t\t\t\t\t\t\t\t\t<p><span style=\"color: #383838;font-family: Hind, sans-serif;font-weight: 800\">Historia<\/span><\/p><p style=\"border: 0px #e6e6e6;vertical-align: baseline;background-image: initial;background-position: initial;background-size: initial;background-attachment: initial;margin-bottom: 20px;font-size: 14px;line-height: 1.7;color: #212121;font-family: Hind, sans-serif;text-align: justify\">La Sociedad Cient\u00edfica Tecnol\u00f3gica de Ingenier\u00eda Inform\u00e1tica Yacuiba (SOCITIIY), naci\u00f3 del trabajo en conjunto de docentes y estudiantes quienes vieron la necesidad de ampliar y visibilizar los conocimientos adquiridos y bajo el denominativo de FREEYAC comenz\u00f3 impulsando el uso de software libre en el Municipio de Yacuiba.<\/p><p style=\"border: 0px #e6e6e6;vertical-align: baseline;background-image: initial;background-position: initial;background-size: initial;background-attachment: initial;margin-bottom: 20px;font-size: 14px;line-height: 1.7;color: #212121;font-family: Hind, sans-serif;text-align: justify\">De manera oficial la SOCITIIY se conform\u00f3 un 11 de agosto del 2011, en una reuni\u00f3n llevada a cabo para este fin, impulsada por un grupo de estudiantes \u201cLos Betas\u201d, bajo la tutela de la Ing. Silvia Olivera y el Ing. Pedro Arenas. A los pocos d\u00edas se realiz\u00f3 la elecci\u00f3n de la mesa directiva, en la que Rodrigo Choque e Ingrid Choque, fueron elegidos presidente y vicepresidente, respectivamente.<br style=\"border-color: #e6e6e6\" \/>Por distintas razones la sociedad cient\u00edfica se mantuvo inactiva en la gesti\u00f3n 2020, y volvi\u00f3 a reactivarse a finales del 2021.<\/p><div style=\"border: 0px #e6e6e6;vertical-align: baseline;background-image: initial;background-position: initial;background-size: initial;background-attachment: initial;margin: 0px;padding: 0px;color: #727272;font-family: Hind, sans-serif;font-size: 13px\"><div style=\"border: 0px #e6e6e6;vertical-align: baseline;background: transparent;margin: 0px;padding-top: 0px;padding-right: 5px;padding-left: 5px\"><div style=\"border: 0px #e6e6e6;vertical-align: baseline;background: transparent;margin: 0px;padding: 0px\"><h3 style=\"border: 0px #e6e6e6;vertical-align: baseline;background: transparent;line-height: 1.2;font-family: Hind, sans-serif;font-size: 16px;color: #383838;text-transform: none;letter-spacing: 0px\">Misi\u00f3n<\/h3><\/div><\/div><\/div><div style=\"border: 0px #e6e6e6;vertical-align: baseline;background-image: initial;background-position: initial;background-size: initial;background-attachment: initial;margin: 0px;padding: 0px;color: #727272;font-family: Hind, sans-serif;font-size: 13px\"><div style=\"border: 0px #e6e6e6;vertical-align: baseline;background: transparent;margin: 0px;padding-top: 0px;padding-right: 5px;padding-left: 5px\"><div style=\"border: 0px #e6e6e6;vertical-align: baseline;background: transparent;margin: 0px;padding: 0px;font-size: 14px;color: #212121\"><p style=\"border: 0px #e6e6e6;vertical-align: baseline;background: transparent;margin-bottom: 20px;font-size: inherit;line-height: 1.7;text-align: justify\">La Sociedad Cient\u00edfica Tecnol\u00f3gica de Ingenier\u00eda Inform\u00e1tica Yacuiba, tiene como finalidad fomentar la generaci\u00f3n, apropiaci\u00f3n y divulgaci\u00f3n del conocimiento, poniendo a disposici\u00f3n de los estudiantes: cursos, seminarios y tutor\u00edas, as\u00ed como la investigaci\u00f3n cient\u00edfica, mediante las propuestas de proyectos de investigaci\u00f3n para la regi\u00f3n del Gran Chaco.<\/p><\/div><\/div><\/div><div style=\"border: 0px #e6e6e6;vertical-align: baseline;background-image: initial;background-position: initial;background-size: initial;background-attachment: initial;margin: 0px;padding: 0px;color: #727272;font-family: Hind, sans-serif;font-size: 13px\"><div style=\"border: 0px #e6e6e6;vertical-align: baseline;background: transparent;margin: 0px;padding-top: 0px;padding-right: 5px;padding-left: 5px\"><div style=\"border: 0px #e6e6e6;vertical-align: baseline;background: transparent;margin: 0px;padding: 0px\"><h3 style=\"border: 0px #e6e6e6;vertical-align: baseline;background: transparent;line-height: 1.2;font-family: Hind, sans-serif;font-size: 16px;color: #383838;text-transform: none;letter-spacing: 0px\">Visi\u00f3n<\/h3><\/div><\/div><\/div><div style=\"border: 0px #e6e6e6;vertical-align: baseline;background-image: initial;background-position: initial;background-size: initial;background-attachment: initial;margin: 0px;padding: 0px;color: #727272;font-family: Hind, sans-serif;font-size: 13px\"><div style=\"border: 0px #e6e6e6;vertical-align: baseline;background: transparent;margin: 0px;padding-top: 0px;padding-right: 5px;padding-left: 5px\"><div style=\"border: 0px #e6e6e6;vertical-align: baseline;background: transparent;margin: 0px;padding: 0px;font-size: 14px;color: #212121\"><p style=\"border: 0px #e6e6e6;vertical-align: baseline;background: transparent;margin-bottom: 20px;font-size: inherit;line-height: 1.7;text-align: justify\">Ser reconocida como organizaci\u00f3n que fomente el desarrollo cient\u00edfico con proyectos enfocados en la regi\u00f3n para beneficio de la sociedad, aportando en la capacitaci\u00f3n de los estudiantes y profesionales que trabajan brindando soluciones \u00f3ptimas y eficientes mejorando as\u00ed el crecimiento tecnol\u00f3gico de la regi\u00f3n.<\/p><div style=\"border: 0px #e6e6e6;vertical-align: baseline;background-image: initial;background-position: initial;background-size: initial;background-attachment: initial;margin: 0px;padding: 0px;color: #727272;font-size: 13px\"><div style=\"border: 0px #e6e6e6;vertical-align: baseline;background: transparent;margin: 0px;padding: 0px 5px 20px\"><div style=\"border: 0px #e6e6e6;vertical-align: baseline;background: transparent;margin: 0px;padding: 0px\"><h3 style=\"border: 0px #e6e6e6;vertical-align: baseline;background: transparent;line-height: 1.2;font-family: Hind, sans-serif;font-size: 16px;color: #383838;text-transform: none;letter-spacing: 0px\">Objetivo<\/h3><\/div><\/div><\/div><div style=\"border: 0px #e6e6e6;vertical-align: baseline;background-image: initial;background-position: initial;background-size: initial;background-attachment: initial;margin: 0px;padding: 0px;color: #727272;font-size: 13px\"><div style=\"border: 0px #e6e6e6;vertical-align: baseline;background: transparent;margin: 0px;padding-top: 0px;padding-right: 5px;padding-left: 5px\"><div style=\"border: 0px #e6e6e6;vertical-align: baseline;background: transparent;margin: 0px;padding: 0px;font-size: 14px;color: #212121\"><p style=\"border: 0px #e6e6e6;vertical-align: baseline;background: transparent;margin-bottom: 20px;font-size: inherit;line-height: 1.7;text-align: justify\">Desarrollar y fomentar las actividades de car\u00e1cter cient\u00edfico y acad\u00e9mico en beneficio de los estudiantes de la carrera de Ingenier\u00eda Inform\u00e1tica, propiciando as\u00ed, el fortalecimiento de la capacidad cient\u00edfica, tecnol\u00f3gica, innovaci\u00f3n y competitividad de los estudiantes, de esta manera, ser part\u00edcipes en la formaci\u00f3n de los futuros profesionales de la UAJMS.<\/p><\/div><\/div><\/div><\/div><\/div><\/div>\t\t\t\t\t\t\t\t<\/div>\n\t\t\t\t<\/div>\n\t\t\t\t\t<\/div>\n\t\t<\/div>\n\t\t\t\t<div class=\"elementor-column elementor-col-50 elementor-top-column elementor-element elementor-element-9f63ebd\" data-id=\"9f63ebd\" data-element_type=\"column\" data-e-type=\"column\">\n\t\t\t<div class=\"elementor-widget-wrap elementor-element-populated\">\n\t\t\t\t\t\t<div class=\"elementor-element elementor-element-8ded555 elementor-widget elementor-widget-text-editor\" data-id=\"8ded555\" data-element_type=\"widget\" data-e-type=\"widget\" data-widget_type=\"text-editor.default\">\n\t\t\t\t<div class=\"elementor-widget-container\">\n\t\t\t\t\t\t\t\t\t<p><span style=\"color: #383838;font-family: Hind, sans-serif;font-weight: 800\">Actividades destacadas<\/span><\/p>\n<p><span style=\"color: #383838;font-family: Hind, sans-serif\"><b>Gesti\u00f3n 2024<\/b><\/span><\/p>\n<div style=\"border: 0px #e6e6e6;vertical-align: baseline;background-image: initial;background-position: initial;background-size: initial;background-attachment: initial;margin: 0px;padding: 0px\">\n<div style=\"border: 0px #e6e6e6;vertical-align: baseline;background: transparent;margin: 0px;padding-top: 0px;padding-right: 5px;padding-left: 5px\">\n<ul style=\"border: 0px #e6e6e6;vertical-align: baseline;background: transparent;padding-left: 0px\">\n<li style=\"border: 0px #e6e6e6;vertical-align: baseline;background: transparent\">\n<div style=\"border: 0px #e6e6e6;vertical-align: baseline;background: transparent;margin: 0px;padding: 0px\"><span style=\"color: #212121;font-family: Hind, sans-serif\"><span style=\"font-size: 13px\">Visita al Colegio Germ\u00e1n Bush<\/span><\/span><\/div>\n<\/li>\n<li style=\"border: 0px #e6e6e6;vertical-align: baseline;background: transparent\">\n<div style=\"border: 0px #e6e6e6;vertical-align: baseline;background: transparent;margin: 0px;padding: 0px\"><span style=\"color: #212121;font-family: Hind, sans-serif\"><span style=\"font-size: 13px\">Ayudant\u00eda para los Cursos Pre Universitarios<\/span><br><\/span><\/div>\n<\/li>\n<li style=\"border: 0px #e6e6e6;vertical-align: baseline;background: transparent\">\n<div style=\"border: 0px #e6e6e6;vertical-align: baseline;background: transparent;margin: 0px;padding: 0px\"><span style=\"color: #212121;font-family: Hind, sans-serif\"><span style=\"font-size: 13px\">Ciclo de Conferencia &#8211; 18 Abril<\/span><br><\/span><\/div>\n<\/li>\n<\/ul>\n<\/div>\n<\/div>\t\t\t\t\t\t\t\t<\/div>\n\t\t\t\t<\/div>\n\t\t\t\t<div class=\"elementor-element elementor-element-37d2a2a elementor-widget elementor-widget-gallery\" data-id=\"37d2a2a\" data-element_type=\"widget\" data-e-type=\"widget\" data-widget_type=\"gallery.default\">\n\t\t\t\t<div class=\"elementor-widget-container\">\n\t\t\t\t\t \t\t\t\t<\/div>\n\t\t\t\t<\/div>\n\t\t\t\t\t<\/div>\n\t\t<\/div>\n\t\t\t\t\t<\/div>\n\t\t<\/section>\n\t\t\t\t<\/div>\n\t\t","protected":false},"excerpt":{"rendered":"<p>\/*! elementor &#8211; v3.21.0 &#8211; 26-05-2024 *\/ .elementor-heading-title{padding:0;margin:0;line-height:1}.elementor-widget-heading .elementor-heading-title[class*=elementor-size-]&gt;a{color:inherit;font-size:inherit;line-height:inherit}.elementor-widget-heading .elementor-heading-title.elementor-size-small{font-size:15px}.elementor-widget-heading .elementor-heading-title.elementor-size-medium{font-size:19px}.elementor-widget-heading .elementor-heading-title.elementor-size-large{font-size:29px}.elementor-widget-heading .elementor-heading-title.elementor-size-xl{font-size:39px}.elementor-widget-heading .elementor-heading-title.elementor-size-xxl{font-size:59px} SOCIEDAD CIENT\u00cdFICA TECNOL\u00d3GICA DE INGENIER\u00cdA INFORM\u00c1TICA YACUIBA&#8211; SOCITIIY &#8211; Historia La Sociedad Cient\u00edfica Tecnol\u00f3gica de Ingenier\u00eda&hellip;&nbsp;<a href=\"https:\/\/www.uajms.edu.bo\/firnt\/socitiiy\/\" rel=\"bookmark\">Leer m\u00e1s &raquo;<span class=\"screen-reader-text\">socitiiy<\/span><\/a><\/p>\n","protected":false},"author":136,"featured_media":0,"parent":0,"menu_order":0,"comment_status":"closed","ping_status":"closed","template":"page-templates\/template-pagebuilder-full-width.php","meta":{"neve_meta_sidebar":"","neve_meta_container":"","neve_meta_enable_content_width":"","neve_meta_content_width":0,"neve_meta_title_alignment":"","neve_meta_author_avatar":"","neve_post_elements_order":"","neve_meta_disable_header":"","neve_meta_disable_footer":"","neve_meta_disable_title":"","_joinchat":[],"footnotes":""},"class_list":["post-1470","page","type-page","status-publish","hentry"],"publishpress_future_action":{"enabled":false,"date":"2026-05-12 10:55:36","action":"change-status","newStatus":"draft","terms":[],"taxonomy":"","extraData":[]},"publishpress_future_workflow_manual_trigger":{"enabledWorkflows":[]},"_links":{"self":[{"href":"https:\/\/www.uajms.edu.bo\/firnt\/wp-json\/wp\/v2\/pages\/1470","targetHints":{"allow":["GET"]}}],"collection":[{"href":"https:\/\/www.uajms.edu.bo\/firnt\/wp-json\/wp\/v2\/pages"}],"about":[{"href":"https:\/\/www.uajms.edu.bo\/firnt\/wp-json\/wp\/v2\/types\/page"}],"author":[{"embeddable":true,"href":"https:\/\/www.uajms.edu.bo\/firnt\/wp-json\/wp\/v2\/users\/136"}],"replies":[{"embeddable":true,"href":"https:\/\/www.uajms.edu.bo\/firnt\/wp-json\/wp\/v2\/comments?post=1470"}],"version-history":[{"count":5,"href":"https:\/\/www.uajms.edu.bo\/firnt\/wp-json\/wp\/v2\/pages\/1470\/revisions"}],"predecessor-version":[{"id":1558,"href":"https:\/\/www.uajms.edu.bo\/firnt\/wp-json\/wp\/v2\/pages\/1470\/revisions\/1558"}],"wp:attachment":[{"href":"https:\/\/www.uajms.edu.bo\/firnt\/wp-json\/wp\/v2\/media?parent=1470"}],"curies":[{"name":"wp","href":"https:\/\/api.w.org\/{rel}","templated":true}]}}