

{"id":55,"date":"2014-03-21T11:32:57","date_gmt":"2014-03-21T15:32:57","guid":{"rendered":"http:\/\/www.uajms.edu.bo\/finanzas\/?page_id=55"},"modified":"2025-10-09T11:08:58","modified_gmt":"2025-10-09T15:08:58","slug":"division-de-tesoreria","status":"publish","type":"page","link":"https:\/\/www.uajms.edu.bo\/finanzas\/infgral\/division-de-tesoreria\/","title":{"rendered":"Division de Tesorer\u00eda"},"content":{"rendered":"<h4 style=\"text-align: center\"><strong>DIVISI\u00d3N\u00a0DE\u00a0TESORER\u00cdA<br \/>\n<\/strong><\/h4>\n<h4>Informaci\u00f3n Administrativa.<\/h4>\n<ul>\n<li><strong>JEFE DE UNIDAD<\/strong>\n<ul>\n<li>Lic. Marco Antonio Coyo Rojas<\/li>\n<\/ul>\n<\/li>\n<li><strong>T\u00c9CNICOS<\/strong>\n<ul>\n<li>Lic. Sandra Coronel<\/li>\n<li>Lic. Esmeralda Rueda Contreras<\/li>\n<li>Lic. Heidy Rojas<\/li>\n<li>Lic. Claudia Flores.<\/li>\n<li>Sr. Roger Rodr\u00edguez S.<\/li>\n<li>Sr. Cesar Figueroa.<\/li>\n<li>Sra. Mar\u00eda E. Condori<\/li>\n<\/ul>\n<\/li>\n<li><strong>COMUNICACI\u00d3N<\/strong>\n<ul>\n<li>Tel\u00e9fono: 6643232 &#8211; 6645096 &#8211; 6645097, Interno 153 y 154.<\/li>\n<li>Correo Electr\u00f3nico : tesoreria@uajms.edu.bo<\/li>\n<\/ul>\n<\/li>\n<\/ul>\n<h4>Objetivo de la Unidad:<\/h4>\n<ul>\n<li><\/li>\n<\/ul>\n<h4>Funciones de la Unidad:<\/h4>\n<ol>\n<li>.<\/li>\n<\/ol>\n","protected":false},"excerpt":{"rendered":"<p>DIVISI\u00d3N\u00a0DE\u00a0TESORER\u00cdA Informaci\u00f3n Administrativa. JEFE DE UNIDAD Lic. Marco Antonio Coyo Rojas T\u00c9CNICOS Lic. Sandra Coronel Lic. Esmeralda Rueda Contreras Lic. Heidy Rojas Lic. Claudia Flores. Sr. Roger Rodr\u00edguez S. Sr. [&hellip;]<\/p>\n","protected":false},"author":10,"featured_media":0,"parent":17,"menu_order":0,"comment_status":"closed","ping_status":"closed","template":"","meta":{"_joinchat":[],"footnotes":""},"class_list":["post-55","page","type-page","status-publish","hentry"],"publishpress_future_action":{"enabled":false,"date":"2026-04-28 06:29:59","action":"change-status","newStatus":"draft","terms":[],"taxonomy":"","extraData":[]},"publishpress_future_workflow_manual_trigger":{"enabledWorkflows":[]},"_links":{"self":[{"href":"https:\/\/www.uajms.edu.bo\/finanzas\/wp-json\/wp\/v2\/pages\/55","targetHints":{"allow":["GET"]}}],"collection":[{"href":"https:\/\/www.uajms.edu.bo\/finanzas\/wp-json\/wp\/v2\/pages"}],"about":[{"href":"https:\/\/www.uajms.edu.bo\/finanzas\/wp-json\/wp\/v2\/types\/page"}],"author":[{"embeddable":true,"href":"https:\/\/www.uajms.edu.bo\/finanzas\/wp-json\/wp\/v2\/users\/10"}],"replies":[{"embeddable":true,"href":"https:\/\/www.uajms.edu.bo\/finanzas\/wp-json\/wp\/v2\/comments?post=55"}],"version-history":[{"count":4,"href":"https:\/\/www.uajms.edu.bo\/finanzas\/wp-json\/wp\/v2\/pages\/55\/revisions"}],"predecessor-version":[{"id":1106,"href":"https:\/\/www.uajms.edu.bo\/finanzas\/wp-json\/wp\/v2\/pages\/55\/revisions\/1106"}],"up":[{"embeddable":true,"href":"https:\/\/www.uajms.edu.bo\/finanzas\/wp-json\/wp\/v2\/pages\/17"}],"wp:attachment":[{"href":"https:\/\/www.uajms.edu.bo\/finanzas\/wp-json\/wp\/v2\/media?parent=55"}],"curies":[{"name":"wp","href":"https:\/\/api.w.org\/{rel}","templated":true}]}}