

{"id":422,"date":"2020-10-22T13:18:29","date_gmt":"2020-10-22T17:18:29","guid":{"rendered":"http:\/\/www.uajms.edu.bo\/finanzas\/?page_id=422"},"modified":"2020-10-22T14:00:29","modified_gmt":"2020-10-22T18:00:29","slug":"resoluciones-administrativas","status":"publish","type":"page","link":"https:\/\/www.uajms.edu.bo\/finanzas\/resoluciones-administrativas\/","title":{"rendered":"Resoluciones Administrativas"},"content":{"rendered":"\n<p>Resoluciones administrativas de la Secretaria de Gesti\u00f3n Administrativa y Financiera y sus direcciones dependientes.<\/p>\n\n\n\n<ol class=\"wp-block-list\"><li>RESOLUCI\u00d3N ADMINISTRATIVA S.G.A.F. 001\/2019 : Sustituci\u00f3n de timbres y valores espec\u00edficos por c\u00f3digo QR de validaci\u00f3n.<a href=\"http:\/\/www.uajms.edu.bo\/finanzas\/wp-content\/uploads\/sites\/13\/2020\/10\/RESADM-01201-1.pdf\" target=\"_blanck\" rel=\"noopener noreferrer\"> [Ver Resoluci\u00f3n]<\/a><\/li><\/ol>\n\n\n\n<p><\/p>\n","protected":false},"excerpt":{"rendered":"<p>Resoluciones administrativas de la Secretaria de Gesti\u00f3n Administrativa y Financiera y sus direcciones dependientes. RESOLUCI\u00d3N ADMINISTRATIVA S.G.A.F. 001\/2019 : Sustituci\u00f3n de timbres y valores espec\u00edficos por c\u00f3digo QR de validaci\u00f3n. [&hellip;]<\/p>\n","protected":false},"author":10,"featured_media":0,"parent":0,"menu_order":0,"comment_status":"closed","ping_status":"closed","template":"","meta":{"_joinchat":[],"footnotes":""},"class_list":["post-422","page","type-page","status-publish","hentry"],"publishpress_future_action":{"enabled":false,"date":"2026-04-28 06:29:59","action":"change-status","newStatus":"draft","terms":[],"taxonomy":"","extraData":[]},"publishpress_future_workflow_manual_trigger":{"enabledWorkflows":[]},"_links":{"self":[{"href":"https:\/\/www.uajms.edu.bo\/finanzas\/wp-json\/wp\/v2\/pages\/422","targetHints":{"allow":["GET"]}}],"collection":[{"href":"https:\/\/www.uajms.edu.bo\/finanzas\/wp-json\/wp\/v2\/pages"}],"about":[{"href":"https:\/\/www.uajms.edu.bo\/finanzas\/wp-json\/wp\/v2\/types\/page"}],"author":[{"embeddable":true,"href":"https:\/\/www.uajms.edu.bo\/finanzas\/wp-json\/wp\/v2\/users\/10"}],"replies":[{"embeddable":true,"href":"https:\/\/www.uajms.edu.bo\/finanzas\/wp-json\/wp\/v2\/comments?post=422"}],"version-history":[{"count":5,"href":"https:\/\/www.uajms.edu.bo\/finanzas\/wp-json\/wp\/v2\/pages\/422\/revisions"}],"predecessor-version":[{"id":435,"href":"https:\/\/www.uajms.edu.bo\/finanzas\/wp-json\/wp\/v2\/pages\/422\/revisions\/435"}],"wp:attachment":[{"href":"https:\/\/www.uajms.edu.bo\/finanzas\/wp-json\/wp\/v2\/media?parent=422"}],"curies":[{"name":"wp","href":"https:\/\/api.w.org\/{rel}","templated":true}]}}