

{"id":2,"date":"2014-02-06T08:46:48","date_gmt":"2014-02-06T12:46:48","guid":{"rendered":"http:\/\/www.uajms.edu.bo\/finanzas\/?page_id=2"},"modified":"2025-10-02T09:21:21","modified_gmt":"2025-10-02T13:21:21","slug":"presentacion","status":"publish","type":"page","link":"https:\/\/www.uajms.edu.bo\/finanzas\/presentacion\/","title":{"rendered":"Presentaci\u00f3n"},"content":{"rendered":"<p>[testimonial category=\u00bbTESTIMONIAL_CATEGORY\u00bb size=\u00bb1\/1&#8243; type=\u00bbstatic\u00bb]<\/p>\n<p class=\"ds-markdown-paragraph\">En el honor de dirigir el \u00e1rea financiera de la Universidad Aut\u00f3noma Juan Misael Saracho (UAJMS), instituci\u00f3n que forja el futuro de Tarija y Bolivia. Nuestra gesti\u00f3n se alinea con el compromiso irrenunciable de la Universidad con la <strong>\u00e9tica, la transparencia y la responsabilidad social.<\/strong><\/p>\n<p class=\"ds-markdown-paragraph\">Trabajamos con la convicci\u00f3n de que la solidez financiera es el soporte que permite materializar nuestra\u00a0<strong>Misi\u00f3n<\/strong>: formar profesionales \u00edntegros y competentes, generar conocimiento cient\u00edfico y contribuir al desarrollo sostenible de la sociedad. Cada recurso se administra con rigor t\u00e9cnico y absoluta probidad, garantizando su uso \u00f3ptimo en la docencia, investigaci\u00f3n y vinculaci\u00f3n con la comunidad.<\/p>\n<p class=\"ds-markdown-paragraph\">Nuestra\u00a0<strong>Visi\u00f3n<\/strong>\u00a0de ser una universidad de excelencia y referencia nacional e internacional se sustenta en una gesti\u00f3n econ\u00f3mica transparente y predecible. Este enfoque financiero responsable es la base para invertir en proyectos acad\u00e9micos y de infraestructura que respondan a las necesidades reales de nuestro entorno, honrando as\u00ed el legado de responsabilidad social que la UAJMS mantiene con el pueblo tarije\u00f1o y boliviano.<\/p>\n<p class=\"ds-markdown-paragraph\">Nuestro deber es asegurar que la inversi\u00f3n en educaci\u00f3n superior sea un motor de progreso \u00e9tico y equitativo para todos.<\/p>\n<p style=\"text-align: center\">Gracias por su visita.<\/p>\n<p style=\"text-align: center\"><strong>MSc. Lic. Olivia Celeste Rodr\u00edguez Gonzales<\/strong><\/p>\n<p style=\"text-align: center\"><strong>DIRECTORA DE FINANZAS<\/strong><\/p>\n","protected":false},"excerpt":{"rendered":"<p>[testimonial category=\u00bbTESTIMONIAL_CATEGORY\u00bb size=\u00bb1\/1&#8243; type=\u00bbstatic\u00bb] En el honor de dirigir el \u00e1rea financiera de la Universidad Aut\u00f3noma Juan Misael Saracho (UAJMS), instituci\u00f3n que forja el futuro de Tarija y Bolivia. Nuestra [&hellip;]<\/p>\n","protected":false},"author":10,"featured_media":0,"parent":0,"menu_order":0,"comment_status":"closed","ping_status":"closed","template":"","meta":{"_joinchat":[],"footnotes":""},"class_list":["post-2","page","type-page","status-publish","hentry"],"publishpress_future_action":{"enabled":false,"date":"2026-04-26 03:27:36","action":"change-status","newStatus":"draft","terms":[],"taxonomy":"","extraData":[]},"publishpress_future_workflow_manual_trigger":{"enabledWorkflows":[]},"_links":{"self":[{"href":"https:\/\/www.uajms.edu.bo\/finanzas\/wp-json\/wp\/v2\/pages\/2","targetHints":{"allow":["GET"]}}],"collection":[{"href":"https:\/\/www.uajms.edu.bo\/finanzas\/wp-json\/wp\/v2\/pages"}],"about":[{"href":"https:\/\/www.uajms.edu.bo\/finanzas\/wp-json\/wp\/v2\/types\/page"}],"author":[{"embeddable":true,"href":"https:\/\/www.uajms.edu.bo\/finanzas\/wp-json\/wp\/v2\/users\/10"}],"replies":[{"embeddable":true,"href":"https:\/\/www.uajms.edu.bo\/finanzas\/wp-json\/wp\/v2\/comments?post=2"}],"version-history":[{"count":5,"href":"https:\/\/www.uajms.edu.bo\/finanzas\/wp-json\/wp\/v2\/pages\/2\/revisions"}],"predecessor-version":[{"id":1016,"href":"https:\/\/www.uajms.edu.bo\/finanzas\/wp-json\/wp\/v2\/pages\/2\/revisions\/1016"}],"wp:attachment":[{"href":"https:\/\/www.uajms.edu.bo\/finanzas\/wp-json\/wp\/v2\/media?parent=2"}],"curies":[{"name":"wp","href":"https:\/\/api.w.org\/{rel}","templated":true}]}}