

{"id":4800,"date":"2024-08-07T18:15:46","date_gmt":"2024-08-07T22:15:46","guid":{"rendered":"https:\/\/www.uajms.edu.bo\/fcyt\/?page_id=4800"},"modified":"2024-09-18T18:11:19","modified_gmt":"2024-09-18T22:11:19","slug":"director-de-ingenieria-informatica","status":"publish","type":"page","link":"https:\/\/www.uajms.edu.bo\/fcyt\/director-de-ingenieria-informatica\/","title":{"rendered":"DIRECTOR DE INGENIER\u00cdA INFORM\u00c1TICA"},"content":{"rendered":"\t\t<div data-elementor-type=\"wp-page\" data-elementor-id=\"4800\" class=\"elementor elementor-4800\">\n\t\t\t\t\t\t<section class=\"elementor-section elementor-top-section elementor-element elementor-element-e4fc7c4 elementor-section-boxed elementor-section-height-default elementor-section-height-default\" data-id=\"e4fc7c4\" data-element_type=\"section\" data-e-type=\"section\">\n\t\t\t\t\t\t<div class=\"elementor-container elementor-column-gap-default\">\n\t\t\t\t\t<div class=\"elementor-column elementor-col-100 elementor-top-column elementor-element elementor-element-9d28a7e\" data-id=\"9d28a7e\" data-element_type=\"column\" data-e-type=\"column\">\n\t\t\t<div class=\"elementor-widget-wrap elementor-element-populated\">\n\t\t\t\t\t\t<div class=\"elementor-element elementor-element-d4bb29e elementor-align-right elementor-widget elementor-widget-button\" data-id=\"d4bb29e\" data-element_type=\"widget\" data-e-type=\"widget\" data-widget_type=\"button.default\">\n\t\t\t\t<div class=\"elementor-widget-container\">\n\t\t\t\t\t\t\t\t\t<div class=\"elementor-button-wrapper\">\n\t\t\t\t\t<a class=\"elementor-button elementor-button-link elementor-size-sm\" href=\"https:\/\/www.uajms.edu.bo\/fcyt\/ingenieria-informatica\/\">\n\t\t\t\t\t\t<span class=\"elementor-button-content-wrapper\">\n\t\t\t\t\t\t<span class=\"elementor-button-icon\">\n\t\t\t\t<i aria-hidden=\"true\" class=\"far fa-arrow-alt-circle-right\"><\/i>\t\t\t<\/span>\n\t\t\t\t\t\t\t\t\t<span class=\"elementor-button-text\">INGENIER\u00cdA INFORM\u00c1TICA<\/span>\n\t\t\t\t\t<\/span>\n\t\t\t\t\t<\/a>\n\t\t\t\t<\/div>\n\t\t\t\t\t\t\t\t<\/div>\n\t\t\t\t<\/div>\n\t\t\t\t\t<\/div>\n\t\t<\/div>\n\t\t\t\t\t<\/div>\n\t\t<\/section>\n\t\t\t\t<section class=\"elementor-section elementor-top-section elementor-element elementor-element-ab0caa8 elementor-section-boxed elementor-section-height-default elementor-section-height-default\" data-id=\"ab0caa8\" data-element_type=\"section\" data-e-type=\"section\">\n\t\t\t\t\t\t<div class=\"elementor-container elementor-column-gap-default\">\n\t\t\t\t\t<div class=\"elementor-column elementor-col-100 elementor-top-column elementor-element elementor-element-1ed43f1\" data-id=\"1ed43f1\" data-element_type=\"column\" data-e-type=\"column\">\n\t\t\t<div class=\"elementor-widget-wrap elementor-element-populated\">\n\t\t\t\t\t\t<div class=\"elementor-element elementor-element-3781dc4 elementor-widget-divider--view-line elementor-widget elementor-widget-divider\" data-id=\"3781dc4\" data-element_type=\"widget\" data-e-type=\"widget\" data-widget_type=\"divider.default\">\n\t\t\t\t<div class=\"elementor-widget-container\">\n\t\t\t\t\t\t\t<div class=\"elementor-divider\">\n\t\t\t<span class=\"elementor-divider-separator\">\n\t\t\t\t\t\t<\/span>\n\t\t<\/div>\n\t\t\t\t\t\t<\/div>\n\t\t\t\t<\/div>\n\t\t\t\t<div class=\"elementor-element elementor-element-a09b2a9 elementor-widget elementor-widget-text-editor\" data-id=\"a09b2a9\" data-element_type=\"widget\" data-e-type=\"widget\" data-widget_type=\"text-editor.default\">\n\t\t\t\t<div class=\"elementor-widget-container\">\n\t\t\t\t\t\t\t\t\t<p>[vc_row][vc_column][\/vc_column][\/vc_row][vc_row][vc_column width=\u00bb1\/3&#8243;][vc_single_image source=\u00bbexternal_link\u00bb external_img_size=\u00bb350&#215;350&#8243; external_style=\u00bbvc_box_border_circle\u00bb onclick=\u00bblink_image\u00bb custom_src=\u00bbhttp:\/\/www.uajms.edu.bo\/fcyt\/wp-content\/uploads\/sites\/24\/2024\/08\/SAVE_20240802_173723.jpg\u00bb][vc_column_text]<\/p>\t\t\t\t\t\t\t\t<\/div>\n\t\t\t\t<\/div>\n\t\t\t\t\t<\/div>\n\t\t<\/div>\n\t\t\t\t\t<\/div>\n\t\t<\/section>\n\t\t\t\t<section class=\"elementor-section elementor-top-section elementor-element elementor-element-93135eb elementor-section-boxed elementor-section-height-default elementor-section-height-default\" data-id=\"93135eb\" data-element_type=\"section\" data-e-type=\"section\">\n\t\t\t\t\t\t<div class=\"elementor-container elementor-column-gap-default\">\n\t\t\t\t\t<div class=\"elementor-column elementor-col-33 elementor-top-column elementor-element elementor-element-5d9dc9a\" data-id=\"5d9dc9a\" data-element_type=\"column\" data-e-type=\"column\">\n\t\t\t<div class=\"elementor-widget-wrap\">\n\t\t\t\t\t\t\t<\/div>\n\t\t<\/div>\n\t\t\t\t<div class=\"elementor-column elementor-col-33 elementor-top-column elementor-element elementor-element-065c0a7\" data-id=\"065c0a7\" data-element_type=\"column\" data-e-type=\"column\">\n\t\t\t<div class=\"elementor-widget-wrap elementor-element-populated\">\n\t\t\t\t\t\t<div class=\"elementor-element elementor-element-df8839e elementor-widget elementor-widget-heading\" data-id=\"df8839e\" data-element_type=\"widget\" data-e-type=\"widget\" data-widget_type=\"heading.default\">\n\t\t\t\t<div class=\"elementor-widget-container\">\n\t\t\t\t\t<h5 class=\"elementor-heading-title elementor-size-default\">Ing. Fernando Erick Cortez Michel<\/h5>\t\t\t\t<\/div>\n\t\t\t\t<\/div>\n\t\t\t\t\t<\/div>\n\t\t<\/div>\n\t\t\t\t<div class=\"elementor-column elementor-col-33 elementor-top-column elementor-element elementor-element-99aecdd\" data-id=\"99aecdd\" data-element_type=\"column\" data-e-type=\"column\">\n\t\t\t<div class=\"elementor-widget-wrap\">\n\t\t\t\t\t\t\t<\/div>\n\t\t<\/div>\n\t\t\t\t\t<\/div>\n\t\t<\/section>\n\t\t\t\t<section class=\"elementor-section elementor-top-section elementor-element elementor-element-0fc9720 elementor-section-boxed elementor-section-height-default elementor-section-height-default\" data-id=\"0fc9720\" data-element_type=\"section\" data-e-type=\"section\">\n\t\t\t\t\t\t<div class=\"elementor-container elementor-column-gap-default\">\n\t\t\t\t\t<div class=\"elementor-column elementor-col-16 elementor-top-column elementor-element elementor-element-9a2995b\" data-id=\"9a2995b\" data-element_type=\"column\" data-e-type=\"column\">\n\t\t\t<div class=\"elementor-widget-wrap\">\n\t\t\t\t\t\t\t<\/div>\n\t\t<\/div>\n\t\t\t\t<div class=\"elementor-column elementor-col-66 elementor-top-column elementor-element elementor-element-582847f\" data-id=\"582847f\" data-element_type=\"column\" data-e-type=\"column\">\n\t\t\t<div class=\"elementor-widget-wrap elementor-element-populated\">\n\t\t\t\t\t\t<div class=\"elementor-element elementor-element-f6d8b47 elementor-widget-tablet__width-initial elementor-widget elementor-widget-heading\" data-id=\"f6d8b47\" data-element_type=\"widget\" data-e-type=\"widget\" data-widget_type=\"heading.default\">\n\t\t\t\t<div class=\"elementor-widget-container\">\n\t\t\t\t\t<h4 class=\"elementor-heading-title elementor-size-default\">DIRECTOR de Ingenier\u00eda Inform\u00e1tica<\/h4>\t\t\t\t<\/div>\n\t\t\t\t<\/div>\n\t\t\t\t\t<\/div>\n\t\t<\/div>\n\t\t\t\t<div class=\"elementor-column elementor-col-16 elementor-top-column elementor-element elementor-element-d62bf34\" data-id=\"d62bf34\" data-element_type=\"column\" data-e-type=\"column\">\n\t\t\t<div class=\"elementor-widget-wrap\">\n\t\t\t\t\t\t\t<\/div>\n\t\t<\/div>\n\t\t\t\t\t<\/div>\n\t\t<\/section>\n\t\t\t\t<section class=\"elementor-section elementor-top-section elementor-element elementor-element-216d18c elementor-section-boxed elementor-section-height-default elementor-section-height-default\" data-id=\"216d18c\" data-element_type=\"section\" data-e-type=\"section\">\n\t\t\t\t\t\t<div class=\"elementor-container elementor-column-gap-default\">\n\t\t\t\t\t<div class=\"elementor-column elementor-col-50 elementor-top-column elementor-element elementor-element-2a793ea\" data-id=\"2a793ea\" data-element_type=\"column\" data-e-type=\"column\">\n\t\t\t<div class=\"elementor-widget-wrap elementor-element-populated\">\n\t\t\t\t\t\t<div class=\"elementor-element elementor-element-2be1ceb elementor-widget elementor-widget-heading\" data-id=\"2be1ceb\" data-element_type=\"widget\" data-e-type=\"widget\" data-widget_type=\"heading.default\">\n\t\t\t\t<div class=\"elementor-widget-container\">\n\t\t\t\t\t<h4 class=\"elementor-heading-title elementor-size-default\">Curriculum-vitae <\/h4>\t\t\t\t<\/div>\n\t\t\t\t<\/div>\n\t\t\t\t<div class=\"elementor-element elementor-element-18fb670 elementor-widget elementor-widget-text-editor\" data-id=\"18fb670\" data-element_type=\"widget\" data-e-type=\"widget\" data-widget_type=\"text-editor.default\">\n\t\t\t\t<div class=\"elementor-widget-container\">\n\t\t\t\t\t\t\t\t\t<p><strong>FORMACI\u00d3N ACAD\u00c9MICA<\/strong><\/p><ul><li>Licenciado en\u00a0<span lang=\"ES-MX\" style=\"font-size: 12.0pt;font-family: 'Times New Roman',serif\">Ingenier\u00eda Civil<\/span><span lang=\"ES-MX\" style=\"font-size: 12.0pt;font-family: 'Times New Roman',serif\">\u00a0<\/span>\u00a0| 1999 | .<\/li><\/ul><p><strong>\u00a0 \u00a0 \u00a0Estudios de Postgrado<\/strong><\/p><ul><li>DIPLOMADO en \u201cTEOR\u00cdA Y PR\u00c1CTICA PEDAG\u00d3GICA UNIVERSITARIA\u201d. | UAJMS | 2003 | .<\/li><li>DIPLOMADO en \u201cCONSULTOR\u00cdA MEDIOAMBIENTAL\u201d. Organizado por la E.M.I. (Escuela Militar de Ingenier\u00eda) | 2004 &#8211; 2005 |.<\/li><li>\u00a0ESPECIALIDAD en DOCENCIA UNIVERSITARIA E INVESTIGACI\u00d3N EDUCATIVA | UAJMS | 2009|.<\/li><li>MAESTR\u00cdA en CIENCIAS DE LA EDUCACION | UAJMS | 2012 |<\/li><\/ul><p><strong>EXPERIENCIA ACAD\u00c9MICA <\/strong><\/p><ul><li>Docente | Ing. Civil | UAJMS | Tarija | MT &#8211; TC |2004 &#8211; 2007 |<\/li><li>Coordinador FUNDADOR de los programas de Carapar\u00ed | Fundado los programas de T\u00e9cnico Superior en Construcciones Civiles y T\u00e9cnico Superior en Industrias de la Alimentaci\u00f3n | 2008 |<\/li><li>Docente Titular | Dpto. de Topograf\u00eda\u00a0 y V\u00edas de Comunicaci\u00f3n | UAJMS | Tarija | TH | 2009 |<\/li><li>Delegado Titutlar | HCF | 2008<\/li><li>Reconocimiento | Baluarte y Centinela de la Autonom\u00eda Universitaria | Tarija | 2011<\/li><li>Director del Dpto. de Investigaci\u00f3n de Ciencia y Tecnolog\u00eda | UAJMS | Tarija | 2012 &#8211; 2013<\/li><li>Director del Dpto. de Infraestructura | UAJMS | Tarija | 2013 &#8211; 2016<\/li><li>Presidente de la Asociaci\u00f3n de docentes | FCyT | UAJMS | Tarija | 2017 &#8211; 2019 |<\/li><\/ul><p><strong>EJERCICIO PROFESIONAL<\/strong><\/p><ul><li>S.D.C Servicio Departamental de Caminos | T\u00e9cnico en las Diferentes Residencias y Proyectos | 1996 &#8211; 1998 |<\/li><li>Ingeniero de Residente y Gerente T\u00e9cnico de D.A.C.O. | llevado la Direcci\u00f3n del Laboratorio de Suelos y Hormigones | 1998 \u2013 2003 | Con la realizaci\u00f3n de las siguientes obras:<\/li><li>Representante Legal y Gerente T\u00e9cnico de la \u201cCONSTRUCTORA MARCELA\u201d | 2003 \u2013 2004 |<\/li><li>Como ASESOR en la empresa \u201cCIELO\u201d | 2005 |<\/li><\/ul>\t\t\t\t\t\t\t\t<\/div>\n\t\t\t\t<\/div>\n\t\t\t\t\t<\/div>\n\t\t<\/div>\n\t\t\t\t<div class=\"elementor-column elementor-col-50 elementor-top-column elementor-element elementor-element-4aa75bf\" data-id=\"4aa75bf\" data-element_type=\"column\" data-e-type=\"column\">\n\t\t\t<div class=\"elementor-widget-wrap elementor-element-populated\">\n\t\t\t\t\t\t<div class=\"elementor-element elementor-element-a975ea9 elementor-widget elementor-widget-heading\" data-id=\"a975ea9\" data-element_type=\"widget\" data-e-type=\"widget\" data-widget_type=\"heading.default\">\n\t\t\t\t<div class=\"elementor-widget-container\">\n\t\t\t\t\t<h4 class=\"elementor-heading-title elementor-size-default\">\u00bfQu\u00e9 funciones debe cumplir?<\/h4>\t\t\t\t<\/div>\n\t\t\t\t<\/div>\n\t\t\t\t<div class=\"elementor-element elementor-element-5f29140 elementor-widget elementor-widget-text-editor\" data-id=\"5f29140\" data-element_type=\"widget\" data-e-type=\"widget\" data-widget_type=\"text-editor.default\">\n\t\t\t\t<div class=\"elementor-widget-container\">\n\t\t\t\t\t\t\t\t\t<p>1.- Presidir el Consejo de Carrera.<br \/>2.- Velar por la adecuada implementaci\u00f3n, ejecuci\u00f3n y evaluaci\u00f3n de la curr\u00edcula de la Carrera.<br \/>3.- Dirigir los procesos de evaluaci\u00f3n y acreditaci\u00f3n de la Carrera.<br \/>4.- Elaborar, socializar y ejecutar el Plan Estrat\u00e9gico de Desarrollo y el Plan Operativo Anual de la Carrera en base a normas de planificaci\u00f3n y presupuesto. 5.- Planificar, dirigir, coordinar, supervisar y evaluar las actividades acad\u00e9mico- administrativas de la carrera de acuerdo al Plan Estrat\u00e9gico de Desarrollo y Plan Operativo Anual.<br \/>6.- Participar en la elaboraci\u00f3n del Plan Estrat\u00e9gico de Desarrollo y el Plan Operativo Anual Facultativo.<br \/>7.- Coordinar, supervisary evaluarconjuntamente conlas instancias correspondientes, las actividades inherentes a la docencia, investigaci\u00f3n y extensi\u00f3n desarrolladas por el personal dependiente de la carrera, en conformidad con las disposiciones pertinentes.<br \/>8.- Proponer la asignaci\u00f3n de materias a docentes titulares y designaci\u00f3n de materias a docentes interinos en el marco de los lineamientos institucionales.<br \/>9.- Requerir los programas docentes del personal acad\u00e9mico a su cargo y realizar el correspondiente seguimiento y control del cumplimiento.<br \/>10.- Requerir, revisar y promover la compatibilizaci\u00f3n y actualizaci\u00f3n de los programas docentes y contenidos anal\u00edticos de las respectivas asignaturas a su cargo.<br \/>11.- Gestionar ante las instancias correspondientes la carga horaria semestral y\/o anual requerida por la carrera.<br \/>12.- Presentar la oferta de materias para su consideraci\u00f3n en el Consejo de Carrera y para su aprobaci\u00f3n por el Honorable Consejo Facultativo, as\u00ed como otras funciones docentes y requerimiento de auxiliares de docencia.<br \/>13.- Elaborar informes t\u00e9cnico acad\u00e9micos que sean requeridos por Vicedecanatura u otra instancia superior.<br \/>14.- Proponer las tablas de convalidaci\u00f3n de materias entre planes de estudio.<br \/>15.- Proponer tablas de convalidaci\u00f3n de materias por traspaso entre carreras y\/o universidades.<br \/>16.- Gestionar, realizar y promover de manera conjunta con la Unidad de Educaci\u00f3n Continua Facultativa, el desarrollo de cursos de posgrado y actualizaci\u00f3n profesional y acad\u00e9mica para docentes de la carrera.<br \/>17.- Gestionar, realizar y promover de manera conjunta con la Unidad de Educaci\u00f3n Continua Facultativa, el desarrollo de diplomados como modalidad de graduaci\u00f3n y cursos cortos para estudiantes de la carrera.<br \/>18.- Imponer sanciones disciplinarias a docentes, estudiantes y administrativos de su unidad en caso de incumplimiento de funciones en el marco de la normativa vigente.<br \/>19.- Conocer y resolver los reclamos de docentes y estudiantes de acuerdo a sus atribuciones.<br \/>20.- Elaborar los informes correspondientes al desempe\u00f1o de los docentes a efecto del seguimiento y control del cumplimiento de las funciones asignadas. <br \/>21.- Coordinar y supervisar el desarrollo de las diferentes modalidades de graduaci\u00f3n. <br \/>22.- Proponer al Consejo de Carrera el otorgamiento de Distinciones y T\u00edtulos Honor\u00edficos a favor de sus docentes y personalidades, vinculadas a su \u00e1mbito de desempe\u00f1o, seg\u00fan reglamento.<br \/>23.- Establecer v\u00ednculos y alianzas estrat\u00e9gicas con sectores de la producci\u00f3n, servicios y la sociedad civil organizada relacionadas con el \u00e1rea de su competencia.<br \/>24.- Proponer para su aprobaci\u00f3n al HCF, convenios de cooperaci\u00f3n e intercambio acad\u00e9mico, as\u00ed como contratos en general con entidades p\u00fablicas y privadas. <br \/>25.- Proponer la organizaci\u00f3n y participaci\u00f3n en eventos cient\u00edficos e interacci\u00f3n social, difundiendo los resultados mediante las publicaciones correspondientes. <br \/>26.- Cumplir cualquier otra funci\u00f3n que le asignen los estatutos, reglamentos o disposiciones y resoluciones de instancias competentes.<br \/>27.- Otras de acuerdo al Manual de Organizaci\u00f3n de la Universidad.<\/p>\t\t\t\t\t\t\t\t<\/div>\n\t\t\t\t<\/div>\n\t\t\t\t\t<\/div>\n\t\t<\/div>\n\t\t\t\t\t<\/div>\n\t\t<\/section>\n\t\t\t\t<section class=\"elementor-section elementor-top-section elementor-element elementor-element-e6a999c elementor-section-boxed elementor-section-height-default elementor-section-height-default\" data-id=\"e6a999c\" data-element_type=\"section\" data-e-type=\"section\">\n\t\t\t\t\t\t<div class=\"elementor-container elementor-column-gap-default\">\n\t\t\t\t\t<div class=\"elementor-column elementor-col-100 elementor-top-column elementor-element elementor-element-62d50c9\" data-id=\"62d50c9\" data-element_type=\"column\" data-e-type=\"column\">\n\t\t\t<div class=\"elementor-widget-wrap elementor-element-populated\">\n\t\t\t\t\t\t<div class=\"elementor-element elementor-element-59fe560 elementor-widget__width-initial elementor-widget-divider--view-line elementor-widget elementor-widget-divider\" data-id=\"59fe560\" data-element_type=\"widget\" data-e-type=\"widget\" data-widget_type=\"divider.default\">\n\t\t\t\t<div class=\"elementor-widget-container\">\n\t\t\t\t\t\t\t<div class=\"elementor-divider\">\n\t\t\t<span class=\"elementor-divider-separator\">\n\t\t\t\t\t\t<\/span>\n\t\t<\/div>\n\t\t\t\t\t\t<\/div>\n\t\t\t\t<\/div>\n\t\t\t\t<div class=\"elementor-element elementor-element-c1fde83 e-grid-align-left elementor-shape-rounded elementor-grid-0 elementor-widget elementor-widget-social-icons\" data-id=\"c1fde83\" data-element_type=\"widget\" data-e-type=\"widget\" data-widget_type=\"social-icons.default\">\n\t\t\t\t<div class=\"elementor-widget-container\">\n\t\t\t\t\t\t\t<div class=\"elementor-social-icons-wrapper elementor-grid\" role=\"list\">\n\t\t\t\t\t\t\t<span class=\"elementor-grid-item\" role=\"listitem\">\n\t\t\t\t\t<a class=\"elementor-icon elementor-social-icon elementor-social-icon-facebook elementor-repeater-item-c01177c\" href=\"https:\/\/www.facebook.com\/uajms.fcyt\" target=\"_blank\">\n\t\t\t\t\t\t<span class=\"elementor-screen-only\">Facebook<\/span>\n\t\t\t\t\t\t<i aria-hidden=\"true\" class=\"fab fa-facebook\"><\/i>\t\t\t\t\t<\/a>\n\t\t\t\t<\/span>\n\t\t\t\t\t\t\t<span class=\"elementor-grid-item\" role=\"listitem\">\n\t\t\t\t\t<a class=\"elementor-icon elementor-social-icon elementor-social-icon-youtube elementor-repeater-item-a39f877\" href=\"https:\/\/www.youtube.com\/channel\/UC-lx4pHQu0nvxL3gV20tbaA\" target=\"_blank\">\n\t\t\t\t\t\t<span class=\"elementor-screen-only\">Youtube<\/span>\n\t\t\t\t\t\t<i aria-hidden=\"true\" class=\"fab fa-youtube\"><\/i>\t\t\t\t\t<\/a>\n\t\t\t\t<\/span>\n\t\t\t\t\t<\/div>\n\t\t\t\t\t\t<\/div>\n\t\t\t\t<\/div>\n\t\t\t\t\t<\/div>\n\t\t<\/div>\n\t\t\t\t\t<\/div>\n\t\t<\/section>\n\t\t\t\t<\/div>\n\t\t","protected":false},"excerpt":{"rendered":"<p>INGENIER\u00cdA INFORM\u00c1TICA [vc_row][vc_column][\/vc_column][\/vc_row][vc_row][vc_column width=\u00bb1\/3&#8243;][vc_single_image source=\u00bbexternal_link\u00bb external_img_size=\u00bb350&#215;350&#8243; external_style=\u00bbvc_box_border_circle\u00bb onclick=\u00bblink_image\u00bb custom_src=\u00bbhttp:\/\/www.uajms.edu.bo\/fcyt\/wp-content\/uploads\/sites\/24\/2024\/08\/SAVE_20240802_173723.jpg\u00bb][vc_column_text] Ing. Fernando Erick Cortez Michel DIRECTOR de Ingenier\u00eda Inform\u00e1tica Curriculum-vitae FORMACI\u00d3N ACAD\u00c9MICA Licenciado en\u00a0Ingenier\u00eda Civil\u00a0\u00a0| 1999 | . \u00a0 \u00a0 \u00a0Estudios [&hellip;]<\/p>\n","protected":false},"author":146,"featured_media":0,"parent":0,"menu_order":0,"comment_status":"closed","ping_status":"closed","template":"","meta":{"_joinchat":[],"footnotes":""},"class_list":["post-4800","page","type-page","status-publish","hentry"],"jetpack_sharing_enabled":true,"publishpress_future_action":{"enabled":false,"date":"2026-04-11 16:08:07","action":"change-status","newStatus":"draft","terms":[],"taxonomy":"","extraData":[]},"publishpress_future_workflow_manual_trigger":{"enabledWorkflows":[]},"_links":{"self":[{"href":"https:\/\/www.uajms.edu.bo\/fcyt\/wp-json\/wp\/v2\/pages\/4800","targetHints":{"allow":["GET"]}}],"collection":[{"href":"https:\/\/www.uajms.edu.bo\/fcyt\/wp-json\/wp\/v2\/pages"}],"about":[{"href":"https:\/\/www.uajms.edu.bo\/fcyt\/wp-json\/wp\/v2\/types\/page"}],"author":[{"embeddable":true,"href":"https:\/\/www.uajms.edu.bo\/fcyt\/wp-json\/wp\/v2\/users\/146"}],"replies":[{"embeddable":true,"href":"https:\/\/www.uajms.edu.bo\/fcyt\/wp-json\/wp\/v2\/comments?post=4800"}],"version-history":[{"count":6,"href":"https:\/\/www.uajms.edu.bo\/fcyt\/wp-json\/wp\/v2\/pages\/4800\/revisions"}],"predecessor-version":[{"id":5412,"href":"https:\/\/www.uajms.edu.bo\/fcyt\/wp-json\/wp\/v2\/pages\/4800\/revisions\/5412"}],"wp:attachment":[{"href":"https:\/\/www.uajms.edu.bo\/fcyt\/wp-json\/wp\/v2\/media?parent=4800"}],"curies":[{"name":"wp","href":"https:\/\/api.w.org\/{rel}","templated":true}]}}