

{"id":4783,"date":"2024-08-07T18:16:21","date_gmt":"2024-08-07T22:16:21","guid":{"rendered":"https:\/\/www.uajms.edu.bo\/fcyt\/?page_id=4783"},"modified":"2024-09-18T18:10:44","modified_gmt":"2024-09-18T22:10:44","slug":"director-de-arquitectura","status":"publish","type":"page","link":"https:\/\/www.uajms.edu.bo\/fcyt\/director-de-arquitectura\/","title":{"rendered":"DIRECTOR DE ARQUITECTURA"},"content":{"rendered":"\t\t<div data-elementor-type=\"wp-page\" data-elementor-id=\"4783\" class=\"elementor elementor-4783\">\n\t\t\t\t\t\t<section class=\"elementor-section elementor-top-section elementor-element elementor-element-4831428 elementor-section-boxed elementor-section-height-default elementor-section-height-default\" data-id=\"4831428\" data-element_type=\"section\" data-e-type=\"section\">\n\t\t\t\t\t\t<div class=\"elementor-container elementor-column-gap-default\">\n\t\t\t\t\t<div class=\"elementor-column elementor-col-100 elementor-top-column elementor-element elementor-element-4f2d9576\" data-id=\"4f2d9576\" data-element_type=\"column\" data-e-type=\"column\">\n\t\t\t<div class=\"elementor-widget-wrap elementor-element-populated\">\n\t\t\t\t\t\t<div class=\"elementor-element elementor-element-b445861 elementor-align-right elementor-widget elementor-widget-button\" data-id=\"b445861\" data-element_type=\"widget\" data-e-type=\"widget\" data-widget_type=\"button.default\">\n\t\t\t\t<div class=\"elementor-widget-container\">\n\t\t\t\t\t\t\t\t\t<div class=\"elementor-button-wrapper\">\n\t\t\t\t\t<a class=\"elementor-button elementor-button-link elementor-size-sm\" href=\"https:\/\/www.uajms.edu.bo\/fcyt\/arquitectura-y-urbanismo\/\">\n\t\t\t\t\t\t<span class=\"elementor-button-content-wrapper\">\n\t\t\t\t\t\t<span class=\"elementor-button-icon\">\n\t\t\t\t<i aria-hidden=\"true\" class=\"far fa-arrow-alt-circle-right\"><\/i>\t\t\t<\/span>\n\t\t\t\t\t\t\t\t\t<span class=\"elementor-button-text\">ARQUITECTURA y URBANISMO<\/span>\n\t\t\t\t\t<\/span>\n\t\t\t\t\t<\/a>\n\t\t\t\t<\/div>\n\t\t\t\t\t\t\t\t<\/div>\n\t\t\t\t<\/div>\n\t\t\t\t\t<\/div>\n\t\t<\/div>\n\t\t\t\t\t<\/div>\n\t\t<\/section>\n\t\t\t\t<section class=\"elementor-section elementor-top-section elementor-element elementor-element-ac2786d elementor-section-boxed elementor-section-height-default elementor-section-height-default\" data-id=\"ac2786d\" data-element_type=\"section\" data-e-type=\"section\">\n\t\t\t\t\t\t<div class=\"elementor-container elementor-column-gap-default\">\n\t\t\t\t\t<div class=\"elementor-column elementor-col-100 elementor-top-column elementor-element elementor-element-2b3a8b0\" data-id=\"2b3a8b0\" data-element_type=\"column\" data-e-type=\"column\">\n\t\t\t<div class=\"elementor-widget-wrap elementor-element-populated\">\n\t\t\t\t\t\t<div class=\"elementor-element elementor-element-02902c9 elementor-widget-divider--view-line elementor-widget elementor-widget-divider\" data-id=\"02902c9\" data-element_type=\"widget\" data-e-type=\"widget\" data-widget_type=\"divider.default\">\n\t\t\t\t<div class=\"elementor-widget-container\">\n\t\t\t\t\t\t\t<div class=\"elementor-divider\">\n\t\t\t<span class=\"elementor-divider-separator\">\n\t\t\t\t\t\t<\/span>\n\t\t<\/div>\n\t\t\t\t\t\t<\/div>\n\t\t\t\t<\/div>\n\t\t\t\t<div class=\"elementor-element elementor-element-dbe8ab8 elementor-widget elementor-widget-text-editor\" data-id=\"dbe8ab8\" data-element_type=\"widget\" data-e-type=\"widget\" data-widget_type=\"text-editor.default\">\n\t\t\t\t<div class=\"elementor-widget-container\">\n\t\t\t\t\t\t\t\t\t<p>[vc_row][vc_column][\/vc_column][\/vc_row][vc_row][vc_column width=\u00bb1\/3&#8243;][vc_single_image source=\u00bbexternal_link\u00bb external_img_size=\u00bb350&#215;350&#8243; external_style=\u00bbvc_box_border_circle\u00bb onclick=\u00bblink_image\u00bb custom_src=\u00bbhttp:\/\/www.uajms.edu.bo\/fcyt\/wp-content\/uploads\/sites\/24\/2024\/08\/WhatsApp-Image-2024-08-01-at-20.04.281.jpeg\u00bb][vc_column_text]<\/p>\t\t\t\t\t\t\t\t<\/div>\n\t\t\t\t<\/div>\n\t\t\t\t\t<\/div>\n\t\t<\/div>\n\t\t\t\t\t<\/div>\n\t\t<\/section>\n\t\t\t\t<section class=\"elementor-section elementor-top-section elementor-element elementor-element-56f7277 elementor-section-boxed elementor-section-height-default elementor-section-height-default\" data-id=\"56f7277\" data-element_type=\"section\" data-e-type=\"section\">\n\t\t\t\t\t\t<div class=\"elementor-container elementor-column-gap-default\">\n\t\t\t\t\t<div class=\"elementor-column elementor-col-33 elementor-top-column elementor-element elementor-element-1e1059a\" data-id=\"1e1059a\" data-element_type=\"column\" data-e-type=\"column\">\n\t\t\t<div class=\"elementor-widget-wrap\">\n\t\t\t\t\t\t\t<\/div>\n\t\t<\/div>\n\t\t\t\t<div class=\"elementor-column elementor-col-33 elementor-top-column elementor-element elementor-element-878b224\" data-id=\"878b224\" data-element_type=\"column\" data-e-type=\"column\">\n\t\t\t<div class=\"elementor-widget-wrap elementor-element-populated\">\n\t\t\t\t\t\t<div class=\"elementor-element elementor-element-823acd6 elementor-widget elementor-widget-heading\" data-id=\"823acd6\" data-element_type=\"widget\" data-e-type=\"widget\" data-widget_type=\"heading.default\">\n\t\t\t\t<div class=\"elementor-widget-container\">\n\t\t\t\t\t<h5 class=\"elementor-heading-title elementor-size-default\">Arq. Roger Miguel Ter\u00e1n Cardozo<\/h5>\t\t\t\t<\/div>\n\t\t\t\t<\/div>\n\t\t\t\t\t<\/div>\n\t\t<\/div>\n\t\t\t\t<div class=\"elementor-column elementor-col-33 elementor-top-column elementor-element elementor-element-d4689b8\" data-id=\"d4689b8\" data-element_type=\"column\" data-e-type=\"column\">\n\t\t\t<div class=\"elementor-widget-wrap\">\n\t\t\t\t\t\t\t<\/div>\n\t\t<\/div>\n\t\t\t\t\t<\/div>\n\t\t<\/section>\n\t\t\t\t<section class=\"elementor-section elementor-top-section elementor-element elementor-element-8340915 elementor-section-boxed elementor-section-height-default elementor-section-height-default\" data-id=\"8340915\" data-element_type=\"section\" data-e-type=\"section\">\n\t\t\t\t\t\t<div class=\"elementor-container elementor-column-gap-default\">\n\t\t\t\t\t<div class=\"elementor-column elementor-col-16 elementor-top-column elementor-element elementor-element-5e33354\" data-id=\"5e33354\" data-element_type=\"column\" data-e-type=\"column\">\n\t\t\t<div class=\"elementor-widget-wrap\">\n\t\t\t\t\t\t\t<\/div>\n\t\t<\/div>\n\t\t\t\t<div class=\"elementor-column elementor-col-66 elementor-top-column elementor-element elementor-element-6f06ad0\" data-id=\"6f06ad0\" data-element_type=\"column\" data-e-type=\"column\">\n\t\t\t<div class=\"elementor-widget-wrap elementor-element-populated\">\n\t\t\t\t\t\t<div class=\"elementor-element elementor-element-722f30d elementor-widget__width-initial elementor-widget elementor-widget-heading\" data-id=\"722f30d\" data-element_type=\"widget\" data-e-type=\"widget\" data-widget_type=\"heading.default\">\n\t\t\t\t<div class=\"elementor-widget-container\">\n\t\t\t\t\t<h4 class=\"elementor-heading-title elementor-size-default\">Director Carrera de Arquitectura y Urbanismo <\/h4>\t\t\t\t<\/div>\n\t\t\t\t<\/div>\n\t\t\t\t\t<\/div>\n\t\t<\/div>\n\t\t\t\t<div class=\"elementor-column elementor-col-16 elementor-top-column elementor-element elementor-element-546bca5\" data-id=\"546bca5\" data-element_type=\"column\" data-e-type=\"column\">\n\t\t\t<div class=\"elementor-widget-wrap\">\n\t\t\t\t\t\t\t<\/div>\n\t\t<\/div>\n\t\t\t\t\t<\/div>\n\t\t<\/section>\n\t\t\t\t<section class=\"elementor-section elementor-top-section elementor-element elementor-element-3ad5cf7 elementor-section-boxed elementor-section-height-default elementor-section-height-default\" data-id=\"3ad5cf7\" data-element_type=\"section\" data-e-type=\"section\">\n\t\t\t\t\t\t<div class=\"elementor-container elementor-column-gap-default\">\n\t\t\t\t\t<div class=\"elementor-column elementor-col-50 elementor-top-column elementor-element elementor-element-f71172c\" data-id=\"f71172c\" data-element_type=\"column\" data-e-type=\"column\">\n\t\t\t<div class=\"elementor-widget-wrap elementor-element-populated\">\n\t\t\t\t\t\t<div class=\"elementor-element elementor-element-0da3c64 elementor-widget elementor-widget-heading\" data-id=\"0da3c64\" data-element_type=\"widget\" data-e-type=\"widget\" data-widget_type=\"heading.default\">\n\t\t\t\t<div class=\"elementor-widget-container\">\n\t\t\t\t\t<h4 class=\"elementor-heading-title elementor-size-default\">Curriculum-vitae (Abreviado)<\/h4>\t\t\t\t<\/div>\n\t\t\t\t<\/div>\n\t\t\t\t<div class=\"elementor-element elementor-element-b4e5f80 elementor-widget__width-initial elementor-widget elementor-widget-text-editor\" data-id=\"b4e5f80\" data-element_type=\"widget\" data-e-type=\"widget\" data-widget_type=\"text-editor.default\">\n\t\t\t\t<div class=\"elementor-widget-container\">\n\t\t\t\t\t\t\t\t\t<p><b>FORMACION ACADEMICA<\/b><br \/>Licenciado en Arquitectura<b><br \/>ESTUDIOS DE POSTGRADO<\/b><br \/>Diplomado en Educaci\u00f3n Universitaria<br \/>Diplomado en Educaci\u00f3n Superior<br \/>Diplomado en Formaci\u00f3n Basado en Competencias<br \/>Maestr\u00eda en Planificaci\u00f3n Urbana y Regional<b><br \/>EXPERIENCIA ACADEMICA<\/b><br \/>Docente en la carrera de Arquitectura y Urbanismo:<br \/>Taller de Dise\u00f1o<br \/>Planificaci\u00f3n Urbana y Regional<br \/>Laboratorio de Tecnolog\u00eda<b><br \/>EJERCICIO PROFESIONAL<\/b><br \/>Docente en la Carrera de Arquitectura y Urbanismo<br \/>Director de la Carrera de Arquitectura<\/p>\t\t\t\t\t\t\t\t<\/div>\n\t\t\t\t<\/div>\n\t\t\t\t\t<\/div>\n\t\t<\/div>\n\t\t\t\t<div class=\"elementor-column elementor-col-50 elementor-top-column elementor-element elementor-element-cb24321\" data-id=\"cb24321\" data-element_type=\"column\" data-e-type=\"column\">\n\t\t\t<div class=\"elementor-widget-wrap elementor-element-populated\">\n\t\t\t\t\t\t<div class=\"elementor-element elementor-element-138f34b elementor-widget elementor-widget-heading\" data-id=\"138f34b\" data-element_type=\"widget\" data-e-type=\"widget\" data-widget_type=\"heading.default\">\n\t\t\t\t<div class=\"elementor-widget-container\">\n\t\t\t\t\t<h4 class=\"elementor-heading-title elementor-size-default\">\u00bfQu\u00e9 funciones debe cumplir?<\/h4>\t\t\t\t<\/div>\n\t\t\t\t<\/div>\n\t\t\t\t<div class=\"elementor-element elementor-element-57f48a2 elementor-widget-tablet__width-initial elementor-widget elementor-widget-text-editor\" data-id=\"57f48a2\" data-element_type=\"widget\" data-e-type=\"widget\" data-widget_type=\"text-editor.default\">\n\t\t\t\t<div class=\"elementor-widget-container\">\n\t\t\t\t\t\t\t\t\t<p>1.- Presidir el Consejo de Carrera.<br \/>2.- Velar por la adecuada implementaci\u00f3n, ejecuci\u00f3n y evaluaci\u00f3n de la curr\u00edcula de la Carrera.<br \/>3.- Dirigir los procesos de evaluaci\u00f3n y acreditaci\u00f3n de la Carrera.<br \/>4.- Elaborar, socializar y ejecutar el Plan Estrat\u00e9gico de Desarrollo y el Plan Operativo Anual de la Carrera en base a normas de planificaci\u00f3n y presupuesto. 5.- Planificar, dirigir, coordinar, supervisar y evaluar las actividades acad\u00e9mico- administrativas de la carrera de acuerdo al Plan Estrat\u00e9gico de Desarrollo y Plan Operativo Anual.<br \/>6.- Participar en la elaboraci\u00f3n del Plan Estrat\u00e9gico de Desarrollo y el Plan Operativo Anual Facultativo.<br \/>7.- Coordinar, supervisary evaluarconjuntamente conlas instancias correspondientes, las actividades inherentes a la docencia, investigaci\u00f3n y extensi\u00f3n desarrolladas por el personal dependiente de la carrera, en conformidad con las disposiciones pertinentes.<br \/>8.- Proponer la asignaci\u00f3n de materias a docentes titulares y designaci\u00f3n de materias a docentes interinos en el marco de los lineamientos institucionales.<br \/>9.- Requerir los programas docentes del personal acad\u00e9mico a su cargo y realizar el correspondiente seguimiento y control del cumplimiento.<br \/>10.- Requerir, revisar y promover la compatibilizaci\u00f3n y actualizaci\u00f3n de los programas docentes y contenidos anal\u00edticos de las respectivas asignaturas a su cargo.<br \/>11.- Gestionar ante las instancias correspondientes la carga horaria semestral y\/o anual requerida por la carrera.<br \/>12.- Presentar la oferta de materias para su consideraci\u00f3n en el Consejo de Carrera y para su aprobaci\u00f3n por el Honorable Consejo Facultativo, as\u00ed como otras funciones docentes y requerimiento de auxiliares de docencia.<br \/>13.- Elaborar informes t\u00e9cnico acad\u00e9micos que sean requeridos por Vicedecanatura u otra instancia superior.<br \/>14.- Proponer las tablas de convalidaci\u00f3n de materias entre planes de estudio.<br \/>15.- Proponer tablas de convalidaci\u00f3n de materias por traspaso entre carreras y\/o universidades.<br \/>16.- Gestionar, realizar y promover de manera conjunta con la Unidad de Educaci\u00f3n Continua Facultativa, el desarrollo de cursos de posgrado y actualizaci\u00f3n profesional y acad\u00e9mica para docentes de la carrera.<br \/>17.- Gestionar, realizar y promover de manera conjunta con la Unidad de Educaci\u00f3n Continua Facultativa, el desarrollo de diplomados como modalidad de graduaci\u00f3n y cursos cortos para estudiantes de la carrera.<br \/>18.- Imponer sanciones disciplinarias a docentes, estudiantes y administrativos de su unidad en caso de incumplimiento de funciones en el marco de la normativa vigente.<br \/>19.- Conocer y resolver los reclamos de docentes y estudiantes de acuerdo a sus atribuciones.<br \/>20.- Elaborar los informes correspondientes al desempe\u00f1o de los docentes a efecto del seguimiento y control del cumplimiento de las funciones asignadas. <br \/>21.- Coordinar y supervisar el desarrollo de las diferentes modalidades de graduaci\u00f3n. <br \/>22.- Proponer al Consejo de Carrera el otorgamiento de Distinciones y T\u00edtulos Honor\u00edficos a favor de sus docentes y personalidades, vinculadas a su \u00e1mbito de desempe\u00f1o, seg\u00fan reglamento.<br \/>23.- Establecer v\u00ednculos y alianzas estrat\u00e9gicas con sectores de la producci\u00f3n, servicios y la sociedad civil organizada relacionadas con el \u00e1rea de su competencia.<br \/>24.- Proponer para su aprobaci\u00f3n al HCF, convenios de cooperaci\u00f3n e intercambio acad\u00e9mico, as\u00ed como contratos en general con entidades p\u00fablicas y privadas. <br \/>25.- Proponer la organizaci\u00f3n y participaci\u00f3n en eventos cient\u00edficos e interacci\u00f3n social, difundiendo los resultados mediante las publicaciones correspondientes. <br \/>26.- Cumplir cualquier otra funci\u00f3n que le asignen los estatutos, reglamentos o disposiciones y resoluciones de instancias competentes.<br \/>27.- Otras de acuerdo al Manual de Organizaci\u00f3n de la Universidad.<\/p>\t\t\t\t\t\t\t\t<\/div>\n\t\t\t\t<\/div>\n\t\t\t\t\t<\/div>\n\t\t<\/div>\n\t\t\t\t\t<\/div>\n\t\t<\/section>\n\t\t\t\t<section class=\"elementor-section elementor-top-section elementor-element elementor-element-6b05272 elementor-section-boxed elementor-section-height-default elementor-section-height-default\" data-id=\"6b05272\" data-element_type=\"section\" data-e-type=\"section\">\n\t\t\t\t\t\t<div class=\"elementor-container elementor-column-gap-default\">\n\t\t\t\t\t<div class=\"elementor-column elementor-col-100 elementor-top-column elementor-element elementor-element-86578f0\" data-id=\"86578f0\" data-element_type=\"column\" data-e-type=\"column\">\n\t\t\t<div class=\"elementor-widget-wrap elementor-element-populated\">\n\t\t\t\t\t\t<div class=\"elementor-element elementor-element-8dc0c2d elementor-widget__width-initial elementor-widget-divider--view-line elementor-widget elementor-widget-divider\" data-id=\"8dc0c2d\" data-element_type=\"widget\" data-e-type=\"widget\" data-widget_type=\"divider.default\">\n\t\t\t\t<div class=\"elementor-widget-container\">\n\t\t\t\t\t\t\t<div class=\"elementor-divider\">\n\t\t\t<span class=\"elementor-divider-separator\">\n\t\t\t\t\t\t<\/span>\n\t\t<\/div>\n\t\t\t\t\t\t<\/div>\n\t\t\t\t<\/div>\n\t\t\t\t<div class=\"elementor-element elementor-element-86924cf e-grid-align-left elementor-shape-rounded elementor-grid-0 elementor-widget elementor-widget-social-icons\" data-id=\"86924cf\" data-element_type=\"widget\" data-e-type=\"widget\" data-widget_type=\"social-icons.default\">\n\t\t\t\t<div class=\"elementor-widget-container\">\n\t\t\t\t\t\t\t<div class=\"elementor-social-icons-wrapper elementor-grid\" role=\"list\">\n\t\t\t\t\t\t\t<span class=\"elementor-grid-item\" role=\"listitem\">\n\t\t\t\t\t<a class=\"elementor-icon elementor-social-icon elementor-social-icon-facebook elementor-repeater-item-c01177c\" href=\"https:\/\/www.facebook.com\/uajms.fcyt\" target=\"_blank\">\n\t\t\t\t\t\t<span class=\"elementor-screen-only\">Facebook<\/span>\n\t\t\t\t\t\t<i aria-hidden=\"true\" class=\"fab fa-facebook\"><\/i>\t\t\t\t\t<\/a>\n\t\t\t\t<\/span>\n\t\t\t\t\t\t\t<span class=\"elementor-grid-item\" role=\"listitem\">\n\t\t\t\t\t<a class=\"elementor-icon elementor-social-icon elementor-social-icon-youtube elementor-repeater-item-a39f877\" href=\"https:\/\/www.youtube.com\/channel\/UC-lx4pHQu0nvxL3gV20tbaA\" target=\"_blank\">\n\t\t\t\t\t\t<span class=\"elementor-screen-only\">Youtube<\/span>\n\t\t\t\t\t\t<i aria-hidden=\"true\" class=\"fab fa-youtube\"><\/i>\t\t\t\t\t<\/a>\n\t\t\t\t<\/span>\n\t\t\t\t\t<\/div>\n\t\t\t\t\t\t<\/div>\n\t\t\t\t<\/div>\n\t\t\t\t\t<\/div>\n\t\t<\/div>\n\t\t\t\t\t<\/div>\n\t\t<\/section>\n\t\t\t\t<\/div>\n\t\t","protected":false},"excerpt":{"rendered":"<p>ARQUITECTURA y URBANISMO [vc_row][vc_column][\/vc_column][\/vc_row][vc_row][vc_column width=\u00bb1\/3&#8243;][vc_single_image source=\u00bbexternal_link\u00bb external_img_size=\u00bb350&#215;350&#8243; external_style=\u00bbvc_box_border_circle\u00bb onclick=\u00bblink_image\u00bb custom_src=\u00bbhttp:\/\/www.uajms.edu.bo\/fcyt\/wp-content\/uploads\/sites\/24\/2024\/08\/WhatsApp-Image-2024-08-01-at-20.04.281.jpeg\u00bb][vc_column_text] Arq. Roger Miguel Ter\u00e1n Cardozo Director Carrera de Arquitectura y Urbanismo Curriculum-vitae (Abreviado) FORMACION ACADEMICALicenciado en ArquitecturaESTUDIOS DE POSTGRADODiplomado en [&hellip;]<\/p>\n","protected":false},"author":146,"featured_media":0,"parent":0,"menu_order":0,"comment_status":"closed","ping_status":"closed","template":"","meta":{"_joinchat":[],"footnotes":""},"class_list":["post-4783","page","type-page","status-publish","hentry"],"jetpack_sharing_enabled":true,"publishpress_future_action":{"enabled":false,"date":"2026-05-09 11:46:04","action":"change-status","newStatus":"draft","terms":[],"taxonomy":"","extraData":[]},"publishpress_future_workflow_manual_trigger":{"enabledWorkflows":[]},"_links":{"self":[{"href":"https:\/\/www.uajms.edu.bo\/fcyt\/wp-json\/wp\/v2\/pages\/4783","targetHints":{"allow":["GET"]}}],"collection":[{"href":"https:\/\/www.uajms.edu.bo\/fcyt\/wp-json\/wp\/v2\/pages"}],"about":[{"href":"https:\/\/www.uajms.edu.bo\/fcyt\/wp-json\/wp\/v2\/types\/page"}],"author":[{"embeddable":true,"href":"https:\/\/www.uajms.edu.bo\/fcyt\/wp-json\/wp\/v2\/users\/146"}],"replies":[{"embeddable":true,"href":"https:\/\/www.uajms.edu.bo\/fcyt\/wp-json\/wp\/v2\/comments?post=4783"}],"version-history":[{"count":5,"href":"https:\/\/www.uajms.edu.bo\/fcyt\/wp-json\/wp\/v2\/pages\/4783\/revisions"}],"predecessor-version":[{"id":4985,"href":"https:\/\/www.uajms.edu.bo\/fcyt\/wp-json\/wp\/v2\/pages\/4783\/revisions\/4985"}],"wp:attachment":[{"href":"https:\/\/www.uajms.edu.bo\/fcyt\/wp-json\/wp\/v2\/media?parent=4783"}],"curies":[{"name":"wp","href":"https:\/\/api.w.org\/{rel}","templated":true}]}}