

{"id":3336,"date":"2022-09-21T21:55:01","date_gmt":"2022-09-21T21:55:01","guid":{"rendered":"https:\/\/www.uajms.edu.bo\/fcyt\/?page_id=3336"},"modified":"2022-11-15T20:30:40","modified_gmt":"2022-11-15T20:30:40","slug":"arquitectura-y-urbanismo","status":"publish","type":"page","link":"https:\/\/www.uajms.edu.bo\/fcyt\/arquitectura-y-urbanismo\/","title":{"rendered":"Arquitectura y Urbanismo"},"content":{"rendered":"<p><b><a href=\"http:\/\/www.uajms.edu.bo\/fcyt\/wp-content\/uploads\/sites\/24\/2015\/05\/banner-arquitectura.jpg\"><img fetchpriority=\"high\" decoding=\"async\" class=\"alignnone wp-image-564 size-full\" src=\"http:\/\/www.uajms.edu.bo\/fcyt\/wp-content\/uploads\/sites\/24\/2015\/05\/banner-arquitectura.jpg\" alt=\"\" width=\"1211\" height=\"200\" srcset=\"https:\/\/www.uajms.edu.bo\/fcyt\/wp-content\/uploads\/sites\/24\/2015\/05\/banner-arquitectura.jpg 1211w, https:\/\/www.uajms.edu.bo\/fcyt\/wp-content\/uploads\/sites\/24\/2015\/05\/banner-arquitectura-600x99.jpg 600w, https:\/\/www.uajms.edu.bo\/fcyt\/wp-content\/uploads\/sites\/24\/2015\/05\/banner-arquitectura-768x126.jpg 768w\" sizes=\"(max-width: 1211px) 100vw, 1211px\" \/><\/a><\/b><\/p>\n<h2 style=\"text-align: center;\"><a href=\"https:\/\/www.uajms.edu.bo\/admisiones\/\">Admisiones 2023<\/a><\/h2>\n<p>&nbsp;<\/p>\n<p><b>MISI\u00d3N<\/b><b>\u00a0<\/b><\/p>\n<p>La carrera de arquitectura tiene como misi\u00f3n la formaci\u00f3n de arquitectos, contribuyendo a que \u00e9stos se desarrollen consecuentemente con los \u00faltimos avances de la disciplina, fomentando y estimulando la innovaci\u00f3n y la capacidad de emprendimiento, la responsabilidad p\u00fablica y el actuar \u00e9tico.<\/p>\n<p><b>VISI\u00d3N\u00a0<\/b><\/p>\n<p>La carrera de arquitectura ser\u00e1 reconocida como una entidad formadora de arquitectos, l\u00edder en innovaci\u00f3n acad\u00e9mica y reconocida como un referente nacional en los campos propios de la disciplina, comprometida con la formaci\u00f3n de profesionales \u00edntegros.<\/p>\n<p><b>PERFIL DEL EGRESADO<\/b><\/p>\n<p>Con respecto al plan de estudios, se establecen los siguientes objetivos fundamentales basados en el perfil de egreso y principios orientadores de la Carrera:<\/p>\n<p>1. Formar un profesional arquitecto creativo, de s\u00f3lida formaci\u00f3n cultural y acad\u00e9mica, capaz de contribuir con su acci\u00f3n a mejorar la relaci\u00f3n del hombre con su entorno cultural, territorial y medio ambiental.<\/p>\n<p>2. Desarrollar la capacidad de reflexi\u00f3n cr\u00edtica que permita la construcci\u00f3n del pensamiento te\u00f3rico propio frente al quehacer arquitect\u00f3nico. Comprender el desarrollo creativo como consecuencia de un proceso de an\u00e1lisis profundo de los hechos arquitect\u00f3nicos y territoriales.<\/p>\n<p>3. Propiciar la comprensi\u00f3n sensible y respetuosa del territorio y su expresi\u00f3n cultural. Adquirir una capacidad anal\u00edtica y global del medio y una consecuente contextualizaci\u00f3n responsable de las propuestas arquitect\u00f3nicas.<\/p>\n<p>4. Entregar\u00a0\u00a0 las herramientas para enfrentar los problemas atingentes a la profesi\u00f3n, a trav\u00e9s del desarrollo de las habilidades y metodolog\u00edas para: elaborar diagn\u00f3sticos, articular e integrar aspectos complementarios a la disciplina, y proponer soluciones en escenarios de desarrollos viables. Debe estar capacitado para evaluar e integrar las variables econ\u00f3micas, sociales, y culturales; planteando en consecuencia propuestas arquitect\u00f3nicas coherentes y sostenibles, fomentando el emprendimiento en cada acci\u00f3n desarrollada.<\/p>\n<p>5. Desarrollar un juicio cr\u00edtico con autoridad t\u00e9cnica. El alumno debe ser capaz de relacionar las nuevas tecnolog\u00edas con la disciplina, comprender las dimensiones y complejidades del problema urbano y entender la l\u00f3gica econ\u00f3mica de los proyectos que emprenda, entreg\u00e1ndole los conocimientos b\u00e1sicos para evaluar los costos y beneficios de ellos.<\/p>\n<p>6. Formar habilidades para permitir al egresado entender la proposici\u00f3n arquitect\u00f3nica como obra construible, incorporando las variables pl\u00e1sticas, estructurales, constructivas y sustentables.<\/p>\n<p>7. Otorgar la capacidad de elaborar soluciones arquitect\u00f3nicas innovadoras integrando criterios disciplinares en las \u00e1reas de Dise\u00f1o sustentable, Ciudad, territorio y medio ambiente, Arquitectura de la informaci\u00f3n e Innovaci\u00f3n y Emprendimiento.<\/p>\n<p><b>RESE\u00d1A\u00a0HIST\u00d3RICA<br \/>\n<\/b><\/p>\n<p>La Carrera de Arquitectura y Urbanismo, fue creada mediante R.H.C.U. N\u00ba164\\99 en fecha 11 de noviembre de 1999 dentro de Juan Misael Saracho, dependiente de la Facultad de Ciencias y Tecnolog\u00eda, iniciando sus actividades durante el a\u00f1o acad\u00e9mico 2000, a trav\u00e9s del incentivo del Sr. Rector, Vicerrector, Decano de la Facultad de Ciencias y Tecnolog\u00eda conjuntamente con un grupo de profesionales Arquitectos y profesionales de apoyo en las \u00e1reas de Ciencias Econ\u00f3micas y Ciencias de la Educaci\u00f3n Superior.<\/p>\n<p>La segunda l\u00ednea general de acci\u00f3n del Plan Quinquenal de Desarrollo de la Universidad pretende la integraci\u00f3n de la Universidad y la sociedad, buscando v\u00ednculos de contacto con el mundo de trabajo y la participaci\u00f3n de la comunidad universitaria en la b\u00fasqueda de soluciones al mundo globalizado actual, por lo que existe la necesidad de formar recursos humanos orientados a la preservaci\u00f3n del arte, el desarrollo y la promoci\u00f3n del desarrollo urbano en nuestra sociedad, la investigaci\u00f3n y aplicaci\u00f3n de nuevas tecnolog\u00edas arquitect\u00f3nicas que respeten la tradici\u00f3n, cultural, historia y ecolog\u00eda, contribuyendo a solucionar el h\u00e1bitat humano.<\/p>\n<p>&nbsp;<\/p>\n","protected":false},"excerpt":{"rendered":"<p>Admisiones 2023 &nbsp; MISI\u00d3N\u00a0 La carrera de arquitectura tiene como misi\u00f3n la formaci\u00f3n de arquitectos, contribuyendo a que \u00e9stos se desarrollen consecuentemente con los \u00faltimos avances de la disciplina, fomentando [&hellip;]<\/p>\n","protected":false},"author":1,"featured_media":0,"parent":0,"menu_order":0,"comment_status":"closed","ping_status":"closed","template":"","meta":{"_joinchat":[],"footnotes":""},"class_list":["post-3336","page","type-page","status-publish","hentry"],"jetpack_sharing_enabled":true,"publishpress_future_action":{"enabled":false,"date":"2026-04-24 12:07:07","action":"change-status","newStatus":"draft","terms":[],"taxonomy":"","extraData":[]},"publishpress_future_workflow_manual_trigger":{"enabledWorkflows":[]},"_links":{"self":[{"href":"https:\/\/www.uajms.edu.bo\/fcyt\/wp-json\/wp\/v2\/pages\/3336","targetHints":{"allow":["GET"]}}],"collection":[{"href":"https:\/\/www.uajms.edu.bo\/fcyt\/wp-json\/wp\/v2\/pages"}],"about":[{"href":"https:\/\/www.uajms.edu.bo\/fcyt\/wp-json\/wp\/v2\/types\/page"}],"author":[{"embeddable":true,"href":"https:\/\/www.uajms.edu.bo\/fcyt\/wp-json\/wp\/v2\/users\/1"}],"replies":[{"embeddable":true,"href":"https:\/\/www.uajms.edu.bo\/fcyt\/wp-json\/wp\/v2\/comments?post=3336"}],"version-history":[{"count":7,"href":"https:\/\/www.uajms.edu.bo\/fcyt\/wp-json\/wp\/v2\/pages\/3336\/revisions"}],"predecessor-version":[{"id":4889,"href":"https:\/\/www.uajms.edu.bo\/fcyt\/wp-json\/wp\/v2\/pages\/3336\/revisions\/4889"}],"wp:attachment":[{"href":"https:\/\/www.uajms.edu.bo\/fcyt\/wp-json\/wp\/v2\/media?parent=3336"}],"curies":[{"name":"wp","href":"https:\/\/api.w.org\/{rel}","templated":true}]}}