

{"id":2643,"date":"2019-03-13T15:18:01","date_gmt":"2019-03-13T15:18:01","guid":{"rendered":"http:\/\/www.uajms.edu.bo\/fcyt\/?page_id=2643"},"modified":"2022-11-15T20:16:02","modified_gmt":"2022-11-15T20:16:02","slug":"laboratorio-especializado-de-informatica-ing-civil","status":"publish","type":"page","link":"https:\/\/www.uajms.edu.bo\/fcyt\/laboratorio-especializado-de-informatica-ing-civil\/","title":{"rendered":"Laboratorio Especializado de Informatica (Ing-Civil)"},"content":{"rendered":"<div class=\"jumbotron\" style=\"color: #fefefe; background-image: url('http:\/\/www.uajms.edu.bo\/fcyt\/wp-content\/uploads\/sites\/24\/2019\/03\/Civil-Engineering-bg.jpg'); background-position: bottom left;\">\n<h1 class=\"display-4\" style=\"text-shadow: 2px 2px 4px #000000;\">LABORATORIO ESPECIALIZADO DE INFORM\u00c1TICA (ING. CIVIL)<\/h1>\n<hr class=\"my-4\" \/>\n<p style=\"text-shadow: 2px 2px 4px #000000;\">Enfoca sus esfuerzos en la formaci\u00f3n de los ingenieros civiles de la UAJMS.<\/p>\n<\/div>\n<p>Nuestro Laboratorio Especializado de Inform\u00e1tica correspondiente al gabinete de Topografia dependiente del departamento de Topografia y v\u00edas de comunicaci\u00f3n, carrera de ingenier\u00eda civil de la Facultad de ciencias y Tecnolog\u00eda de U.A.J.M.S. tiene el siguiente Organigrama.<\/p>\n<p><strong><a href=\"http:\/\/www.uajms.edu.bo\/fcyt\/wp-content\/uploads\/sites\/24\/2019\/03\/ORGANIGRAM2.png\"><img decoding=\"async\" class=\"aligncenter wp-image-2656 \" src=\"http:\/\/www.uajms.edu.bo\/fcyt\/wp-content\/uploads\/sites\/24\/2019\/03\/ORGANIGRAM2.png\" alt=\"\" width=\"157\" height=\"277\" srcset=\"https:\/\/www.uajms.edu.bo\/fcyt\/wp-content\/uploads\/sites\/24\/2019\/03\/ORGANIGRAM2.png 388w, https:\/\/www.uajms.edu.bo\/fcyt\/wp-content\/uploads\/sites\/24\/2019\/03\/ORGANIGRAM2-600x1057.png 600w, https:\/\/www.uajms.edu.bo\/fcyt\/wp-content\/uploads\/sites\/24\/2019\/03\/ORGANIGRAM2-768x1353.png 768w\" sizes=\"(max-width: 157px) 100vw, 157px\" \/><\/a>Actividades que realiza<\/strong><\/p>\n<p>Se realiza la coordinaci\u00f3n con los encargados de UNADA de la Facultad de Ciencias y Tecnolog\u00eda, para poder prestar los ambientes para realizar diferentes cursos de capacitaci\u00f3n para los estudiantes de nuestra facultad, asimismo se realizan cursos de capacitaci\u00f3n para las siguientes asignaturas<\/p>\n<p><strong>Carrera de Ingenier\u00eda Civil.<\/strong><\/p>\n<ul>\n<li>CIV \u2013 231 Topografia I, materia que corresponde al 3<sup>er<\/sup> semestre<\/li>\n<li>CIV \u2013 232 Topografia II, materia que corresponde al 4<sup>to<\/sup> semestre<\/li>\n<li>CIV \u2013 200 Taller I, materia que corresponde al 4<sup>to<\/sup> semestre<\/li>\n<li>CIV \u2013 300 Taller II, materia que corresponde al 6<sup>to<\/sup> semestre<\/li>\n<li>CIV \u2013 400 Taller III, materia que corresponde al 8<sup>vo<\/sup> semestre<\/li>\n<li>CIV \u2013 502 Proyecto de Ing. Civil II, materia correspondiente al 10<sup>mo <\/sup>semestre<\/li>\n<\/ul>\n<p><strong>CURSOS DE\u00a0<\/strong><b>CAPACITACI\u00d3N<\/b><\/p>\n<p>Los cursos de capacitaci\u00f3n que se desarrolla en el laboratorio especializado de inform\u00e1tica son:<\/p>\n<ul>\n<li>AutoCAD 2016<\/li>\n<li>CYPE CAD<\/li>\n<li>Civil 3D<\/li>\n<li>SAP 2000<\/li>\n<li>Global Mapper<\/li>\n<li>Google Earth<\/li>\n<li>Google Chrome<\/li>\n<li>Microsoft Office 2010<\/li>\n<\/ul>\n<p><strong>ACTUALIZACI\u00d3N DE PROGRAMAS <\/strong><\/p>\n<p>Se pretende realizar cursos de capacitaci\u00f3n a los nuevos estudiantes principalmente capacitando con el programa de AutoCAD tomando en cuenta que es muy necesario para las materias del primer, segundo, tercer y cuarto semestre en las materias de dibujo t\u00e9cnico y Topograf\u00eda.<\/p>\n<div id='gallery-1' class='gallery galleryid-2643 gallery-columns-3 gallery-size-thumbnail'><figure class='gallery-item'>\n\t\t\t<div class='gallery-icon landscape'>\n\t\t\t\t<a href='https:\/\/www.uajms.edu.bo\/fcyt\/laboratorio-especializado-de-informatica-ing-civil\/labinfo6\/'><img decoding=\"async\" width=\"150\" height=\"150\" src=\"https:\/\/www.uajms.edu.bo\/fcyt\/wp-content\/uploads\/sites\/24\/2019\/03\/labinfo6-150x150.jpg\" class=\"attachment-thumbnail size-thumbnail\" alt=\"\" srcset=\"https:\/\/www.uajms.edu.bo\/fcyt\/wp-content\/uploads\/sites\/24\/2019\/03\/labinfo6-150x150.jpg 150w, https:\/\/www.uajms.edu.bo\/fcyt\/wp-content\/uploads\/sites\/24\/2019\/03\/labinfo6-100x100.jpg 100w, https:\/\/www.uajms.edu.bo\/fcyt\/wp-content\/uploads\/sites\/24\/2019\/03\/labinfo6-300x300.jpg 300w, https:\/\/www.uajms.edu.bo\/fcyt\/wp-content\/uploads\/sites\/24\/2019\/03\/labinfo6-1024x1024.jpg 1024w\" sizes=\"(max-width: 150px) 100vw, 150px\" \/><\/a>\n\t\t\t<\/div><\/figure><figure class='gallery-item'>\n\t\t\t<div class='gallery-icon landscape'>\n\t\t\t\t<a href='https:\/\/www.uajms.edu.bo\/fcyt\/laboratorio-especializado-de-informatica-ing-civil\/labinfo5\/'><img decoding=\"async\" width=\"150\" height=\"150\" src=\"https:\/\/www.uajms.edu.bo\/fcyt\/wp-content\/uploads\/sites\/24\/2019\/03\/labinfo5-150x150.jpg\" class=\"attachment-thumbnail size-thumbnail\" alt=\"\" srcset=\"https:\/\/www.uajms.edu.bo\/fcyt\/wp-content\/uploads\/sites\/24\/2019\/03\/labinfo5-150x150.jpg 150w, https:\/\/www.uajms.edu.bo\/fcyt\/wp-content\/uploads\/sites\/24\/2019\/03\/labinfo5-100x100.jpg 100w, https:\/\/www.uajms.edu.bo\/fcyt\/wp-content\/uploads\/sites\/24\/2019\/03\/labinfo5-300x300.jpg 300w, https:\/\/www.uajms.edu.bo\/fcyt\/wp-content\/uploads\/sites\/24\/2019\/03\/labinfo5-1024x1024.jpg 1024w\" sizes=\"(max-width: 150px) 100vw, 150px\" \/><\/a>\n\t\t\t<\/div><\/figure><figure class='gallery-item'>\n\t\t\t<div class='gallery-icon landscape'>\n\t\t\t\t<a href='https:\/\/www.uajms.edu.bo\/fcyt\/laboratorio-especializado-de-informatica-ing-civil\/labinfo3\/'><img loading=\"lazy\" decoding=\"async\" width=\"150\" height=\"150\" src=\"https:\/\/www.uajms.edu.bo\/fcyt\/wp-content\/uploads\/sites\/24\/2019\/03\/labinfo3-150x150.jpg\" class=\"attachment-thumbnail size-thumbnail\" alt=\"\" srcset=\"https:\/\/www.uajms.edu.bo\/fcyt\/wp-content\/uploads\/sites\/24\/2019\/03\/labinfo3-150x150.jpg 150w, https:\/\/www.uajms.edu.bo\/fcyt\/wp-content\/uploads\/sites\/24\/2019\/03\/labinfo3-100x100.jpg 100w, https:\/\/www.uajms.edu.bo\/fcyt\/wp-content\/uploads\/sites\/24\/2019\/03\/labinfo3-300x300.jpg 300w, https:\/\/www.uajms.edu.bo\/fcyt\/wp-content\/uploads\/sites\/24\/2019\/03\/labinfo3-1024x1024.jpg 1024w\" sizes=\"(max-width: 150px) 100vw, 150px\" \/><\/a>\n\t\t\t<\/div><\/figure><figure class='gallery-item'>\n\t\t\t<div class='gallery-icon landscape'>\n\t\t\t\t<a href='https:\/\/www.uajms.edu.bo\/fcyt\/laboratorio-especializado-de-informatica-ing-civil\/labinfo4\/'><img loading=\"lazy\" decoding=\"async\" width=\"150\" height=\"150\" src=\"https:\/\/www.uajms.edu.bo\/fcyt\/wp-content\/uploads\/sites\/24\/2019\/03\/labinfo4-150x150.jpg\" class=\"attachment-thumbnail size-thumbnail\" alt=\"\" srcset=\"https:\/\/www.uajms.edu.bo\/fcyt\/wp-content\/uploads\/sites\/24\/2019\/03\/labinfo4-150x150.jpg 150w, https:\/\/www.uajms.edu.bo\/fcyt\/wp-content\/uploads\/sites\/24\/2019\/03\/labinfo4-100x100.jpg 100w, https:\/\/www.uajms.edu.bo\/fcyt\/wp-content\/uploads\/sites\/24\/2019\/03\/labinfo4-300x300.jpg 300w, https:\/\/www.uajms.edu.bo\/fcyt\/wp-content\/uploads\/sites\/24\/2019\/03\/labinfo4-1024x1024.jpg 1024w\" sizes=\"(max-width: 150px) 100vw, 150px\" \/><\/a>\n\t\t\t<\/div><\/figure><figure class='gallery-item'>\n\t\t\t<div class='gallery-icon landscape'>\n\t\t\t\t<a href='https:\/\/www.uajms.edu.bo\/fcyt\/laboratorio-especializado-de-informatica-ing-civil\/labinfo2\/'><img loading=\"lazy\" decoding=\"async\" width=\"150\" height=\"150\" src=\"https:\/\/www.uajms.edu.bo\/fcyt\/wp-content\/uploads\/sites\/24\/2019\/03\/labinfo2-150x150.jpg\" class=\"attachment-thumbnail size-thumbnail\" alt=\"\" srcset=\"https:\/\/www.uajms.edu.bo\/fcyt\/wp-content\/uploads\/sites\/24\/2019\/03\/labinfo2-150x150.jpg 150w, https:\/\/www.uajms.edu.bo\/fcyt\/wp-content\/uploads\/sites\/24\/2019\/03\/labinfo2-100x100.jpg 100w, https:\/\/www.uajms.edu.bo\/fcyt\/wp-content\/uploads\/sites\/24\/2019\/03\/labinfo2-300x300.jpg 300w, https:\/\/www.uajms.edu.bo\/fcyt\/wp-content\/uploads\/sites\/24\/2019\/03\/labinfo2-1024x1024.jpg 1024w\" sizes=\"(max-width: 150px) 100vw, 150px\" \/><\/a>\n\t\t\t<\/div><\/figure><figure class='gallery-item'>\n\t\t\t<div class='gallery-icon landscape'>\n\t\t\t\t<a href='https:\/\/www.uajms.edu.bo\/fcyt\/laboratorio-especializado-de-informatica-ing-civil\/labinf1\/'><img loading=\"lazy\" decoding=\"async\" width=\"150\" height=\"150\" src=\"https:\/\/www.uajms.edu.bo\/fcyt\/wp-content\/uploads\/sites\/24\/2019\/03\/LabInf1-150x150.jpg\" class=\"attachment-thumbnail size-thumbnail\" alt=\"\" srcset=\"https:\/\/www.uajms.edu.bo\/fcyt\/wp-content\/uploads\/sites\/24\/2019\/03\/LabInf1-150x150.jpg 150w, https:\/\/www.uajms.edu.bo\/fcyt\/wp-content\/uploads\/sites\/24\/2019\/03\/LabInf1-100x100.jpg 100w, https:\/\/www.uajms.edu.bo\/fcyt\/wp-content\/uploads\/sites\/24\/2019\/03\/LabInf1-300x300.jpg 300w, https:\/\/www.uajms.edu.bo\/fcyt\/wp-content\/uploads\/sites\/24\/2019\/03\/LabInf1-1024x1024.jpg 1024w\" sizes=\"(max-width: 150px) 100vw, 150px\" \/><\/a>\n\t\t\t<\/div><\/figure>\n\t\t<\/div>\n\n","protected":false},"excerpt":{"rendered":"<p>LABORATORIO ESPECIALIZADO DE INFORM\u00c1TICA (ING. CIVIL) Enfoca sus esfuerzos en la formaci\u00f3n de los ingenieros civiles de la UAJMS. Nuestro Laboratorio Especializado de Inform\u00e1tica correspondiente al gabinete de Topografia dependiente [&hellip;]<\/p>\n","protected":false},"author":1,"featured_media":0,"parent":0,"menu_order":0,"comment_status":"closed","ping_status":"closed","template":"","meta":{"_joinchat":[],"footnotes":""},"class_list":["post-2643","page","type-page","status-publish","hentry"],"jetpack_sharing_enabled":true,"publishpress_future_action":{"enabled":false,"date":"2026-05-19 12:10:42","action":"change-status","newStatus":"draft","terms":[],"taxonomy":"","extraData":[]},"publishpress_future_workflow_manual_trigger":{"enabledWorkflows":[]},"_links":{"self":[{"href":"https:\/\/www.uajms.edu.bo\/fcyt\/wp-json\/wp\/v2\/pages\/2643","targetHints":{"allow":["GET"]}}],"collection":[{"href":"https:\/\/www.uajms.edu.bo\/fcyt\/wp-json\/wp\/v2\/pages"}],"about":[{"href":"https:\/\/www.uajms.edu.bo\/fcyt\/wp-json\/wp\/v2\/types\/page"}],"author":[{"embeddable":true,"href":"https:\/\/www.uajms.edu.bo\/fcyt\/wp-json\/wp\/v2\/users\/1"}],"replies":[{"embeddable":true,"href":"https:\/\/www.uajms.edu.bo\/fcyt\/wp-json\/wp\/v2\/comments?post=2643"}],"version-history":[{"count":5,"href":"https:\/\/www.uajms.edu.bo\/fcyt\/wp-json\/wp\/v2\/pages\/2643\/revisions"}],"predecessor-version":[{"id":3688,"href":"https:\/\/www.uajms.edu.bo\/fcyt\/wp-json\/wp\/v2\/pages\/2643\/revisions\/3688"}],"wp:attachment":[{"href":"https:\/\/www.uajms.edu.bo\/fcyt\/wp-json\/wp\/v2\/media?parent=2643"}],"curies":[{"name":"wp","href":"https:\/\/api.w.org\/{rel}","templated":true}]}}