

{"id":2628,"date":"2019-03-13T14:55:11","date_gmt":"2019-03-13T14:55:11","guid":{"rendered":"http:\/\/www.uajms.edu.bo\/fcyt\/?page_id=2628"},"modified":"2022-11-15T20:14:32","modified_gmt":"2022-11-15T20:14:32","slug":"laboratorio-de-asfaltos","status":"publish","type":"page","link":"https:\/\/www.uajms.edu.bo\/fcyt\/laboratorio-de-asfaltos\/","title":{"rendered":"Laboratorio de Asfaltos"},"content":{"rendered":"<div class=\"jumbotron\" style=\"color: #fefefe; background-image: url('http:\/\/www.uajms.edu.bo\/fcyt\/wp-content\/uploads\/sites\/24\/2019\/03\/Civil-Engineering-bg.jpg'); background-position: bottom left;\">\n<h1 class=\"display-4\" style=\"text-shadow: 2px 2px 4px #000000;\">LABORATORIO DE ASFALTOS<\/h1>\n<hr class=\"my-4\" \/>\n<\/div>\n<p>El Laboratorio de Asfaltos nace en el Departamento de Topograf\u00eda y V\u00edas de Comunicaci\u00f3n, que es dependiente directamente de la Facultad de Ciencias y Tecnolog\u00eda, como apoyo fundamental e indispensable, para el Programa de Ingenier\u00eda Civil.<\/p>\n<p>Este laboratorio puso en funcionamiento sus instalaciones a partir del 23 de marzo del 2014, con la finalidad de prestar servicios acad\u00e9micos, como apoyo a estudiantes de esta carrera, con asistencia participativa de docentes, seg\u00fan requerimiento de la materia de Taller III (CIV 400), Carreteras II (CIV 442) y de Proyecto de Grado II (CIV 502).<\/p>\n<p><strong>\u00bfQU\u00c9 ES EL LABORATORIO DE ASFALTOS?<\/strong><\/p>\n<p>El Laboratorio de Asfaltos es un ambiente dotado de los medios necesarios para realizar investigaciones, experimentos, pr\u00e1cticas y trabajos de car\u00e1cter cient\u00edfico, tecnol\u00f3gico y t\u00e9cnico, en lo respecta a estudio de pavimento flexible, como a pavimento r\u00edgido.<\/p>\n<p>Est\u00e1 equipado con equipos e instrumentos de medida con los que realizan experimentos, investigaciones o pr\u00e1cticas diversas, seg\u00fan el requerimiento de estudio o rama de ciencia que prefieran los docentes y estudiantes del Programa de Ingenier\u00eda Civil. Este Laboratorio depende del Departamento de Topograf\u00eda y V\u00edas de Comunicaci\u00f3n, el cual a su vez es dependiente directo de la Facultad de Ciencias y Tecnolog\u00eda.<\/p>\n<p>Se encarga de prestar servicios exclusivamente acad\u00e9micos, es decir, da el apoyo profesional y t\u00e9cnico necesario a estudiantes que cursan las materias de Taller III (CIV 400), Carreteras II (CIV 442) y Proyecto de Grado II (CIV 502), del Programa de Ingenier\u00eda Civil, para promover a trav\u00e9s de pr\u00e1cticas, la ense\u00f1anza e importancia de lo que significa un estudio de pavimentos. Es as\u00ed que en el Laboratorio se realizan estudios que conllevan a la obtenci\u00f3n de T\u00edtulos de Grado Acad\u00e9mico de Licenciatura en Ingenier\u00eda Civil.<\/p>\n<p>Las funciones del Laboratorio de Asfaltos se rigen al \u201cReglamento Interno para el funcionamiento de los Laboratorios y Gabinetes de la Carrera de Ingenier\u00eda Civil\u201d, aprobado seg\u00fan Resoluci\u00f3n H.C.F. N\u00b0 179\/2016, emitida por el Honorable Consejo Facultativo, en fecha 22 de abril del 2016.<\/p>\n<p><strong>OBJETIVOS<\/strong><\/p>\n<p><strong>Objetivo General<\/strong><\/p>\n<p>Potenciar la funcionalidad del Laboratorio de Asfaltos de la Carrera de Ingenier\u00eda Civil, de la Facultad de Ciencias y Tecnolog\u00eda de la Universidad Aut\u00f3noma \u201cJuan Misael Saracho\u201d, contribuyendo\u00a0 permanentemente en los procesos, procedimientos y actividades de proyectos que brinden servicios a la comunidad acad\u00e9mica y entidades externas, para poder generar nuevos ingresos econ\u00f3micos a la Universidad, lograr el sustento propio del laboratorio e impulsar\u00a0 el crecimiento y prestigio potencial de esta instituci\u00f3n.<\/p>\n<p><strong>Objetivos Espec\u00edficos<\/strong><strong>:<\/strong><\/p>\n<ul>\n<li>Brindar Servicios Acad\u00e9micos a los estudiantes de la materia de Taller III (CIV 400), Carreteras II (CIV 442), a tesistas en la materia de Proyecto de Grado II (CIV 502) y por consiguiente a docentes, en la elaboraci\u00f3n de Proyectos que requieran los servicios de esta unidad.<\/li>\n<li>Brindar Servicios Externos de laboratorio especializados al sector productivo de la regi\u00f3n, a medida que este sector demande la participaci\u00f3n del Laboratorio de Asfaltos de esta prestigiosa Universidad.<\/li>\n<li>Desarrollar un sistema de captaci\u00f3n de recursos financieros de manera directa bajo convenios y\/o contratos espec\u00edficos con sectores sociales, empresas p\u00fablicas y\/o privadas.<\/li>\n<li>Obtener certificaciones de acreditaci\u00f3n que habiliten a la Universidad a realizar los servicios externos de laboratorio, garantizando calidad y confiabilidad.<\/li>\n<li>Promover la dotaci\u00f3n de equipamiento e instrumental adecuado para brindar servicios de calidad.<\/li>\n<li>Promover la dotaci\u00f3n de personal t\u00e9cnico calificado para la operaci\u00f3n del equipamiento e instrumental.<\/li>\n<li>Realizar las pol\u00edticas necesarias para el adecuado mantenimiento del equipamiento e instrumental existente en el laboratorio.<\/li>\n<li>Capacitar al personal del laboratorio en el correcto uso y mantenimiento del equipamiento e instrumental.<\/li>\n<li>Coordinar con las autoridades correspondientes, la creaci\u00f3n de cursos de capacitaci\u00f3n para la comunidad docente y estudiantil.<\/li>\n<li>Motivar a futuro, la implementaci\u00f3n de equipos nuevos seg\u00fan el requerimiento acad\u00e9mico, la venta de servicios y el avance tecnol\u00f3gico, con recursos propios.<\/li>\n<\/ul>\n<p><b>MISI\u00d3N<\/b><\/p>\n<p>Contribuir con el desarrollo de la regi\u00f3n, a partir de la prestaci\u00f3n de los servicios de an\u00e1lisis confiables de muestras de materiales bituminosos y dise\u00f1o de mezclas asf\u00e1lticas, as\u00ed como la verificaci\u00f3n de calidad de pavimentos r\u00edgidos y flexibles, para el apoyo a los procesos de investigaci\u00f3n, docencia, orientaci\u00f3n efectiva a los usuarios en procura de la mejora de sus pr\u00e1cticas y proyectos, as\u00ed como para la venta de servicios externos disponibles a entidades p\u00fablicas y privadas de nuestro entorno.<\/p>\n<p><b>VISI\u00d3N<\/b><\/p>\n<p>La visi\u00f3n del Laboratorio de Asfaltos es: \u201cConstituirse y ser reconocido como el Laboratorio de Referencia de la Regi\u00f3n, en la realizaci\u00f3n de an\u00e1lisis de calidad de productos bituminosos, dise\u00f1o y calidad de mezclas asf\u00e1lticas, y supervisi\u00f3n de pavimentos flexibles y r\u00edgidos, que contribuyan en el dise\u00f1o, la investigaci\u00f3n y el desarrollo tecnol\u00f3gico para el sector de Ingenier\u00eda.\u201d<\/p>\n<p><strong>Organigrama Actual<\/strong><\/p>\n<p><a href=\"http:\/\/www.uajms.edu.bo\/fcyt\/wp-content\/uploads\/sites\/24\/2019\/03\/Organigrama.png\"><br \/>\n<img fetchpriority=\"high\" decoding=\"async\" class=\"aligncenter wp-image-2632 size-medium\" src=\"http:\/\/www.uajms.edu.bo\/fcyt\/wp-content\/uploads\/sites\/24\/2019\/03\/Organigrama-300x300.png\" alt=\"\" width=\"300\" height=\"300\" srcset=\"https:\/\/www.uajms.edu.bo\/fcyt\/wp-content\/uploads\/sites\/24\/2019\/03\/Organigrama-300x300.png 300w, https:\/\/www.uajms.edu.bo\/fcyt\/wp-content\/uploads\/sites\/24\/2019\/03\/Organigrama-100x100.png 100w, https:\/\/www.uajms.edu.bo\/fcyt\/wp-content\/uploads\/sites\/24\/2019\/03\/Organigrama-150x150.png 150w, https:\/\/www.uajms.edu.bo\/fcyt\/wp-content\/uploads\/sites\/24\/2019\/03\/Organigrama-1024x1024.png 1024w\" sizes=\"(max-width: 300px) 100vw, 300px\" \/><\/a><\/p>\n<p><strong>Servicios que presta<\/strong><\/p>\n<p>Actualmente el Laboratorio de Asfaltos se encarga de prestar servicios exclusivamente acad\u00e9micos, colaborando en las materias de Taller III (CIV 400), Carreteras II (CIV 442) y Proyecto de Grado II (CIV 502), de la Carrera de Ingenier\u00eda Civil.<\/p>\n<p>El servicio consta de asesoramiento en los ensayos a realizar, prestaci\u00f3n de equipos y materiales con el correcto manipuleo para su debido cuidado y da la respectiva protecci\u00f3n a personal administrativo, docentes y estudiantes, seg\u00fan normas de seguridad.<\/p>\n<table width=\"0\">\n<tbody>\n<tr>\n<td colspan=\"4\" width=\"566\"><strong>RESUMEN DE PRECIOS UNITARIOS<\/strong><\/td>\n<\/tr>\n<tr>\n<td width=\"49\"><strong>\u00cdTEM<\/strong><\/td>\n<td width=\"366\"><strong>ACTIVIDAD<\/strong><\/td>\n<td width=\"70\"><strong>UNIDAD<\/strong><\/td>\n<td width=\"80\"><strong>P. UNIT. (Bs)<\/strong><\/td>\n<\/tr>\n<tr>\n<td width=\"49\">1<\/td>\n<td width=\"366\">Res\u00edduo por Destilaci\u00f3n<\/td>\n<td width=\"70\">muestra<\/td>\n<td width=\"80\">229,79<\/td>\n<\/tr>\n<tr>\n<td width=\"49\">2<\/td>\n<td width=\"366\">Penetraci\u00f3n<\/td>\n<td width=\"70\">muestra<\/td>\n<td width=\"80\">169,24<\/td>\n<\/tr>\n<tr>\n<td width=\"49\">3<\/td>\n<td width=\"366\">Ductilidad<\/td>\n<td width=\"70\">muestra<\/td>\n<td width=\"80\">286,85<\/td>\n<\/tr>\n<tr>\n<td width=\"49\">4<\/td>\n<td width=\"366\">Punto de Inflamaci\u00f3n<\/td>\n<td width=\"70\">muestra<\/td>\n<td width=\"80\">131,30<\/td>\n<\/tr>\n<tr>\n<td width=\"49\">5<\/td>\n<td width=\"366\">Punto de Ablandamiento<\/td>\n<td width=\"70\">muestra<\/td>\n<td width=\"80\">261,13<\/td>\n<\/tr>\n<tr>\n<td width=\"49\">6<\/td>\n<td width=\"366\">P\u00e9rdida de masa por Pel\u00edcula Delgada<\/td>\n<td width=\"70\">muestra<\/td>\n<td width=\"80\">485,85<\/td>\n<\/tr>\n<tr>\n<td width=\"49\">7<\/td>\n<td width=\"366\">Densidad Espec\u00edfica<\/td>\n<td width=\"70\">muestra<\/td>\n<td width=\"80\">160,47<\/td>\n<\/tr>\n<tr>\n<td width=\"49\">8<\/td>\n<td width=\"366\">Viscosidad Cinem\u00e1tica<\/td>\n<td width=\"70\">muestra<\/td>\n<td width=\"80\">247,81<\/td>\n<\/tr>\n<tr>\n<td width=\"49\">9<\/td>\n<td width=\"366\">Viscosidad Saybolt<\/td>\n<td width=\"70\">muestra<\/td>\n<td width=\"80\">269,54<\/td>\n<\/tr>\n<tr>\n<td width=\"49\">10<\/td>\n<td width=\"366\">Dise\u00f1o de Mezclas Asf\u00e1lticas, M\u00e9todo Marshall<\/td>\n<td width=\"70\">muestra<\/td>\n<td width=\"80\">1.219,69<\/td>\n<\/tr>\n<tr>\n<td width=\"49\">11<\/td>\n<td width=\"366\">Estabilidad y Fluencia, M\u00e9todo Marshall<\/td>\n<td width=\"70\">muestra<\/td>\n<td width=\"80\">53,20<\/td>\n<\/tr>\n<tr>\n<td width=\"49\">12<\/td>\n<td width=\"366\">Contenido de ligante de mezclas asfalticas por Centr\u00edfugaci\u00f3n<\/td>\n<td width=\"70\">muestra<\/td>\n<td width=\"80\">178,06<\/td>\n<\/tr>\n<tr>\n<td width=\"49\">13<\/td>\n<td width=\"366\">Contenido de ligante de mezclas asfalticas por Ignici\u00f3n<\/td>\n<td width=\"70\">muestra<\/td>\n<td width=\"80\">300,67<\/td>\n<\/tr>\n<tr>\n<td width=\"49\">14<\/td>\n<td width=\"366\">Contenido de ligante de mezclas asfalticas por Extractor Reflujo<\/td>\n<td width=\"70\">muestra<\/td>\n<td width=\"80\">923,08<\/td>\n<\/tr>\n<tr>\n<td width=\"49\">15<\/td>\n<td width=\"366\">Contenido de ligante de mezclas asfalticas por C\u00e1mara de Vac\u00edos<\/td>\n<td width=\"70\">muestra<\/td>\n<td width=\"80\">235,51<\/td>\n<\/tr>\n<tr>\n<td width=\"49\">16<\/td>\n<td width=\"366\">Resistencia al Deslizamiento, P\u00e9ndulo Brit\u00e1nico<\/td>\n<td width=\"70\">punto<\/td>\n<td width=\"80\">84,98<\/td>\n<\/tr>\n<tr>\n<td width=\"49\">17<\/td>\n<td width=\"366\">Textura Superficial, C\u00edrculo de Arena<\/td>\n<td width=\"70\">punto<\/td>\n<td width=\"80\">65,22<\/td>\n<\/tr>\n<tr>\n<td width=\"49\">18<\/td>\n<td width=\"366\">Extracci\u00f3n de Testigo de Pavimento Flexible<\/td>\n<td width=\"70\">punto<\/td>\n<td width=\"80\">116,56<\/td>\n<\/tr>\n<tr>\n<td width=\"49\">19<\/td>\n<td width=\"366\">Extracci\u00f3n de Testigo de Pavimento R\u00edgido<\/td>\n<td width=\"70\">punto<\/td>\n<td width=\"80\">273,15<\/td>\n<\/tr>\n<tr>\n<td width=\"49\">20<\/td>\n<td width=\"366\">Equivalente de Arena<\/td>\n<td width=\"70\">muestra<\/td>\n<td width=\"80\">165,09<\/td>\n<\/tr>\n<tr>\n<td width=\"49\">21<\/td>\n<td width=\"366\">Deflexi\u00f3n, Viga Benkelman<\/td>\n<td width=\"70\">punto<\/td>\n<td width=\"80\">166,51<\/td>\n<\/tr>\n<tr>\n<td width=\"49\">22<\/td>\n<td width=\"366\">Densidad M\u00e1xima y Grado de Compactaci\u00f3n, Dens\u00edmetro No Nuclear PQI 380<\/td>\n<td width=\"70\">punto<\/td>\n<td width=\"80\">112,22<\/td>\n<\/tr>\n<\/tbody>\n<\/table>\n<div id='gallery-1' class='gallery galleryid-2628 gallery-columns-3 gallery-size-thumbnail'><figure class='gallery-item'>\n\t\t\t<div class='gallery-icon portrait'>\n\t\t\t\t<a href='https:\/\/www.uajms.edu.bo\/fcyt\/laboratorio-de-asfaltos\/asfaltos1\/'><img decoding=\"async\" width=\"150\" height=\"150\" src=\"https:\/\/www.uajms.edu.bo\/fcyt\/wp-content\/uploads\/sites\/24\/2019\/03\/Asfaltos1-150x150.jpg\" class=\"attachment-thumbnail size-thumbnail\" alt=\"\" srcset=\"https:\/\/www.uajms.edu.bo\/fcyt\/wp-content\/uploads\/sites\/24\/2019\/03\/Asfaltos1-150x150.jpg 150w, https:\/\/www.uajms.edu.bo\/fcyt\/wp-content\/uploads\/sites\/24\/2019\/03\/Asfaltos1-100x100.jpg 100w, https:\/\/www.uajms.edu.bo\/fcyt\/wp-content\/uploads\/sites\/24\/2019\/03\/Asfaltos1-300x300.jpg 300w, https:\/\/www.uajms.edu.bo\/fcyt\/wp-content\/uploads\/sites\/24\/2019\/03\/Asfaltos1-1024x1024.jpg 1024w\" sizes=\"(max-width: 150px) 100vw, 150px\" \/><\/a>\n\t\t\t<\/div><\/figure><figure class='gallery-item'>\n\t\t\t<div class='gallery-icon portrait'>\n\t\t\t\t<a href='https:\/\/www.uajms.edu.bo\/fcyt\/laboratorio-de-asfaltos\/asfaltos2\/'><img decoding=\"async\" width=\"150\" height=\"150\" src=\"https:\/\/www.uajms.edu.bo\/fcyt\/wp-content\/uploads\/sites\/24\/2019\/03\/Asfaltos2-e1552489628908-150x150.jpg\" class=\"attachment-thumbnail size-thumbnail\" alt=\"\" srcset=\"https:\/\/www.uajms.edu.bo\/fcyt\/wp-content\/uploads\/sites\/24\/2019\/03\/Asfaltos2-e1552489628908-150x150.jpg 150w, https:\/\/www.uajms.edu.bo\/fcyt\/wp-content\/uploads\/sites\/24\/2019\/03\/Asfaltos2-e1552489628908-100x100.jpg 100w, https:\/\/www.uajms.edu.bo\/fcyt\/wp-content\/uploads\/sites\/24\/2019\/03\/Asfaltos2-e1552489628908-300x300.jpg 300w, https:\/\/www.uajms.edu.bo\/fcyt\/wp-content\/uploads\/sites\/24\/2019\/03\/Asfaltos2-e1552489628908-1024x1024.jpg 1024w\" sizes=\"(max-width: 150px) 100vw, 150px\" \/><\/a>\n\t\t\t<\/div><\/figure><figure class='gallery-item'>\n\t\t\t<div class='gallery-icon landscape'>\n\t\t\t\t<a href='https:\/\/www.uajms.edu.bo\/fcyt\/laboratorio-de-asfaltos\/asfaltos3\/'><img loading=\"lazy\" decoding=\"async\" width=\"150\" height=\"150\" src=\"https:\/\/www.uajms.edu.bo\/fcyt\/wp-content\/uploads\/sites\/24\/2019\/03\/Asfaltos3-150x150.jpg\" class=\"attachment-thumbnail size-thumbnail\" alt=\"\" srcset=\"https:\/\/www.uajms.edu.bo\/fcyt\/wp-content\/uploads\/sites\/24\/2019\/03\/Asfaltos3-150x150.jpg 150w, https:\/\/www.uajms.edu.bo\/fcyt\/wp-content\/uploads\/sites\/24\/2019\/03\/Asfaltos3-100x100.jpg 100w, https:\/\/www.uajms.edu.bo\/fcyt\/wp-content\/uploads\/sites\/24\/2019\/03\/Asfaltos3-300x300.jpg 300w, https:\/\/www.uajms.edu.bo\/fcyt\/wp-content\/uploads\/sites\/24\/2019\/03\/Asfaltos3-1024x1024.jpg 1024w\" sizes=\"(max-width: 150px) 100vw, 150px\" \/><\/a>\n\t\t\t<\/div><\/figure>\n\t\t<\/div>\n\n","protected":false},"excerpt":{"rendered":"<p>LABORATORIO DE ASFALTOS El Laboratorio de Asfaltos nace en el Departamento de Topograf\u00eda y V\u00edas de Comunicaci\u00f3n, que es dependiente directamente de la Facultad de Ciencias y Tecnolog\u00eda, como apoyo [&hellip;]<\/p>\n","protected":false},"author":1,"featured_media":0,"parent":0,"menu_order":0,"comment_status":"closed","ping_status":"closed","template":"","meta":{"_joinchat":[],"footnotes":""},"class_list":["post-2628","page","type-page","status-publish","hentry"],"jetpack_sharing_enabled":true,"publishpress_future_action":{"enabled":false,"date":"2026-05-11 04:42:22","action":"change-status","newStatus":"draft","terms":[],"taxonomy":"","extraData":[]},"publishpress_future_workflow_manual_trigger":{"enabledWorkflows":[]},"_links":{"self":[{"href":"https:\/\/www.uajms.edu.bo\/fcyt\/wp-json\/wp\/v2\/pages\/2628","targetHints":{"allow":["GET"]}}],"collection":[{"href":"https:\/\/www.uajms.edu.bo\/fcyt\/wp-json\/wp\/v2\/pages"}],"about":[{"href":"https:\/\/www.uajms.edu.bo\/fcyt\/wp-json\/wp\/v2\/types\/page"}],"author":[{"embeddable":true,"href":"https:\/\/www.uajms.edu.bo\/fcyt\/wp-json\/wp\/v2\/users\/1"}],"replies":[{"embeddable":true,"href":"https:\/\/www.uajms.edu.bo\/fcyt\/wp-json\/wp\/v2\/comments?post=2628"}],"version-history":[{"count":5,"href":"https:\/\/www.uajms.edu.bo\/fcyt\/wp-json\/wp\/v2\/pages\/2628\/revisions"}],"predecessor-version":[{"id":3685,"href":"https:\/\/www.uajms.edu.bo\/fcyt\/wp-json\/wp\/v2\/pages\/2628\/revisions\/3685"}],"wp:attachment":[{"href":"https:\/\/www.uajms.edu.bo\/fcyt\/wp-json\/wp\/v2\/media?parent=2628"}],"curies":[{"name":"wp","href":"https:\/\/api.w.org\/{rel}","templated":true}]}}