

{"id":2522,"date":"2019-03-07T14:54:06","date_gmt":"2019-03-07T14:54:06","guid":{"rendered":"http:\/\/www.uajms.edu.bo\/fcyt\/?page_id=2522"},"modified":"2019-03-13T20:16:27","modified_gmt":"2019-03-13T20:16:27","slug":"evaluacion-y-acreditacion-ing-civil","status":"publish","type":"page","link":"https:\/\/www.uajms.edu.bo\/fcyt\/evaluacion-y-acreditacion-ing-civil\/","title":{"rendered":"Evaluaci\u00f3n y Acreditaci\u00f3n Ing. Civil"},"content":{"rendered":"<div class=\"jumbotron\" style=\"color: #fefefe; background-image: url('http:\/\/www.uajms.edu.bo\/fcyt\/wp-content\/uploads\/sites\/24\/2019\/03\/Civil-Engineering-bg.jpg'); background-position: bottom left;\">\n<h1 class=\"display-4\" style=\"text-shadow: 2px 2px 4px #000000;\">EVALUACI\u00d3N Y ACREDITACI\u00d3N CARRERA DE ING. CIVIL<\/h1>\n<hr class=\"my-4\" \/>\n<p class=\"leaf\" style=\"text-shadow: 2px 2px 4px #000000;\">La Carrera de Ing. Civil se encuentra en proceso de Acreditaci\u00f3n al ARCU SUR &#8211; MERCOSUR, para formar mejores ingenieros civiles con la actualizaci\u00f3n permanente<\/p>\n<\/div>\n<blockquote><p><b>La Autoevaluaci\u00f3n<\/b>\u00a0<br \/>Es el proceso de an\u00e1lisis, reflexi\u00f3n y verificaci\u00f3n del cumplimiento de las metas y planificaciones realizadas. Esta verificaci\u00f3n es realizada por los propios miembros de la Carrera y permite conocer sus debilidades y fortalezas, para que se pueda tomar las decisiones de mejorar la calidad de la instituci\u00f3n, siguiendo un plan de mejoras.\n<\/p><\/blockquote>\n<blockquote><p>\n<b>La acreditaci\u00f3n<\/b><br \/>permite el reconocimiento p\u00fablico de nuestra Carrera de Ingenier\u00eda Civil, como una instituci\u00f3n de nivel superior, que forma profesionales con un buen nivel acad\u00e9mico<\/p><\/blockquote>\n<div class=\"container\">\n<div class=\"col-md-3\">\n<div class=\"card\">\n<p><img decoding=\"async\" class=\"card-img-top\" src=\"http:\/\/www.uajms.edu.bo\/fcyt\/wp-content\/uploads\/sites\/24\/2019\/03\/Acr12.jpg\" \/><\/p>\n<div class=\"card-body\">\n<h5 class=\"card-title\">PLAN DE MEJORAS<\/h5>\n<p class=\"card-text\">El plan de mejoras surge a partir de los resultados de la autoevaluaci\u00f3n, siendo \u00e9ste una fuente de informaci\u00f3n b\u00e1sica, a partir de las debilidades encontradas durante \u00e9ste proceso y consignadas en el informe final.<\/p>\n<p><a class=\"btn btn-primary\" href=\"http:\/\/www.uajms.edu.bo\/fcyt\/wp-content\/uploads\/sites\/24\/2019\/02\/PLAN-MEJORAS.doc.pdf\" target=\"_blank\" rel=\"noopener\">Descargar plan de mejoras<\/a><\/p>\n<\/div>\n<\/div>\n<\/div>\n<div class=\"col-md-3\">\n<div class=\"card\">\n<p><img decoding=\"async\" class=\"card-img-top\" src=\"http:\/\/www.uajms.edu.bo\/fcyt\/wp-content\/uploads\/sites\/24\/2019\/03\/acr15.jpg\" \/><\/p>\n<div class=\"card-body\">\n<h5 class=\"card-title\">INFORME DE AUTOEVALUACI\u00d3N<\/h5>\n<p class=\"card-text\">El proceso de autoevaluaci\u00f3n la carrera de Ing. Civil se desarroll\u00f3 en diversas etapas cuyo resultado es el presente documento de informe de autoevaluaci\u00f3n y el plan de mejoras<\/p>\n<p><a class=\"btn btn-primary\" href=\"http:\/\/www.uajms.edu.bo\/fcyt\/wp-content\/uploads\/sites\/24\/2019\/03\/INFORME-AUTOEVALUACION.pdf\" target=\"_blank\" rel=\"noopener\">Descargar Informe de autoevaluaci\u00f3n<\/a><\/p>\n<\/div>\n<\/div>\n<\/div>\n<div class=\"col-md-3\">\n<div class=\"card\">\n<p><img decoding=\"async\" class=\"card-img-top\" src=\"http:\/\/www.uajms.edu.bo\/fcyt\/wp-content\/uploads\/sites\/24\/2019\/03\/acr14.jpg\" \/><\/p>\n<div class=\"card-body\">\n<h5 class=\"card-title\">FORMULARIO DE RECOLECCI\u00d3N DE DATOS<\/h5>\n<p class=\"card-text\">Este formulario se ha estructurado siguiendo las diversas \u00e1reas que cubren las dimensiones, criterios e indicadores de evaluaci\u00f3n ARCU-SUR.<\/p>\n<p><a class=\"btn btn-primary\" href=\"http:\/\/www.uajms.edu.bo\/fcyt\/wp-content\/uploads\/sites\/24\/2019\/02\/FORMULARIO-DE-RECOLECCION-DE-DATOS.pdf\" target=\"_blank\" rel=\"noopener\">Descargar Formulario<\/a><\/p>\n<\/div>\n<\/div>\n<\/div>\n<div class=\"col-md-3\">\n<div class=\"card\">\n<p><img decoding=\"async\" class=\"card-img-top\" src=\"http:\/\/www.uajms.edu.bo\/fcyt\/wp-content\/uploads\/sites\/24\/2019\/03\/ACR13.jpg\" \/><\/p>\n<div class=\"card-body\">\n<h5 class=\"card-title\">COMISI\u00d3N DOCENTE<\/h5>\n<p class=\"card-text\">La comisi\u00f3n de trabajo de docentes para la evaluaci\u00f3n para fines de acreditaci\u00f3n ARCU SUR &#8211; MERCOSUR, se encuentra en la siguiente lista:.<\/p>\n<p><a class=\"btn btn-primary\" href=\"http:\/\/www.uajms.edu.bo\/fcyt\/wp-content\/uploads\/sites\/24\/2019\/02\/Comision-Docentes.pdf\" target=\"_blank\" rel=\"noopener\">Descargar plan de mejoras<\/a><\/p>\n<\/div>\n<\/div>\n<\/div>\n<\/div>\n","protected":false},"excerpt":{"rendered":"<p>EVALUACI\u00d3N Y ACREDITACI\u00d3N CARRERA DE ING. CIVIL La Carrera de Ing. Civil se encuentra en proceso de Acreditaci\u00f3n al ARCU SUR &#8211; MERCOSUR, para formar mejores ingenieros civiles con la [&hellip;]<\/p>\n","protected":false},"author":1,"featured_media":0,"parent":0,"menu_order":0,"comment_status":"closed","ping_status":"closed","template":"","meta":{"_joinchat":[],"footnotes":""},"class_list":["post-2522","page","type-page","status-publish","hentry"],"jetpack_sharing_enabled":true,"publishpress_future_action":{"enabled":false,"date":"2026-04-29 10:29:07","action":"change-status","newStatus":"draft","terms":[],"taxonomy":"","extraData":[]},"publishpress_future_workflow_manual_trigger":{"enabledWorkflows":[]},"_links":{"self":[{"href":"https:\/\/www.uajms.edu.bo\/fcyt\/wp-json\/wp\/v2\/pages\/2522","targetHints":{"allow":["GET"]}}],"collection":[{"href":"https:\/\/www.uajms.edu.bo\/fcyt\/wp-json\/wp\/v2\/pages"}],"about":[{"href":"https:\/\/www.uajms.edu.bo\/fcyt\/wp-json\/wp\/v2\/types\/page"}],"author":[{"embeddable":true,"href":"https:\/\/www.uajms.edu.bo\/fcyt\/wp-json\/wp\/v2\/users\/1"}],"replies":[{"embeddable":true,"href":"https:\/\/www.uajms.edu.bo\/fcyt\/wp-json\/wp\/v2\/comments?post=2522"}],"version-history":[{"count":6,"href":"https:\/\/www.uajms.edu.bo\/fcyt\/wp-json\/wp\/v2\/pages\/2522\/revisions"}],"predecessor-version":[{"id":4443,"href":"https:\/\/www.uajms.edu.bo\/fcyt\/wp-json\/wp\/v2\/pages\/2522\/revisions\/4443"}],"wp:attachment":[{"href":"https:\/\/www.uajms.edu.bo\/fcyt\/wp-json\/wp\/v2\/media?parent=2522"}],"curies":[{"name":"wp","href":"https:\/\/api.w.org\/{rel}","templated":true}]}}