

{"id":2483,"date":"2019-03-01T13:25:18","date_gmt":"2019-03-01T13:25:18","guid":{"rendered":"http:\/\/www.uajms.edu.bo\/fcyt\/?page_id=2483"},"modified":"2019-03-01T13:25:18","modified_gmt":"2019-03-01T13:25:18","slug":"historia-de-la-carrera-de-ing-civil","status":"publish","type":"page","link":"https:\/\/www.uajms.edu.bo\/fcyt\/historia-de-la-carrera-de-ing-civil\/","title":{"rendered":"Historia de la Carrera de Ing. Civil"},"content":{"rendered":"<h1 style=\"text-align: center;\">La Carrera de Ingenier\u00eda Civil<\/h1>\n<h2>Ubicaci\u00f3n geogr\u00e1fica<\/h2>\n<p>La Carrera de Ingenier\u00eda Civil se encuentra ubicada en la ciudad de Tarija en el Campus Universitario, Zona El Tejar \u2013 Av. Jaime Paz Zamora, Prov. Cercado, Departamento de Tarija; situado al sur de Bolivia, limita al norte con el Departamento de Chuquisaca y al sur con las rep\u00fablicas de Argentina y Paraguay, al este con Paraguay y al oeste con los departamentos de Potos\u00ed y Chuquisaca. La ciudad de Tarija tiene las siguientes coordenadas geogr\u00e1ficas: Latitud Sur 21\u00b032` y Longitud Oeste 64\u00b0 44\u00b4, a una altura de 1855 m.s.n.m.<\/p>\n<h2>Historia de la Carrera de Ingenier\u00eda Civil<\/h2>\n<p>La Carrera de Ingenier\u00eda Civil fue creada el 4 de octubre de 1979 por la RHCU N\u00b0 064\/79 bajo un sistema acad\u00e9mico anualizado, cuyo objetivo fue la de formar Licenciados en Ingenier\u00eda Civil.<\/p>\n<p>La Carrera de Ingenier\u00eda Civil est\u00e1 conformada por tres Departamentos:<\/p>\n<ul>\n<li>Departamento de obras hidr\u00e1ulicas y sanitarias.<\/li>\n<li>Departamento de estructuras y ciencias de los materiales.<\/li>\n<li>Departamento de topograf\u00eda y v\u00edas de comunicaci\u00f3n.<\/li>\n<\/ul>\n<p><strong>Las actividades b\u00e1sicas de la profesi\u00f3n son:<\/strong><\/p>\n<p>Dise\u00f1ar, ejecutar, operar, mantener y evaluar proyectos de obras civiles en los campos de la Hidr\u00e1ulica, Sanitaria Ambiental, Estructura y V\u00edas de Comunicaci\u00f3n, a trav\u00e9s de la aplicaci\u00f3n de fundamentos te\u00f3ricos, t\u00e9cnicas, medios informativos aplicados normas y reglamentos vigentes que permitan dar soluci\u00f3n con \u00e9tica y responsabilidad social a las necesidades de infraestructura civil a nivel regional, nacional e internacional, de manera que las acciones que promuevan est\u00e9n marcadas en el respeto y sostenibilidad del medio ambiente.<\/p>\n<p>A lo largo de su vida institucional la Carrera de Ingenier\u00eda Civil de la UAJMS ha experimentado ajustes y cambios en su Plan de Estudios de acuerdo al siguiente detalle:<\/p>\n<ul>\n<li>1979 a 1986 Sistema semestral.<\/li>\n<li>1987 a 1994 Sistema anual.<\/li>\n<li>1995 a 2001 Sistema mixto.<\/li>\n<li>2001 a la fecha Sistema semestral.<\/li>\n<\/ul>\n<p>El plan de estudios est\u00e1 vigente desde 2001 con ajustes realizados a la malla curricular en el a\u00f1o 2007.<\/p>\n","protected":false},"excerpt":{"rendered":"<p>La Carrera de Ingenier\u00eda Civil Ubicaci\u00f3n geogr\u00e1fica La Carrera de Ingenier\u00eda Civil se encuentra ubicada en la ciudad de Tarija en el Campus Universitario, Zona El Tejar \u2013 Av. Jaime [&hellip;]<\/p>\n","protected":false},"author":1,"featured_media":0,"parent":0,"menu_order":0,"comment_status":"closed","ping_status":"closed","template":"","meta":{"_joinchat":[],"footnotes":""},"class_list":["post-2483","page","type-page","status-publish","hentry"],"jetpack_sharing_enabled":true,"publishpress_future_action":{"enabled":false,"date":"2026-05-11 11:06:31","action":"change-status","newStatus":"draft","terms":[],"taxonomy":"","extraData":[]},"publishpress_future_workflow_manual_trigger":{"enabledWorkflows":[]},"_links":{"self":[{"href":"https:\/\/www.uajms.edu.bo\/fcyt\/wp-json\/wp\/v2\/pages\/2483","targetHints":{"allow":["GET"]}}],"collection":[{"href":"https:\/\/www.uajms.edu.bo\/fcyt\/wp-json\/wp\/v2\/pages"}],"about":[{"href":"https:\/\/www.uajms.edu.bo\/fcyt\/wp-json\/wp\/v2\/types\/page"}],"author":[{"embeddable":true,"href":"https:\/\/www.uajms.edu.bo\/fcyt\/wp-json\/wp\/v2\/users\/1"}],"replies":[{"embeddable":true,"href":"https:\/\/www.uajms.edu.bo\/fcyt\/wp-json\/wp\/v2\/comments?post=2483"}],"version-history":[{"count":1,"href":"https:\/\/www.uajms.edu.bo\/fcyt\/wp-json\/wp\/v2\/pages\/2483\/revisions"}],"predecessor-version":[{"id":2490,"href":"https:\/\/www.uajms.edu.bo\/fcyt\/wp-json\/wp\/v2\/pages\/2483\/revisions\/2490"}],"wp:attachment":[{"href":"https:\/\/www.uajms.edu.bo\/fcyt\/wp-json\/wp\/v2\/media?parent=2483"}],"curies":[{"name":"wp","href":"https:\/\/api.w.org\/{rel}","templated":true}]}}