

{"id":2216,"date":"2018-11-12T13:01:01","date_gmt":"2018-11-12T13:01:01","guid":{"rendered":"http:\/\/www.uajms.edu.bo\/fcyt\/?page_id=2216"},"modified":"2022-11-15T12:24:11","modified_gmt":"2022-11-15T12:24:11","slug":"laboratorio-de-quimica","status":"publish","type":"page","link":"https:\/\/www.uajms.edu.bo\/fcyt\/laboratorio-de-quimica\/","title":{"rendered":"Laboratorio de Qu\u00edmica"},"content":{"rendered":"<p>El laboratorio de Qu\u00edmica est\u00e1 dedicado fundamentalmente al apoyo a la docencia; pr\u00e1cticas de los estudiantes en diversas asignaturas. Este laboratorio cuenta con una infraestructura adecuada para el desarrollo de trabajos de laboratorio, organizado en la planta baja en diez salas: 1 al 7Q (laboratorios con grupos de 25 alumnos cada uno), un laboratorio de la c\u00e1tedra de Instrumental, sala de entrega de material y reactivos y una sala de materiales y reactivero; en la planta alta est\u00e1 organizado seg\u00fan: dos laboratorios para c\u00e1tedras de instrumental y microbiolog\u00eda, dos laboratorios de inform\u00e1tica (con capacidad de 48 y 32 equipos), una sala audiovisual- auditorio para 45 personas.<\/p>\n<p>Es un recinto correctamente ventilado e iluminado, con una amplia zona de acceso y dotado de las condiciones de seguridad necesarias para llevar adelante las actividades previstas.<\/p>\n<p>Las \u00e1reas de trabajo est\u00e1n perfectamente definidas y delimitadas. Se cuenta con cuatro mesones de trabajo revestidos con porcelanato. Sobre la superficie de dichas mesadas y f\u00e1cilmente accesibles, se encuentran dispuestas las redes de agua, gas natural y energ\u00eda el\u00e9ctrica. Asimismo, se cuenta con los desag\u00fces adecuados para el funcionamiento del laboratorio y con un dispenser de agua destilada.<\/p>\n<p>Todas las mesadas tienen una bacha en uno de\u00a0 sus\u00a0 extremos\u00a0 y armarios\u00a0 bajo\u00a0 los espacios de trabajo para almacenar los reactivos y el material de trabajo. Los reactivos localizados en el sector de entrega de material y reactivos, se encuentran inventariados y se\u00f1alados por personal asignado para tal fin.<\/p>\n<p>Existe un espacio m\u00ednimo est\u00e1ndar entre las diferentes mesadas, para facilitar las zonas de tr\u00e1nsito y un \u00e1rea m\u00ednima de trabajo sobre las mismas, de 0,80 x 0,80 m, por cada estudiante.<\/p>\n<p>Se dispone de pizarr\u00f3n acr\u00edlico para uso de los docentes y estudiantes durante el dictado de clases o realizaci\u00f3n de actividades de laboratorio.<\/p>\n<p>El laboratorio dispone de equipos de protecci\u00f3n colectiva como campanas de gases y extractores\u00a0 para\u00a0 la\u00a0 manipulaci\u00f3n\u00a0 de\u00a0 \u00e1cidos,\u00a0 bases\u00a0 o\u00a0 solventes,\u00a0\u00a0 dos\u00a0 extintores, se\u00f1alizaci\u00f3n adecuada, adem\u00e1s de un botiqu\u00edn a fin de prestar los primeros auxilios ante una\u00a0 eventualidad\u00a0 o\u00a0 accidente.\u00a0 Los\u00a0 sistemas\u00a0 de\u00a0 extracci\u00f3n\u00a0 general\u00a0 est\u00e1n compartimentados y separados de los sistemas de climatizaci\u00f3n.<\/p>\n<p>El laboratorio dispone del equipamiento b\u00e1sico de uso general necesario.<\/p>\n<p>Tiene un jefe de laboratorio, tres t\u00e9cnicos profesionales, dos auxiliares preparadoras de material de vidrio, cuatro auxiliares (por beca trabajo), un pasante y dos porteros. Est\u00e1 disponible de lunes a viernes entre las 7 a 21 horas y los s\u00e1bados de 7 a 12 horas.<\/p>\n<p>&nbsp;<\/p>\n<p>&nbsp;<\/p>\n","protected":false},"excerpt":{"rendered":"<p>El laboratorio de Qu\u00edmica est\u00e1 dedicado fundamentalmente al apoyo a la docencia; pr\u00e1cticas de los estudiantes en diversas asignaturas. Este laboratorio cuenta con una infraestructura adecuada para el desarrollo de [&hellip;]<\/p>\n","protected":false},"author":1,"featured_media":0,"parent":0,"menu_order":0,"comment_status":"closed","ping_status":"closed","template":"","meta":{"_joinchat":[],"footnotes":""},"class_list":["post-2216","page","type-page","status-publish","hentry"],"jetpack_sharing_enabled":true,"publishpress_future_action":{"enabled":false,"date":"2026-04-29 08:43:32","action":"change-status","newStatus":"draft","terms":[],"taxonomy":"","extraData":[]},"publishpress_future_workflow_manual_trigger":{"enabledWorkflows":[]},"_links":{"self":[{"href":"https:\/\/www.uajms.edu.bo\/fcyt\/wp-json\/wp\/v2\/pages\/2216","targetHints":{"allow":["GET"]}}],"collection":[{"href":"https:\/\/www.uajms.edu.bo\/fcyt\/wp-json\/wp\/v2\/pages"}],"about":[{"href":"https:\/\/www.uajms.edu.bo\/fcyt\/wp-json\/wp\/v2\/types\/page"}],"author":[{"embeddable":true,"href":"https:\/\/www.uajms.edu.bo\/fcyt\/wp-json\/wp\/v2\/users\/1"}],"replies":[{"embeddable":true,"href":"https:\/\/www.uajms.edu.bo\/fcyt\/wp-json\/wp\/v2\/comments?post=2216"}],"version-history":[{"count":2,"href":"https:\/\/www.uajms.edu.bo\/fcyt\/wp-json\/wp\/v2\/pages\/2216\/revisions"}],"predecessor-version":[{"id":3591,"href":"https:\/\/www.uajms.edu.bo\/fcyt\/wp-json\/wp\/v2\/pages\/2216\/revisions\/3591"}],"wp:attachment":[{"href":"https:\/\/www.uajms.edu.bo\/fcyt\/wp-json\/wp\/v2\/media?parent=2216"}],"curies":[{"name":"wp","href":"https:\/\/api.w.org\/{rel}","templated":true}]}}