

{"id":2214,"date":"2018-11-12T12:48:28","date_gmt":"2018-11-12T12:48:28","guid":{"rendered":"http:\/\/www.uajms.edu.bo\/fcyt\/?page_id=2214"},"modified":"2022-11-15T20:15:16","modified_gmt":"2022-11-15T20:15:16","slug":"laboratorio-de-operaciones-unitarias","status":"publish","type":"page","link":"https:\/\/www.uajms.edu.bo\/fcyt\/laboratorio-de-operaciones-unitarias\/","title":{"rendered":"Laboratorio de Operaciones Unitarias"},"content":{"rendered":"<h2>LABORATORIO DE OPERACIONES UNITARIAS L.O.U.<\/h2>\n<p>&nbsp;<\/p>\n<p>El Laboratorio de Operaciones Unitarias L.O.U est\u00e1 equipado para apoyar las labores de docencia, investigaci\u00f3n y extensi\u00f3n en el campo de los procesos qu\u00edmicos y las operaciones unitarias de la industria, adem\u00e1s de asistencia t\u00e9cnica y an\u00e1lisis en el tema ambiental, como provisi\u00f3n de agua potable y tratamiento de aguas residuales dom\u00e9sticas e industriales.<\/p>\n<p>Cuenta con un Ambiente de tres plantas:<\/p>\n<p><strong>Bloque 1<\/strong><\/p>\n<p>Planta Baja<\/p>\n<p>Laboratorio para transferencia de masa, laboratorio de an\u00e1lisis fisicoqu\u00edmicos, dep\u00f3sito, cuarto para balanzas, ba\u00f1os, con una superficie de 592 m2 construidos<\/p>\n<p>Planta Alta<\/p>\n<p>Laboratorio para transferencia de calor, droguero, reactores, deposito, \u00e1rea de espera, ba\u00f1os, con una superficie de 560 m2 construidos.<\/p>\n<p>Planta Terraza<\/p>\n<p>Secado Solar, deposito, biblioteca, con una superficie de 112 m2 construidos. Haciendo un total de 1264 m2 construidos.<\/p>\n<p><strong>Bloque 2<\/strong><\/p>\n<p>Taller electromec\u00e1nico, molienda y tamizado con una superficie de 170 m2 construidos<\/p>\n<p><strong>Personal<\/strong><\/p>\n<p>Se cuenta con un jefe de laboratorio, un t\u00e9cnico y cuatro auxiliares (por beca trabajo). Est\u00e1 disponible de lunes a viernes en las ma\u00f1anas de8 a 12 y en las tardes de 15 a 20 horas.<\/p>\n<p><strong>Pr\u00e1cticas de laboratorio<\/strong><\/p>\n<ol>\n<li>Estudio de la Hidrodin\u00e1mica del flujo de un l\u00edquido a trav\u00e9s de un lecho poroso est\u00e1tico. Determinaci\u00f3n experimental de la p\u00e9rdida de carga o presi\u00f3n. Comprobaci\u00f3n de la ecuaci\u00f3n de Ergun.<\/li>\n<li>Estudio experimental de la operaci\u00f3n de un molino de bolas. Influencia de la velocidad de operaci\u00f3n, coeficiente de llenado, caracter\u00edsticas de los elementos molturadores.<\/li>\n<li>Utilizaci\u00f3n del tamizado como an\u00e1lisis de la distribuci\u00f3n de tama\u00f1os de part\u00edculas.<\/li>\n<li>Evaluaci\u00f3n del funcionamiento de un intercambiador de calor a placas.<\/li>\n<li>Evaluaci\u00f3n del funcionamiento de un evaporador.<\/li>\n<li>Evaluaci\u00f3n de una torre rellena<\/li>\n<li>Determinaci\u00f3n de humedad y curvas de secado, determinaci\u00f3n de par\u00e1metros en secador atmosf\u00e9rico y con sistema de vac\u00edo<\/li>\n<li>Ca\u00edda de presi\u00f3n en la columna como funci\u00f3n del reflujo interno de evaporaci\u00f3n<\/li>\n<li>Eficiencia de la columna como funci\u00f3n del reflujo interno de evaporaci\u00f3n, con reflujo total<\/li>\n<li>Perfiles de temperatura plato a plato a lo largo de la columna<\/li>\n<\/ol>\n<p>11.Construcci\u00f3n McCabe-Thiele de la l\u00ednea de operaci\u00f3n<\/p>\n<ol start=\"12\">\n<li>Destilaci\u00f3n con relaci\u00f3n de reflujo constante: variaci\u00f3n de la composici\u00f3n del producto de cabeza con el tiempo<\/li>\n<li>Balance de materia en el sistema de destilaci\u00f3n<\/li>\n<li>Control manual de la relaci\u00f3n de reflujo, por ejemplo para obtener un producto de cabeza de composici\u00f3n especificada<\/li>\n<li>Comparaci\u00f3n de rendimientos entre una columna de relleno y una columna de platos.<\/li>\n<li>Extracci\u00f3n s\u00f3lido-l\u00edquido (lixiviaci\u00f3n).<\/li>\n<li>Determinaci\u00f3n de la cin\u00e9tica de reacci\u00f3n en un sistema homog\u00e9neo.<\/li>\n<li>Determinaci\u00f3n del \u00e1rea de transferencia de calor adecuada en un reactor discontinuo en operaci\u00f3n no isot\u00e9rmica-no adiab\u00e1tica.<\/li>\n<li>Estudio de un sistema de tanques agitado. Ajuste de un modelo de flujo a partir de un est\u00edmulo tipo impulso.<\/li>\n<li>Determinaci\u00f3n de un modelo de flujo en un tanque contin\u00fao con agitaci\u00f3n.<\/li>\n<li>Influencia de los par\u00e1metros de operaci\u00f3n en la fermentaci\u00f3n de un microorganismo.<\/li>\n<li>Esterilizaci\u00f3n y determinaci\u00f3n de curvas de esterilizaci\u00f3n.<\/li>\n<li>Determinaci\u00f3n del comportamiento geol\u00f3gico de l\u00edquidos Newtonianos y no Newtonianos.<\/li>\n<li>Determinaci\u00f3n de par\u00e1metros de concentraci\u00f3n de jugos.<\/li>\n<li>Determinaci\u00f3n del \u00edndice de refracci\u00f3n en sustancias solidas o liquidas transparentes o subtransparentes.<\/li>\n<li>Determinaci\u00f3n de los grados Brix en soluciones de az\u00facar.<\/li>\n<\/ol>\n<p><strong>Equipo o Maquinaria<\/strong><\/p>\n<ol>\n<li>Torre de Destilaci\u00f3n ARMFIELD UOP3BM<\/li>\n<li>Psicr\u00f3metro aspiraci\u00f3n \u2013 740<\/li>\n<li>Agitador magn\u00e9tico c\/calefacci\u00f3n \u2013 AGIMATIC E<\/li>\n<li>Anem\u00f3metro digital \u2013 OPUS 200<\/li>\n<li>Espectrofot\u00f3metro &#8211; IVYMEN VR-2000<\/li>\n<li>Rot\u00e1metro \u2013 RAYPA RP-1-R<\/li>\n<li>Unidad m\u00f3vil de compresi\u00f3n \u2013 CIERZO C2 \u2013 25<\/li>\n<li>Bomba de Vac\u00edo \u2013 TOP \u2013 3<\/li>\n<li>Balanza \u2013 EUROTHERM<\/li>\n<li>Secadora Infrarrojos Termocontrol \u2013 MA100 H<\/li>\n<li>Balanza Anal\u00edtica electr\u00f3nica \u2013 EU500 CE<\/li>\n<li>Vibradora Tamiz \u2013 ORT TA 002<\/li>\n<li>Re\u00f3metro brookfield \u2013 LVDV-III<\/li>\n<li>Intercambiador de Calor a placas \u2013 ARMFIELD HT 32 + HT \u2013 30X .-C<\/li>\n<li>Refract\u00f3metro digital \u2013 WYA-S + THERMOTRONIC + FRIGEDOR<\/li>\n<li>Reactor tipo tanque \u2013 ARMFIELD CEM-MKII<\/li>\n<li>Reactor tipo tanque \u2013 ARMFIELD CEB-MKII<\/li>\n<li>Reactor tipo tanque \u2013 ARMFIELD CET-MKII<\/li>\n<li>Unidad de servicio \u2013 ARMFIELD CEX-A + CEX-304IFD-A<\/li>\n<li>Termostato \u2013 LAUDA RP 870<\/li>\n<li>Agitador &#8211; AGIMATIC- REV \u2013 E<\/li>\n<li>Registrador potenci\u00f3metro \u2013 GLP \u2013 22<\/li>\n<li>Conduct\u00edmetro &#8211; CM 35<\/li>\n<li>Evaporador Rotativo \u2013 LABOROTA 4000<\/li>\n<li>Fuente de Corriente \u2013 FA 325<\/li>\n<li>Autoclave \u2013 AES \u2013 28<\/li>\n<li>Agitador \u2013 ROTABIT<\/li>\n<li>Estufa \u2013 CONTERM<\/li>\n<li>Centr\u00edfuga &#8211; MEDITRONIC BL S<\/li>\n<li>Sistema de Extracci\u00f3n Solvente \u2013 DET-GRAS<\/li>\n<li>Molino de Bolas \u2013 ML 001<\/li>\n<li>Biorreactor \u2013 MINIFORS<\/li>\n<li>Agitador Mec\u00e1nico<\/li>\n<li>Sistema de Destilaci\u00f3n con arrastre de vapor<\/li>\n<li>Soldador El\u00e9ctrico de corriente continua<\/li>\n<li>Soldadora Oxiacetil\u00e9nica<\/li>\n<li>Molino de rodillos<\/li>\n<li>Molino de Martillos<\/li>\n<\/ol>\n<p><strong>Pr\u00e1cticas y trabajos de Extensi\u00f3n recientes <\/strong><\/p>\n<ul>\n<li>Determinaci\u00f3n de \u00cdndice de Bond en Cuarzo Asignatura: PRQ 052 Ing. Operaciones F\u00edsicas IV Alumnos de Ingenier\u00eda Qu\u00edmica<\/li>\n<li>Determinaci\u00f3n de Platos te\u00f3ricos por destilaci\u00f3n de vino blanco: Operaciones Unitarias I INA071 Alumnos de Ingenier\u00eda de Alimentos.<\/li>\n<li>Molienda y tamizado de ma\u00edz y soya: Operaciones Unitarias IV INA081 Alumnos de Ingenier\u00eda de Alimentos.<\/li>\n<li>Destilaci\u00f3n y Control del Proceso Asignatura Medici\u00f3n y Control de Procesos PRQ046 Ing. Qu\u00edmica<\/li>\n<li>Determinaci\u00f3n de Sulfato en Aguas. M\u00e9todo Turbidimetrico Asignatura: An\u00e1lisis Instrumental alumnos de Ingenier\u00eda Qu\u00edmica<\/li>\n<li>Molienda de Cereales. Asignatura Tecnolog\u00eda de Cereales alumnos de Ingenier\u00eda de Alimentos<\/li>\n<li>Secado y operaci\u00f3n de ajipa y yacon Asignatura: Ing. Operaciones F\u00edsicas III PRQ051 Alumnos de Ingenier\u00eda Qu\u00edmica<\/li>\n<li>Determinaci\u00f3n del Rendimiento Alcoh\u00f3lico en Fermentaci\u00f3n. Asignatura: Microbiolog\u00eda Industrial Alumnos Ingenier\u00eda Qu\u00edmica<\/li>\n<li>Destilaci\u00f3n de vino de frutilla Asignatura Ing. De las Operaciones F\u00edsicas Alumnos de Ingenier\u00eda de Alimentos<\/li>\n<li>Determinaci\u00f3n de propiedades f\u00edsicas de la crema de leche Asignatura Proyecto de Instalaciones Industriales PRQ 054<\/li>\n<li>Secado de uva y Frambuesa Proyecto de Instalaciones Industriales PRQ054<\/li>\n<li>Barrido Espectral Asignatura: Anal\u00edtica Instrumental Aplicada FRM 311 Alumnas de Bioqu\u00edmica y Farmacia<\/li>\n<li>Elaboraci\u00f3n de curva de calibraci\u00f3n para hierro. Asignatura: FRM 381 Qu\u00edmica Anal\u00edtica Instrumental. Alumnas de Bioqu\u00edmica y Farmacia<\/li>\n<\/ul>\n<p><strong>\u00a0<\/strong><\/p>\n","protected":false},"excerpt":{"rendered":"<p>LABORATORIO DE OPERACIONES UNITARIAS L.O.U. &nbsp; El Laboratorio de Operaciones Unitarias L.O.U est\u00e1 equipado para apoyar las labores de docencia, investigaci\u00f3n y extensi\u00f3n en el campo de los procesos qu\u00edmicos [&hellip;]<\/p>\n","protected":false},"author":1,"featured_media":0,"parent":0,"menu_order":0,"comment_status":"closed","ping_status":"closed","template":"","meta":{"_joinchat":[],"footnotes":""},"class_list":["post-2214","page","type-page","status-publish","hentry"],"jetpack_sharing_enabled":true,"publishpress_future_action":{"enabled":false,"date":"2026-04-24 12:58:01","action":"change-status","newStatus":"draft","terms":[],"taxonomy":"","extraData":[]},"publishpress_future_workflow_manual_trigger":{"enabledWorkflows":[]},"_links":{"self":[{"href":"https:\/\/www.uajms.edu.bo\/fcyt\/wp-json\/wp\/v2\/pages\/2214","targetHints":{"allow":["GET"]}}],"collection":[{"href":"https:\/\/www.uajms.edu.bo\/fcyt\/wp-json\/wp\/v2\/pages"}],"about":[{"href":"https:\/\/www.uajms.edu.bo\/fcyt\/wp-json\/wp\/v2\/types\/page"}],"author":[{"embeddable":true,"href":"https:\/\/www.uajms.edu.bo\/fcyt\/wp-json\/wp\/v2\/users\/1"}],"replies":[{"embeddable":true,"href":"https:\/\/www.uajms.edu.bo\/fcyt\/wp-json\/wp\/v2\/comments?post=2214"}],"version-history":[{"count":2,"href":"https:\/\/www.uajms.edu.bo\/fcyt\/wp-json\/wp\/v2\/pages\/2214\/revisions"}],"predecessor-version":[{"id":3687,"href":"https:\/\/www.uajms.edu.bo\/fcyt\/wp-json\/wp\/v2\/pages\/2214\/revisions\/3687"}],"wp:attachment":[{"href":"https:\/\/www.uajms.edu.bo\/fcyt\/wp-json\/wp\/v2\/media?parent=2214"}],"curies":[{"name":"wp","href":"https:\/\/api.w.org\/{rel}","templated":true}]}}