

{"id":2212,"date":"2018-11-12T12:46:57","date_gmt":"2018-11-12T12:46:57","guid":{"rendered":"http:\/\/www.uajms.edu.bo\/fcyt\/?page_id=2212"},"modified":"2022-11-15T12:23:49","modified_gmt":"2022-11-15T12:23:49","slug":"laboratorio-de-informatica","status":"publish","type":"page","link":"https:\/\/www.uajms.edu.bo\/fcyt\/laboratorio-de-informatica\/","title":{"rendered":"Laboratorio de Inform\u00e1tica"},"content":{"rendered":"<p>[vc_row][vc_column][vc_column_text]El Laboratorio de Inform\u00e1tica presta sus servicios de apoyo a la docencia, la investigaci\u00f3n y\u00a0 desarrollo de aplicaciones inform\u00e1ticas.<\/p>\n<p>Las \u00e1reas de trabajo est\u00e1n perfectamente definidas y delimitadas, con una mesa para cada computadora y una mesa para el docente que imparte la clase<\/p>\n<p>En los ambientes de la Carrera de Inform\u00e1tica se cuenta con una infraestructura adecuada para el desarrollo de trabajos de laboratorio para el servicio de las diferentes Carreras de la Facultad de Ciencias y Tecnolog\u00eda.<\/p>\n<p>Se cuenta con cuatro laboratorios. Dos laboratorios cuentan con 55 m\u00e1quinas, uno con 30 m\u00e1quinas que es el laboratorio de multimedia y el otro que es el Laboratorio de Rob\u00f3tica. Cada ambiente es correctamente ventilado e iluminado, con una amplia zona de acceso y cada ambiente est\u00e1 dotado con implementos de seguridad con extintor por ambiente.<\/p>\n<p>Los laboratorios de Inform\u00e1tica\u00a0 son accesibles a estudiantes estando las computadoras en buen estado con acceso a internet durante toda la semana laborable. Cada ambiente de Laboratorio cuenta con proyectores y pizarras acr\u00edlicas.<\/p>\n<p>Los horarios de atenci\u00f3n son desde las 7 de la ma\u00f1ana hasta las 9 de la noche, pueden utilizar todos los estudiantes tanto de la Carrera de Inform\u00e1tica como de otras carreras. Siempre y cuando est\u00e9n supervisados por un docente.<\/p>\n<p>Las \u00e1reas de trabajo est\u00e1n perfectamente definidas, delimitadas y se\u00f1alizadas, con una mesa para cada computadora y una mesa para el docente que imparte la clase.<\/p>\n<p>El 80% de las materias de la carrera de Ing. Inform\u00e1tica hacen uso de los laboratorios.[\/vc_column_text][\/vc_column][\/vc_row][vc_row][vc_column][vc_gallery type=\u00bbimage_grid\u00bb images=\u00bb3134,3133,3132,3131,3130,3129&#8243; img_size=\u00bbmedium\u00bb][\/vc_column][\/vc_row]<\/p>\n","protected":false},"excerpt":{"rendered":"<p>[vc_row][vc_column][vc_column_text]El Laboratorio de Inform\u00e1tica presta sus servicios de apoyo a la docencia, la investigaci\u00f3n y\u00a0 desarrollo de aplicaciones inform\u00e1ticas. Las \u00e1reas de trabajo est\u00e1n perfectamente definidas y delimitadas, con una [&hellip;]<\/p>\n","protected":false},"author":1,"featured_media":0,"parent":0,"menu_order":0,"comment_status":"closed","ping_status":"closed","template":"","meta":{"_joinchat":[],"footnotes":""},"class_list":["post-2212","page","type-page","status-publish","hentry"],"jetpack_sharing_enabled":true,"publishpress_future_action":{"enabled":false,"date":"2026-04-24 11:42:26","action":"change-status","newStatus":"draft","terms":[],"taxonomy":"","extraData":[]},"publishpress_future_workflow_manual_trigger":{"enabledWorkflows":[]},"_links":{"self":[{"href":"https:\/\/www.uajms.edu.bo\/fcyt\/wp-json\/wp\/v2\/pages\/2212","targetHints":{"allow":["GET"]}}],"collection":[{"href":"https:\/\/www.uajms.edu.bo\/fcyt\/wp-json\/wp\/v2\/pages"}],"about":[{"href":"https:\/\/www.uajms.edu.bo\/fcyt\/wp-json\/wp\/v2\/types\/page"}],"author":[{"embeddable":true,"href":"https:\/\/www.uajms.edu.bo\/fcyt\/wp-json\/wp\/v2\/users\/1"}],"replies":[{"embeddable":true,"href":"https:\/\/www.uajms.edu.bo\/fcyt\/wp-json\/wp\/v2\/comments?post=2212"}],"version-history":[{"count":5,"href":"https:\/\/www.uajms.edu.bo\/fcyt\/wp-json\/wp\/v2\/pages\/2212\/revisions"}],"predecessor-version":[{"id":3590,"href":"https:\/\/www.uajms.edu.bo\/fcyt\/wp-json\/wp\/v2\/pages\/2212\/revisions\/3590"}],"wp:attachment":[{"href":"https:\/\/www.uajms.edu.bo\/fcyt\/wp-json\/wp\/v2\/media?parent=2212"}],"curies":[{"name":"wp","href":"https:\/\/api.w.org\/{rel}","templated":true}]}}