

{"id":2207,"date":"2018-11-12T12:43:11","date_gmt":"2018-11-12T12:43:11","guid":{"rendered":"http:\/\/www.uajms.edu.bo\/fcyt\/?page_id=2207"},"modified":"2019-04-29T20:54:57","modified_gmt":"2019-04-29T20:54:57","slug":"laboratorio-de-hidraulica-y-sanitaria","status":"publish","type":"page","link":"https:\/\/www.uajms.edu.bo\/fcyt\/laboratorio-de-hidraulica-y-sanitaria\/","title":{"rendered":"Laboratorio de Hidr\u00e1ulica y Sanitaria"},"content":{"rendered":"<div class=\"jumbotron\" style=\"color: #fefefe; background-image: url('http:\/\/www.uajms.edu.bo\/fcyt\/wp-content\/uploads\/sites\/24\/2019\/03\/Civil-Engineering-bg.jpg'); background-position: bottom left;\">\n<h1 class=\"display-4\" style=\"text-shadow: 2px 2px 4px #000000;\">LABORATORIO DE OBRAS HIDR\u00c1ULICAS Y SANITARIA<\/h1>\n<hr class=\"my-4\" \/>\n<p style=\"text-shadow: 2px 2px 4px #000000;\">Enfoca sus esfuerzos en la formaci\u00f3n de los ingenieros civiles de la menci\u00f3n de Hidr\u00e1ulica y de apoyo al sector empresarial.<\/p>\n<\/div>\n<h2>ANTECEDENTES<\/h2>\n<p>El Laboratorio de Hidr\u00e1ulica inicia sus actividades en la gesti\u00f3n de 1997 y nace con la necesidad de contar con ingenieros civiles de alta formaci\u00f3n pr\u00e1ctica, que complementen el contenido te\u00f3rico adquirido de las asignaturas relacionadas con la hidr\u00e1ulica e hidrolog\u00eda y su aplicaci\u00f3n pr\u00e1ctica.<\/p>\n<div class=\"row\">\n<div class=\"col-sm-6\"><img decoding=\"async\" src=\"http:\/\/www.uajms.edu.bo\/fcyt\/wp-content\/uploads\/sites\/24\/2019\/04\/Imagen3.jpg\" \/><\/div>\n<div class=\"col-sm-6\"><img decoding=\"async\" src=\"http:\/\/www.uajms.edu.bo\/fcyt\/wp-content\/uploads\/sites\/24\/2019\/04\/Imagen4.jpg\" \/><\/div>\n<\/div>\n<h2>PRINCIPALES ACTIVIDADES<\/h2>\n<ul>\n<li>La principal actividad del Laboratorio de Hidr\u00e1ulica es la atenci\u00f3n acad\u00e9mica, cumpliendo adem\u00e1s tareas de investigaci\u00f3n y extensi\u00f3n.<\/li>\n<li>Las instalaciones del laboratorio se encuentran recientemente remodeladas y ampliadas, lo que permite brindar nuevos y mejores servicios.<\/li>\n<\/ul>\n<div class=\"row\">\n<div class=\"col-sm-6\"><img fetchpriority=\"high\" decoding=\"async\" class=\"alignnone size-full wp-image-2727\" src=\"http:\/\/www.uajms.edu.bo\/fcyt\/wp-content\/uploads\/sites\/24\/2019\/04\/Imagen5.jpg\" alt=\"\" width=\"535\" height=\"353\" srcset=\"https:\/\/www.uajms.edu.bo\/fcyt\/wp-content\/uploads\/sites\/24\/2019\/04\/Imagen5.jpg 535w, https:\/\/www.uajms.edu.bo\/fcyt\/wp-content\/uploads\/sites\/24\/2019\/04\/Imagen5-600x395.jpg 600w, https:\/\/www.uajms.edu.bo\/fcyt\/wp-content\/uploads\/sites\/24\/2019\/04\/Imagen5-768x506.jpg 768w\" sizes=\"(max-width: 535px) 100vw, 535px\" \/><\/div>\n<div class=\"col-sm-6\"><img decoding=\"async\" class=\"alignnone size-full wp-image-2728\" src=\"http:\/\/www.uajms.edu.bo\/fcyt\/wp-content\/uploads\/sites\/24\/2019\/04\/Imagen6.jpg\" alt=\"\" width=\"669\" height=\"417\" srcset=\"https:\/\/www.uajms.edu.bo\/fcyt\/wp-content\/uploads\/sites\/24\/2019\/04\/Imagen6.jpg 669w, https:\/\/www.uajms.edu.bo\/fcyt\/wp-content\/uploads\/sites\/24\/2019\/04\/Imagen6-600x373.jpg 600w, https:\/\/www.uajms.edu.bo\/fcyt\/wp-content\/uploads\/sites\/24\/2019\/04\/Imagen6-768x478.jpg 768w\" sizes=\"(max-width: 669px) 100vw, 669px\" \/><\/div>\n<\/div>\n<div class=\"row\">\n<div class=\"col-md-6\">\n<h3>INVESTIGACI\u00d3N<\/h3>\n<p>El Laboratorio de Hidr\u00e1ulica, realiza proyectos de investigaci\u00f3n en diferentes \u00e1reas de la Hidr\u00e1ulica, Hidrolog\u00eda, Ingenier\u00eda Sanitaria y Ambiental. <\/p>\n<h3>EXTENSI\u00d3N<\/h3>\n<p>El Laboratorio de Hidr\u00e1ulica brinda servicios externos a diferentes empresas e instituciones.<\/p>\n<h3>SERVICIOS QUE BRINDAMOS<\/h3>\n<ul>\n<li>Aforo de caudales <\/li>\n<li>Evaluaci\u00f3n de bombas<\/li>\n<li>Calibraci\u00f3n de vertedores<\/li>\n<li>Evaluaci\u00f3n de micro emisores y sifones<\/li>\n<li>Evaluaci\u00f3n de medidores de agua<\/li>\n<li>Evaluaci\u00f3n integral de Cuencas<\/li>\n<li>Batimetr\u00eda<\/li>\n<li>Meteorolog\u00eda<\/li>\n<\/ul>\n<\/div>\n<div class=\"col-md-6\">\n<p><img decoding=\"async\" src=\"http:\/\/www.uajms.edu.bo\/fcyt\/wp-content\/uploads\/sites\/24\/2019\/04\/Imagen7.jpg\" alt=\"\" width=\"299\" height=\"220\" class=\"alignnone size-full wp-image-2753\" srcset=\"https:\/\/www.uajms.edu.bo\/fcyt\/wp-content\/uploads\/sites\/24\/2019\/04\/Imagen7.jpg 299w, https:\/\/www.uajms.edu.bo\/fcyt\/wp-content\/uploads\/sites\/24\/2019\/04\/Imagen7-600x441.jpg 600w, https:\/\/www.uajms.edu.bo\/fcyt\/wp-content\/uploads\/sites\/24\/2019\/04\/Imagen7-768x565.jpg 768w\" sizes=\"(max-width: 299px) 100vw, 299px\" \/><img loading=\"lazy\" decoding=\"async\" src=\"http:\/\/www.uajms.edu.bo\/fcyt\/wp-content\/uploads\/sites\/24\/2019\/04\/Imagen8.png\" alt=\"\" width=\"677\" height=\"496\" class=\"alignnone size-full wp-image-2754\" srcset=\"https:\/\/www.uajms.edu.bo\/fcyt\/wp-content\/uploads\/sites\/24\/2019\/04\/Imagen8.png 677w, https:\/\/www.uajms.edu.bo\/fcyt\/wp-content\/uploads\/sites\/24\/2019\/04\/Imagen8-600x439.png 600w, https:\/\/www.uajms.edu.bo\/fcyt\/wp-content\/uploads\/sites\/24\/2019\/04\/Imagen8-768x562.png 768w\" sizes=\"(max-width: 677px) 100vw, 677px\" \/><\/p>\n<\/div>\n<\/div>\n","protected":false},"excerpt":{"rendered":"<p>LABORATORIO DE OBRAS HIDR\u00c1ULICAS Y SANITARIA Enfoca sus esfuerzos en la formaci\u00f3n de los ingenieros civiles de la menci\u00f3n de Hidr\u00e1ulica y de apoyo al sector empresarial. ANTECEDENTES El Laboratorio [&hellip;]<\/p>\n","protected":false},"author":1,"featured_media":0,"parent":0,"menu_order":0,"comment_status":"closed","ping_status":"closed","template":"","meta":{"_joinchat":[],"footnotes":""},"class_list":["post-2207","page","type-page","status-publish","hentry"],"jetpack_sharing_enabled":true,"publishpress_future_action":{"enabled":false,"date":"2026-05-08 03:56:38","action":"change-status","newStatus":"draft","terms":[],"taxonomy":"","extraData":[]},"publishpress_future_workflow_manual_trigger":{"enabledWorkflows":[]},"_links":{"self":[{"href":"https:\/\/www.uajms.edu.bo\/fcyt\/wp-json\/wp\/v2\/pages\/2207","targetHints":{"allow":["GET"]}}],"collection":[{"href":"https:\/\/www.uajms.edu.bo\/fcyt\/wp-json\/wp\/v2\/pages"}],"about":[{"href":"https:\/\/www.uajms.edu.bo\/fcyt\/wp-json\/wp\/v2\/types\/page"}],"author":[{"embeddable":true,"href":"https:\/\/www.uajms.edu.bo\/fcyt\/wp-json\/wp\/v2\/users\/1"}],"replies":[{"embeddable":true,"href":"https:\/\/www.uajms.edu.bo\/fcyt\/wp-json\/wp\/v2\/comments?post=2207"}],"version-history":[{"count":5,"href":"https:\/\/www.uajms.edu.bo\/fcyt\/wp-json\/wp\/v2\/pages\/2207\/revisions"}],"predecessor-version":[{"id":2759,"href":"https:\/\/www.uajms.edu.bo\/fcyt\/wp-json\/wp\/v2\/pages\/2207\/revisions\/2759"}],"wp:attachment":[{"href":"https:\/\/www.uajms.edu.bo\/fcyt\/wp-json\/wp\/v2\/media?parent=2207"}],"curies":[{"name":"wp","href":"https:\/\/api.w.org\/{rel}","templated":true}]}}