

{"id":2205,"date":"2018-11-12T12:34:52","date_gmt":"2018-11-12T12:34:52","guid":{"rendered":"http:\/\/www.uajms.edu.bo\/fcyt\/?page_id=2205"},"modified":"2025-03-27T10:49:54","modified_gmt":"2025-03-27T14:49:54","slug":"laboratorio-de-fisica","status":"publish","type":"page","link":"https:\/\/www.uajms.edu.bo\/fcyt\/laboratorio-de-fisica\/","title":{"rendered":"Laboratorio de F\u00edsica"},"content":{"rendered":"\t\t<div data-elementor-type=\"wp-page\" data-elementor-id=\"2205\" class=\"elementor elementor-2205\">\n\t\t\t\t\t\t<section class=\"elementor-section elementor-top-section elementor-element elementor-element-2000a253 elementor-section-boxed elementor-section-height-default elementor-section-height-default\" data-id=\"2000a253\" data-element_type=\"section\" data-e-type=\"section\">\n\t\t\t\t\t\t<div class=\"elementor-container elementor-column-gap-default\">\n\t\t\t\t\t<div class=\"elementor-column elementor-col-100 elementor-top-column elementor-element elementor-element-38b9f26d\" data-id=\"38b9f26d\" data-element_type=\"column\" data-e-type=\"column\">\n\t\t\t<div class=\"elementor-widget-wrap elementor-element-populated\">\n\t\t\t\t\t\t<div class=\"elementor-element elementor-element-a9ab649 elementor-widget elementor-widget-button\" data-id=\"a9ab649\" data-element_type=\"widget\" data-e-type=\"widget\" data-widget_type=\"button.default\">\n\t\t\t\t<div class=\"elementor-widget-container\">\n\t\t\t\t\t\t\t\t\t<div class=\"elementor-button-wrapper\">\n\t\t\t\t\t<a class=\"elementor-button elementor-button-link elementor-size-sm\" href=\"https:\/\/www.uajms.edu.bo\/ldf\/\" id=\"ldf\">\n\t\t\t\t\t\t<span class=\"elementor-button-content-wrapper\">\n\t\t\t\t\t\t\t\t\t<span class=\"elementor-button-text\">VER PAGINA WEB<\/span>\n\t\t\t\t\t<\/span>\n\t\t\t\t\t<\/a>\n\t\t\t\t<\/div>\n\t\t\t\t\t\t\t\t<\/div>\n\t\t\t\t<\/div>\n\t\t\t\t<div class=\"elementor-element elementor-element-3d07bf11 elementor-widget elementor-widget-text-editor\" data-id=\"3d07bf11\" data-element_type=\"widget\" data-e-type=\"widget\" data-widget_type=\"text-editor.default\">\n\t\t\t\t<div class=\"elementor-widget-container\">\n\t\t\t\t\t\t\t\t\tEl laboratorio de F\u00edsica, est\u00e1 dedicado fundamentalmente al apoyo a la docencia; pr\u00e1cticas de los estudiantes en diversas asignaturas. Las l\u00edneas de investigaci\u00f3n son las siguientes:\r\n<ul>\r\n \t<li>Energ\u00edas no convencionales<\/li>\r\n \t<li>Medio ambiente y cambios clim\u00e1ticos<\/li>\r\n \t<li>Control autom\u00e1tico<\/li>\r\n<\/ul>\r\nTrabajos de Extensi\u00f3n\r\n<ul>\r\n \t<li>Asesoramiento contin\u00fao a unidades educativas en pr\u00e1cticas de laboratorio.<\/li>\r\n<\/ul>\r\nServicios:\r\n\r\nSe ofrecen servicios en:\r\n<ul>\r\n \t<li>Certificaci\u00f3n de espesores de materiales de construcci\u00f3n<\/li>\r\n \t<li>Control de pesas y medidas<\/li>\r\n \t<li>Mediciones de intensidad lum\u00ednica e intensidad de sonido<\/li>\r\n \t<li>Mediciones de radiaci\u00f3n solar<\/li>\r\n \t<li>Mediciones de radiaci\u00f3n ultravioleta<\/li>\r\n \t<li>Contrastaci\u00f3n de medidores de energ\u00eda el\u00e9ctrica<\/li>\r\n<\/ul>\r\nSe servicios acad\u00e9micos a las Facultades de Ciencias y Tecnolog\u00eda, Ciencias Agr\u00edcolas y Forestales y Ciencias de la Salud tributando con materias de apoyo en el \u00c1rea de F\u00edsica B\u00e1sica a las carreras:\r\n<ul>\r\n \t<li>Ingenieria Civil<\/li>\r\n \t<li>Ingenieria Informatica<\/li>\r\n \t<li>Arquitectura<\/li>\r\n \t<li>Ingenieria Qu\u00edmica<\/li>\r\n \t<li>Ingenier\u00eda de Alimentos<\/li>\r\n \t<li>Ingenier\u00eda Industrial<\/li>\r\n \t<li>Ingenier\u00eda Agron\u00f3mica<\/li>\r\n \t<li>Ingenier\u00eda Forestal<\/li>\r\n \t<li>Bioqu\u00edmica<\/li>\r\n \t<li>Qu\u00edmico Farmac\u00e9utico<\/li>\r\n<\/ul>\r\n<strong>Proyecto: \u201cInvestigaci\u00f3n de Compuestos Fen\u00f3licos y arom\u00e1ticos afectados por la radiaci\u00f3n ultravioleta en dos variedades de vitis vin\u00edfera del tres zonas vit\u00edcolas de Bolivia\u201d.<\/strong>\r\n\r\nAl finalizar la ejecuci\u00f3n del presente proyecto, se publicaron dos art\u00edculos cient\u00edficos, asimismo se cont\u00f3 con el apoyo de la Universidad de Zaragoza, Espa\u00f1a para la implementaci\u00f3n de t\u00e9cnicas de avanzadas de mediciones anal\u00edticas, con la participaci\u00f3n de un experto del Programa de Intercambio cient\u00edfico PUM de los Pa\u00edses Bajos.\r\n\r\n<strong>Proyecto OLIMPIADAS CIENTIFICAS ESTUDIANTILES PLURINACIONALES<\/strong>\r\n\r\nSe realiza anualmente el apoyo a las OLIMPIADAS CIENT\u00cdFICAS ESTUDIANTILES PLURINACIONALES a trav\u00e9s de cursos de apoyo en las \u00e1reas de F\u00edsica y Astronom\u00eda para los estudiantes que clasificaron a la cuarta etapa de la Olimpiada, se establecieron temas de avanzada tanto en la parte de Laboratorio como en la parte te\u00f3rica en las \u00c1reas indicadas para los estudiantes clasificados.\r\n\r\nSe realizan conferencias sobre los riesgos de la exposici\u00f3n solar ultravioleta en la \u00e9poca de verano a la comunidad mediante conferencias y paneles de divulgaci\u00f3n mediante los diversos medios de comunicaci\u00f3n indicando los valores de la radiaci\u00f3n solar medidos en el laboratorio de F\u00edsica.\r\n\r\n&nbsp;\t\t\t\t\t\t\t\t<\/div>\n\t\t\t\t<\/div>\n\t\t\t\t\t<\/div>\n\t\t<\/div>\n\t\t\t\t\t<\/div>\n\t\t<\/section>\n\t\t\t\t<\/div>\n\t\t","protected":false},"excerpt":{"rendered":"<p>VER PAGINA WEB El laboratorio de F\u00edsica, est\u00e1 dedicado fundamentalmente al apoyo a la docencia; pr\u00e1cticas de los estudiantes en diversas asignaturas. Las l\u00edneas de investigaci\u00f3n son las siguientes: Energ\u00edas [&hellip;]<\/p>\n","protected":false},"author":1,"featured_media":0,"parent":0,"menu_order":0,"comment_status":"closed","ping_status":"closed","template":"","meta":{"_joinchat":[],"footnotes":""},"class_list":["post-2205","page","type-page","status-publish","hentry"],"jetpack_sharing_enabled":true,"publishpress_future_action":{"enabled":false,"date":"2026-04-24 10:21:27","action":"change-status","newStatus":"draft","terms":[],"taxonomy":"","extraData":[]},"publishpress_future_workflow_manual_trigger":{"enabledWorkflows":[]},"_links":{"self":[{"href":"https:\/\/www.uajms.edu.bo\/fcyt\/wp-json\/wp\/v2\/pages\/2205","targetHints":{"allow":["GET"]}}],"collection":[{"href":"https:\/\/www.uajms.edu.bo\/fcyt\/wp-json\/wp\/v2\/pages"}],"about":[{"href":"https:\/\/www.uajms.edu.bo\/fcyt\/wp-json\/wp\/v2\/types\/page"}],"author":[{"embeddable":true,"href":"https:\/\/www.uajms.edu.bo\/fcyt\/wp-json\/wp\/v2\/users\/1"}],"replies":[{"embeddable":true,"href":"https:\/\/www.uajms.edu.bo\/fcyt\/wp-json\/wp\/v2\/comments?post=2205"}],"version-history":[{"count":5,"href":"https:\/\/www.uajms.edu.bo\/fcyt\/wp-json\/wp\/v2\/pages\/2205\/revisions"}],"predecessor-version":[{"id":5292,"href":"https:\/\/www.uajms.edu.bo\/fcyt\/wp-json\/wp\/v2\/pages\/2205\/revisions\/5292"}],"wp:attachment":[{"href":"https:\/\/www.uajms.edu.bo\/fcyt\/wp-json\/wp\/v2\/media?parent=2205"}],"curies":[{"name":"wp","href":"https:\/\/api.w.org\/{rel}","templated":true}]}}