

{"id":2202,"date":"2018-11-12T12:31:37","date_gmt":"2018-11-12T12:31:37","guid":{"rendered":"http:\/\/www.uajms.edu.bo\/fcyt\/?page_id=2202"},"modified":"2022-11-15T20:14:04","modified_gmt":"2022-11-15T20:14:04","slug":"gabinete-de-topografia","status":"publish","type":"page","link":"https:\/\/www.uajms.edu.bo\/fcyt\/gabinete-de-topografia\/","title":{"rendered":"Gabinete de Topograf\u00eda"},"content":{"rendered":"<div class=\"jumbotron\" style=\" color:#fefefe;background-image: url(http:\/\/www.uajms.edu.bo\/fcyt\/wp-content\/uploads\/sites\/24\/2019\/03\/Civil-Engineering-bg.jpg);background-position:bottom left;\">\n<h1 class=\"display-4\" style=\"text-shadow: 2px 2px 4px #000000;\">GABINETE DE TOPOGRAF\u00cdA<\/h1>\n<hr class=\"my-4\"\/>\n<\/div>\n<p>El laboratorio de Topograf\u00eda fue creado el a\u00f1o 1996, con la finalidad de prestar servicio acad\u00e9mico para los grupos regulares de materias relacionadas con la materia de Topograf\u00eda. El Laboratorio de Topograf\u00eda de la Carrera de Ingenier\u00eda Civil, pertenece al Departamento de Topograf\u00eda y V\u00edas de Comunicaci\u00f3n.<\/p>\n<p>El Gabinete de Topograf\u00eda de la Carrera de Ingenier\u00eda Civil, como parte del Departamento de Topograf\u00eda y V\u00edas de Comunicaci\u00f3n, tiene como tarea principal el de asistir con equipos especializados y asesoramiento a docentes y estudiantes en el Proceso de Ense\u00f1anza Aprendizaje PEA, en el \u00e1rea de la Topograf\u00eda que tributan a la formaci\u00f3n profesional del Ingeniero Civil, de tal manera el conocimiento se desarrolle mediante la interacci\u00f3n de la teor\u00eda con la pr\u00e1ctica.<\/p>\n<p>As\u00ed mismo est\u00e1 orientado y capacitado para prestar servicios de especialidad en Levantamientos Topogr\u00e1ficos, Geodesia y todo trabajo relacionado con el uso de la superficie terrestre para el replanteo o relevamiento de todo tipo de estructura en la Ingenier\u00eda Civil.<\/p>\n<p>Es decir, se busca realizar una prestaci\u00f3n de servicios externa a la sociedad, donde esta \u00faltima, mediante las empresas dedicadas al dise\u00f1o, supervisi\u00f3n, evaluaci\u00f3n y construcci\u00f3n de proyectos civiles, requiera trabajos de especialidad que respondan con responsabilidad, eficiencia y profesionalismo id\u00f3neo al entorno social.<\/p>\n<h2><strong><u>Objetivo<\/u><\/strong><\/h2>\n<p>El objetivo principal de esta unidad es el de brindar apoyo acad\u00e9mico a los estudiantes en las siguientes materias: CIV 231 Topograf\u00eda I y CIV 232 Topograf\u00eda II, CIV 351 Geodesia y Fotogrametr\u00eda, CIV-200 TALLER I, CIV-300 TALLER II, CIV-400 TALLER III, CIV-501 y CIV-502 Proyecto de Grado de Ingenier\u00eda a todos los estudiantes, egresados y docentes.<\/p>\n<h2><strong><u>Misi\u00f3n<\/u><\/strong><\/h2>\n<p>Que los estudiantes puedan adquirir conocimientos de manejo de todos los equipos que tiene nuestro laboratorio de Topograf\u00eda.<\/p>\n<h2><strong><u>Visi\u00f3n<\/u><\/strong><\/h2>\n<p>Que en la actualidad nuestro laboratorio de Topograf\u00eda sea reconocido por los diferentes equipos que tiene y se pueda en un futuro prestar servicios a la sociedad en general.<\/p>\n<h2><strong>QU\u00c9 SERVICIOS PRESTAN ACTUALMENTE<\/strong><\/h2>\n<p>Se realiz\u00f3 la coordinaci\u00f3n correspondiente para brindar la prestaci\u00f3n de servicios acad\u00e9micos, tanto a las materias principales de laboratorio, materias afines, y las materias que sirven para optar la titulaci\u00f3n con el ajuste al redise\u00f1o curricular, asimismo se menciona las diferentes materias que hacen uso de nuestro laboratorio:<\/p>\n<p>Materias: CIV 231 Topograf\u00eda I y CIV 232 Topograf\u00eda II, CIV 351 Geodesia y Fotogrametr\u00eda, CIV-200 TALLER I, CIV-300 TALLER II, CIV-400 TALLER III, CIV-501 y CIV-502 Proyecto de Grado de Ingenier\u00eda<\/p>\n<h2><strong>SERVICIOS EN PROYECTO<\/strong>.<\/h2>\n<p>Los servicios que se pretende realizar en el futuro con el proyecto son los siguientes:<\/p>\n<table width=\"0\">\n<tbody>\n<tr>\n<td style=\"text-align: center;\" colspan=\"3\" width=\"562\"><strong>RESUMEN DE PRECIOS UNITARIOS<\/strong><\/td>\n<\/tr>\n<tr>\n<td width=\"44\"><strong>ITEM<\/strong><\/td>\n<td width=\"441\"><strong>ACTIVIDAD<\/strong><\/td>\n<td width=\"77\"><strong>P.UNIT.(Bs)<\/strong><\/td>\n<\/tr>\n<tr>\n<td width=\"44\">1<\/td>\n<td width=\"441\">Levantamiento Topogr\u00e1fico en Caminos con transa. c\/20m (planta y perfil)<\/td>\n<td width=\"77\">3790,388<\/td>\n<\/tr>\n<tr>\n<td width=\"44\">2<\/td>\n<td width=\"441\">Replanteo y Control Topogr\u00e1fico en general<\/td>\n<td width=\"77\">1879,277<\/td>\n<\/tr>\n<tr>\n<td width=\"44\">3<\/td>\n<td width=\"441\">Levantamiento Topogr\u00e1fico\u00a0 en canales con transversales\u00a0 c\/20m (planta y perfil)<\/td>\n<td width=\"77\">3002,170<\/td>\n<\/tr>\n<tr>\n<td width=\"44\">4<\/td>\n<td width=\"441\">Levantamiento\u00a0 Topogr\u00e1fico en \u00e1reas de riego<\/td>\n<td width=\"77\">3004,842<\/td>\n<\/tr>\n<tr>\n<td width=\"44\">5<\/td>\n<td width=\"441\">Replanteo y Control Topogr\u00e1fico en \u00e1reas de riego y canales<\/td>\n<td width=\"77\">1599,512<\/td>\n<\/tr>\n<tr>\n<td width=\"44\">6<\/td>\n<td width=\"441\">Levantamiento Georeferencial en ciudad<\/td>\n<td width=\"77\">2118,042<\/td>\n<\/tr>\n<\/tbody>\n<\/table>\n<p>Todos estos trabajos de topograf\u00eda estar\u00e1n bajo responsabilidad profesional del personal t\u00e9cnico del gabinete, y ser\u00e1n entregados en formato digital con base de datos e impresos en blanco y negro.<\/p>\n","protected":false},"excerpt":{"rendered":"<p>GABINETE DE TOPOGRAF\u00cdA El laboratorio de Topograf\u00eda fue creado el a\u00f1o 1996, con la finalidad de prestar servicio acad\u00e9mico para los grupos regulares de materias relacionadas con la materia de [&hellip;]<\/p>\n","protected":false},"author":1,"featured_media":0,"parent":0,"menu_order":0,"comment_status":"closed","ping_status":"closed","template":"","meta":{"_joinchat":[],"footnotes":""},"class_list":["post-2202","page","type-page","status-publish","hentry"],"jetpack_sharing_enabled":true,"publishpress_future_action":{"enabled":false,"date":"2026-05-24 05:28:00","action":"change-status","newStatus":"draft","terms":[],"taxonomy":"","extraData":[]},"publishpress_future_workflow_manual_trigger":{"enabledWorkflows":[]},"_links":{"self":[{"href":"https:\/\/www.uajms.edu.bo\/fcyt\/wp-json\/wp\/v2\/pages\/2202","targetHints":{"allow":["GET"]}}],"collection":[{"href":"https:\/\/www.uajms.edu.bo\/fcyt\/wp-json\/wp\/v2\/pages"}],"about":[{"href":"https:\/\/www.uajms.edu.bo\/fcyt\/wp-json\/wp\/v2\/types\/page"}],"author":[{"embeddable":true,"href":"https:\/\/www.uajms.edu.bo\/fcyt\/wp-json\/wp\/v2\/users\/1"}],"replies":[{"embeddable":true,"href":"https:\/\/www.uajms.edu.bo\/fcyt\/wp-json\/wp\/v2\/comments?post=2202"}],"version-history":[{"count":5,"href":"https:\/\/www.uajms.edu.bo\/fcyt\/wp-json\/wp\/v2\/pages\/2202\/revisions"}],"predecessor-version":[{"id":3684,"href":"https:\/\/www.uajms.edu.bo\/fcyt\/wp-json\/wp\/v2\/pages\/2202\/revisions\/3684"}],"wp:attachment":[{"href":"https:\/\/www.uajms.edu.bo\/fcyt\/wp-json\/wp\/v2\/media?parent=2202"}],"curies":[{"name":"wp","href":"https:\/\/api.w.org\/{rel}","templated":true}]}}