

{"id":2200,"date":"2018-11-12T12:28:54","date_gmt":"2018-11-12T12:28:54","guid":{"rendered":"http:\/\/www.uajms.edu.bo\/fcyt\/?page_id=2200"},"modified":"2018-11-12T12:28:54","modified_gmt":"2018-11-12T12:28:54","slug":"ceanid-2","status":"publish","type":"page","link":"https:\/\/www.uajms.edu.bo\/fcyt\/ceanid-2\/","title":{"rendered":"CEANID"},"content":{"rendered":"<p>Es una unidad de servicio dependiente de la Facultad de Ciencias y Tecnolog\u00eda de la Universidad Aut\u00f3noma Juan Misael Saracho, que atiende las necesidades de an\u00e1lisis, asesoramiento t\u00e9cnico e investigaci\u00f3n, destinado a los sectores agropecuario, industrial, salud, nutrici\u00f3n, saneamiento b\u00e1sico y ambiental, sin dejar de proporcionar el respaldo a las actividades de apoyo acad\u00e9mico, trabajos de tesis, pos-grado e investigaci\u00f3n.<\/p>\n<ul>\n<li>Es miembro de la Red de Laboratorios Oficiales de An\u00e1lisis de Alimentos \u201cRELOAA\u201d<\/li>\n<li>Es miembro de la Red Nacional de Laboratorios de Micronutrientes<\/li>\n<li>Es miembro de la Red Interamericana de Laboratorios de An\u00e1lisis de Alimentos \u201cRILAA\u201d<\/li>\n<li>Es Laboratorio Oficial del Ministerio de Salud y Deportes a nivel de todo el Departamento de Tarija<\/li>\n<\/ul>\n<p>EL CEANID es un laboratorio autorizado por el Servicio Nacional de Sanidad Agropecuaria e Inocuidad Alimentaria \u201cSENASAG\u201d, para prestar servicios de an\u00e1lisis con car\u00e1cter oficial en Bolivia.<\/p>\n<p>El CEANID presta servicios de an\u00e1lisis f\u00edsicos, qu\u00edmicos y microbiol\u00f3gicos en cuatro tipos de matrices:<\/p>\n<ul>\n<li>Aguas<\/li>\n<li>Alimentos<\/li>\n<li>Muestras Org\u00e1nicas<\/li>\n<li>Bebidas alcoh\u00f3licas<\/li>\n<\/ul>\n<p>El CEANID fue acreditado mediante \u201cCertificado de Acreditaci\u00f3n DTA \u2013 CET \u2013 075\u201d como Laboratorio de Ensayo de acuerdo a la Norma Internacional NB \u2013 ISO \u2013 IEC: 17025:2005 el 30 de marzo del 2017 por la Direcci\u00f3n T\u00e9cnica de la Acreditaci\u00f3n (DTA).<\/p>\n<p>El laboratorio cuenta con \u00e1reas como la secci\u00f3n de recepci\u00f3n de muestras, dep\u00f3sito de muestreo, jefatura, sal\u00f3n audit\u00f3rium, an\u00e1lisis microbiol\u00f3gico, fisicoqu\u00edmico y an\u00e1lisis especiales y \u00e1reas de apoyo acad\u00e9mico, trabajos de tesis, pos-grado e investigaci\u00f3n.<\/p>\n<p>Cuenta con los implementos de seguridad adecuados para evitar cualquier emergencia, como ser extinguidores, guantes de seguridad, etc.<\/p>\n<p><b>MISI\u00d3N<\/b><\/p>\n<p>Proporcionar resultados confiables, \u00fatiles, confidenciales y oportunos de los an\u00e1lisis de aguas, alimentos y muestras org\u00e1nicas, realizados por personal calificado, a un costo accesible, utilizando metodolog\u00edas basadas en normas oficiales.<strong>\u00a0<\/strong><\/p>\n<p><b>VISI\u00d3N<\/b><\/p>\n<p>Ser el laboratorio de aguas y alimentos de mayor reconocimiento en la regi\u00f3n, respondiendo al compromiso que se tiene como instituci\u00f3n con la sociedad.<\/p>\n<p><strong>Sitio Web<\/strong><\/p>\n<p><a href=\"https:\/\/www.uajms.edu.bo\/ceanid\">www.uajms.edu.bo\/ceanid<\/a><\/p>\n","protected":false},"excerpt":{"rendered":"<p>Es una unidad de servicio dependiente de la Facultad de Ciencias y Tecnolog\u00eda de la Universidad Aut\u00f3noma Juan Misael Saracho, que atiende las necesidades de an\u00e1lisis, asesoramiento t\u00e9cnico e investigaci\u00f3n, [&hellip;]<\/p>\n","protected":false},"author":1,"featured_media":0,"parent":0,"menu_order":0,"comment_status":"closed","ping_status":"closed","template":"","meta":{"_joinchat":[],"footnotes":""},"class_list":["post-2200","page","type-page","status-publish","hentry"],"jetpack_sharing_enabled":true,"publishpress_future_action":{"enabled":false,"date":"2026-04-29 08:43:32","action":"change-status","newStatus":"draft","terms":[],"taxonomy":"","extraData":[]},"publishpress_future_workflow_manual_trigger":{"enabledWorkflows":[]},"_links":{"self":[{"href":"https:\/\/www.uajms.edu.bo\/fcyt\/wp-json\/wp\/v2\/pages\/2200","targetHints":{"allow":["GET"]}}],"collection":[{"href":"https:\/\/www.uajms.edu.bo\/fcyt\/wp-json\/wp\/v2\/pages"}],"about":[{"href":"https:\/\/www.uajms.edu.bo\/fcyt\/wp-json\/wp\/v2\/types\/page"}],"author":[{"embeddable":true,"href":"https:\/\/www.uajms.edu.bo\/fcyt\/wp-json\/wp\/v2\/users\/1"}],"replies":[{"embeddable":true,"href":"https:\/\/www.uajms.edu.bo\/fcyt\/wp-json\/wp\/v2\/comments?post=2200"}],"version-history":[{"count":1,"href":"https:\/\/www.uajms.edu.bo\/fcyt\/wp-json\/wp\/v2\/pages\/2200\/revisions"}],"predecessor-version":[{"id":2201,"href":"https:\/\/www.uajms.edu.bo\/fcyt\/wp-json\/wp\/v2\/pages\/2200\/revisions\/2201"}],"wp:attachment":[{"href":"https:\/\/www.uajms.edu.bo\/fcyt\/wp-json\/wp\/v2\/media?parent=2200"}],"curies":[{"name":"wp","href":"https:\/\/api.w.org\/{rel}","templated":true}]}}