

{"id":1788,"date":"2018-03-28T21:42:58","date_gmt":"2018-03-28T21:42:58","guid":{"rendered":"http:\/\/www.uajms.edu.bo\/fcyt\/?page_id=1788"},"modified":"2022-11-15T20:16:52","modified_gmt":"2022-11-15T20:16:52","slug":"requisitos-de-actualizacion-de-folder","status":"publish","type":"page","link":"https:\/\/www.uajms.edu.bo\/fcyt\/requisitos-de-actualizacion-de-folder\/","title":{"rendered":"Requisitos de Actualizaci\u00f3n de folder"},"content":{"rendered":"<p>1. Comprar folder correspondiente a su carrera de oficinas de la UNADEF.<br \/>\n2. Comprar caratula de la fotocopiadora del Bloque de Arquitectura.<br \/>\n3. Una foto 4&#215;4 fondo rojo.<br \/>\n4. Fotocopia del carnet de identidad sin legalizar.<br \/>\n5. Fotocopia del T\u00edtulo de Bachiller sin legalizar.<br \/>\n6. Matriculas de inscripci\u00f3n originales de todos los a\u00f1os cursados (por gesti\u00f3n) Nota: En caso de extrav\u00edo, solicitar en caja central de Rectorado.<br \/>\n7. Programaciones de todos los a\u00f1os cursados por gesti\u00f3n (Imprimir del Sistema Tariqu\u00eda).<br \/>\n8. Notas Originales emitidos por la DTIC de todos los a\u00f1os cursados (debidamente firmados y sellados por Jefe de DTIC y Vicedecano)<\/p>\n<p>Requisitos adicionales para cada carrera(Clic en la carrera para descargar):<\/p>\n<ul>\n<li><a href=\"http:\/\/www.uajms.edu.bo\/fcyt\/wp-content\/uploads\/sites\/24\/2019\/05\/comunicado-alimentos-actualizado.pdf\">Ingenier\u00eda de Alimentos<\/a><\/li>\n<li><a href=\"http:\/\/www.uajms.edu.bo\/fcyt\/wp-content\/uploads\/sites\/24\/2019\/05\/comunicado-arquitectura-actualizado.pdf\">Arquitectura<\/a><\/li>\n<li><a href=\"http:\/\/www.uajms.edu.bo\/fcyt\/wp-content\/uploads\/sites\/24\/2019\/05\/comunicado-civil-ACTUALIZADO.pdf\">Ingenier\u00eda Civil<\/a><\/li>\n<li><a href=\"http:\/\/www.uajms.edu.bo\/fcyt\/wp-content\/uploads\/sites\/24\/2019\/05\/comunicado-informatica-ACTUALIZADO.pdf\">Ing. Inform\u00e1tica<\/a><\/li>\n<li><a href=\"http:\/\/www.uajms.edu.bo\/fcyt\/wp-content\/uploads\/sites\/24\/2019\/05\/comunicado-quimica-ACTUALIZADO.pdf\">Ing. Qu\u00edmica<\/a><\/li>\n<\/ul>\n","protected":false},"excerpt":{"rendered":"<p>1. Comprar folder correspondiente a su carrera de oficinas de la UNADEF. 2. Comprar caratula de la fotocopiadora del Bloque de Arquitectura. 3. Una foto 4&#215;4 fondo rojo. 4. Fotocopia [&hellip;]<\/p>\n","protected":false},"author":1,"featured_media":0,"parent":0,"menu_order":0,"comment_status":"closed","ping_status":"closed","template":"","meta":{"_joinchat":[],"footnotes":""},"class_list":["post-1788","page","type-page","status-publish","hentry"],"jetpack_sharing_enabled":true,"publishpress_future_action":{"enabled":false,"date":"2026-05-11 04:34:39","action":"change-status","newStatus":"draft","terms":[],"taxonomy":"","extraData":[]},"publishpress_future_workflow_manual_trigger":{"enabledWorkflows":[]},"_links":{"self":[{"href":"https:\/\/www.uajms.edu.bo\/fcyt\/wp-json\/wp\/v2\/pages\/1788","targetHints":{"allow":["GET"]}}],"collection":[{"href":"https:\/\/www.uajms.edu.bo\/fcyt\/wp-json\/wp\/v2\/pages"}],"about":[{"href":"https:\/\/www.uajms.edu.bo\/fcyt\/wp-json\/wp\/v2\/types\/page"}],"author":[{"embeddable":true,"href":"https:\/\/www.uajms.edu.bo\/fcyt\/wp-json\/wp\/v2\/users\/1"}],"replies":[{"embeddable":true,"href":"https:\/\/www.uajms.edu.bo\/fcyt\/wp-json\/wp\/v2\/comments?post=1788"}],"version-history":[{"count":5,"href":"https:\/\/www.uajms.edu.bo\/fcyt\/wp-json\/wp\/v2\/pages\/1788\/revisions"}],"predecessor-version":[{"id":3690,"href":"https:\/\/www.uajms.edu.bo\/fcyt\/wp-json\/wp\/v2\/pages\/1788\/revisions\/3690"}],"wp:attachment":[{"href":"https:\/\/www.uajms.edu.bo\/fcyt\/wp-json\/wp\/v2\/media?parent=1788"}],"curies":[{"name":"wp","href":"https:\/\/api.w.org\/{rel}","templated":true}]}}