

{"id":160,"date":"2015-05-25T20:05:45","date_gmt":"2015-05-25T20:05:45","guid":{"rendered":"http:\/\/www.uajms.edu.bo\/fcyt\/?page_id=160"},"modified":"2023-08-24T17:41:12","modified_gmt":"2023-08-24T21:41:12","slug":"ingenieria-informatica","status":"publish","type":"page","link":"https:\/\/www.uajms.edu.bo\/fcyt\/ingenieria-informatica\/","title":{"rendered":"Ingenier\u00eda Inform\u00e1tica"},"content":{"rendered":"<p>[vc_row full_width=\u00bbstretch_row\u00bb equal_height=\u00bbyes\u00bb content_placement=\u00bbtop\u00bb css=\u00bb.vc_custom_1599372330844{background-color: #eaeaea !important;}\u00bb][vc_column width=\u00bb1\/2&#8243; css=\u00bb.vc_custom_1599362415233{background-color: #f10011 !important;}\u00bb][vc_column_text]<iframe title=\"PRESENTACI\u00d3N CARRERA DE ING. INFORM\u00c1TICA\" src=\"https:\/\/www.youtube.com\/embed\/clKy-YuBawY\" width=\"500\" height=\"480\" frameborder=\"0\" allowfullscreen=\"allowfullscreen\"><\/iframe>[\/vc_column_text][\/vc_column][vc_column width=\u00bb1\/2&#8243; css=\u00bb.vc_custom_1599371374420{padding-right: 35px !important;padding-left: 35px !important;background-color: #192f77 !important;background-position: center !important;background-repeat: no-repeat !important;background-size: cover !important;}\u00bb][vc_custom_heading text=\u00bbBienvenido\/a\u00bb font_container=\u00bbtag:h2|text_align:left|color:%23ffffff\u00bb google_fonts=\u00bbfont_family:Montserrat%3Aregular%2C700|font_style:400%20regular%3A400%3Anormal\u00bb][vc_column_text]<\/p>\n<p style=\"text-align: justify;\"><span style=\"color: #ffffff;\">El Departamento de Inform\u00e1tica y Sistemas (DIS), dependiente de la Facultad de Ciencias y Tecnolog\u00eda (FCYT) de la Universidad Aut\u00f3noma Juan Misael Saracho (UAJMS), les da una cordial bienvenida a este sitio, donde encontrar\u00e1n la informaci\u00f3n relacionada con la carrera de Inform\u00e1tica a nivel de T\u00e9cnico Superior y de Licenciatura.<\/span><\/p>\n<p>[\/vc_column_text][vc_custom_heading text=\u00bbInformaci\u00f3n de Contacto\u00bb font_container=\u00bbtag:h2|text_align:left|color:%23ffffff\u00bb google_fonts=\u00bbfont_family:Montserrat%3Aregular%2C700|font_style:400%20regular%3A400%3Anormal\u00bb][vc_column_text]<span style=\"color: #ffffff;\">E-mail: dis@uajms.edu.bo<\/span><br \/>\n<span style=\"color: #ffffff;\">Secretar\u00eda Dpto. de Inform\u00e1tica y Sistemas: 6640265<\/span><br \/>\n<span style=\"color: #ffffff;\">WhatsApp Secretaria: 68697228<\/span><br \/>\n<span style=\"color: #ffffff;\">Lic. DEYSI ARANCIBIA:<b>71877151<\/b><\/span><br \/>\n<span style=\"color: #ffffff;\">Ing. JIMENA PADILLA:<b>72980806<\/b><\/span><br \/>\n<span style=\"color: #ffffff;\">Lic. EFRAIN TORREJON:<b>75149514<\/b><\/span><br \/>\n<span style=\"color: #ffffff;\">Lic. ZULMA RICALDI:<b>72997377<\/b><\/span>[\/vc_column_text][\/vc_column][\/vc_row][vc_row full_width=\u00bbstretch_row\u00bb equal_height=\u00bbyes\u00bb css=\u00bb.vc_custom_1599372260358{background-color: #eaeaea !important;}\u00bb][vc_column][vc_column_text]<\/p>\n<h1 style=\"text-align: center;\">E V E N T O S<\/h1>\n<p>[\/vc_column_text][vc_single_image image=\u00bb4657&#8243; img_size=\u00bbfull\u00bb onclick=\u00bbcustom_link\u00bb link=\u00bbhttps:\/\/www.uajms.edu.bo\/fcyt\/minesweepers-2023\/\u00bb][\/vc_column][\/vc_row][vc_row full_width=\u00bbstretch_row\u00bb equal_height=\u00bbyes\u00bb css=\u00bb.vc_custom_1599372260358{background-color: #eaeaea !important;}\u00bb][vc_column][vc_single_image image=\u00bb4642&#8243; img_size=\u00bbfull\u00bb alignment=\u00bbcenter\u00bb onclick=\u00bbcustom_link\u00bb link=\u00bbhttps:\/\/www.uajms.edu.bo\/fcyt\/first-global-tarija\/\u00bb][\/vc_column][\/vc_row][vc_row][vc_column][vc_custom_heading text=\u00bbEnlaces y Recursos de Inter\u00e9s\u00bb font_container=\u00bbtag:h2|text_align:center\u00bb google_fonts=\u00bbfont_family:Montserrat%3Aregular%2C700|font_style:700%20bold%20regular%3A700%3Anormal\u00bb][vc_separator style=\u00bbdouble\u00bb][vc_row_inner][vc_column_inner width=\u00bb1\/3&#8243;][vc_toggle title=\u00bbMisi\u00f3n\u00bb style=\u00bbround\u00bb color=\u00bbgreen\u00bb el_id=\u00bb1599368756510-67fbcd64-7a21&#8243;]La carrera de Ingenier\u00eda Inform\u00e1tica procura formar ingenieros con visi\u00f3n integradora del hombre, de la sociedad y de su labor profesional, entendida \u00e9sta como servicio y generadora de cambio social, a trav\u00e9s de la s\u00edntesis de los saberes human\u00edsticos, tecnol\u00f3gicos y cient\u00edficos.<\/p>\n<p>Igualmente, propicia el perfeccionamiento integral de todos los miembros de la comunidad acad\u00e9mica, con una atenci\u00f3n personalizada, mediante un ejercicio acad\u00e9mico creativo, riguroso e interdisciplinario.<\/p>\n<p>Promueve la realizaci\u00f3n de investigaciones o proyectos docentes interdisciplinarios en las \u00e1reas de la ingenier\u00eda que sean de su competencia, y fomenta la realizaci\u00f3n del trabajo vivido como servicio y medio para construir una sociedad justa, pac\u00edfica y solidaria.[\/vc_toggle][vc_toggle title=\u00bbVisi\u00f3n\u00bb style=\u00bbround\u00bb color=\u00bbjuicy_pink\u00bb el_id=\u00bb1599368804812-9dcc9d1e-3c24&#8243;]La carrera de Ingenier\u00eda Inform\u00e1tica espera ganarse el reconocimiento tanto nacional como extranjero en el \u00e1rea de su competencia mediante la conjugaci\u00f3n de nuestros tres elementos esenciales: investigaci\u00f3n, docencia y proyecci\u00f3n a la sociedad a trav\u00e9s de:<\/p>\n<ul>\n<li>Desarrollo de procesos formativos que logren que nuestros profesionales sean altamente competitivos e influyentes en los sectores que produzcan o utilicen tecnolog\u00edas inform\u00e1ticas.<\/li>\n<li>Perfeccionamiento de los procesos permanentes de autoevaluaci\u00f3n del programa.<\/li>\n<li>La continua interacci\u00f3n con pares acad\u00e9micos tanto nacionales como internacionales.<\/li>\n<li>La selecci\u00f3n de profesores de la m\u00e1s alta calidad intelectual y humana.<\/li>\n<li>La creaci\u00f3n de l\u00edneas de investigaci\u00f3n que apunten al trabajo en tecnolog\u00edas de punta y al planteamiento de alternativas de soluci\u00f3n a problemas de nuestro entorno.<\/li>\n<li>La creaci\u00f3n de programas de Postgrado en diferentes \u00e1reas pertinentes al \u00e1mbito de la ingenier\u00eda de software, tecnolog\u00edas de sistemas embebidos (microcomponentes-software) y telecomunicaciones.<\/li>\n<li>El establecimiento de alianzas o convenios estrat\u00e9gicos con la empresa o industria.<\/li>\n<\/ul>\n<p>[\/vc_toggle][vc_toggle title=\u00bbReglamento de la Carrera\u00bb style=\u00bbround\u00bb color=\u00bbjuicy_pink\u00bb el_id=\u00bb1668185615253-00cc3474-bda9&#8243;]Cargando&#8230;[\/vc_toggle][vc_toggle title=\u00bbReglamento Institucional\u00bb style=\u00bbround\u00bb color=\u00bbjuicy_pink\u00bb el_id=\u00bb1668185611939-e4dded65-335e\u00bb]Cargando&#8230;[\/vc_toggle][\/vc_column_inner][vc_column_inner width=\u00bb1\/3&#8243;][vc_toggle title=\u00bbPlan de Estudios\u00bb style=\u00bbround\u00bb color=\u00bbjuicy_pink\u00bb el_id=\u00bb1599371533898-657c8981-4fa6&#8243;]<\/p>\n<ul>\n<li><a href=\"http:\/\/www.uajms.edu.bo\/fcyt\/wp-content\/uploads\/sites\/24\/2018\/12\/PLAN-DE-ESTUDIOS-2018-INGENIER%C3%8DA-INFORM%C3%81TICA.pdf\">Plan de Estudios Ing. Inform\u00e1tica<\/a><\/li>\n<li><a href=\"http:\/\/www.uajms.edu.bo\/fcyt\/wp-content\/uploads\/sites\/24\/2018\/12\/PLAN-DE-ESTUDIOS-2018-T%C3%89CNICO-SUPERIOR-UNIVERSITARIO-SUPERIOR-EN-INFORM%C3%81TICA.pdf\">Plan de Estudios Tec. Sup. Inform\u00e1tica<\/a><\/li>\n<li><\/li>\n<\/ul>\n<p>[\/vc_toggle][vc_toggle title=\u00bbGrado Acad\u00e9mico\u00bb style=\u00bbround\u00bb color=\u00bbjuicy_pink\u00bb el_id=\u00bb1599371724999-bf17bd07-544d\u00bb]Todos los estudiantes que se titulan en la carrera de Inform\u00e1tica, reciben dos t\u00edtulos mediante la modalidad de Titulaci\u00f3n Directa: el <strong>T\u00edtulo Acad\u00e9mico<\/strong> y el <strong>T\u00edtulo en Provisi\u00f3n Nacional<\/strong>, cuyas nominaciones son:<\/p>\n<ol>\n<li>T\u00edtulo Acad\u00e9mico<\/li>\n<\/ol>\n<p>T\u00e9cnico Superior Universitario en Inform\u00e1tica<\/p>\n<p>Licenciado(a) en Ingenier\u00eda Inform\u00e1tica<\/p>\n<ol start=\"2\">\n<li>T\u00edtulo en Provisi\u00f3n Nacional<\/li>\n<\/ol>\n<p>T\u00e9cnico Superior Universitario en Inform\u00e1tica<\/p>\n<p>Ingeniero(a) Inform\u00e1tico(a)[\/vc_toggle][vc_toggle title=\u00bbAutoevaluaci\u00f3n y Acreditaci\u00f3n \u00bb style=\u00bbround\u00bb color=\u00bbjuicy_pink\u00bb el_id=\u00bb1668185758256-0377160d-21d9&#8243;]Cargando&#8230;<\/p>\n<p>[\/vc_toggle][\/vc_column_inner][vc_column_inner width=\u00bb1\/3&#8243;][vc_toggle title=\u00bbModalidades de Admisi\u00f3n 2023&#8243; style=\u00bbround\u00bb color=\u00bbsky\u00bb el_id=\u00bb1599369293008-4eaa8dc7-f2a8&#8243;]El ingreso a la carrera de Inform\u00e1tica para la gesti\u00f3n 2023, tiene las siguientes modalidades:<\/p>\n<ol>\n<li>Curso preuniversitario<\/li>\n<li>Prueba de suficiencia acad\u00e9mica<\/li>\n<li>Admisiones especiales<\/li>\n<\/ol>\n<p><strong>Mayor informaci\u00f3n:<\/strong><\/p>\n<p><a href=\"http:\/\/www.uajms.edu.bo\/admisiones\/\">http:\/\/www.uajms.edu.bo\/admisiones\/<\/a><\/p>\n<p><strong>Tel\u00e9fonos de consulta.<\/strong><\/p>\n<p>EFRAIN TORREJON:\u00a0\u00a0\u00a0\u00a0\u00a0\u00a0\u00a0 75149514<\/p>\n<p>ZULMA RICALDI:\u00a0\u00a0\u00a0\u00a0\u00a0\u00a0\u00a0\u00a0\u00a0\u00a0\u00a0\u00a0\u00a0 72997377<\/p>\n<p><strong>Contactos<\/strong><\/p>\n<p>SECRETAR\u00cdA D.I.S.:\u00a0 \u00a0 \u00a0 \u00a0 \u00a0 Tel: 6640265<\/p>\n<p>Email: <a href=\"mailto:dis@uajms.edu.bo\">dis@uajms.edu.bo<\/a>[\/vc_toggle][vc_toggle title=\u00bbDuraci\u00f3n de la Carrera\u00bb style=\u00bbround\u00bb color=\u00bbsky\u00bb el_id=\u00bb1599371875592-a8dc9c67-fdd5&#8243;]Nivel T\u00e9cnico Superior:\u00a0\u00a0\u00a0\u00a0\u00a0\u00a0\u00a0\u00a0\u00a0\u00a0\u00a0\u00a0\u00a0\u00a0\u00a0\u00a0 3 a\u00f1os, distribuidos en 6 semestres.<\/p>\n<p>Nivel Licenciatura:\u00a0\u00a0\u00a0\u00a0\u00a0\u00a0\u00a0\u00a0\u00a0\u00a0\u00a0\u00a0\u00a0\u00a0\u00a0\u00a0\u00a0\u00a0\u00a0\u00a0\u00a0\u00a0\u00a0\u00a0\u00a0 5 a\u00f1os, distribuidos en 10 semestres.[\/vc_toggle][vc_toggle title=\u00bbInformaci\u00f3n de Contacto\u00bb style=\u00bbround\u00bb color=\u00bbjuicy_pink\u00bb el_id=\u00bb1599482563475-6ee5924d-8152&#8243;]Tel\u00e9fonos de consulta admisiones 2021.<\/p>\n<p>DEYSI ARANCIBIA:\u00a0\u00a0\u00a0\u00a0\u00a0\u00a0\u00a0\u00a0\u00a0 <strong>71877151<\/strong><\/p>\n<p>JIMENA PADILLA:\u00a0\u00a0\u00a0\u00a0\u00a0\u00a0\u00a0\u00a0\u00a0\u00a0\u00a0 <strong>72980806<\/strong><\/p>\n<p>EFRAIN TORREJON:\u00a0\u00a0\u00a0\u00a0\u00a0\u00a0\u00a0 <strong>75149514<\/strong><\/p>\n<p>ZULMA RICALDI:\u00a0\u00a0\u00a0\u00a0\u00a0\u00a0\u00a0\u00a0\u00a0\u00a0\u00a0\u00a0\u00a0 <strong>72997377<\/strong><\/p>\n<p>Contactos<\/p>\n<p>SECRETAR\u00cdA D.I.S.:\u00a0\u00a0\u00a0\u00a0\u00a0\u00a0\u00a0\u00a0\u00a0 <strong>6640265 FIJO<\/strong><\/p>\n<p>E-mail: <strong>dis@uajms.edu.bo<\/strong><\/p>\n<p><a href=\"mailto:dis@uajms.edu.bo\">dis@uajms.edu.bo<\/a><\/p>\n<p>Edificio Administrativo de Tecnolog\u00eda[\/vc_toggle][\/vc_column_inner][\/vc_row_inner][vc_row_inner][vc_column_inner][\/vc_column_inner][\/vc_row_inner][\/vc_column][vc_column][\/vc_column][\/vc_row][vc_row][vc_column][vc_custom_heading text=\u00bbMENCIONES\u00bb font_container=\u00bbtag:h2|text_align:center\u00bb google_fonts=\u00bbfont_family:Montserrat%3Aregular%2C700|font_style:700%20bold%20regular%3A700%3Anormal\u00bb][vc_separator style=\u00bbdouble\u00bb][vc_column_text]<\/p>\n<p style=\"text-align: justify;\">Para optar al\u00a0<strong>T\u00edtulo en Ingenier\u00eda en Inform\u00e1tica<\/strong>, el plan de estudios proporciona conocimientos de dominios concretos de aplicaci\u00f3n de la inform\u00e1tica en cuatro \u00e1reas de elecci\u00f3n de los estudiantes:<\/p>\n<ul>\n<li style=\"text-align: justify;\">Ingenier\u00eda de Software<\/li>\n<li style=\"text-align: justify;\">Redes y Telecomunicaciones<\/li>\n<li style=\"text-align: justify;\">Sistemas de Informaci\u00f3n Geogr\u00e1fica<\/li>\n<li style=\"text-align: justify;\">Inform\u00e1tica Industrial<\/li>\n<\/ul>\n<p>A partir del semestre 7 hasta el 10, el plan de estudios ofrece una materia optativa (obligatoria) entre otras, que permite la formaci\u00f3n en una de las 4 menciones citadas anteriormente.[\/vc_column_text][\/vc_column][\/vc_row][vc_row][vc_column width=\u00bb1\/2&#8243;][vc_custom_heading text=\u00bbIngenier\u00eda de Software\u00bb google_fonts=\u00bbfont_family:Montserrat%3Aregular%2C700|font_style:400%20regular%3A400%3Anormal\u00bb][vc_column_text]<\/p>\n<p style=\"text-align: justify;\">Los objetivos del Perfil del Ingeniero Inform\u00e1tico con menci\u00f3n en Ingenier\u00eda de Software, son:<\/p>\n<ul>\n<li style=\"text-align: justify;\">Dirigir y coordinar el proyecto de desarrollo y mantenimiento de aplicaciones, supervisando las funciones y recursos de an\u00e1lisis funcional, org\u00e1nico y programaci\u00f3n, asegurando la adecuada explotaci\u00f3n de las aplicaciones.<\/li>\n<li style=\"text-align: justify;\">Dirigir el equipo de trabajo compuesto por Analistas Funcionales, Analistas de aplicaciones, Programadores.<\/li>\n<li style=\"text-align: justify;\">Control y seguimiento de plazos, indicadores econ\u00f3micos y de calidad.<\/li>\n<li style=\"text-align: justify;\">Control y Gesti\u00f3n del Desarrollo del Proyecto Inform\u00e1tico.<\/li>\n<li style=\"text-align: justify;\">Realizar pruebas que verifiquen la validez funcional, la integridad de los datos y el rendimiento de las aplicaciones inform\u00e1ticas.<\/li>\n<li style=\"text-align: justify;\">Participar en el dise\u00f1o de nuevos sistemas inform\u00e1ticos como consecuencia de la informatizaci\u00f3n de \u00e1reas de la empresa que utilizan para el desarrollo de sus tareas m\u00e9todos y procesos manuales.<\/li>\n<li style=\"text-align: justify;\">Mantenerse al d\u00eda en T\u00e9cnicas, M\u00e9todos y Herramientas de An\u00e1lisis y Dise\u00f1o.<\/li>\n<\/ul>\n<p>[\/vc_column_text][\/vc_column][vc_column width=\u00bb1\/2&#8243;][vc_custom_heading text=\u00bbRedes y Telecomunicaciones\u00bb google_fonts=\u00bbfont_family:Montserrat%3Aregular%2C700|font_style:400%20regular%3A400%3Anormal\u00bb][vc_column_text]<\/p>\n<p style=\"text-align: justify;\">Los objetivos del Ingeniero Inform\u00e1tico con menci\u00f3n en Redes y Telecomunicaciones son:<\/p>\n<ul>\n<li style=\"text-align: justify;\">Analizar, dise\u00f1ar, configurar, diagnosticar, mantener, administrar y resolver problemas en infraestructuras de redes, seguridad y servicios de internet con valores \u00e9ticos para el desenvolvimiento de sus habilidades.<\/li>\n<li style=\"text-align: justify;\">Dise\u00f1ar, implementar, administrar y gestionar redes LAN, WAN, WLAN, mediante el uso de software especializado, permitiendo la interconectividad de sistemas de informaci\u00f3n y transmisi\u00f3n de datos.<\/li>\n<li style=\"text-align: justify;\">El egresado de la menci\u00f3n en redes de computadoras poseer\u00e1 la habilidad para dise\u00f1o de redes de computadoras configurar equipos y protocolos de enrutamiento, capacidad de an\u00e1lisis de redes, establecer pol\u00edticas de seguridad para el manejo de tr\u00e1fico en la red y resguardo de informaci\u00f3n que fluye por la misma.<\/li>\n<li style=\"text-align: justify;\">Administraci\u00f3n y gestionar redes Unix y Windows<\/li>\n<\/ul>\n<p>[\/vc_column_text][\/vc_column][\/vc_row][vc_row][vc_column width=\u00bb1\/2&#8243;][vc_custom_heading text=\u00bbSistemas de Informaci\u00f3n Geogr\u00e1fica\u00bb google_fonts=\u00bbfont_family:Montserrat%3Aregular%2C700|font_style:400%20regular%3A400%3Anormal\u00bb][vc_column_text]<\/p>\n<p style=\"text-align: justify;\">Los objetivos del ingeniero inform\u00e1tico con menci\u00f3n en Sistemas de Informaci\u00f3n Geogr\u00e1fica son:<\/p>\n<ul>\n<li style=\"text-align: justify;\">Dise\u00f1ar la arquitectura de un SIG distribuido para implementar en organizaciones<\/li>\n<li style=\"text-align: justify;\">Implementar servicios de cartograf\u00eda web<\/li>\n<li style=\"text-align: justify;\">Implementar un Geoportal<\/li>\n<li style=\"text-align: justify;\">Programar una aplicaci\u00f3n web map<\/li>\n<li style=\"text-align: justify;\">Programar geoprocesos b\u00e1sicos para el an\u00e1lisis espacial<\/li>\n<li style=\"text-align: justify;\">Programar funcionalidades y extensiones para un SIG de escritorio<\/li>\n<\/ul>\n<p>[\/vc_column_text][\/vc_column][vc_column width=\u00bb1\/2&#8243;][vc_custom_heading text=\u00bbInform\u00e1tica Industrial\u00bb google_fonts=\u00bbfont_family:Montserrat%3Aregular%2C700|font_style:400%20regular%3A400%3Anormal\u00bb][vc_column_text]<\/p>\n<p style=\"text-align: justify;\">La Autom\u00e1tica agrupa varias tecnolog\u00edas encaminadas a garantizar que los sistemas industriales funcionen de manera aut\u00f3noma. A su vez la Inform\u00e1tica Industrial se encarga del monitoreo y control de los procesos de producci\u00f3n y de la gesti\u00f3n y manejo eficiente de informaci\u00f3n. Por ende, en la Inform\u00e1tica Industrial, confluyen diferentes \u00e1reas del conocimiento \u00fatiles para la administraci\u00f3n de una industria con eficiencia, productividad, calidad y toma de decisiones estrat\u00e9gicas, tanto a nivel operativo como a nivel gerencial.<\/p>\n<p style=\"text-align: justify;\">Los objetivos del ingeniero inform\u00e1tico con menci\u00f3n en inform\u00e1tica industrial son los siguientes:<\/p>\n<ul>\n<li style=\"text-align: justify;\">Evaluar y recomendar tecnolog\u00edas inform\u00e1ticas para la selecci\u00f3n, adquisici\u00f3n, implantaci\u00f3n, actualizaci\u00f3n de sistemas inform\u00e1ticos industriales.<\/li>\n<li style=\"text-align: justify;\">Administrar, analizar, implementar, regular y mantener sistemas inform\u00e1ticos de monitoreo, control y gesti\u00f3n de las actividades existentes en la industrial.<\/li>\n<\/ul>\n<p>[\/vc_column_text][\/vc_column][\/vc_row][vc_row][vc_column][\/vc_column][\/vc_row][vc_row full_width=\u00bbstretch_row\u00bb css=\u00bb.vc_custom_1599371516202{background-color: #595959 !important;}\u00bb el_id=\u00bbplandestudiosinfor\u00bb][vc_column width=\u00bb1\/4&#8243;][vc_custom_heading text=\u00bbPlan de Estudios\u00bb font_container=\u00bbtag:h2|font_size:50|text_align:left|color:%23ffffff\u00bb google_fonts=\u00bbfont_family:Montserrat%3Aregular%2C700|font_style:400%20regular%3A400%3Anormal\u00bb][vc_btn title=\u00bbDescargar Plan Ing. Inform\u00e1tica\u00bb color=\u00bbgreen\u00bb link=\u00bburl:http%3A%2F%2Fwww.uajms.edu.bo%2Ffcyt%2Fwp-content%2Fuploads%2Fsites%2F24%2F2018%2F12%2FPLAN-DE-ESTUDIOS-2018-INGENIER%C3%8DA-INFORM%C3%81TICA.pdf||\u00bb][vc_btn title=\u00bbDescargar Plan Tec. Superior Inform\u00e1tica\u00bb color=\u00bbgreen\u00bb link=\u00bburl:http%3A%2F%2Fwww.uajms.edu.bo%2Ffcyt%2Fwp-content%2Fuploads%2Fsites%2F24%2F2018%2F12%2FPLAN-DE-ESTUDIOS-2018-T%C3%89CNICO-SUPERIOR-UNIVERSITARIO-SUPERIOR-EN-INFORM%C3%81TICA.pdf||\u00bb][\/vc_column][vc_column width=\u00bb3\/4&#8243;][vc_single_image image=\u00bb2256&#8243; img_size=\u00bbfull\u00bb onclick=\u00bblink_image\u00bb][vc_single_image image=\u00bb2253&#8243; img_size=\u00bbfull\u00bb onclick=\u00bbimg_link_large\u00bb img_link_target=\u00bb_blank\u00bb][\/vc_column][\/vc_row][vc_row][vc_column][vc_custom_heading text=\u00bbLaboratorios\u00bb][\/vc_column][\/vc_row]<\/p>\n","protected":false},"excerpt":{"rendered":"<p>[vc_row full_width=\u00bbstretch_row\u00bb equal_height=\u00bbyes\u00bb content_placement=\u00bbtop\u00bb css=\u00bb.vc_custom_1599372330844{background-color: #eaeaea !important;}\u00bb][vc_column width=\u00bb1\/2&#8243; css=\u00bb.vc_custom_1599362415233{background-color: #f10011 !important;}\u00bb][vc_column_text][\/vc_column_text][\/vc_column][vc_column width=\u00bb1\/2&#8243; css=\u00bb.vc_custom_1599371374420{padding-right: 35px !important;padding-left: 35px !important;background-color: #192f77 !important;background-position: center !important;background-repeat: no-repeat !important;background-size: cover !important;}\u00bb][vc_custom_heading text=\u00bbBienvenido\/a\u00bb font_container=\u00bbtag:h2|text_align:left|color:%23ffffff\u00bb google_fonts=\u00bbfont_family:Montserrat%3Aregular%2C700|font_style:400%20regular%3A400%3Anormal\u00bb][vc_column_text] El Departamento [&hellip;]<\/p>\n","protected":false},"author":120,"featured_media":0,"parent":0,"menu_order":0,"comment_status":"closed","ping_status":"closed","template":"","meta":{"_joinchat":[],"footnotes":""},"class_list":["post-160","page","type-page","status-publish","hentry"],"jetpack_sharing_enabled":true,"publishpress_future_action":{"enabled":false,"date":"2026-04-29 08:42:47","action":"change-status","newStatus":"draft","terms":[],"taxonomy":"","extraData":[]},"publishpress_future_workflow_manual_trigger":{"enabledWorkflows":[]},"_links":{"self":[{"href":"https:\/\/www.uajms.edu.bo\/fcyt\/wp-json\/wp\/v2\/pages\/160","targetHints":{"allow":["GET"]}}],"collection":[{"href":"https:\/\/www.uajms.edu.bo\/fcyt\/wp-json\/wp\/v2\/pages"}],"about":[{"href":"https:\/\/www.uajms.edu.bo\/fcyt\/wp-json\/wp\/v2\/types\/page"}],"author":[{"embeddable":true,"href":"https:\/\/www.uajms.edu.bo\/fcyt\/wp-json\/wp\/v2\/users\/120"}],"replies":[{"embeddable":true,"href":"https:\/\/www.uajms.edu.bo\/fcyt\/wp-json\/wp\/v2\/comments?post=160"}],"version-history":[{"count":9,"href":"https:\/\/www.uajms.edu.bo\/fcyt\/wp-json\/wp\/v2\/pages\/160\/revisions"}],"predecessor-version":[{"id":4658,"href":"https:\/\/www.uajms.edu.bo\/fcyt\/wp-json\/wp\/v2\/pages\/160\/revisions\/4658"}],"wp:attachment":[{"href":"https:\/\/www.uajms.edu.bo\/fcyt\/wp-json\/wp\/v2\/media?parent=160"}],"curies":[{"name":"wp","href":"https:\/\/api.w.org\/{rel}","templated":true}]}}