

{"id":1546,"date":"2017-09-22T12:34:47","date_gmt":"2017-09-22T12:34:47","guid":{"rendered":"http:\/\/www.uajms.edu.bo\/fcyt\/?page_id=1546"},"modified":"2019-04-29T21:15:44","modified_gmt":"2019-04-29T21:15:44","slug":"reglamentos","status":"publish","type":"page","link":"https:\/\/www.uajms.edu.bo\/fcyt\/reglamentos\/","title":{"rendered":"Reglamentos"},"content":{"rendered":"<h3>Reglamentos de las carreras\u00a0de la Facultad de Ciencias y Tecnolog\u00eda<\/h3>\n<ul>\n<li>Ing. de Alimentos\n<ul>\n<li><a href=\"http:\/\/www.uajms.edu.bo\/fcyt\/wp-content\/uploads\/sites\/24\/2017\/09\/REGLAMENTO-ALIMENTOS-FINAL-Plan-2014-presentado-1.pdf\">Reglamento de Trabajo Final\u00a0I (INA 091) y Trabajo Final II (INA 102)<\/a>.<\/li>\n<li><a href=\"http:\/\/www.uajms.edu.bo\/fcyt\/wp-content\/uploads\/sites\/24\/2017\/09\/Reglamento-para-la-materia-INA067-PASANTIA-EN-LA-INDUSTRIA.pdf\">Reglamento para la Materia INA067 (PASANTIA EN LA INDUSTRIA)<\/a>.<\/li>\n<li><a href=\"http:\/\/www.uajms.edu.bo\/fcyt\/wp-content\/uploads\/sites\/24\/2017\/09\/Reglamento-Ing.-Alimentos-INA102-TRABAJO-FINAL.pdf\">Reglamento General para la Materia INA-102(TRABAJO FINAL)<\/a>.<\/li>\n<\/ul>\n<\/li>\n<li>Arquitectura\n<ul>\n<li><a href=\"http:\/\/www.uajms.edu.bo\/fcyt\/wp-content\/uploads\/sites\/24\/2017\/09\/REGLAMENTO-DE-PROYECTO-DE-GRADO-Vice-Decano.pdf\">Reglamento de la asignatura de proyecto de grado del Dpto. de Arquitectura y Urbanismo<\/a>.<\/li>\n<li><a href=\"http:\/\/www.uajms.edu.bo\/fcyt\/wp-content\/uploads\/sites\/24\/2017\/09\/REGLAMENTO-PARA-LA-ASIGNATURA-DE-TALLER-DE-ARQUITECTURA.pdf\">Reglamento de Seguimiento y Evaluacio\u0301n de Proyectos de la Asignatura: \u201cTaller de Arquitectura\u201d<\/a>.<\/li>\n<\/ul>\n<\/li>\n<li>Ing. Civil\n<ul>\n<li><a href=\"http:\/\/www.uajms.edu.bo\/fcyt\/wp-content\/uploads\/sites\/24\/2019\/02\/AJUSTE-AL-REDISE\u00d1O-CURRICULAR.pdf\">AJUSTE AL REDISE\u00d1O CURRICULAR<\/a><\/li>\n<li><a href=\"http:\/\/www.uajms.edu.bo\/fcyt\/wp-content\/uploads\/sites\/24\/2019\/02\/FUNCIONES-Y-ATRIBUCIONES-HCPSC-YDIRECTORES-DPTO..pdf\">FUNCIONES Y ATRIBUCIONES HCPSC YDIRECTORES DPTO.<\/a><\/li>\n<li><a href=\"http:\/\/www.uajms.edu.bo\/fcyt\/wp-content\/uploads\/sites\/24\/2019\/02\/REGLAMENTO-DE-ADMISION-DOCENTEcon-rr314.pdf\">REGLAMENTO DE ADMISION DOCENTEcon rr314<\/a><\/li>\n<li><a href=\"http:\/\/www.uajms.edu.bo\/fcyt\/wp-content\/uploads\/sites\/24\/2019\/02\/REGLAMENTO-DE-AYUDANTIAS.pdf\">REGLAMENTO DE AYUDANTIAS<\/a><\/li>\n<li><a href=\"http:\/\/www.uajms.edu.bo\/fcyt\/wp-content\/uploads\/sites\/24\/2019\/02\/REGLAMENTO-DE-EVALUACION-DOCENTE.pdf\">REGLAMENTO DE EVALUACION DOCENTE<\/a><\/li>\n<li><a href=\"http:\/\/www.uajms.edu.bo\/fcyt\/wp-content\/uploads\/sites\/24\/2019\/02\/REGLAMENTO-DE-MATERIAS-DE-PROFESIONALIZACION.pdf\">REGLAMENTO DE MATERIAS DE PROFESIONALIZACION<\/a><\/li>\n<li><a href=\"http:\/\/www.uajms.edu.bo\/fcyt\/wp-content\/uploads\/sites\/24\/2019\/02\/REGLAMENTO-DECLARATORIA-EN-COMISION.pdf\">REGLAMENTO DECLARATORIA EN COMISION<\/a><\/li>\n<li><a href=\"http:\/\/www.uajms.edu.bo\/fcyt\/wp-content\/uploads\/sites\/24\/2019\/02\/REGLAMENTO-ELECCION-DE-AUTORIDADES.pdf\">REGLAMENTO ELECCION DE AUTORIDADES<\/a><\/li>\n<li><a href=\"http:\/\/www.uajms.edu.bo\/fcyt\/wp-content\/uploads\/sites\/24\/2019\/02\/Reglamento-Lab.-y-Gabinete-Ing.-Civil.pdf\">Reglamento Lab. y Gabinete Ing. Civil<\/a><\/li>\n<li><a href=\"http:\/\/www.uajms.edu.bo\/fcyt\/wp-content\/uploads\/sites\/24\/2019\/02\/REGLAMENTO-ELECTORAL-UAJMS-2016.pdf\">REGLAMENTO-ELECTORAL-UAJMS-2016<\/a><\/li>\n<li><a href=\"http:\/\/www.uajms.edu.bo\/fcyt\/wp-content\/uploads\/sites\/24\/2019\/02\/RESOLUCION-DE-ACREDITACION-ING.-CIVIL-2005.pdf\">RESOLUCION DE ACREDITACION ING. CIVIL 2005<\/a><\/li>\n<li><a href=\"http:\/\/www.uajms.edu.bo\/fcyt\/wp-content\/uploads\/sites\/24\/2019\/02\/REGLAMENTO-DE-PRACTICA-INSTITUCIONAL.pdf\">REGLAMENTO DE PRACTICA INSTITUCIONAL<\/a><\/li>\n<li><a href=\"http:\/\/www.uajms.edu.bo\/fcyt\/wp-content\/uploads\/sites\/24\/2019\/02\/REGLAMENTO-DE-SELECCION-Y-ADMISION-DOCENTE.pdf\">REGLAMENTO DE SELECCION Y ADMISION DOCENTE<\/a><\/li>\n<li><a href=\"http:\/\/www.uajms.edu.bo\/fcyt\/wp-content\/uploads\/sites\/24\/2019\/02\/REGLAMENTO-DE-TUTORIA.pdf\">REGLAMENTO DE TUTORIA<\/a><\/li>\n<li><a href=\"http:\/\/www.uajms.edu.bo\/fcyt\/wp-content\/uploads\/sites\/24\/2019\/04\/REGLAMENTO-TALLERES-Y-PROYECTO-DE-GRADO-ING.-CIVIL.pdf\">REGLAMENTO DE TALLER Y PROYECTO DE GRADO<\/a><\/li>\n<\/ul>\n<\/li>\n<li>Ing. Inform\u00e1tica\n<ul>\n<li><a href=\"http:\/\/www.uajms.edu.bo\/fcyt\/wp-content\/uploads\/sites\/24\/2017\/09\/REGLAMENTO_INTERNO_PARA_LAS_DEFENSAS_DE_TALLER_III.pdf\">Reglamento interno para las\u00a0defensas de TALLER III.<\/a><\/li>\n<li><a href=\"http:\/\/www.uajms.edu.bo\/fcyt\/wp-content\/uploads\/sites\/24\/2017\/09\/Reglamento-de-INF501-TALLER-III.pdf\">Reglamento\u00a0de la materia INF &#8211; 501 TALLER III.<\/a><\/li>\n<li><a href=\"http:\/\/www.uajms.edu.bo\/fcyt\/wp-content\/uploads\/sites\/24\/2017\/09\/Formato-para-presentar-Proyecto-INF501-TALLERIII.pdf\">Formato para presentar proyecto INF-501 TALLER III<\/a>.<\/li>\n<\/ul>\n<\/li>\n<li>Ing. Qu\u00edmica.\n<ul>\n<li><a href=\"http:\/\/www.uajms.edu.bo\/fcyt\/wp-content\/uploads\/sites\/24\/2017\/09\/REGLAMENTO-ALIMENTOS-FINAL-Plan-2014-presentado-1-2.pdf\">Reglamento de Proyecto de Grado<\/a>.<\/li>\n<\/ul>\n<\/li>\n<li><a href=\"http:\/\/www.uajms.edu.bo\/fcyt\/wp-content\/uploads\/sites\/24\/2019\/03\/REGLAMENTO-BIBLIOTECA-1.pdf\">REGLAMENTO BIBLIOTECA<\/a><\/li>\n<li><a href=\"http:\/\/www.uajms.edu.bo\/fcyt\/wp-content\/uploads\/sites\/24\/2019\/03\/REGLAMENTO-BIENESTAR-ESTUDIANTIL-1.pdf\">REGLAMENTO BIENESTAR ESTUDIANTIL<\/a><\/li>\n<li><a href=\"http:\/\/www.uajms.edu.bo\/fcyt\/wp-content\/uploads\/sites\/24\/2019\/03\/REGLAMENTO-COMEDOR-1.pdf\">REGLAMENTO COMEDOR<\/a><\/li>\n<li><a href=\"http:\/\/www.uajms.edu.bo\/fcyt\/wp-content\/uploads\/sites\/24\/2019\/03\/REGLAMENTO-DE-ADMISION-DOCENTEcon-rr314-1.pdf\">REGLAMENTO DE ADMISI\u00d3N DOCENTE con rr314<\/a><\/li>\n<li><a href=\"http:\/\/www.uajms.edu.bo\/fcyt\/wp-content\/uploads\/sites\/24\/2019\/03\/REGLAMENTO-DE-AYUDANTIAS-1.pdf\">REGLAMENTO DE AYUDANT\u00cdAS<\/a><\/li>\n<li><a href=\"http:\/\/www.uajms.edu.bo\/fcyt\/wp-content\/uploads\/sites\/24\/2019\/03\/REGLAMENTO-DE-EVALUACION-DOCENTE-1.pdf\">REGLAMENTO DE EVALUACI\u00d3N DOCENTE<\/a><\/li>\n<li><a href=\"http:\/\/www.uajms.edu.bo\/fcyt\/wp-content\/uploads\/sites\/24\/2019\/03\/REGLAMENTO-DE-PRACTICA-INSTITUCIONAL-1.pdf\">REGLAMENTO DE PRACTICA INSTITUCIONAL<\/a><\/li>\n<li><a href=\"http:\/\/www.uajms.edu.bo\/fcyt\/wp-content\/uploads\/sites\/24\/2019\/03\/REGLAMENTO-DE-SELECCION-Y-ADMISION-DOCENTE-1.pdf\">REGLAMENTO DE SELECCI\u00d3N Y ADMISI\u00d3N DOCENTE<\/a><\/li>\n<li><a href=\"http:\/\/www.uajms.edu.bo\/fcyt\/wp-content\/uploads\/sites\/24\/2019\/03\/REGLAMENTO-DE-TUTORIA-1.pdf\">REGLAMENTO DE TUTOR\u00cdA<\/a><\/li>\n<li><a href=\"http:\/\/www.uajms.edu.bo\/fcyt\/wp-content\/uploads\/sites\/24\/2019\/03\/REGLAMENTO-DECLARATORIA-EN-COMISION-1.pdf\">REGLAMENTO DECLARATORIA EN COMISI\u00d3N<\/a><\/li>\n<li><a href=\"http:\/\/www.uajms.edu.bo\/fcyt\/wp-content\/uploads\/sites\/24\/2019\/03\/REGLAMENTO-DEL-DESEMPE\u00d1O-ACADEMICO-1.pdf\">REGLAMENTO DEL DESEMPE\u00d1O ACAD\u00c9MICO<\/a><\/li>\n<li><a href=\"http:\/\/www.uajms.edu.bo\/fcyt\/wp-content\/uploads\/sites\/24\/2019\/03\/REGLAMENTO-ELECCION-DE-AUTORIDADES-1.pdf\">REGLAMENTO ELECCI\u00d3N DE AUTORIDADES<\/a><\/li>\n<li><a href=\"http:\/\/www.uajms.edu.bo\/fcyt\/wp-content\/uploads\/sites\/24\/2019\/03\/REGLAMENTO-REGIMEN-ESTUDIANTIL-1.pdf\">REGLAMENTO R\u00c9GIMEN ESTUDIANTIL<\/a><\/li>\n<li><a href=\"http:\/\/www.uajms.edu.bo\/fcyt\/wp-content\/uploads\/sites\/24\/2019\/03\/REGLAMENTO-ELECTORAL-UAJMS-2016-1.pdf\">REGLAMENTO-ELECTORAL-UAJMS-2016<\/a><\/li>\n<\/ul>\n<h3>Reglamentos Universitarios<\/h3>\n<ul>\n<li><a href=\"http:\/\/www.uajms.edu.bo\/fcyt\/wp-content\/uploads\/sites\/24\/2017\/09\/4-Reglamento-Marco-del-SEIF-D-SUB-Editable.pdf\">Reglamento Marco del Sistema Estatal de Inversio\u0301n y Financiamiento para el desarrollo del Sistema de la Universidad Boliviana.<\/a><\/li>\n<li><a href=\"http:\/\/www.uajms.edu.bo\/fcyt\/wp-content\/uploads\/sites\/24\/2017\/09\/CODIGO-DE-ETICA-Y-REG_-DE-PROCESOS-UNIV_.pdf\">C\u00f3digo de \u00c9tica y Procesos Universitarios<\/a>.<\/li>\n<li><a href=\"http:\/\/www.uajms.edu.bo\/fcyt\/wp-content\/uploads\/sites\/24\/2017\/09\/ESTATUTO-ORGA\u0301NICO-UAJMS1.pdf\">Estatuto Org\u00e1nico UAJMS<\/a>.<\/li>\n<li><a href=\"http:\/\/www.uajms.edu.bo\/fcyt\/wp-content\/uploads\/sites\/24\/2017\/09\/REGLAMENTO-DE-ADMISION-DOCENTE.pdf\">Reglamento de Admisi\u00f3n Docente<\/a>.<\/li>\n<li><a href=\"http:\/\/www.uajms.edu.bo\/fcyt\/wp-content\/uploads\/sites\/24\/2017\/09\/REGLAMENTO-DE-BECAS.pdf\">Reglamento de Becas<\/a>.<\/li>\n<li><a href=\"http:\/\/www.uajms.edu.bo\/fcyt\/wp-content\/uploads\/sites\/24\/2017\/09\/REGLAMENTO-DE-DECLARATORIA-EN-COMISION.pdf\">Reglamento de Declaratoria en Comisi\u00f3n.<\/a><\/li>\n<li><a href=\"http:\/\/www.uajms.edu.bo\/fcyt\/wp-content\/uploads\/sites\/24\/2017\/09\/REGLAMENTO-DE-ESCALAFON-DOCENTE.pdf\">Reglamento de Escalaf\u00f3n Docente.<\/a><\/li>\n<li><a href=\"http:\/\/www.uajms.edu.bo\/fcyt\/wp-content\/uploads\/sites\/24\/2017\/09\/REGLAMENTO-DE-EVALUACION-DEL-DESEMPEN\u0303O-ACADEMICO-taller-HCU-Aprobado-15-11-2007.pdf\">Reglamento de Evaluaci\u00f3n de Desempe\u00f1o Acad\u00e9mico.<\/a><\/li>\n<li><a href=\"http:\/\/www.uajms.edu.bo\/fcyt\/wp-content\/uploads\/sites\/24\/2017\/09\/REGLAMENTO-DEL-AN\u0303O-SABATICO-1.pdf\">Reglamento del A\u00f1o Sab\u00e1tico<\/a>.<\/li>\n<li><a href=\"http:\/\/www.uajms.edu.bo\/fcyt\/wp-content\/uploads\/sites\/24\/2017\/09\/REGLAMENTO-POSGRADO-MODIFICADO.pdf\">Reglamento General para Estudio de Posgrado<\/a>.<\/li>\n<li><a href=\"http:\/\/www.uajms.edu.bo\/fcyt\/wp-content\/uploads\/sites\/24\/2017\/09\/REGLAMENTO-REGIMEN-DE-DEDICACION-DOCENTE-final-22-11-071.pdf\">Reglamento del R\u00e9gimen de Dedicaci\u00f3n Docente.<\/a><\/li>\n<li><a href=\"http:\/\/www.uajms.edu.bo\/fcyt\/wp-content\/uploads\/sites\/24\/2017\/09\/REGLAMENTOS-PUBLICACIONES.pdf\">Reglamento General de Publicaciones.<\/a><\/li>\n<li><a href=\"http:\/\/www.uajms.edu.bo\/fcyt\/wp-content\/uploads\/sites\/24\/2019\/03\/informe-evaluacion-PEDI-2012-2016.pdf\">Informe evaluacion PEDI 2012-2016<\/a><\/li>\n<li><a href=\"http:\/\/www.uajms.edu.bo\/fcyt\/wp-content\/uploads\/sites\/24\/2019\/03\/LINEAMIENTOS-ASIGNACION-GRUPOS-DE-LABORATORIO.pdf\">LINEAMIENTOS-ASIGNACION-GRUPOS-DE-LABORATORIO<\/a><\/li>\n<li><a href=\"http:\/\/www.uajms.edu.bo\/fcyt\/wp-content\/uploads\/sites\/24\/2019\/03\/LINEAMIENTOS-ASIGNACION-DOCENTES-TITULARES-2016.pdf\">LINEAMIENTOS-ASIGNACION-DOCENTES-TITULARES-2016<\/a><\/li>\n<li><a href=\"http:\/\/www.uajms.edu.bo\/fcyt\/wp-content\/uploads\/sites\/24\/2019\/03\/REGLAMENTO-DE-TRANSPARENCIA.pdf\">REGLAMENTO-DE-TRANSPARENCIA<\/a><\/li>\n<li><a href=\"http:\/\/www.uajms.edu.bo\/fcyt\/wp-content\/uploads\/sites\/24\/2019\/04\/RESOLUCION-RECTORAL-12-2010.pdf\">Resoluci\u00f3n Rectoral 12\/2010<\/a><\/li>\n<\/ul>\n","protected":false},"excerpt":{"rendered":"<p>Reglamentos de las carreras\u00a0de la Facultad de Ciencias y Tecnolog\u00eda Ing. de Alimentos Reglamento de Trabajo Final\u00a0I (INA 091) y Trabajo Final II (INA 102). Reglamento para la Materia INA067 [&hellip;]<\/p>\n","protected":false},"author":1,"featured_media":0,"parent":0,"menu_order":0,"comment_status":"closed","ping_status":"closed","template":"","meta":{"_joinchat":[],"footnotes":""},"class_list":["post-1546","page","type-page","status-publish","hentry"],"jetpack_sharing_enabled":true,"publishpress_future_action":{"enabled":false,"date":"2026-04-24 11:42:19","action":"change-status","newStatus":"draft","terms":[],"taxonomy":"","extraData":[]},"publishpress_future_workflow_manual_trigger":{"enabledWorkflows":[]},"_links":{"self":[{"href":"https:\/\/www.uajms.edu.bo\/fcyt\/wp-json\/wp\/v2\/pages\/1546","targetHints":{"allow":["GET"]}}],"collection":[{"href":"https:\/\/www.uajms.edu.bo\/fcyt\/wp-json\/wp\/v2\/pages"}],"about":[{"href":"https:\/\/www.uajms.edu.bo\/fcyt\/wp-json\/wp\/v2\/types\/page"}],"author":[{"embeddable":true,"href":"https:\/\/www.uajms.edu.bo\/fcyt\/wp-json\/wp\/v2\/users\/1"}],"replies":[{"embeddable":true,"href":"https:\/\/www.uajms.edu.bo\/fcyt\/wp-json\/wp\/v2\/comments?post=1546"}],"version-history":[{"count":5,"href":"https:\/\/www.uajms.edu.bo\/fcyt\/wp-json\/wp\/v2\/pages\/1546\/revisions"}],"predecessor-version":[{"id":2772,"href":"https:\/\/www.uajms.edu.bo\/fcyt\/wp-json\/wp\/v2\/pages\/1546\/revisions\/2772"}],"wp:attachment":[{"href":"https:\/\/www.uajms.edu.bo\/fcyt\/wp-json\/wp\/v2\/media?parent=1546"}],"curies":[{"name":"wp","href":"https:\/\/api.w.org\/{rel}","templated":true}]}}