

{"id":1463,"date":"2015-12-03T20:49:47","date_gmt":"2015-12-03T20:49:47","guid":{"rendered":"http:\/\/www.uajms.edu.bo\/fcyt\/?page_id=1463"},"modified":"2018-12-05T21:46:45","modified_gmt":"2018-12-05T21:46:45","slug":"ingenieria-industrial","status":"publish","type":"page","link":"https:\/\/www.uajms.edu.bo\/fcyt\/ingenieria-industrial\/","title":{"rendered":"Ingenier\u00eda Industrial"},"content":{"rendered":"<h2><img fetchpriority=\"high\" decoding=\"async\" class=\"alignright size-full wp-image-1464\" src=\"http:\/\/www.uajms.edu.bo\/fcyt\/wp-content\/uploads\/sites\/24\/2015\/12\/Banner-Industrial.jpg\" alt=\"\" width=\"1220\" height=\"200\" srcset=\"https:\/\/www.uajms.edu.bo\/fcyt\/wp-content\/uploads\/sites\/24\/2015\/12\/Banner-Industrial.jpg 1220w, https:\/\/www.uajms.edu.bo\/fcyt\/wp-content\/uploads\/sites\/24\/2015\/12\/Banner-Industrial-600x98.jpg 600w, https:\/\/www.uajms.edu.bo\/fcyt\/wp-content\/uploads\/sites\/24\/2015\/12\/Banner-Industrial-768x125.jpg 768w\" sizes=\"(max-width: 1220px) 100vw, 1220px\" \/><\/h2>\n<h2><\/h2>\n<h2><strong>MISI\u00d3N<\/strong><\/h2>\n<p style=\"text-align: justify;\">Formar Ingenieros Industriales con un excelente nivel cient\u00edfico, tecnol\u00f3gico y socio human\u00edstico, capaces de solucionar problemas en los campos del dise\u00f1o y medici\u00f3n de los diversos procesos que conforman la cadena de valor de toda organizaci\u00f3n y en la optimizaci\u00f3n de los recursos que intervienen en dichos procesos, tanto en empresas manufactureras como de servicios, bajo una cultura orientada a la calidad, la preservaci\u00f3n del medio ambiente y de la sociedad.<\/p>\n<h2 style=\"text-align: justify;\">VISI\u00d3N<\/h2>\n<p style=\"text-align: justify;\">El programa de Ingenier\u00eda Industrial,\u00a0ser\u00e1 reconocido a nivel nacional como el n\u00famero uno en formaci\u00f3n de ingenieros con capacidad de solucionar y dar respuesta a problemas organizacionales en el contexto nacional, en procura del desarrollo sostenible y generando empresas competitivas.<\/p>\n<h2 style=\"text-align: justify;\"><a href=\"http:\/\/www.uajms.edu.bo\/fcyt\/wp-content\/uploads\/sites\/24\/2015\/12\/Perfil-Industrial.jpg\"><img decoding=\"async\" class=\"alignright wp-image-1470\" src=\"http:\/\/www.uajms.edu.bo\/fcyt\/wp-content\/uploads\/sites\/24\/2015\/12\/Perfil-Industrial.jpg\" alt=\"\" width=\"485\" height=\"363\" srcset=\"https:\/\/www.uajms.edu.bo\/fcyt\/wp-content\/uploads\/sites\/24\/2015\/12\/Perfil-Industrial.jpg 1550w, https:\/\/www.uajms.edu.bo\/fcyt\/wp-content\/uploads\/sites\/24\/2015\/12\/Perfil-Industrial-600x449.jpg 600w, https:\/\/www.uajms.edu.bo\/fcyt\/wp-content\/uploads\/sites\/24\/2015\/12\/Perfil-Industrial-768x574.jpg 768w\" sizes=\"(max-width: 485px) 100vw, 485px\" \/><\/a>PERFIL DEL EGRESADO<\/h2>\n<p>Al T\u00e9rmino de su formaci\u00f3n profesional el reci\u00e9n graduado de Ingenier\u00eda Industrial ser\u00e1 capaz de:<\/p>\n<ul>\n<li>Dise\u00f1ar e implementar sistemas de calidad, productividad y competitividad implicando en estos \u00faltimos, el estudio del trabajo.<\/li>\n<li>Aplicar los sistemas de Gesti\u00f3n de Calidad para el logro de los objetivos en las organizaciones, buscando la rentabilidad.<\/li>\n<li>Aplicar modelos matem\u00e1ticos y t\u00e9cnicas de optimizaci\u00f3n en procesos productivos y de servicios para una adecuada toma de decisiones<\/li>\n<li>Administrar y optimizar recursos humanos, materiales, contables y financieros en organizaciones de bienes y servicios, con profesionalismo, \u00e9tica y valores.<\/li>\n<li>Establecer relaciones interpersonales y relaciones humanas en las organizaciones donde se desarrolle.<\/li>\n<li>Desarrollar proyectos sustentables con el fin de conservar el medio ambiente.<\/li>\n<li>Dise\u00f1ar e implementar instalaciones industriales, automatizar procesos y maquinaria; as\u00ed como utilizar tecnolog\u00edas de vanguardia para el mejoramiento de los procesos industriales.<\/li>\n<li>Aplicar reingenier\u00eda en los procesos, donde requiera reestructurar los procesos de las organizaciones.<\/li>\n<li>Capacidad de trabajar en equipo y desarrollo de proyectos multidisciplinarios, para alcanzar objetivos comunes.<\/li>\n<li>Capacidad emprendedora, innovadora, de aprendizaje y de gesti\u00f3n, para crear y desarrollar empresas.<\/li>\n<li>Dise\u00f1ar, implementar y administrar sistemas de mantenimiento y sistemas TPM (Mantenimiento Total Productivo).<\/li>\n<li>Capacidad de Administrar el Mantenimiento en una empresa, para el uso eficiente de los equipos e instrumentos de control de las empresas.<\/li>\n<li>Aplicaci\u00f3n de las tecnolog\u00edas clase mundial, para la soluci\u00f3n de problemas que se le presenten en su vida profesional.<\/li>\n<li>Uso eficiente de las TIC (Tecnolog\u00edas de informaci\u00f3n) en su campo profesional.<\/li>\n<\/ul>\n<p>&nbsp;<\/p>\n<p><a href=\"http:\/\/www.uajms.edu.bo\/fcyt\/wp-content\/uploads\/sites\/24\/2015\/12\/mallaindustrial.jpg\"><img decoding=\"async\" class=\"alignright size-full wp-image-1472\" src=\"http:\/\/www.uajms.edu.bo\/fcyt\/wp-content\/uploads\/sites\/24\/2015\/12\/mallaindustrial.jpg\" alt=\"\" width=\"2944\" height=\"1357\" \/><\/a><\/p>\n<h1>\n<a href=\"http:\/\/www.uajms.edu.bo\/fcyt\/wp-content\/uploads\/sites\/24\/2018\/12\/ING.-INDUSTRIAL-2016.pdf\">DESCARGAR PLAN DE ESTUDIOS ING. INDUSTRIAL 2016<\/a><\/h1>\n","protected":false},"excerpt":{"rendered":"<p>MISI\u00d3N Formar Ingenieros Industriales con un excelente nivel cient\u00edfico, tecnol\u00f3gico y socio human\u00edstico, capaces de solucionar problemas en los campos del dise\u00f1o y medici\u00f3n de los diversos procesos que conforman [&hellip;]<\/p>\n","protected":false},"author":36,"featured_media":0,"parent":0,"menu_order":0,"comment_status":"closed","ping_status":"closed","template":"","meta":{"_joinchat":[],"footnotes":""},"class_list":["post-1463","page","type-page","status-publish","hentry"],"jetpack_sharing_enabled":true,"publishpress_future_action":{"enabled":false,"date":"2026-04-24 11:42:25","action":"change-status","newStatus":"draft","terms":[],"taxonomy":"","extraData":[]},"publishpress_future_workflow_manual_trigger":{"enabledWorkflows":[]},"_links":{"self":[{"href":"https:\/\/www.uajms.edu.bo\/fcyt\/wp-json\/wp\/v2\/pages\/1463","targetHints":{"allow":["GET"]}}],"collection":[{"href":"https:\/\/www.uajms.edu.bo\/fcyt\/wp-json\/wp\/v2\/pages"}],"about":[{"href":"https:\/\/www.uajms.edu.bo\/fcyt\/wp-json\/wp\/v2\/types\/page"}],"author":[{"embeddable":true,"href":"https:\/\/www.uajms.edu.bo\/fcyt\/wp-json\/wp\/v2\/users\/36"}],"replies":[{"embeddable":true,"href":"https:\/\/www.uajms.edu.bo\/fcyt\/wp-json\/wp\/v2\/comments?post=1463"}],"version-history":[{"count":7,"href":"https:\/\/www.uajms.edu.bo\/fcyt\/wp-json\/wp\/v2\/pages\/1463\/revisions"}],"predecessor-version":[{"id":4680,"href":"https:\/\/www.uajms.edu.bo\/fcyt\/wp-json\/wp\/v2\/pages\/1463\/revisions\/4680"}],"wp:attachment":[{"href":"https:\/\/www.uajms.edu.bo\/fcyt\/wp-json\/wp\/v2\/media?parent=1463"}],"curies":[{"name":"wp","href":"https:\/\/api.w.org\/{rel}","templated":true}]}}