

{"id":1125,"date":"2015-07-30T22:04:12","date_gmt":"2015-07-30T22:04:12","guid":{"rendered":"http:\/\/www.uajms.edu.bo\/fcyt\/?page_id=1125"},"modified":"2024-09-30T16:40:08","modified_gmt":"2024-09-30T20:40:08","slug":"laboratorio-de-alimentos","status":"publish","type":"page","link":"https:\/\/www.uajms.edu.bo\/fcyt\/laboratorio-de-alimentos\/","title":{"rendered":"Taller de Alimentos"},"content":{"rendered":"<h1 class=\"hidden-xs\" style=\"text-align: center\">Laboratorio\u00a0Taller de\u00a0Alimentos<\/h1>\n<h1 class=\"visible-xs\" style=\"text-align: center\">Alimentos<\/h1>\n<p style=\"text-align: justify\">El Laboratorio Taller de Alimentos dependiente del Departamento de Biotecnolog\u00eda y Ciencia de los Alimentos fue creado exclusivamente para promover e incentivar el desarrollo del v\u00ednculo acad\u00e9mico, de investigaci\u00f3n y extensi\u00f3n; pilares fundamentales que facilitan la interacci\u00f3n con la sociedad, para conocer sus demandas y dar soluci\u00f3n a problemas que se generan en el contexto.<\/p>\n<p style=\"text-align: justify\">El L.T.A. cumple con la misi\u00f3n de fortalecer el conocimiento acad\u00e9mico de los estudiantes de pre grado, mediante el apoyo en las pr\u00e1cticas de laboratorio de las materias tecnol\u00f3gicas como en la investigaci\u00f3n y en la realizaci\u00f3n experimental del trabajo de grado de los estudiantes de Ingenier\u00eda de Alimentos y Carreras afines. Actualmente se ha convertido en una planta piloto con la elaboraci\u00f3n de productos alimenticios en las \u00e1reas de C\u00e1rnicos, L\u00e1cteos y Frutas y Hortalizas, con la finalidad de generar fondos econ\u00f3micos para la Universidad y para los gastos propios mediante la compra de materias primas, equipos, materiales e insumos, necesarios para un adecuado funcionamiento.<\/p>\n<p style=\"text-align: justify\"><img fetchpriority=\"high\" decoding=\"async\" class=\" wp-image-1128 aligncenter\" src=\"http:\/\/www.uajms.edu.bo\/fcyt\/wp-content\/uploads\/sites\/24\/2015\/07\/equiLAB-ALIMENTOS.jpg\" alt=\"\" width=\"450\" height=\"300\" srcset=\"https:\/\/www.uajms.edu.bo\/fcyt\/wp-content\/uploads\/sites\/24\/2015\/07\/equiLAB-ALIMENTOS.jpg 2400w, https:\/\/www.uajms.edu.bo\/fcyt\/wp-content\/uploads\/sites\/24\/2015\/07\/equiLAB-ALIMENTOS-600x400.jpg 600w, https:\/\/www.uajms.edu.bo\/fcyt\/wp-content\/uploads\/sites\/24\/2015\/07\/equiLAB-ALIMENTOS-768x512.jpg 768w, https:\/\/www.uajms.edu.bo\/fcyt\/wp-content\/uploads\/sites\/24\/2015\/07\/equiLAB-ALIMENTOS-272x182.jpg 272w\" sizes=\"(max-width: 450px) 100vw, 450px\" \/><img decoding=\"async\" class=\"aligncenter wp-image-1131\" src=\"http:\/\/www.uajms.edu.bo\/fcyt\/wp-content\/uploads\/sites\/24\/2015\/07\/almacenLAB-ALIMENTOS.jpg\" alt=\"\" width=\"450\" height=\"300\" srcset=\"https:\/\/www.uajms.edu.bo\/fcyt\/wp-content\/uploads\/sites\/24\/2015\/07\/almacenLAB-ALIMENTOS.jpg 2400w, https:\/\/www.uajms.edu.bo\/fcyt\/wp-content\/uploads\/sites\/24\/2015\/07\/almacenLAB-ALIMENTOS-600x400.jpg 600w, https:\/\/www.uajms.edu.bo\/fcyt\/wp-content\/uploads\/sites\/24\/2015\/07\/almacenLAB-ALIMENTOS-768x512.jpg 768w, https:\/\/www.uajms.edu.bo\/fcyt\/wp-content\/uploads\/sites\/24\/2015\/07\/almacenLAB-ALIMENTOS-272x182.jpg 272w\" sizes=\"(max-width: 450px) 100vw, 450px\" \/><\/p>\n<p><strong>MISI\u00d3N <\/strong><\/p>\n<p>Coadyuvar en la formaci\u00f3n acad\u00e9mica de los estudiantes de Ingenier\u00eda de Alimentos y Carreras afines, para formar profesionales competitivos y pertinentes, capaces de satisfacer la demanda del contexto, aplicando metodolog\u00edas de investigaci\u00f3n y realizando extensi\u00f3n para vincular la Universidad con la sociedad.<\/p>\n<p><strong>\u00a0<\/strong><\/p>\n<p><strong>VISI\u00d3N <\/strong><\/p>\n<p>El LTA debe ser el centro referente a nivel nacional para realizar pr\u00e1cticas de transformaci\u00f3n de materias primas y la obtenci\u00f3n de productos de calidad en funci\u00f3n a normas vigentes, contando con un laboratorio totalmente equipado a nivel planta piloto.<\/p>\n<p>&nbsp;<\/p>\n<p><strong>OBJETIVOS GENERALES<\/strong><\/p>\n<ul>\n<li>Prestar servicios para la realizaci\u00f3n de las pr\u00e1cticas de Laboratorio de las materias tecnol\u00f3gicas y de las pruebas experimentales del trabajo de grado, fortaleciendo el v\u00ednculo Acad\u00e9mico de Investigaci\u00f3n y Extensi\u00f3n.<\/li>\n<li>Elaborar productos alimenticios aplicando metodolog\u00eda de investigaci\u00f3n cient\u00edfica, mediante el uso de tecnolog\u00edas adecuadas considerando las normas de calidad vigentes para ofrecer productos nutritivos e inocuos al consumidor.<\/li>\n<\/ul>\n<p>&nbsp;<\/p>\n<p><a href=\"http:\/\/www.uajms.edu.bo\/fcyt\/wp-content\/uploads\/sites\/24\/2015\/07\/producionLAB-ALIMENTOS.jpg\"><img decoding=\"async\" class=\"aligncenter wp-image-1138\" src=\"http:\/\/www.uajms.edu.bo\/fcyt\/wp-content\/uploads\/sites\/24\/2015\/07\/producionLAB-ALIMENTOS.jpg\" alt=\"\" width=\"450\" height=\"300\" srcset=\"https:\/\/www.uajms.edu.bo\/fcyt\/wp-content\/uploads\/sites\/24\/2015\/07\/producionLAB-ALIMENTOS.jpg 2400w, https:\/\/www.uajms.edu.bo\/fcyt\/wp-content\/uploads\/sites\/24\/2015\/07\/producionLAB-ALIMENTOS-600x400.jpg 600w, https:\/\/www.uajms.edu.bo\/fcyt\/wp-content\/uploads\/sites\/24\/2015\/07\/producionLAB-ALIMENTOS-768x512.jpg 768w, https:\/\/www.uajms.edu.bo\/fcyt\/wp-content\/uploads\/sites\/24\/2015\/07\/producionLAB-ALIMENTOS-272x182.jpg 272w\" sizes=\"(max-width: 450px) 100vw, 450px\" \/><\/a><br \/>\n<img loading=\"lazy\" decoding=\"async\" class=\"aligncenter wp-image-1139\" src=\"http:\/\/www.uajms.edu.bo\/fcyt\/wp-content\/uploads\/sites\/24\/2015\/07\/pracLAB-ALIMENTOS.jpg\" alt=\"\" width=\"450\" height=\"300\" srcset=\"https:\/\/www.uajms.edu.bo\/fcyt\/wp-content\/uploads\/sites\/24\/2015\/07\/pracLAB-ALIMENTOS.jpg 2400w, https:\/\/www.uajms.edu.bo\/fcyt\/wp-content\/uploads\/sites\/24\/2015\/07\/pracLAB-ALIMENTOS-600x400.jpg 600w, https:\/\/www.uajms.edu.bo\/fcyt\/wp-content\/uploads\/sites\/24\/2015\/07\/pracLAB-ALIMENTOS-768x512.jpg 768w, https:\/\/www.uajms.edu.bo\/fcyt\/wp-content\/uploads\/sites\/24\/2015\/07\/pracLAB-ALIMENTOS-272x182.jpg 272w\" sizes=\"(max-width: 450px) 100vw, 450px\" \/><\/p>\n<p>&nbsp;<\/p>\n<p><strong>SERVICIOS QUE PRESTA<\/strong><\/p>\n<ul>\n<li>Apoyo a las actividades acad\u00e9micas para las pr\u00e1cticas de laboratorio de las materias tecnol\u00f3gicas de las Carreras de Ingeniar\u00eda de Alimentos, Ingenier\u00eda qu\u00edmica, Ingenier\u00eda Agron\u00f3mica e Institutos de Agronom\u00eda de Yacuiba y Bermejo, como de Universidades del Interior del Pa\u00eds.<\/li>\n<li>Coadyuvar en el \u00e1rea de la investigaci\u00f3n y en la realizaci\u00f3n experimental de los diferentes trabajos de grado de estudiantes de todas las carreras afines de la Universidad Aut\u00f3noma Juan Misael Saracho.<\/li>\n<li>Cursos de capacitaci\u00f3n en la elaboraci\u00f3n de productos alimenticios a organizaciones sociales e instituciones que mantienen convenios con la Universidad.<\/li>\n<li>Elaboraci\u00f3n de productos alimenticios nutritivos e inocuos para la venta al p\u00fablico en general, con el prop\u00f3sito de hacer interacci\u00f3n social y generar fondos para apoyar el presupuesto de la Universidad.<\/li>\n<li>Realizaci\u00f3n de ferias exposici\u00f3n para promocionar los productos elaborados en el LTA.<\/li>\n<li>Asesoramiento a la peque\u00f1a industria con el prop\u00f3sito de mejorar la calidad y conservaci\u00f3n de sus productos.<\/li>\n<\/ul>\n","protected":false},"excerpt":{"rendered":"<p>Laboratorio\u00a0Taller de\u00a0Alimentos Alimentos El Laboratorio Taller de Alimentos dependiente del Departamento de Biotecnolog\u00eda y Ciencia de los Alimentos fue creado exclusivamente para promover e incentivar el desarrollo del v\u00ednculo acad\u00e9mico, [&hellip;]<\/p>\n","protected":false},"author":133,"featured_media":0,"parent":0,"menu_order":0,"comment_status":"closed","ping_status":"closed","template":"","meta":{"_joinchat":[],"footnotes":""},"class_list":["post-1125","page","type-page","status-publish","hentry"],"jetpack_sharing_enabled":true,"publishpress_future_action":{"enabled":false,"date":"2026-05-01 12:45:49","action":"change-status","newStatus":"draft","terms":[],"taxonomy":"","extraData":[]},"publishpress_future_workflow_manual_trigger":{"enabledWorkflows":[]},"_links":{"self":[{"href":"https:\/\/www.uajms.edu.bo\/fcyt\/wp-json\/wp\/v2\/pages\/1125","targetHints":{"allow":["GET"]}}],"collection":[{"href":"https:\/\/www.uajms.edu.bo\/fcyt\/wp-json\/wp\/v2\/pages"}],"about":[{"href":"https:\/\/www.uajms.edu.bo\/fcyt\/wp-json\/wp\/v2\/types\/page"}],"author":[{"embeddable":true,"href":"https:\/\/www.uajms.edu.bo\/fcyt\/wp-json\/wp\/v2\/users\/133"}],"replies":[{"embeddable":true,"href":"https:\/\/www.uajms.edu.bo\/fcyt\/wp-json\/wp\/v2\/comments?post=1125"}],"version-history":[{"count":6,"href":"https:\/\/www.uajms.edu.bo\/fcyt\/wp-json\/wp\/v2\/pages\/1125\/revisions"}],"predecessor-version":[{"id":5056,"href":"https:\/\/www.uajms.edu.bo\/fcyt\/wp-json\/wp\/v2\/pages\/1125\/revisions\/5056"}],"wp:attachment":[{"href":"https:\/\/www.uajms.edu.bo\/fcyt\/wp-json\/wp\/v2\/media?parent=1125"}],"curies":[{"name":"wp","href":"https:\/\/api.w.org\/{rel}","templated":true}]}}