

{"id":106,"date":"2015-05-22T20:52:18","date_gmt":"2015-05-22T20:52:18","guid":{"rendered":"http:\/\/www.uajms.edu.bo\/fcyt\/?page_id=106"},"modified":"2023-06-06T20:34:11","modified_gmt":"2023-06-07T00:34:11","slug":"resena-historica","status":"publish","type":"page","link":"https:\/\/www.uajms.edu.bo\/fcyt\/resena-historica\/","title":{"rendered":"Rese\u00f1a Hist\u00f3rica"},"content":{"rendered":"\t\t<div data-elementor-type=\"wp-page\" data-elementor-id=\"106\" class=\"elementor elementor-106\">\n\t\t\t\t\t\t<section class=\"elementor-section elementor-top-section elementor-element elementor-element-4ed826ed elementor-section-boxed elementor-section-height-default elementor-section-height-default\" data-id=\"4ed826ed\" data-element_type=\"section\" data-e-type=\"section\">\n\t\t\t\t\t\t<div class=\"elementor-container elementor-column-gap-default\">\n\t\t\t\t\t<div class=\"elementor-column elementor-col-100 elementor-top-column elementor-element elementor-element-71efb952\" data-id=\"71efb952\" data-element_type=\"column\" data-e-type=\"column\">\n\t\t\t<div class=\"elementor-widget-wrap elementor-element-populated\">\n\t\t\t\t\t\t<div class=\"elementor-element elementor-element-40c65903 elementor-widget elementor-widget-text-editor\" data-id=\"40c65903\" data-element_type=\"widget\" data-e-type=\"widget\" data-widget_type=\"text-editor.default\">\n\t\t\t\t<div class=\"elementor-widget-container\">\n\t\t\t\t\t\t\t\t\t<h2 style=\"text-align: justify\">Rese\u00f1a Hist\u00f3rica<\/h2><p style=\"text-align: justify\">La Facultad de Ciencias y Tecnolog\u00eda dependiente de la Universidad Aut\u00f3noma Juan Misael Saracho, remonta sus or\u00edgenes fundacionales al a\u00f1o 1972, cuando con visi\u00f3n de futuro las autoridades universitarias y acad\u00e9micas, un 2 de junio de 1972, crearon la Facultad de Ciencias Puras y Naturales, cuya misi\u00f3n fundamental era otorgar formaci\u00f3n b\u00e1sica en el \u00e1rea de las ciencias matem\u00e1ticas, la qu\u00edmica y la f\u00edsica, principalmente, a estudiantes que una vez vencidos los primeros semestres continuar\u00edan sus estudios en las ramas de Ingenier\u00eda, o en alg\u00fan otra \u00e1rea de las Ciencias Naturales en universidades del interior o exterior del pa\u00eds.<\/p><p style=\"text-align: justify\"><a href=\"http:\/\/www.uajms.edu.bo\/fcyt\/wp-content\/uploads\/sites\/24\/2015\/05\/facultad-1972.jpg\"><img fetchpriority=\"high\" decoding=\"async\" class=\" wp-image-396 alignright\" src=\"http:\/\/www.uajms.edu.bo\/fcyt\/wp-content\/uploads\/sites\/24\/2015\/05\/facultad-1972.jpg\" alt=\"\" width=\"351\" height=\"235\" srcset=\"https:\/\/www.uajms.edu.bo\/fcyt\/wp-content\/uploads\/sites\/24\/2015\/05\/facultad-1972.jpg 1200w, https:\/\/www.uajms.edu.bo\/fcyt\/wp-content\/uploads\/sites\/24\/2015\/05\/facultad-1972-600x401.jpg 600w, https:\/\/www.uajms.edu.bo\/fcyt\/wp-content\/uploads\/sites\/24\/2015\/05\/facultad-1972-768x513.jpg 768w, https:\/\/www.uajms.edu.bo\/fcyt\/wp-content\/uploads\/sites\/24\/2015\/05\/facultad-1972-272x182.jpg 272w\" sizes=\"(max-width: 351px) 100vw, 351px\" \/><\/a>Sin embargo, un poco m\u00e1s de seis a\u00f1os despu\u00e9s, durante la reuni\u00f3n Sectorial de Tecnolog\u00eda, Polit\u00e9cnicos y Ciencias Puras convocada por el Comit\u00e9 Ejecutivo de la Universidad Boliviana en la Universidad T\u00e9cnica de Oruro, entre el 9 y 12 de agosto de 1979, se resuelve apoyar la creaci\u00f3n de la Facultad de Ciencias y Tecnolog\u00eda en Tarija \u2013 al mismo tiempo que en Cochabamba \u2013 con las carreras de Ingenier\u00eda Civil e Ingenier\u00eda Qu\u00edmica fundadas oficialmente en nuestra Universidad, el 4 de octubre de 1979 mediante RHCU de la U.A.J.M.S. N\u00ba.- 064\/79.<\/p><p style=\"text-align: justify\">El cambio de nombre de la Facultad de Ciencias Puras y Naturales por el de Facultad de Ciencias y Tecnolog\u00eda se consolida a partir del mes de mayo de 1982; no obstante, tradicionalmente se reconoce como su fecha fundacional el 4 de octubre de 1979, coincidente con la creaci\u00f3n de las carreras de Ing. Qu\u00edmica e Ing. Civil. Dichas carreras se sumaban as\u00ed a la carrera de Tecnolog\u00eda de Alimentos \u2013 nivel de T\u00e9cnico Superior- que ya hab\u00eda sido creada el a\u00f1o 1976. Esta carrera se transformar\u00eda en el a\u00f1o 1979 a T\u00e9cnico Superior en Industrias de la Alimentaci\u00f3n, luego en Tecnolog\u00eda de Alimentos y, a partir del a\u00f1o 1992, en Ingenier\u00eda de Alimentos (RHCU N\u00ba 055\/92). Esta carrera adopta, a partir del a\u00f1o 1984, como fecha de celebraci\u00f3n de su aniversario el 16 de octubre, en conmemoraci\u00f3n al d\u00eda Mundial de la Alimentaci\u00f3n.<\/p><p style=\"text-align: justify\">Dada la creciente necesidad de formar recursos humanos en el \u00e1mbito de las Nuevas Tecnolog\u00edas de Informaci\u00f3n y Comunicaci\u00f3n, un 5 de junio de 1990 se crea la carrera de Inform\u00e1tica (RHCU N\u00ba. 042\/90) con los niveles de Licenciatura en Inform\u00e1tica y de T\u00e9cnico Superior en An\u00e1lisis de Sistemas. Posteriormente, a partir del a\u00f1o 1997, la misma se transformar\u00eda en Ingenier\u00eda Inform\u00e1tica.<\/p><p style=\"text-align: justify\">El 11 de noviembre de 1999, mediante RHCU N\u00ba. 164\/99, se crea una nueva carrera con el nombre de Arquitectura y Urbanismo, actualmente denominada Arquitectura, con la finalidad de formar recursos humanos orientados a preservar el arte, desarrollo y promoci\u00f3n del \u00e1mbito urbano.<\/p><p style=\"text-align: justify\">Dentro el marco de las pol\u00edticas de expansi\u00f3n y desconcentraci\u00f3n de la educaci\u00f3n superior, hacia las provincias, que oferta la UAJMS y la propia Facultad de Ciencias y Tecnolog\u00eda, el a\u00f1o 2002 se crea la Carrera de T\u00e9cnico Superior en Inform\u00e1tica en la ciudad de Bermejo, misma que a partir del a\u00f1o 2006 eleva su nivel a Licenciatura en Ingenier\u00eda de Sistemas.<\/p><p style=\"text-align: justify\">En el a\u00f1o 2006 se crean las carreras de Ingenier\u00eda Petroqu\u00edmica e Ingenier\u00eda de Gas y Petr\u00f3leo en la ciudad de Villa Montes y se consolida la Carrera de T\u00e9cnico Superior en Inform\u00e1tica en la ciudad de Bermejo, elevando su nivel a Licenciatura en Ingenier\u00eda de Sistemas, todas ellas dependientes de la Facultad de Ciencias y Tecnolog\u00eda.<\/p><p style=\"text-align: justify\">Sin embargo, esta dependencia dura muy poco, debido a las demandas y necesidades de las regiones que exigen respuestas con calidad y pertinencia en las diferentes \u00e1reas de conocimiento. De esta manera el Honorable Consejo Universitario de la UAJMS, en fecha 26 de octubre de 2010, aprueba la creaci\u00f3n de la Facultad de Ciencias Integradas de Villamontes con las Carreras de Medicina, Veterinaria y Zootecnia, Ingenier\u00eda Petroqu\u00edmica e Ingenier\u00eda de Petr\u00f3leo y Gas Natural y la creaci\u00f3n de la Facultad de Ciencias Integradas de Bermejo con las Carreras de Contadur\u00eda P\u00fablica, Comercio Internacional, Ingenier\u00eda de Sistemas y T\u00e9cnico Superior Agropecuario. De manera que a partir de esa fecha estas carreras pasan a depender de las nuevas Facultades de Ciencias Integradas, a la fecha nuestra Facultad administra cinco Carreras y diez Departamentos.<\/p>\t\t\t\t\t\t\t\t<\/div>\n\t\t\t\t<\/div>\n\t\t\t\t\t<\/div>\n\t\t<\/div>\n\t\t\t\t\t<\/div>\n\t\t<\/section>\n\t\t\t\t<section class=\"elementor-section elementor-top-section elementor-element elementor-element-71335ec7 elementor-section-boxed elementor-section-height-default elementor-section-height-default\" data-id=\"71335ec7\" data-element_type=\"section\" data-e-type=\"section\" data-settings=\"{&quot;background_background&quot;:&quot;gradient&quot;,&quot;shape_divider_bottom&quot;:&quot;waves&quot;,&quot;shape_divider_bottom_negative&quot;:&quot;yes&quot;}\">\n\t\t\t\t\t<div class=\"elementor-shape elementor-shape-bottom\" aria-hidden=\"true\" data-negative=\"true\">\n\t\t\t<svg xmlns=\"http:\/\/www.w3.org\/2000\/svg\" viewBox=\"0 0 1000 100\" preserveAspectRatio=\"none\">\n\t<path class=\"elementor-shape-fill\" d=\"M790.5,93.1c-59.3-5.3-116.8-18-192.6-50c-29.6-12.7-76.9-31-100.5-35.9c-23.6-4.9-52.6-7.8-75.5-5.3\n\tc-10.2,1.1-22.6,1.4-50.1,7.4c-27.2,6.3-58.2,16.6-79.4,24.7c-41.3,15.9-94.9,21.9-134,22.6C72,58.2,0,25.8,0,25.8V100h1000V65.3\n\tc0,0-51.5,19.4-106.2,25.7C839.5,97,814.1,95.2,790.5,93.1z\"\/>\n<\/svg>\t\t<\/div>\n\t\t\t\t\t<div class=\"elementor-container elementor-column-gap-default\">\n\t\t\t\t\t<div class=\"elementor-column elementor-col-100 elementor-top-column elementor-element elementor-element-6e46366a\" data-id=\"6e46366a\" data-element_type=\"column\" data-e-type=\"column\">\n\t\t\t<div class=\"elementor-widget-wrap elementor-element-populated\">\n\t\t\t\t\t\t<div class=\"elementor-element elementor-element-407ee93 ekit-image-accordion-hover ekit-image-accordion-horizontal elementor-widget elementor-widget-elementskit-image-accordion\" data-id=\"407ee93\" data-element_type=\"widget\" data-e-type=\"widget\" data-widget_type=\"elementskit-image-accordion.default\">\n\t\t\t\t<div class=\"elementor-widget-container\">\n\t\t\t\t\t<div class=\"ekit-wid-con\" >\t\t<div class=\"ekit-image-accordion elementskit-image-accordion-wraper\">\n\t\t\t                <input type=\"radio\" name=\"ekit_ia_407ee93\" id=\"ekit_ia_407ee93_0\" class=\"elementskit-single-image-accordion--input\" hidden>\n                <label for=\"ekit_ia_407ee93_0\" class=\"elementskit-single-image-accordion ekit-image-accordion-item\" style=\"background-image: url(http:\/\/www.uajms.edu.bo\/fcyt\/wp-content\/uploads\/sites\/24\/2015\/05\/portada1.jpg)\">\n                    <span class=\"elementskit-accordion-content\">\n\t\t\t\t\t\t\t\t\t\t\t\t\t<span class=\"elementskit-icon-wraper ekit-image-accordion-actions\">\n\t\t\t\t\t\t\t\t\t\t\t\t\t\t\t\t<a data-elementor-open-lightbox=\"yes\" data-elementor-lightbox-slideshow=\"407ee93\" data-e-action-hash=\"#elementor-action%3Aaction%3Dlightbox%26settings%3DeyJpZCI6IjE0NTkiLCJ1cmwiOiJodHRwczpcL1wvd3d3LnVham1zLmVkdS5ib1wvZmN5dFwvd3AtY29udGVudFwvdXBsb2Fkc1wvc2l0ZXNcLzI0XC8yMDE1XC8wNVwvcG9ydGFkYTEuanBnIiwic2xpZGVzaG93IjoiNDA3ZWU5MyJ9\" href=\"http:\/\/www.uajms.edu.bo\/fcyt\/wp-content\/uploads\/sites\/24\/2015\/05\/portada1.jpg\" aria-label=\"pupup-button\" class=\"icon-outline circle\">\n\t\t\t\t\t\t\t\t\t<i aria-hidden=\"true\" class=\"icon icon-plus\"><\/i>\t\t\t\t\t\t\t\t\t<\/a>\n\t\t\t\t\t\t\t\t\t\t\t\t\t\t\t\t\t\t\t\t\t\t\t<a  class=\"icon-outline circle\">\n\t\t\t\t\t\t\t\t\t<i aria-hidden=\"true\" class=\"icon icon-link\"><\/i>\t\t\t\t\t\t\t\t\t<\/a>\n\t\t\t\t\t\t\t\t\t\t\t\t\t\t\t<\/span>\n\t\t\t\t\t\t\t\t\t\t\t\t\t\t<span class=\"elementskit-accordion-title-wraper\">\n\t\t\t\t\t\t\t\t<span class=\"elementskit-accordion-title \">\n\t\t\t\t\t\t\t\t\n\t\t\t\t\t\t\t\tFacultad de Ciencias y Tecnolog\u00eda \n\t\t\t\t\t\t\t\t\t\t\t\t\t\t\t\t<\/span>\n\t\t\t\t\t\t\t<\/span>\n\t\t\t\t\t\t\t                    <\/span>\n                <\/label>\n                            <input type=\"radio\" name=\"ekit_ia_407ee93\" id=\"ekit_ia_407ee93_1\" class=\"elementskit-single-image-accordion--input\" hidden>\n                <label for=\"ekit_ia_407ee93_1\" class=\"elementskit-single-image-accordion ekit-image-accordion-item\" style=\"background-image: url(http:\/\/www.uajms.edu.bo\/fcyt\/wp-content\/uploads\/sites\/24\/2015\/05\/Edificio-de-Arquitectura.jpg)\">\n                    <span class=\"elementskit-accordion-content\">\n\t\t\t\t\t\t\t\t\t\t\t\t\t<span class=\"elementskit-icon-wraper ekit-image-accordion-actions\">\n\t\t\t\t\t\t\t\t\t\t\t\t\t\t\t\t<a data-elementor-open-lightbox=\"yes\" data-elementor-lightbox-slideshow=\"407ee93\" data-elementor-lightbox-title=\"Edificio-de-Arquitectura\" data-e-action-hash=\"#elementor-action%3Aaction%3Dlightbox%26settings%3DeyJpZCI6IjQwMyIsInVybCI6Imh0dHBzOlwvXC93d3cudWFqbXMuZWR1LmJvXC9mY3l0XC93cC1jb250ZW50XC91cGxvYWRzXC9zaXRlc1wvMjRcLzIwMTVcLzA1XC9FZGlmaWNpby1kZS1BcnF1aXRlY3R1cmEuanBnIiwic2xpZGVzaG93IjoiNDA3ZWU5MyJ9\" href=\"http:\/\/www.uajms.edu.bo\/fcyt\/wp-content\/uploads\/sites\/24\/2015\/05\/Edificio-de-Arquitectura.jpg\" aria-label=\"pupup-button\" class=\"icon-outline circle\">\n\t\t\t\t\t\t\t\t\t<i aria-hidden=\"true\" class=\"icon icon-plus\"><\/i>\t\t\t\t\t\t\t\t\t<\/a>\n\t\t\t\t\t\t\t\t\t\t\t\t\t\t\t\t\t\t\t\t\t\t\t<a  class=\"icon-outline circle\">\n\t\t\t\t\t\t\t\t\t<i aria-hidden=\"true\" class=\"icon icon-link\"><\/i>\t\t\t\t\t\t\t\t\t<\/a>\n\t\t\t\t\t\t\t\t\t\t\t\t\t\t\t<\/span>\n\t\t\t\t\t\t\t\t\t\t\t\t\t\t<span class=\"elementskit-accordion-title-wraper\">\n\t\t\t\t\t\t\t\t<span class=\"elementskit-accordion-title \">\n\t\t\t\t\t\t\t\t\n\t\t\t\t\t\t\t\tEdificio de Arquitectura\n\t\t\t\t\t\t\t\t\t\t\t\t\t\t\t\t<\/span>\n\t\t\t\t\t\t\t<\/span>\n\t\t\t\t\t\t\t                    <\/span>\n                <\/label>\n                            <input type=\"radio\" name=\"ekit_ia_407ee93\" id=\"ekit_ia_407ee93_2\" class=\"elementskit-single-image-accordion--input\" checked=\"checked\" hidden>\n                <label for=\"ekit_ia_407ee93_2\" class=\"elementskit-single-image-accordion ekit-image-accordion-item\" style=\"background-image: url(http:\/\/www.uajms.edu.bo\/fcyt\/wp-content\/uploads\/sites\/24\/2020\/09\/edificioinformaticaweb.jpg)\">\n                    <span class=\"elementskit-accordion-content\">\n\t\t\t\t\t\t\t\t\t\t\t\t\t<span class=\"elementskit-icon-wraper ekit-image-accordion-actions\">\n\t\t\t\t\t\t\t\t\t\t\t\t\t\t\t\t<a data-elementor-open-lightbox=\"yes\" data-elementor-lightbox-slideshow=\"407ee93\" data-elementor-lightbox-title=\"edificioinformaticaweb\" data-e-action-hash=\"#elementor-action%3Aaction%3Dlightbox%26settings%3DeyJpZCI6IjI5ODEiLCJ1cmwiOiJodHRwczpcL1wvd3d3LnVham1zLmVkdS5ib1wvZmN5dFwvd3AtY29udGVudFwvdXBsb2Fkc1wvc2l0ZXNcLzI0XC8yMDIwXC8wOVwvZWRpZmljaW9pbmZvcm1hdGljYXdlYi5qcGciLCJzbGlkZXNob3ciOiI0MDdlZTkzIn0%3D\" href=\"http:\/\/www.uajms.edu.bo\/fcyt\/wp-content\/uploads\/sites\/24\/2020\/09\/edificioinformaticaweb.jpg\" aria-label=\"pupup-button\" class=\"icon-outline circle\">\n\t\t\t\t\t\t\t\t\t<i aria-hidden=\"true\" class=\"icon icon-plus\"><\/i>\t\t\t\t\t\t\t\t\t<\/a>\n\t\t\t\t\t\t\t\t\t\t\t\t\t\t\t\t\t\t\t\t\t\t\t<a  class=\"icon-outline circle\">\n\t\t\t\t\t\t\t\t\t<i aria-hidden=\"true\" class=\"icon icon-link\"><\/i>\t\t\t\t\t\t\t\t\t<\/a>\n\t\t\t\t\t\t\t\t\t\t\t\t\t\t\t<\/span>\n\t\t\t\t\t\t\t\t\t\t\t\t\t\t<span class=\"elementskit-accordion-title-wraper\">\n\t\t\t\t\t\t\t\t<span class=\"elementskit-accordion-title \">\n\t\t\t\t\t\t\t\t\n\t\t\t\t\t\t\t\tEdificio de Ingenier\u00eda Inform\u00e1tica \n\t\t\t\t\t\t\t\t\t\t\t\t\t\t\t\t<\/span>\n\t\t\t\t\t\t\t<\/span>\n\t\t\t\t\t\t\t                    <\/span>\n                <\/label>\n                            <input type=\"radio\" name=\"ekit_ia_407ee93\" id=\"ekit_ia_407ee93_3\" class=\"elementskit-single-image-accordion--input\" hidden>\n                <label for=\"ekit_ia_407ee93_3\" class=\"elementskit-single-image-accordion ekit-image-accordion-item\" style=\"background-image: url(http:\/\/www.uajms.edu.bo\/fcyt\/wp-content\/uploads\/sites\/24\/2019\/03\/AulasCivil.jpg)\">\n                    <span class=\"elementskit-accordion-content\">\n\t\t\t\t\t\t\t\t\t\t\t\t\t<span class=\"elementskit-icon-wraper ekit-image-accordion-actions\">\n\t\t\t\t\t\t\t\t\t\t\t\t\t\t\t\t<a data-elementor-open-lightbox=\"yes\" data-elementor-lightbox-slideshow=\"407ee93\" data-elementor-lightbox-title=\"AulasCivil\" data-e-action-hash=\"#elementor-action%3Aaction%3Dlightbox%26settings%3DeyJpZCI6IjI1MDciLCJ1cmwiOiJodHRwczpcL1wvd3d3LnVham1zLmVkdS5ib1wvZmN5dFwvd3AtY29udGVudFwvdXBsb2Fkc1wvc2l0ZXNcLzI0XC8yMDE5XC8wM1wvQXVsYXNDaXZpbC5qcGciLCJzbGlkZXNob3ciOiI0MDdlZTkzIn0%3D\" href=\"http:\/\/www.uajms.edu.bo\/fcyt\/wp-content\/uploads\/sites\/24\/2019\/03\/AulasCivil.jpg\" aria-label=\"pupup-button\" class=\"icon-outline circle\">\n\t\t\t\t\t\t\t\t\t<i aria-hidden=\"true\" class=\"icon icon-plus\"><\/i>\t\t\t\t\t\t\t\t\t<\/a>\n\t\t\t\t\t\t\t\t\t\t\t\t\t\t\t\t\t\t\t\t\t\t\t<a  class=\"icon-outline circle\">\n\t\t\t\t\t\t\t\t\t<i aria-hidden=\"true\" class=\"icon icon-link\"><\/i>\t\t\t\t\t\t\t\t\t<\/a>\n\t\t\t\t\t\t\t\t\t\t\t\t\t\t\t<\/span>\n\t\t\t\t\t\t\t\t\t\t\t\t\t\t<span class=\"elementskit-accordion-title-wraper\">\n\t\t\t\t\t\t\t\t<span class=\"elementskit-accordion-title \">\n\t\t\t\t\t\t\t\t\n\t\t\t\t\t\t\t\tEdificio de Ingenier\u00eda Civil\n\t\t\t\t\t\t\t\t\t\t\t\t\t\t\t\t<\/span>\n\t\t\t\t\t\t\t<\/span>\n\t\t\t\t\t\t\t                    <\/span>\n                <\/label>\n                    <\/div>\n    <\/div>\t\t\t\t<\/div>\n\t\t\t\t<\/div>\n\t\t\t\t\t<\/div>\n\t\t<\/div>\n\t\t\t\t\t<\/div>\n\t\t<\/section>\n\t\t\t\t<\/div>\n\t\t","protected":false},"excerpt":{"rendered":"<p>Rese\u00f1a Hist\u00f3rica La Facultad de Ciencias y Tecnolog\u00eda dependiente de la Universidad Aut\u00f3noma Juan Misael Saracho, remonta sus or\u00edgenes fundacionales al a\u00f1o 1972, cuando con visi\u00f3n de futuro las autoridades [&hellip;]<\/p>\n","protected":false},"author":36,"featured_media":0,"parent":0,"menu_order":0,"comment_status":"closed","ping_status":"closed","template":"","meta":{"_joinchat":[],"footnotes":""},"class_list":["post-106","page","type-page","status-publish","hentry"],"jetpack_sharing_enabled":true,"publishpress_future_action":{"enabled":false,"date":"2026-04-24 11:42:26","action":"change-status","newStatus":"draft","terms":[],"taxonomy":"","extraData":[]},"publishpress_future_workflow_manual_trigger":{"enabledWorkflows":[]},"_links":{"self":[{"href":"https:\/\/www.uajms.edu.bo\/fcyt\/wp-json\/wp\/v2\/pages\/106","targetHints":{"allow":["GET"]}}],"collection":[{"href":"https:\/\/www.uajms.edu.bo\/fcyt\/wp-json\/wp\/v2\/pages"}],"about":[{"href":"https:\/\/www.uajms.edu.bo\/fcyt\/wp-json\/wp\/v2\/types\/page"}],"author":[{"embeddable":true,"href":"https:\/\/www.uajms.edu.bo\/fcyt\/wp-json\/wp\/v2\/users\/36"}],"replies":[{"embeddable":true,"href":"https:\/\/www.uajms.edu.bo\/fcyt\/wp-json\/wp\/v2\/comments?post=106"}],"version-history":[{"count":5,"href":"https:\/\/www.uajms.edu.bo\/fcyt\/wp-json\/wp\/v2\/pages\/106\/revisions"}],"predecessor-version":[{"id":4173,"href":"https:\/\/www.uajms.edu.bo\/fcyt\/wp-json\/wp\/v2\/pages\/106\/revisions\/4173"}],"wp:attachment":[{"href":"https:\/\/www.uajms.edu.bo\/fcyt\/wp-json\/wp\/v2\/media?parent=106"}],"curies":[{"name":"wp","href":"https:\/\/api.w.org\/{rel}","templated":true}]}}