

{"id":10,"date":"2014-10-22T22:58:22","date_gmt":"2014-10-22T22:58:22","guid":{"rendered":"http:\/\/www.uajms.edu.bo\/fcjp\/?page_id=10"},"modified":"2019-06-07T09:44:46","modified_gmt":"2019-06-07T13:44:46","slug":"vision","status":"publish","type":"page","link":"https:\/\/www.uajms.edu.bo\/fcjp\/vision\/","title":{"rendered":"Visi\u00f3n\/Misi\u00f3n"},"content":{"rendered":"<div class=\"row\">\n<div class=\"col-sm-1 offset-sm-1\"><\/div>\n<div class=\"col-sm-5\">\n<div class=\"card\">\n<div class=\"card-body\">\n<h5 class=\"card-title\">VISI\u00d3N<\/h5>\n<p class=\"card-text\">\u201cSer una Facultad reconocida por la formaci\u00f3n profesional de excelencia, integral y especializada, que promueva y vincule la docencia, investigaci\u00f3n y extensi\u00f3n universitaria, en la b\u00fasqueda permanente de la \u00e9tica y la justicia, para la soluci\u00f3n de problemas sociales propios del sistema jur\u00eddico del pa\u00eds\u201d.<\/p>\n<\/p><\/div>\n<\/p><\/div>\n<\/p><\/div>\n<div class=\"col-sm-5\">\n<div class=\"card\">\n<div class=\"card-body\">\n<h5 class=\"card-title\">MISI\u00d3N<\/h5>\n<p class=\"card-text\">\u201cFormar profesionales integrales y especializados que genere, apliquen y difundan los conocimientos jur\u00eddicos para la b\u00fasqueda permanente de la justica y contribuci\u00f3n a la soluci\u00f3n de las necesidades sociales y jur\u00eddicas del pa\u00eds\u201d.<\/p>\n<\/p><\/div>\n<\/p><\/div>\n<\/p><\/div>\n<\/div>\n","protected":false},"excerpt":{"rendered":"<p>VISI\u00d3N \u201cSer una Facultad reconocida por la formaci\u00f3n profesional de excelencia, integral y especializada, que promueva y vincule la docencia, investigaci\u00f3n y extensi\u00f3n universitaria, en la b\u00fasqueda permanente de la [&hellip;]<\/p>\n","protected":false},"author":25,"featured_media":0,"parent":0,"menu_order":0,"comment_status":"closed","ping_status":"closed","template":"","meta":{"jetpack_post_was_ever_published":false,"_joinchat":[],"footnotes":""},"class_list":["post-10","page","type-page","status-publish","hentry"],"jetpack_sharing_enabled":true,"jetpack_shortlink":"https:\/\/wp.me\/P5R0yO-a","publishpress_future_action":{"enabled":false,"date":"2026-05-08 16:47:33","action":"change-status","newStatus":"draft","terms":[],"taxonomy":"","extraData":[]},"publishpress_future_workflow_manual_trigger":{"enabledWorkflows":[]},"_links":{"self":[{"href":"https:\/\/www.uajms.edu.bo\/fcjp\/wp-json\/wp\/v2\/pages\/10","targetHints":{"allow":["GET"]}}],"collection":[{"href":"https:\/\/www.uajms.edu.bo\/fcjp\/wp-json\/wp\/v2\/pages"}],"about":[{"href":"https:\/\/www.uajms.edu.bo\/fcjp\/wp-json\/wp\/v2\/types\/page"}],"author":[{"embeddable":true,"href":"https:\/\/www.uajms.edu.bo\/fcjp\/wp-json\/wp\/v2\/users\/25"}],"replies":[{"embeddable":true,"href":"https:\/\/www.uajms.edu.bo\/fcjp\/wp-json\/wp\/v2\/comments?post=10"}],"version-history":[{"count":6,"href":"https:\/\/www.uajms.edu.bo\/fcjp\/wp-json\/wp\/v2\/pages\/10\/revisions"}],"predecessor-version":[{"id":689,"href":"https:\/\/www.uajms.edu.bo\/fcjp\/wp-json\/wp\/v2\/pages\/10\/revisions\/689"}],"wp:attachment":[{"href":"https:\/\/www.uajms.edu.bo\/fcjp\/wp-json\/wp\/v2\/media?parent=10"}],"curies":[{"name":"wp","href":"https:\/\/api.w.org\/{rel}","templated":true}]}}